{"id":41853,"date":"2022-02-22T15:13:34","date_gmt":"2022-02-22T14:13:34","guid":{"rendered":"\/amministrazione\/?page_id=41853&#038;preview_id=41853"},"modified":"2024-02-21T15:27:35","modified_gmt":"2024-02-21T14:27:35","slug":"frgim-acri","status":"publish","type":"page","link":"\/amministrazione\/frgim-acri\/","title":{"rendered":"FRGIM &#8211; ACRI"},"content":{"rendered":"\n<p>\u00a0<\/p>\n<p><strong><span style=\"font-family: Open Sans;font-size: 24px\">FRGIM<br \/><\/span><\/strong><\/p>\n<p>\u00a0<\/p>\n<p><img loading=\"lazy\" decoding=\"async\" class=\"alignleft wp-image-38608\" title=\"Logo FRGIM - ACRI\" src=\"https:\/\/www.bo.infn.it\/fondiesterni\/wp-content\/uploads\/sites\/12\/2020\/04\/logo_acri-300x42.png\" alt=\"Logo FRGIM - ACRI\" width=\"257\" height=\"36\" \/><\/p>\n<div class=\"wp-block-column\">\n<p>\u00a0<\/p>\n<p>\u00a0<\/p>\n<p><span style=\"font-family: Open Sans\"><strong>Functional and Renormalization-Group methods \u2013 Italian Meeting (FRGIM)<\/strong><\/span><\/p>\n<p><a title=\"Open page in new tab web.infn.it\/FRGIM\/\" href=\"https:\/\/web.infn.it\/FRGIM\/\" target=\"_blank\" rel=\"external noopener noreferrer nofollow\" data-wpel-link=\"external\"><strong><span style=\"font-family: Open Sans\">web.infn.it\/FRGIM\/<\/span><\/strong><\/a><\/p>\n<\/div>\n<div class=\"wp-block-column\">\u00a0<\/div>\n<div class=\"wp-block-columns\">\n<div class=\"wp-block-column\">\n<ul style=\"list-style-type: circle\">\n<li><span style=\"font-family: Open Sans\">Scientific PI: Gian Paolo Vacca<\/span><\/li>\n<li><span style=\"font-family: Open Sans\">Concluded (Start date 01\/06\/2019 \u2013 End date 31\/12\/2019)<\/span><\/li>\n<\/ul>\n<\/div>\n<\/div>\n\n\n\n<p><span style=\"font-family: Open Sans\">Le teorie di campo (TdC), quantistiche e\/o statistiche, occupano una posizione centrale nella fisica teorica contemporanea grazie al loro ampio spettro di applicazioni e alla loro capacit\u00e0 predittiva. Esse costituiscono ormai un linguaggio scientifico universale, che accomuna la fisica nucleare e subnucleare, la gravitazione e la cosmologia, lo studio dei fenomeni statistici all\u2019equilibrio e fuori dall\u2019equilibrio, fino ad arrivare a studi interdisciplinari come la scienza dei materiali e lo studio dei sistemi viventi, dalle proteine ai gruppi animali (\u201cactive matter\u201d). Tuttavia, una definizione precisa delle TdC e il controllo computazionale sulle loro propriet\u00e0 sono nella maggior parte dei casi difficili da ottenere. A tal fine, un aspetto cruciale delle TdC \u00e8 la possibilit\u00e0 di studiarne le propriet\u00e0 mediante una rete di differenti formalismi e metodologie. Tra quest\u2019ultime spiccano i metodi funzionali e del gruppo di rinormalizzazione (RG), due pietre miliari nello sviluppo delle TdC della seconda met\u00e0 del Novecento. Il presente progetto, che si \u00e8 focalizzato sulla ricerca teorica che si svolge all\u2019interfaccia tra esse, ha avuto sede in Italia con coinvolgimento di numerosi giovani ricercatori internazionali di alto livello.<\/span><\/p>\n\n\n\n<p>\u00a0<\/p>\n<p><span style=\"font-family: Open Sans\">Progetto finanziato dall\u2019Associazione di Fondazioni e di Casse di Risparmio Spa<\/span><\/p>\n","protected":false},"excerpt":{"rendered":"<p>\u00a0 FRGIM \u00a0 \u00a0 \u00a0 Functional and Renormalization-Group methods \u2013 Italian Meeting (FRGIM) web.infn.it\/FRGIM\/ \u00a0 Scientific PI: Gian Paolo Vacca Concluded (Start date 01\/06\/2019 \u2013 End date 31\/12\/2019) Le teorie di campo (TdC), quantistiche e\/o statistiche, occupano una posizione centrale nella fisica teorica contemporanea grazie al loro ampio spettro di applicazioni e alla loro capacit\u00e0 [&hellip;]<\/p>\n","protected":false},"author":24,"featured_media":0,"parent":0,"menu_order":0,"comment_status":"closed","ping_status":"closed","template":"template-page-builder-no-sidebar.php","meta":{"_lmt_disableupdate":"no","_lmt_disable":"","footnotes":""},"class_list":["post-41853","page","type-page","status-publish","hentry"],"_links":{"self":[{"href":"\/amministrazione\/wp-json\/wp\/v2\/pages\/41853","targetHints":{"allow":["GET"]}}],"collection":[{"href":"\/amministrazione\/wp-json\/wp\/v2\/pages"}],"about":[{"href":"\/amministrazione\/wp-json\/wp\/v2\/types\/page"}],"author":[{"embeddable":true,"href":"\/amministrazione\/wp-json\/wp\/v2\/users\/24"}],"replies":[{"embeddable":true,"href":"\/amministrazione\/wp-json\/wp\/v2\/comments?post=41853"}],"version-history":[{"count":7,"href":"\/amministrazione\/wp-json\/wp\/v2\/pages\/41853\/revisions"}],"predecessor-version":[{"id":42970,"href":"\/amministrazione\/wp-json\/wp\/v2\/pages\/41853\/revisions\/42970"}],"wp:attachment":[{"href":"\/amministrazione\/wp-json\/wp\/v2\/media?parent=41853"}],"curies":[{"name":"wp","href":"https:\/\/api.w.org\/{rel}","templated":true}]}}