{"id":43106,"date":"2024-05-06T15:25:17","date_gmt":"2024-05-06T13:25:17","guid":{"rendered":"\/amministrazione\/?page_id=43106"},"modified":"2024-05-06T15:50:12","modified_gmt":"2024-05-06T13:50:12","slug":"pnrr-terabit","status":"publish","type":"page","link":"\/amministrazione\/pnrr-terabit\/","title":{"rendered":"PNRR &#8211; TeRABIT"},"content":{"rendered":"\n<p>&nbsp;<\/p>\n<p><img loading=\"lazy\" decoding=\"async\" class=\"wp-image-42939 size-full\" src=\"\/amministrazione\/wp-content\/uploads\/sites\/10\/2024\/02\/Immaginesss.png\" alt=\"logo pnrr\" width=\"1898\" height=\"183\" srcset=\"\/amministrazione\/wp-content\/uploads\/sites\/10\/2024\/02\/Immaginesss.png 1898w, \/amministrazione\/wp-content\/uploads\/sites\/10\/2024\/02\/Immaginesss-300x29.png 300w, \/amministrazione\/wp-content\/uploads\/sites\/10\/2024\/02\/Immaginesss-1024x99.png 1024w, \/amministrazione\/wp-content\/uploads\/sites\/10\/2024\/02\/Immaginesss-768x74.png 768w, \/amministrazione\/wp-content\/uploads\/sites\/10\/2024\/02\/Immaginesss-1536x148.png 1536w\" sizes=\"auto, (max-width: 1898px) 100vw, 1898px\" \/><\/p>\n<p>&nbsp;<\/p>\n<p><span style=\"font-family: Open Sans;font-size: 24px\"><strong>PNRR \u2013 TeRABIT, Terabit Network for Research and Academic Big Data in Italy<br><br><\/strong><\/span><\/p>\n<p><img loading=\"lazy\" decoding=\"async\" class=\"alignnone size-full wp-image-43107\" src=\"\/amministrazione\/wp-content\/uploads\/sites\/10\/2024\/05\/logo-terabit.png\" alt=\"logo terabit\" width=\"284\" height=\"107\"><br><a href=\"https:\/\/www.terabit-project.it\" target=\"_blank\" rel=\"noopener nofollow external noreferrer\" data-wpel-link=\"external\" title=\"Open page in new tab terabit-project.it\">terabit-project.it<\/a><br><br><\/p>\n\n\n\n<ul style=\"list-style-type: circle\">\n<li><span style=\"font-family: Open Sans\">Scientific PI: Mauro Campanella<br><\/span><\/li>\n<li><span style=\"font-family: Open Sans\">On going (Start date 01\/01\/2023 \u2013 End date 30\/06\/2025)<\/span><\/li>\n<\/ul>\n\n\n\n<p>\u00a0<\/p>\n<p><span style=\"font-family: Open Sans\">Il progetto TeRABIT, di cui l\u2019INFN \u00e8 Ente proponente con l\u2019Istituto Nazionale di Oceanografia e di Geofisica Sperimentale \u2013 OGS, ha l\u2019obiettivo di creare una sinergia fra tre Infrastrutture di Ricerca GARR-T, PRACE e HPC-BD-AI ed essere complementare al Centro Nazionale di High Performance Computing, Big Data e Quantum Computing (realizzato e gestito dalla Fondazione ICSC). Le tre infrastrutture di ricerca che il progetto mira a integrare e potenziare fanno parte delle infrastrutture strategiche nazionali individuate dal Ministero dell\u2019Universit\u00e0 e della Ricerca nel Piano Nazionale Infrastrutture di Ricerca (PNIR): \u2022 GARR-X (ora GARR-T \u00e8 l\u2019infrastruttura di rete a supporto dell\u2019istruzione e della ricerca in Italia. Il capofila dell\u2019infrastruttura \u00e8 il Consortium GARR, in questo progetto rappresentato dall\u2019INFN; \u2022 PRACE-Italy \u00e8 una infrastruttura di calcolo ad alte prestazioni (HPC), nodo italiano dell\u2019infrastruttura europea PRACE. I soggetti capofila sono OGS e CINECA \u2022 HPC-BD-AI \u00e8 una infrastruttura di calcolo distribuita su pi\u00f9 siti sul territorio nazionale in grado di gestire risorse di calcolo ad alte prestazioni, big data e applicazioni di intelligenza artificiale. Il capofila \u00e8 INFN. Il progetto si propone di potenziare le infrastrutture, creando maggiore integrazione fra loro e con il Centro Nazionale HPC, Big Data e Quantum Computing, e di renderle pi\u00f9 accessibili da parte di tutta la comunit\u00e0 della ricerca nazionale. Nel dettaglio, l\u2019infrastruttura GARR sar\u00e0 potenziata con collegamenti a capacit\u00e0 fino al Terabit per secondo, coprendo aree geografiche complementari a quelle gi\u00e0 coperte attraverso gli interventi del progetto ICSC e i fondi istituzionali di GARR. PRACE-Italy effettuer\u00e0 l\u2019upgrade del suo sistema HPC di categoria Tier-1, sviluppando un\u2019architettura ibrida e collegandolo agli altri centri Exascale di EuroHPC come Leonardo, parte di ICSC. Infine, HPC-BD-AI creer\u00e0 sistemi HPC di dimensioni minori, disponibili secondo il paradigma dell\u2019edge-computing. Le tecnologie per l\u2019accesso, l\u2019utilizzo e i servizi associati del sistema integrato di TeRABIT saranno sviluppate in stretta collaborazione con ICSC. Il bacino di utenti di TeRABIT \u00e8 simile a quello di ICSC, ma vengono considerati casi d\u2019uso specifici complementari a quelli principali indirizzati da ICSC, e considerando un utilizzo che possa iniziare dai siti HPC delocalizzati situati vicino all\u2019utenza e arrivare all\u2019utilizzo di sistemi centrali ad alte prestazioni.<\/span><\/p>\n<p><span style=\"font-family: Open Sans\">\u00a0<\/span><\/p>\n<p>\u00a0<\/p>\n<p><span style=\"font-size: 18px\">\u00a0<\/span><\/p>\n<p>\u00a0<\/p>\n<p>\u00a0<\/p>\n","protected":false},"excerpt":{"rendered":"<p>&nbsp; &nbsp; PNRR \u2013 TeRABIT, Terabit Network for Research and Academic Big Data in Italy terabit-project.it Scientific PI: Mauro Campanella On going (Start date 01\/01\/2023 \u2013 End date 30\/06\/2025) \u00a0 Il progetto TeRABIT, di cui l\u2019INFN \u00e8 Ente proponente con l\u2019Istituto Nazionale di Oceanografia e di Geofisica Sperimentale \u2013 OGS, ha l\u2019obiettivo di creare una [&hellip;]<\/p>\n","protected":false},"author":24,"featured_media":0,"parent":0,"menu_order":0,"comment_status":"closed","ping_status":"closed","template":"template-page-builder-no-sidebar.php","meta":{"_lmt_disableupdate":"no","_lmt_disable":"","footnotes":""},"class_list":["post-43106","page","type-page","status-publish","hentry"],"_links":{"self":[{"href":"\/amministrazione\/wp-json\/wp\/v2\/pages\/43106","targetHints":{"allow":["GET"]}}],"collection":[{"href":"\/amministrazione\/wp-json\/wp\/v2\/pages"}],"about":[{"href":"\/amministrazione\/wp-json\/wp\/v2\/types\/page"}],"author":[{"embeddable":true,"href":"\/amministrazione\/wp-json\/wp\/v2\/users\/24"}],"replies":[{"embeddable":true,"href":"\/amministrazione\/wp-json\/wp\/v2\/comments?post=43106"}],"version-history":[{"count":5,"href":"\/amministrazione\/wp-json\/wp\/v2\/pages\/43106\/revisions"}],"predecessor-version":[{"id":43132,"href":"\/amministrazione\/wp-json\/wp\/v2\/pages\/43106\/revisions\/43132"}],"wp:attachment":[{"href":"\/amministrazione\/wp-json\/wp\/v2\/media?parent=43106"}],"curies":[{"name":"wp","href":"https:\/\/api.w.org\/{rel}","templated":true}]}}