{"id":40697,"date":"2020-05-11T09:50:58","date_gmt":"2020-05-11T07:50:58","guid":{"rendered":"\/calcolo\/?page_id=40697"},"modified":"2026-01-13T09:43:44","modified_gmt":"2026-01-13T08:43:44","slug":"afs-client","status":"publish","type":"page","link":"\/calcolo\/afs-client\/","title":{"rendered":"AFS client"},"content":{"rendered":"\n<h4 style=\"text-align: center\"><span style=\"font-family: Open Sans;font-size: 21px;color: #007bb3\">AFS<\/span><\/h4>\n<hr>\n\n\n\n<p><strong><span style=\"font-family: Open Sans;font-size: 18px\">Installazione AFS Client<\/span><\/strong><\/p>\n\n\n\n<p><span style=\"font-family: Open Sans;font-size: 16px\">Il Servizio di Calcolo di Bologna installa usualmente AFS client sulle seguenti piattaforme:<\/span><\/p>\n\n\n\n<ul class=\"wp-block-list\">\n<li>Su sistemi Linux viene installata la versione&nbsp;<strong>Open Source<\/strong>:&nbsp;<a rel=\"noreferrer noopener nofollow external\" href=\"http:\/\/www.openafs.org\/\" target=\"_blank\" data-wpel-link=\"external\" title=\"Open page in new tab OpenAFS\">OpenAFS<\/a><\/li>\n\n\n\n<li><a rel=\"noreferrer noopener nofollow external\" href=\"https:\/\/wikibo.bo.infn.it\/doku.php?id=Help-Desk:Servizi-Installazioni-e-Configurazioni:AFS:Windows\" data-type=\"URL\" data-id=\"https:\/\/wikibo.bo.infn.it\/doku.php?id=Help-Desk:Servizi-Installazioni-e-Configurazioni:AFS:Windows\" target=\"_blank\" data-wpel-link=\"external\" title=\"Open page in new tab Sistemi operativi Windows\">Sistemi operativi Windows<\/a> (accesso interno o via VPN)<\/li>\n\n\n\n<li><a rel=\"noreferrer noopener nofollow external\" href=\"https:\/\/wikibo.bo.infn.it\/doku.php?id=Help-Desk:Servizi-Installazioni-e-Configurazioni:AFS:AFS_Client_MacOS\" target=\"_blank\" data-wpel-link=\"external\" title=\"Open page in new tab MacOS\">MacOS<\/a> (accesso interno o via VPN)<\/li>\n<\/ul>\n\n\n\n<p><strong><span style=\"font-family: Open Sans;font-size: 18px\">Istruzioni per utenti<\/span><\/strong><\/p>\n\n\n\n<ul class=\"wp-block-list\">\n<li><a rel=\"noreferrer noopener nofollow external\" href=\"https:\/\/wikibo.bo.infn.it\/doku.php?id=Help-Desk:Servizi-Installazioni-e-Configurazioni:AFS:AFS-Comandi\" data-type=\"URL\" data-id=\"https:\/\/wikibo.bo.infn.it\/doku.php?id=Help-Desk:Servizi-Installazioni-e-Configurazioni:AFS:AFS-Comandi\" target=\"_blank\" data-wpel-link=\"external\" title=\"Open page in new tab Comandi utili ed utilizzo di AFS\">Comandi utili ed utilizzo di AFS<\/a> (accesso interno o via VPN)<\/li>\n<\/ul>\n\n\n\n<p><strong><span style=\"font-family: Open Sans;font-size: 18px\">Cos&#8217;\u00e8 AFS<\/span><\/strong><\/p>\n\n\n\n<ul>\n<li>AFS (Andrew File System) \u00e8 un file system distribuito che permette la condivisione di file in rete.<\/li>\n<li>L&#8217;accesso \u00e8 regolato attraverso un sistema di autenticazione kerberos e ACL (Access Control List) sui file.<\/li>\n<li>L&#8217;autenticazione \u00e8 distribuita tra server INFN di Bologna e Nazionali.<\/li>\n<\/ul>\n\n\n\n<p><strong><span style=\"font-family: Open Sans;font-size: 18px\">Link<\/span><\/strong><\/p>\n\n\n\n<ul class=\"wp-block-list\">\n<li><a href=\"http:\/\/www.openafs.org\/\" target=\"_blank\" rel=\"noreferrer noopener nofollow external\" data-wpel-link=\"external\" title=\"Open page in new tab OpenAFS\">OpenAFS<\/a><\/li>\n\n\n\n<li><a href=\"http:\/\/web.mit.edu\/kerberos\/\" target=\"_blank\" rel=\"noreferrer noopener nofollow external\" data-wpel-link=\"external\" title=\"Open page in new tab Kerberos home page\">Kerberos home page<\/a><\/li>\n<\/ul>\n\n\n\n<p><strong><span style=\"font-family: Open Sans;font-size: 18px\">Documentazione<\/span><\/strong><\/p>\n\n\n\n<ul>\n<li><span style=\"font-family: Open Sans;font-size: 16px\"><a href=\"http:\/\/www.lnf.infn.it\/computing\/afs\/migration.html#Introduction\" target=\"_blank\" rel=\"noopener noreferrer nofollow external\" data-wpel-link=\"external\" title=\"Open page in new tab AFS Guide (S. Angius, LNF)\">AFS Guide (S. Angius, LNF)<\/a><\/span><\/li>\n<\/ul>\n\n\n\n<p><\/p>\n","protected":false},"excerpt":{"rendered":"<p>AFS Installazione AFS Client Il Servizio di Calcolo di Bologna installa usualmente AFS client sulle seguenti piattaforme: Istruzioni per utenti Cos&#8217;\u00e8 AFS AFS (Andrew File System) \u00e8 un file system distribuito che permette la condivisione di file in rete. L&#8217;accesso \u00e8 regolato attraverso un sistema di autenticazione kerberos e ACL (Access Control List) sui file. [&hellip;]<\/p>\n","protected":false},"author":13,"featured_media":0,"parent":0,"menu_order":0,"comment_status":"closed","ping_status":"closed","template":"template-page-builder-no-sidebar.php","meta":{"_lmt_disableupdate":"no","_lmt_disable":"","footnotes":""},"class_list":["post-40697","page","type-page","status-publish","hentry"],"_links":{"self":[{"href":"\/calcolo\/wp-json\/wp\/v2\/pages\/40697","targetHints":{"allow":["GET"]}}],"collection":[{"href":"\/calcolo\/wp-json\/wp\/v2\/pages"}],"about":[{"href":"\/calcolo\/wp-json\/wp\/v2\/types\/page"}],"author":[{"embeddable":true,"href":"\/calcolo\/wp-json\/wp\/v2\/users\/13"}],"replies":[{"embeddable":true,"href":"\/calcolo\/wp-json\/wp\/v2\/comments?post=40697"}],"version-history":[{"count":30,"href":"\/calcolo\/wp-json\/wp\/v2\/pages\/40697\/revisions"}],"predecessor-version":[{"id":44889,"href":"\/calcolo\/wp-json\/wp\/v2\/pages\/40697\/revisions\/44889"}],"wp:attachment":[{"href":"\/calcolo\/wp-json\/wp\/v2\/media?parent=40697"}],"curies":[{"name":"wp","href":"https:\/\/api.w.org\/{rel}","templated":true}]}}