{"id":42501,"date":"2021-03-04T16:46:42","date_gmt":"2021-03-04T15:46:42","guid":{"rendered":"\/calcolo\/?page_id=42501"},"modified":"2024-10-30T11:25:38","modified_gmt":"2024-10-30T10:25:38","slug":"pagine-web-personali","status":"publish","type":"page","link":"\/calcolo\/pagine-web-personali\/","title":{"rendered":"Pagine web personali"},"content":{"rendered":"\n<p style=\"text-align: center;\"><span style=\"font-family: Open Sans; font-size: 18px; color: #007bb3;\">Pagine web personali<\/span><\/p>\n<hr \/>\n<p style=\"text-align: left;\"><span style=\"font-family: Open Sans; font-size: 16px;\">La pagina web personale ha URL: &#8220;https:\/\/www.bo.infn.it\/<span style=\"color: #007bb3;\"><em>~account-afs<span style=\"color: #000000;\">&#8220;<\/span><\/em><\/span><\/span><\/p>\n<p style=\"text-align: left;\"><span style=\"font-family: Open Sans; font-size: 16px;\">Il path dello spazio dedicato in AFS \u00e8\u00a0 il seguente:<br \/>\/afs\/infn.it\/bo\/project\/user\/<span style=\"color: #007bb3;\"><em>account-afs<\/em><\/span>\/public\/www <br \/><\/span><span style=\"font-family: Open Sans; font-size: 16px;\">La HomePage \u00e8\u00a0 immediatamente reperibile se la pagina iniziale \u00e8 uno dei seguenti file: index.htm, index.html, index.php.<br \/><\/span><span style=\"font-family: Open Sans; font-size: 16px;\">La quota di default, per le pagine personali, \u00e8 di 30 MB.<\/span><\/p>\n<p><span style=\"font-family: Open Sans; font-size: 16px;\"><b>A<\/b><b>ccesso riservato<\/b><\/span><\/p>\n<p><span style=\"font-family: Open Sans; font-size: 16px;\">\u00c8 possibile regolamentare gli accessi impostando una password web.<br \/>L&#8217;esempio riportato realizza una directory &#8220;restricted&#8221; il cui accesso viene controllato tramite i file <em>.htaccess<\/em> e\u00a0 <em>.htpasswd<\/em>.<br \/>I passi da client unix AFS sono i seguenti:<\/span><\/p>\n<ul>\n<li><span style=\"font-family: Open Sans; font-size: 16px;\">klog\u00a0<span style=\"color: #007bb3;\"><i>account-afs<\/i><\/span>\u00a0 <em>(autenticazione AFS)<br \/><br \/><\/em><\/span><\/li>\n<li><span style=\"font-family: Open Sans; font-size: 16px;\">cd \/afs\/infn.it\/bo\/user\/<span style=\"color: #007bb3;\"><i>account-afs<\/i><\/span>\/public\/<\/span><\/li>\n<li><span style=\"font-family: Open Sans; font-size: 16px;\">mkdir access\u00a0\u00a0<em>(creazione directory contenente file di password)<br \/><\/em><\/span><\/li>\n<li><span style=\"font-family: Open Sans; font-size: 16px;\">fs setacl access boadmin:www-nodes read<\/span><\/li>\n<li><span style=\"font-family: Open Sans; font-size: 16px;\">fs setacl access system:anyuser none<br \/><br \/><\/span><\/li>\n<li><span style=\"font-family: Open Sans; font-size: 16px;\"><i>Collegarsi al seguente link per la generazione password:\u00a0<\/i> <a href=\"https:\/\/www.bo.infn.it\/calcolo\/boform\/cryptpass.html\" target=\"_blank\" rel=\"noopener nofollow external noreferrer\" data-wpel-link=\"external\" title=\"Open page in new tab .htpasswd\">.htpasswd<\/a><\/span><\/li>\n<li><span style=\"font-family: Open Sans; font-size: 16px;\">Salvare la stringa ottentuta in:<br \/>\/afs\/infn.it\/bo\/user\/<span style=\"color: #007bb3;\"><i>account-afs<\/i><\/span>\/public\/access\/.htpasswd<br \/><br \/><\/span><\/li>\n<li><span style=\"font-family: Open Sans; font-size: 16px;\">cd \/afs\/infn.it\/bo\/user\/<span style=\"color: #007bb3;\"><i>account-afs<\/i><\/span>\/public\/www<\/span><\/li>\n<li><span style=\"font-family: Open Sans; font-size: 16px;\">mkdir restricted\u00a0\u00a0(creazione directory contenente file ad accesso limitato)<\/span><\/li>\n<li><span style=\"font-family: Open Sans; font-size: 16px;\">fs setacl restricted\/ boadmin:www-nodes read<\/span><\/li>\n<li><span style=\"font-family: Open Sans; font-size: 16px;\">fs setacl restricted\/ system:anyuser none<br \/><br \/><\/span><\/li>\n<li><span style=\"font-family: Open Sans; font-size: 16px;\">Scaricare il file del seguente <a href=\"https:\/\/www.bo.infn.it\/calcolo\/helpdesk\/webserver\/htaccess.txt\" target=\"_blank\" rel=\"noopener nofollow external noreferrer\" data-wpel-link=\"external\" title=\"Open page in new tab link\">link<\/a> e copiarlo con il nome:<br \/>\/afs\/infn.it\/bo\/user\/<span style=\"color: #007bb3;\"><i>account-afs<\/i><\/span>\/public\/www\/restricted\/.htaccess<br \/><\/span><\/li>\n<li style=\"text-align: justify;\"><span style=\"font-family: Open Sans; font-size: 16px;\">In<em> .htaccess<\/em> sostituire la stringa generica &#8220;account&#8221; con il proprio <span style=\"color: #007bb3;\"><em>account-afs<\/em><\/span>.<\/span><\/li>\n<\/ul>\n<p style=\"text-align: justify;\"><span style=\"font-family: Open Sans; font-size: 16px;\">La pagina: &#8220;https:\/\/www.bo.infn.it\/~<span style=\"color: #007bb3;\"><i>account-afs<\/i><\/span>\/restricted\/ &#8220;<br \/>richieder\u00e0 <em>username<\/em> e <em>password<\/em> per la visualizzazione.<br \/><\/span><\/p>\n<p>\u00a0<\/p>\n","protected":false},"excerpt":{"rendered":"<p>Pagine web personali La pagina web personale ha URL: &#8220;https:\/\/www.bo.infn.it\/~account-afs&#8220; Il path dello spazio dedicato in AFS \u00e8\u00a0 il seguente:\/afs\/infn.it\/bo\/project\/user\/account-afs\/public\/www La HomePage \u00e8\u00a0 immediatamente reperibile se la pagina iniziale \u00e8 uno dei seguenti file: index.htm, index.html, index.php.La quota di default, per le pagine personali, \u00e8 di 30 MB. Accesso riservato \u00c8 possibile regolamentare gli accessi [&hellip;]<\/p>\n","protected":false},"author":13,"featured_media":0,"parent":0,"menu_order":0,"comment_status":"closed","ping_status":"closed","template":"template-page-builder-no-sidebar.php","meta":{"_lmt_disableupdate":"no","_lmt_disable":"","footnotes":""},"class_list":["post-42501","page","type-page","status-publish","hentry"],"_links":{"self":[{"href":"\/calcolo\/wp-json\/wp\/v2\/pages\/42501","targetHints":{"allow":["GET"]}}],"collection":[{"href":"\/calcolo\/wp-json\/wp\/v2\/pages"}],"about":[{"href":"\/calcolo\/wp-json\/wp\/v2\/types\/page"}],"author":[{"embeddable":true,"href":"\/calcolo\/wp-json\/wp\/v2\/users\/13"}],"replies":[{"embeddable":true,"href":"\/calcolo\/wp-json\/wp\/v2\/comments?post=42501"}],"version-history":[{"count":23,"href":"\/calcolo\/wp-json\/wp\/v2\/pages\/42501\/revisions"}],"predecessor-version":[{"id":44760,"href":"\/calcolo\/wp-json\/wp\/v2\/pages\/42501\/revisions\/44760"}],"wp:attachment":[{"href":"\/calcolo\/wp-json\/wp\/v2\/media?parent=42501"}],"curies":[{"name":"wp","href":"https:\/\/api.w.org\/{rel}","templated":true}]}}