{"id":2,"date":"2018-04-10T15:43:38","date_gmt":"2018-04-10T13:43:38","guid":{"rendered":"http:\/\/epifani.eu\/infn\/sezioni_wp\/?page_id=2"},"modified":"2024-12-13T13:56:15","modified_gmt":"2024-12-13T12:56:15","slug":"home-it","status":"publish","type":"page","link":"\/cug\/","title":{"rendered":"HomePageITA"},"content":{"rendered":"\n<p style=\"text-align: center;\"><span style=\"font-size: 21px;\"><strong><span style=\"color: #007bb3;\">Il CUG a Bologna<\/span><\/strong><\/span><\/p>\n<hr>\n\n\n\n<p><span style=\"font-family: Open Sans;\">L\u2019INFN persegue la parit\u00e0, le pari opportunit\u00e0, il rispetto delle persone e delle professionalit\u00e0 e il benessere di chi lavora: condizioni, queste, funzionali anche all\u2019eccellenza stessa dell\u2019Ente.<\/span><\/p>\n<p><span style=\"font-family: Open Sans;\">Il Comitato Unico di Garanzia (<a href=\"https:\/\/web.infn.it\/CUG\/index.php?lang=it\" data-wpel-link=\"external\" target=\"_blank\" rel=\"nofollow external noopener noreferrer\" title=\"Open page in new tab CUG\">CUG<\/a>) \u00e8 l\u2019organo dell\u2019INFN deputato all\u2019attuazione di queste condizioni, attraverso un monitoraggio regolare della situazione del personale, da una parte, e, dall\u2019altra, attraverso iniziative volte sia alla soluzione delle criticit\u00e0 individuate che alla sensibilizzazione di tutte le componenti dell\u2019Ente riguardo alla parit\u00e0 e alle pari opportunit\u00e0.<\/span><\/p>\n<p><span style=\"font-family: Open Sans;\">La Sezione di Bologna \u00e8 storicamente sensibile alle tematiche del CUG, in linea con le quali ha visto svilupparsi diverse iniziative locali.<\/span><\/p>\n<p><span style=\"font-family: Open Sans;\">Questa pagina si propone come archivio di iniziative passate e come strumento di scambio di informazioni, materiali, idee: a disposizione delle persone interessate a contribuire o anche solo a informarsi. <\/span><\/p>\n<hr \/>\n<div class=\"su-box su-box-style-default\" id=\"\" style=\"border-color:#000000;border-radius:3px;max-width:none\"><div class=\"su-box-title\" style=\"background-color:#333333;color:#FFFFFF;border-top-left-radius:1px;border-top-right-radius:1px\">Contatti<\/div><div class=\"su-box-content su-u-clearfix su-u-trim\" style=\"border-bottom-left-radius:1px;border-bottom-right-radius:1px\">\n<p style=\"color: #007bb3; font-family: Open Sans;\"><span class=\"collapseomatic noarrow\" id=\"Laura_Patrizii\"  tabindex=\"-1\" alt=\"Informazioni su Laura Patrizii.\" title=\"Informazioni su Laura Patrizii.\"    ><strong>+ Laura Patrizii<\/strong><\/span><span id='swap-Laura_Patrizii'  class='colomat-swap' style='display:none;'><strong>- Laura Patrizii<\/strong><\/span><div id=\"target-Laura_Patrizii\" class=\"collapseomatic_content \"> Referente CUG Sezione di Bologna<br \/>E-Mail: <a href=\"mailto:Laura.Patrizii_NOSPAM@bo.infn.it\">Laura.Patrizii@bo.infn.it<\/a><br \/>Tel: +39-051-2095247<br \/>Sede: Berti Pichat<\/div>\n<p style=\"color: #007bb3; font-family: Open Sans;\"><span class=\"collapseomatic noarrow\" id=\"Raffaella_Piazzi\"  tabindex=\"-1\" alt=\"Informazioni su Raffaella Piazzi.\" title=\"Informazioni su Raffaella Piazzi.\"    ><strong>+ Raffaella Piazzi<\/strong><\/span><span id='swap-Raffaella_Piazzi'  class='colomat-swap' style='display:none;'><strong>- Raffaella Piazzi<\/strong><\/span><div id=\"target-Raffaella_Piazzi\" class=\"collapseomatic_content \"> Membro CUG<br \/>E-Mail: <a href=\"mailto:Raffaella.Piazzi_NOSPAM@bo.infn.it\">Raffaella.Piazzi@bo.infn.it<\/a><br \/>Tel: +39-051-2095069<br \/>Sede: Berti Pichat<\/div><\/div><\/div>\n","protected":false},"excerpt":{"rendered":"<p>Il CUG a Bologna L\u2019INFN persegue la parit\u00e0, le pari opportunit\u00e0, il rispetto delle persone e delle professionalit\u00e0 e il benessere di chi lavora: condizioni, queste, funzionali anche all\u2019eccellenza stessa dell\u2019Ente. Il Comitato Unico di Garanzia (CUG) \u00e8 l\u2019organo dell\u2019INFN deputato all\u2019attuazione di queste condizioni, attraverso un monitoraggio regolare della situazione del personale, da una [&hellip;]<\/p>\n","protected":false},"author":5,"featured_media":0,"parent":0,"menu_order":0,"comment_status":"closed","ping_status":"closed","template":"template-page-builder-no-sidebar.php","meta":{"_lmt_disableupdate":"no","_lmt_disable":"","footnotes":""},"class_list":["post-2","page","type-page","status-publish","hentry"],"_links":{"self":[{"href":"\/cug\/wp-json\/wp\/v2\/pages\/2","targetHints":{"allow":["GET"]}}],"collection":[{"href":"\/cug\/wp-json\/wp\/v2\/pages"}],"about":[{"href":"\/cug\/wp-json\/wp\/v2\/types\/page"}],"author":[{"embeddable":true,"href":"\/cug\/wp-json\/wp\/v2\/users\/5"}],"replies":[{"embeddable":true,"href":"\/cug\/wp-json\/wp\/v2\/comments?post=2"}],"version-history":[{"count":44,"href":"\/cug\/wp-json\/wp\/v2\/pages\/2\/revisions"}],"predecessor-version":[{"id":39243,"href":"\/cug\/wp-json\/wp\/v2\/pages\/2\/revisions\/39243"}],"wp:attachment":[{"href":"\/cug\/wp-json\/wp\/v2\/media?parent=2"}],"curies":[{"name":"wp","href":"https:\/\/api.w.org\/{rel}","templated":true}]}}