{"id":38693,"date":"2020-04-23T15:01:06","date_gmt":"2020-04-23T13:01:06","guid":{"rendered":"\/direzione\/?page_id=38693"},"modified":"2021-10-13T09:08:30","modified_gmt":"2021-10-13T07:08:30","slug":"normativa-ferie","status":"publish","type":"page","link":"\/direzione\/normativa-ferie\/","title":{"rendered":"Normativa Ferie"},"content":{"rendered":"\n<h2 style=\"text-align: center\"><span style=\"color: #007bb3\"><strong><span style=\"font-size: 24px;font-family: Open Sans\">NORMATIVA FERIE<\/span><\/strong><\/span><\/h2>\n<p style=\"text-align: justify\"><span style=\"font-family: Open Sans\"><span style=\"font-size: 14px\">Ogni dipendente ha diritto, per ogni anno di servizio, ad un periodo di ferie retribuito pari a 28 giorni lavorativi (26 per i nuovi assunti nei primi tre anni di servizio).<br \/><\/span><span style=\"font-size: 18px\"><span style=\"font-size: 14px\">Ogni dipendente ha diritto inoltre a quattro giornate di riposo da fruire nell&#8217; anno solare (<em>ex<\/em> <em>festivit\u00e0 abolite<\/em>).<\/span><br \/><span style=\"font-size: 14px\">Nell&#8217; anno di assunzione, o di cessazione, la durata delle ferie viene determinata in proporzione dei dodicesimi di servizio prestato.<\/span><br \/><span style=\"font-size: 14px\">Le ferie sono da fruirsi (su richiesta del dipendente e previa autorizzazione del responsabile) nel corso di ciascun anno solare, tenuto conto delle esigenze di servizio; in caso di comprovata impossibilit\u00e0 di godimento nel corso dell&#8217;anno cui si riferiscono, le ferie dovranno essere fruite entro e non oltre il 31 Agosto dell&#8217;anno successivo.<\/span><br \/><span style=\"font-size: 14px\">Soltanto in caso di assenza per malattia di lunga durata, le ferie potranno essere fruite in deroga a quanto prima descritto, cio\u00e8 nel secondo semestre, ma comunque entro il 31 Dicembre dell&#8217;anno di rinvio.<\/span><br \/><span style=\"font-size: 14px\">Le ferie possono essere frazionate compatibilmente con le esigenze di servizio in pi\u00f9 periodi nel corso dell&#8217;anno, assicurando comunque al dipendente che ne faccia richiesta il godimento di almeno due settimane continuative nel periodo 1 Giugno \u2013 30 Settembre.<\/span><br \/><span style=\"font-size: 14px\">Non \u00e8 consentito il frazionamento in ore delle ferie. Possono invece essere usufruite <u>anche a ore<\/u> le 4 giornate di ex festivit\u00e0 abolite, le quali vanno esaurite entro l&#8217;anno solare cui si riferiscono.<\/span><br \/><span style=\"font-size: 14px\">In caso di interruzione o sospensione delle ferie per motivi di servizio, il dipendente ha diritto al rimborso delle spese, opportunamente documentate, per il viaggio di rientro in sede e per quelle di ritorno nella localit\u00e0 nella quale \u00e8 stato richiamato, nonch\u00e9 all&#8217; indennit\u00e0 di missione per la durata del viaggio e al rimborso delle spese anticipate o sostenute per il periodo di ferie non goduto.<\/span><br \/><span style=\"font-size: 14px\">In caso di malattia, debitamente documentata, che dia luogo a ricovero ospedaliero, le ferie sono considerate sospese. In questo caso il dipendente deve notificare tempestivamente quanto sopra al fine di consentire all&#8217; Istituto di provvedere ai dovuti accertamenti.<\/span><br \/><span style=\"font-size: 14px\">Le ferie costituiscono un diritto irrinunciabile e la mancata fruizione non d\u00e0 luogo in nessun caso alla corresponsione di compensi sostitutivi.<\/span><\/span><\/span><\/p>\n","protected":false},"excerpt":{"rendered":"<p>NORMATIVA FERIE Ogni dipendente ha diritto, per ogni anno di servizio, ad un periodo di ferie retribuito pari a 28 giorni lavorativi (26 per i nuovi assunti nei primi tre anni di servizio).Ogni dipendente ha diritto inoltre a quattro giornate di riposo da fruire nell&#8217; anno solare (ex festivit\u00e0 abolite).Nell&#8217; anno di assunzione, o di [&hellip;]<\/p>\n","protected":false},"author":23,"featured_media":0,"parent":0,"menu_order":0,"comment_status":"closed","ping_status":"closed","template":"template-page-builder-no-sidebar.php","meta":{"_lmt_disableupdate":"no","_lmt_disable":"","footnotes":""},"class_list":["post-38693","page","type-page","status-publish","hentry"],"_links":{"self":[{"href":"\/direzione\/wp-json\/wp\/v2\/pages\/38693","targetHints":{"allow":["GET"]}}],"collection":[{"href":"\/direzione\/wp-json\/wp\/v2\/pages"}],"about":[{"href":"\/direzione\/wp-json\/wp\/v2\/types\/page"}],"author":[{"embeddable":true,"href":"\/direzione\/wp-json\/wp\/v2\/users\/23"}],"replies":[{"embeddable":true,"href":"\/direzione\/wp-json\/wp\/v2\/comments?post=38693"}],"version-history":[{"count":12,"href":"\/direzione\/wp-json\/wp\/v2\/pages\/38693\/revisions"}],"predecessor-version":[{"id":39774,"href":"\/direzione\/wp-json\/wp\/v2\/pages\/38693\/revisions\/39774"}],"wp:attachment":[{"href":"\/direzione\/wp-json\/wp\/v2\/media?parent=38693"}],"curies":[{"name":"wp","href":"https:\/\/api.w.org\/{rel}","templated":true}]}}