{"id":37240,"date":"2021-03-09T11:18:23","date_gmt":"2021-03-09T10:18:23","guid":{"rendered":"\/divulgazione\/?page_id=37240&#038;preview_id=37240"},"modified":"2023-05-05T11:08:49","modified_gmt":"2023-05-05T09:08:49","slug":"pcto2021","status":"publish","type":"page","link":"\/divulgazione\/pcto2021\/","title":{"rendered":"PCTO2021"},"content":{"rendered":"\n<p><img decoding=\"async\" class=\"wp-image-37246  aligncenter\" src=\"\/divulgazione\/wp-content\/uploads\/sites\/23\/2021\/03\/PCTO-2021-INFN-1-300x109.png\" alt=\"\" width=\"449\" srcset=\"\/divulgazione\/wp-content\/uploads\/sites\/23\/2021\/03\/PCTO-2021-INFN-1-300x109.png 300w, \/divulgazione\/wp-content\/uploads\/sites\/23\/2021\/03\/PCTO-2021-INFN-1-1024x371.png 1024w, \/divulgazione\/wp-content\/uploads\/sites\/23\/2021\/03\/PCTO-2021-INFN-1-768x278.png 768w, \/divulgazione\/wp-content\/uploads\/sites\/23\/2021\/03\/PCTO-2021-INFN-1-1536x557.png 1536w, \/divulgazione\/wp-content\/uploads\/sites\/23\/2021\/03\/PCTO-2021-INFN-1.png 1920w\" sizes=\"(max-width: 300px) 100vw, 300px\" \/><\/p>\n\n\n\n<h3 style=\"text-align: center;\">Attivit\u00e0 proposte<\/h3>\n<p style=\"color: #002a48; font-family: Open Sans; background-color: white;\"><strong><span class=\"collapseomatic noarrow\" id=\"Aggiornamenti\"  tabindex=\"0\" alt=\"Apri Aggiornamenti\" title=\"Apri Aggiornamenti\"    >+ Aggiornamenti<\/span><span id='swap-Aggiornamenti'  class='colomat-swap' style='display:none;'>- Aggiornamenti<\/span><div id=\"target-Aggiornamenti\" class=\"collapseomatic_content \"><\/strong><\/p>\n<p style=\"text-align: left;\"><img loading=\"lazy\" decoding=\"async\" class=\"alignnone  wp-image-37025\" src=\"\/divulgazione\/wp-content\/uploads\/sites\/23\/2020\/06\/aggiornamenti-metaslider-300x60.jpg\" alt=\"\" width=\"390\" height=\"78\" srcset=\"\/divulgazione\/wp-content\/uploads\/sites\/23\/2020\/06\/aggiornamenti-metaslider-300x60.jpg 300w, \/divulgazione\/wp-content\/uploads\/sites\/23\/2020\/06\/aggiornamenti-metaslider-1024x206.jpg 1024w, \/divulgazione\/wp-content\/uploads\/sites\/23\/2020\/06\/aggiornamenti-metaslider-768x155.jpg 768w, \/divulgazione\/wp-content\/uploads\/sites\/23\/2020\/06\/aggiornamenti-metaslider.jpg 1240w\" sizes=\"auto, (max-width: 390px) 100vw, 390px\" \/><br \/><strong>Descrizione:<\/strong> L\u2019attivit\u00e0 si inserisce nell\u2019ambito del progetto dell\u2019INFN denominato \u201c<a href=\"\/divulgazione\/aggiornamenti\/\" data-wpel-link=\"internal\" target=\"_self\" rel=\"nofollow noopener noreferrer\" title=\"Open page AggiornaMenti\">AggiornaMenti<\/a>\u201d, un laboratorio di didattica della scienza per insegnanti della Scuola Secondaria di Primo Grado. Il progetto AggiornaMenti promuove un insegnamento della scienza attraverso esperimenti realizzabili con materiale di comunissima reperibilit\u00e0 e basso costo, in modo da essere facilmente riproducibili in classe. \u00a0L\u2019attivit\u00e0 proposta per PCTO prevede, da parte di un gruppo di alcuni studenti, la realizzazione di brevi videoclip, della durata di qualche minuto al massimo, durante i quali alcuni di questi esperimenti vengono da essi stessi spiegati e effettuati. Una riflessione e discussione sar\u00e0 sull\u2019esperimento e il principio fisico sar\u00e0 fatta insieme agli esperti. Un esperto di video seguir\u00e0 gli studenti per ci\u00f2 che concerne gli aspetti tecnici, di regia e di montaggio. I video verranno poi inclusi nel sito del corso per insegnanti, e anche in un canale YouTube dedicato.<br \/><strong>Requisiti particolari:<\/strong>\u00a0nessuno<br \/><strong>Cosa imparer\u00e0:\u00a0<\/strong>tecniche video e di regia, conoscenza di alcuni processi fisici fondamentali, a volte anche complessi, che descrivono e spiegano fenomeni di comune osservazione, capacit\u00e0 di esporre concetti in modo sintetico e efficace, divertendosi.<br \/><strong>Numero di ore:\u00a0<\/strong>40<br \/><strong>Numero massimo di studenti:\u00a0<\/strong>8<strong>\u2013<\/strong>12<br \/><strong>Proposta di date:<\/strong>\u00a0 7-11 Giugno (h: 9-&gt;16)<\/p>\n<\/div>\n<p style=\"color: #002a48; font-family: Open Sans; background-color: white;\"><strong><span class=\"collapseomatic noarrow\" id=\"Quasi_come_essere_al_CERN\"  tabindex=\"0\" alt=\"Apri Quasi come essere al CERN\" title=\"Apri Quasi come essere al CERN\"    >+ Quasi come essere al CERN<\/span><span id='swap-Quasi_come_essere_al_CERN'  class='colomat-swap' style='display:none;'>- Quasi come essere al CERN<\/span><div id=\"target-Quasi_come_essere_al_CERN\" class=\"collapseomatic_content \"><\/strong><\/p>\n<p style=\"text-align: left;\"><img loading=\"lazy\" decoding=\"async\" class=\"alignnone size-full wp-image-37254\" src=\"\/divulgazione\/wp-content\/uploads\/sites\/23\/2021\/03\/Quasi-Cern.jpeg\" alt=\"\" width=\"300\" height=\"169\" \/><br \/><strong>Descrizione:<\/strong> Durante l\u2019attivit\u00e0 si analizzeranno i dati raccolti presso i laboratori internazionali del CERN di Ginevra dall\u2019esperimento LHCb, uno dei quattro esperimenti maggiori che operano presso l\u2019acceleratore LHC del CERN. L\u2019esperimento LHCb si occupa principalmente di indagare l\u2019asimmetria tra materia ed antimateria attualmente presente nell\u2019universo, che ha avuto origine pochi istanti dopo il Big Bang.<br \/>Gli studenti seguiranno un ciclo di lezioni introduttive nelle quali si presenteranno la missione dell\u2019ente (INFN) e lo scopo dell\u2019esperimento LHCb. Si proporr\u00e0 inoltre una breve introduzione alla fisica delle particelle e alla statistica. In seguito si proceder\u00e0 all\u2019analisi dei dati raccolti dal rivelatore LHCb per ripetere, passo per passo, il lavoro che i fisici svolgono quotidianamente nel processo di pubblicazione di articoli scientifici. L\u2019attivit\u00e0 si svolger\u00e0 esclusivamente online.<br \/><strong>Requisiti:<\/strong> Conoscenze matematiche di base, PC con connessione ad internet.<br \/><strong>Cosa imparer\u00e0:<\/strong> Dopo un&#8217;introduzione allo stato attuale della ricerca nel campo della fisica delle alte energie, lo studente imparer\u00e0 a gestire problemi complessi nel contesto dell&#8217;analisi dei dati di un grande esperimento scientifico. Durante il processo, lo studente apprender\u00e0 i rudimenti di un linguaggio di programmazione (Python) largamente usato in ambito scientifico e industriale.<br \/><strong>Numero di ore:<\/strong>\u00a040 ore<br \/><strong>Numero di studenti in contemporanea:<\/strong> ~12<br \/><strong>Proposta di date:<\/strong> 7-11 Giugno (h: 9-&gt;16)<br \/><strong>Referenti: <\/strong>Fabio Ferrari, Lorenzo Capriotti<\/p>\n<\/div>\n<p style=\"color: #002a48; font-family: Open Sans; background-color: white;\"><strong><span class=\"collapseomatic noarrow\" id=\"Premio_Asimov\"  tabindex=\"0\" alt=\"Apri Premio Asimov\" title=\"Apri Premio Asimov\"    >+ Premio Asimov<\/span><span id='swap-Premio_Asimov'  class='colomat-swap' style='display:none;'>- Premio Asimov<\/span><div id=\"target-Premio_Asimov\" class=\"collapseomatic_content \"><\/strong><\/p>\n<p><a href=\"\/divulgazione\/asimov\/\" data-wpel-link=\"internal\" target=\"_self\" rel=\"nofollow noopener noreferrer\" title=\"Open page Visita la pagina dedicata\">Visita la pagina dedicata<\/a><\/p>\n<\/div>\n\n\n\n<hr>\n<p><a href=\"\/divulgazione\/pcto\/\" data-wpel-link=\"internal\" target=\"_self\" rel=\"nofollow noopener noreferrer\" title=\"Open page Torna alla Pagina Principale del PCTO\">Torna alla Pagina Principale del PCTO<\/a><\/p>\n\n\n\n<div class=\"su-box su-box-style-default\" id=\"\" style=\"border-color:#000000;border-radius:3px;max-width:none\"><div class=\"su-box-title\" style=\"background-color:#333333;color:#FFFFFF;border-top-left-radius:1px;border-top-right-radius:1px\">Coordinatori locali<\/div><div class=\"su-box-content su-u-clearfix su-u-trim\" style=\"border-bottom-left-radius:1px;border-bottom-right-radius:1px\">\n<p style=\"color: #007bb3; font-family: Open Sans;\"><span class=\"collapseomatic noarrow\" id=\"Matteo_Franchini\"  tabindex=\"0\" alt=\"Informazioni su Matteo Franchini\" title=\"Informazioni su Matteo Franchini\"    ><strong>+ Matteo Franchini<\/strong><\/span><span id='swap-Matteo_Franchini'  class='colomat-swap' style='display:none;'><strong>- Matteo Franchini<\/strong><\/span><div id=\"target-Matteo_Franchini\" class=\"collapseomatic_content \"> E-Mail: <a href=\"mailto:matteo.franchini_NOSPAM@bo.infn.it\">matteo.franchini@bo.infn.it<\/a><br>Sede: Irnerio<\/div>\n<p style=\"color: #007bb3; font-family: Open Sans;\"><span class=\"collapseomatic noarrow\" id=\"Roberto_Giacomelli\"  tabindex=\"0\" alt=\"Informazioni su Roberto Giacomelli\" title=\"Informazioni su Roberto Giacomelli\"    ><strong>+ Roberto Giacomelli<\/strong><\/span><span id='swap-Roberto_Giacomelli'  class='colomat-swap' style='display:none;'><strong>- Roberto Giacomelli<\/strong><\/span><div id=\"target-Roberto_Giacomelli\" class=\"collapseomatic_content \"> E-Mail: <a href=\"mailto:roberto.giacomelli_NOSPAM@bo.infn.it\">roberto.giacomelli@bo.infn.it<\/a><br>Tel: +39-051-2095246<br>Sede: Berti Pichat<\/div>\n<\/div><\/div>\n\n\n","protected":false},"excerpt":{"rendered":"<p>Attivit\u00e0 proposte Torna alla Pagina Principale del PCTO<\/p>\n","protected":false},"author":16,"featured_media":37243,"parent":0,"menu_order":0,"comment_status":"closed","ping_status":"closed","template":"template-page-builder-no-sidebar.php","meta":{"_lmt_disableupdate":"no","_lmt_disable":"","footnotes":""},"class_list":["post-37240","page","type-page","status-publish","has-post-thumbnail","hentry"],"_links":{"self":[{"href":"\/divulgazione\/wp-json\/wp\/v2\/pages\/37240","targetHints":{"allow":["GET"]}}],"collection":[{"href":"\/divulgazione\/wp-json\/wp\/v2\/pages"}],"about":[{"href":"\/divulgazione\/wp-json\/wp\/v2\/types\/page"}],"author":[{"embeddable":true,"href":"\/divulgazione\/wp-json\/wp\/v2\/users\/16"}],"replies":[{"embeddable":true,"href":"\/divulgazione\/wp-json\/wp\/v2\/comments?post=37240"}],"version-history":[{"count":126,"href":"\/divulgazione\/wp-json\/wp\/v2\/pages\/37240\/revisions"}],"predecessor-version":[{"id":37638,"href":"\/divulgazione\/wp-json\/wp\/v2\/pages\/37240\/revisions\/37638"}],"wp:featuredmedia":[{"embeddable":true,"href":"\/divulgazione\/wp-json\/wp\/v2\/media\/37243"}],"wp:attachment":[{"href":"\/divulgazione\/wp-json\/wp\/v2\/media?parent=37240"}],"curies":[{"name":"wp","href":"https:\/\/api.w.org\/{rel}","templated":true}]}}