{"id":38128,"date":"2021-11-19T18:02:21","date_gmt":"2021-11-19T17:02:21","guid":{"rendered":"\/gruppo1\/?page_id=38128"},"modified":"2021-12-09T10:29:25","modified_gmt":"2021-12-09T09:29:25","slug":"esperimento-snd","status":"publish","type":"page","link":"\/gruppo1\/esperimento-snd\/","title":{"rendered":"Esperimento SND@LHC"},"content":{"rendered":"\n<h2 class=\"wp-block-heading\">L&#8217;esperimento SND@LHC e il gruppo di Bologna<\/h2>\n\n\n\n<p class=\"has-text-align-center\"><img loading=\"lazy\" decoding=\"async\" width=\"640\" height=\"640\" class=\"wp-image-38146\" style=\"width: 150px\" src=\"\/gruppo1\/wp-content\/uploads\/sites\/17\/2021\/11\/SND_Logo_black.png\" alt=\"Logo di SND@LHC\" srcset=\"\/gruppo1\/wp-content\/uploads\/sites\/17\/2021\/11\/SND_Logo_black.png 640w, \/gruppo1\/wp-content\/uploads\/sites\/17\/2021\/11\/SND_Logo_black-300x300.png 300w, \/gruppo1\/wp-content\/uploads\/sites\/17\/2021\/11\/SND_Logo_black-150x150.png 150w\" sizes=\"auto, (max-width: 640px) 100vw, 640px\" \/><\/p>\n\n\n\n<p>SND@LHC \u00e8 un nuovo genere di esperimento nel panorama della fisica delle particelle.<\/p>\n\n\n\n<p>In virt\u00f9 delle sue caratteristiche uniche, \u00e8 stato approvato dal CERN con l\u2019obiettivo di realizzarlo in tempi brevi. Ha ricevuto l\u2019OK a Marzo 2021, sar\u00e0 installato entro fine anno e raccoglier\u00e0 dati al Large Hadron Collider dal 2022 al 2025.<\/p>\n\n\n\n<p>SND@LHC osserver\u00e0 per la prima volta in modo diretto neutrini di altissima energia (TeV) prodotti nelle collisioni protone-protone di LHC. Tutte e tre le specie di neutrino ( elettronico, muonico, tauonico )&nbsp; saranno studiate.<\/p>\n\n\n\n<p>I neutrini sono oggi l\u2019unica anomalia certa nella fisica delle particelle. Perch\u00e9,&nbsp; in contrasto con quanto teorizzato nel Modello Standard, hanno una massa non-nulla. E non la ricevono dal meccanismo di Higgs. Deve esistere un qualcosa a noi ancora sconosciuto.&nbsp; Ma finora i dati sulle interazioni dei neutrini con la materia sono incompleti. Gli studi con neutrini dell\u2019elettrone sono rari. Quelli con neutrini del tau rarissimi.<\/p>\n\n\n\n<p>Il detector di SND@LHC \u00e8 compatto (0.6&#215;0.8&#215;2.5 metri cubi). \u00c8 posto nel tunnel di LHC a 480 m da ATLAS e intercetta l\u2019intenso flusso di neutrini emessi a piccolissimo angolo nelle collisioni protone-protone. Interagendo con il materiale\/bersaglio di SND@LHC (0.8 ton di tungsteno) i neutrini producono particelle che attraversano piani di emulsioni nucleari e fibre scintillanti, i cui segnali rendono possibile&nbsp; la ricostruzione e la visualizzazione dell\u2019evento. A valle del bersaglio, piani di scintillatori plastici letti da fotodiodi di silicio (SiPM), inseriti tra blocchi di ferro, identificano la specie del neutrino e misurano l\u2019energia rilasciata nell\u2019interazione.<\/p>\n\n\n\n<figure class=\"wp-block-image size-large is-resized\"><img loading=\"lazy\" decoding=\"async\" src=\"\/gruppo1\/wp-content\/uploads\/sites\/17\/2021\/12\/sndlocation-2-1024x740.jpg\" alt=\"\" class=\"wp-image-38242\" width=\"808\" height=\"584\" srcset=\"\/gruppo1\/wp-content\/uploads\/sites\/17\/2021\/12\/sndlocation-2-1024x740.jpg 1024w, \/gruppo1\/wp-content\/uploads\/sites\/17\/2021\/12\/sndlocation-2-300x217.jpg 300w, \/gruppo1\/wp-content\/uploads\/sites\/17\/2021\/12\/sndlocation-2-768x555.jpg 768w, \/gruppo1\/wp-content\/uploads\/sites\/17\/2021\/12\/sndlocation-2-1536x1110.jpg 1536w, \/gruppo1\/wp-content\/uploads\/sites\/17\/2021\/12\/sndlocation-2-2048x1480.jpg 2048w\" sizes=\"auto, (max-width: 808px) 100vw, 808px\" \/><figcaption><em>Posizionamento di SND all&#8217;interno del complesso di tunnel di LHC<\/em><\/figcaption><\/figure>\n\n\n\n<p>Il team INFN di Bologna contribuisce sia al rivelatore elettronico che allo scan e analisi delle emulsioni. Ecco alcune alcune foto prese durante la costruzione e il test delle camere con matrici di scintillatori sottili.<\/p>\n\n\n\n<div class=\"wp-block-image\"><figure class=\"aligncenter size-large is-resized\"><img loading=\"lazy\" decoding=\"async\" src=\"\/gruppo1\/wp-content\/uploads\/sites\/17\/2021\/12\/20210902_103926_resized-1024x768.jpg\" alt=\"\" class=\"wp-image-38176\" width=\"680\" height=\"510\" srcset=\"\/gruppo1\/wp-content\/uploads\/sites\/17\/2021\/12\/20210902_103926_resized-1024x768.jpg 1024w, \/gruppo1\/wp-content\/uploads\/sites\/17\/2021\/12\/20210902_103926_resized-300x225.jpg 300w, \/gruppo1\/wp-content\/uploads\/sites\/17\/2021\/12\/20210902_103926_resized-768x576.jpg 768w, \/gruppo1\/wp-content\/uploads\/sites\/17\/2021\/12\/20210902_103926_resized-1536x1152.jpg 1536w, \/gruppo1\/wp-content\/uploads\/sites\/17\/2021\/12\/20210902_103926_resized.jpg 2000w\" sizes=\"auto, (max-width: 680px) 100vw, 680px\" \/><\/figure><\/div>\n\n\n\n<div class=\"wp-block-image\"><figure class=\"aligncenter size-large is-resized\"><img loading=\"lazy\" decoding=\"async\" src=\"\/gruppo1\/wp-content\/uploads\/sites\/17\/2021\/12\/IMG-20210902-WA0005-1024x768.jpg\" alt=\"\" class=\"wp-image-38177\" width=\"680\" height=\"510\" srcset=\"\/gruppo1\/wp-content\/uploads\/sites\/17\/2021\/12\/IMG-20210902-WA0005-1024x768.jpg 1024w, \/gruppo1\/wp-content\/uploads\/sites\/17\/2021\/12\/IMG-20210902-WA0005-300x225.jpg 300w, \/gruppo1\/wp-content\/uploads\/sites\/17\/2021\/12\/IMG-20210902-WA0005-768x576.jpg 768w, \/gruppo1\/wp-content\/uploads\/sites\/17\/2021\/12\/IMG-20210902-WA0005-1536x1152.jpg 1536w, \/gruppo1\/wp-content\/uploads\/sites\/17\/2021\/12\/IMG-20210902-WA0005.jpg 1600w\" sizes=\"auto, (max-width: 680px) 100vw, 680px\" \/><\/figure><\/div>\n\n\n\n<div class=\"wp-block-image\"><figure class=\"aligncenter size-full is-resized\"><img loading=\"lazy\" decoding=\"async\" src=\"\/gruppo1\/wp-content\/uploads\/sites\/17\/2021\/12\/IMG-20211130-WA0004.jpg\" alt=\"\" class=\"wp-image-38178\" width=\"680\" height=\"510\" srcset=\"\/gruppo1\/wp-content\/uploads\/sites\/17\/2021\/12\/IMG-20211130-WA0004.jpg 1024w, \/gruppo1\/wp-content\/uploads\/sites\/17\/2021\/12\/IMG-20211130-WA0004-300x225.jpg 300w, \/gruppo1\/wp-content\/uploads\/sites\/17\/2021\/12\/IMG-20211130-WA0004-768x576.jpg 768w\" sizes=\"auto, (max-width: 680px) 100vw, 680px\" \/><\/figure><\/div>\n\n\n\n<p><\/p>\n\n\n\n<div class=\"wp-block-image\"><figure class=\"aligncenter size-full is-resized\"><img loading=\"lazy\" decoding=\"async\" src=\"\/gruppo1\/wp-content\/uploads\/sites\/17\/2021\/12\/IMG-20211130-WA0010.jpg\" alt=\"\" class=\"wp-image-38179\" width=\"682\" height=\"909\" srcset=\"\/gruppo1\/wp-content\/uploads\/sites\/17\/2021\/12\/IMG-20211130-WA0010.jpg 768w, \/gruppo1\/wp-content\/uploads\/sites\/17\/2021\/12\/IMG-20211130-WA0010-225x300.jpg 225w\" sizes=\"auto, (max-width: 682px) 100vw, 682px\" \/><\/figure><\/div>\n\n\n\n<div class=\"wp-block-image\"><figure class=\"aligncenter size-full is-resized\"><img loading=\"lazy\" decoding=\"async\" src=\"\/gruppo1\/wp-content\/uploads\/sites\/17\/2021\/12\/IMG-20211201-WA0006.jpg\" alt=\"\" class=\"wp-image-38180\" width=\"682\" height=\"631\" srcset=\"\/gruppo1\/wp-content\/uploads\/sites\/17\/2021\/12\/IMG-20211201-WA0006.jpg 1024w, \/gruppo1\/wp-content\/uploads\/sites\/17\/2021\/12\/IMG-20211201-WA0006-300x277.jpg 300w, \/gruppo1\/wp-content\/uploads\/sites\/17\/2021\/12\/IMG-20211201-WA0006-768x710.jpg 768w\" sizes=\"auto, (max-width: 682px) 100vw, 682px\" \/><\/figure><\/div>\n\n\n\n<p><\/p>\n\n\n\n<p>********************************************<\/p>\n\n\n\n<p>***     <strong><a href=\"https:\/\/www.bo.infn.it\/gruppo1\/opportunita-di-tesi\/sndlhc-opportunita-di-tesi\/\" data-wpel-link=\"external\" target=\"_blank\" rel=\"nofollow external noopener noreferrer\" title=\"Open page in new tab Argomenti per tesi di laurea magistrale o di laurea triennale\">Argomenti per tesi di laurea magistrale o di laurea triennale<\/a><\/strong>     <\/p>\n\n\n\n<p>********************************************<\/p>\n\n\n\n<p><\/p>\n\n\n\n<p><\/p>\n\n\n\n<p>Documentazione:<\/p>\n\n\n\n<ul class=\"wp-block-list\"><li><a href=\"https:\/\/cds.cern.ch\/record\/2750060?ln=it\" data-wpel-link=\"external\" target=\"_blank\" rel=\"nofollow external noopener noreferrer\" title=\"Open page in new tab 2021 technical proposal\">2021 technical proposal<\/a><\/li><li><a href=\"https:\/\/agenda.infn.it\/event\/25537\/attachments\/86914\/115925\/SNDLHC_CdS_20211207.pdf\" data-wpel-link=\"external\" target=\"_blank\" rel=\"nofollow external noopener noreferrer\" title=\"Open page in new tab Presentazione di M. Dallavalle al Consiglio di Sezione del 7\/12\/2021\">Presentazione di M. Dallavalle al Consiglio di Sezione del 7\/12\/2021<\/a><\/li><li><a href=\"https:\/\/indico.cern.ch\/event\/848732\/contributions\/4524466\/attachments\/2320064\/3950416\/Navarria_SND%40LHC%20TAU2021.pdf\" data-wpel-link=\"external\" target=\"_blank\" rel=\"nofollow external noopener noreferrer\" title=\"Open page in new tab Overview talk di F.L.Navarria at TAU2021\">Overview talk di F.L.Navarria at TAU2021<\/a><\/li><li><a href=\"https:\/\/iopscience.iop.org\/article\/10.1088\/1361-6471\/ab3f7c\" data-wpel-link=\"external\" target=\"_blank\" rel=\"nofollow external noopener noreferrer\" title=\"Open page in new tab Physics potential of an experiment using LHC neutrinos, N Beni et al 2019 J. Phys. G: Nucl. Part. Phys. 46 115008\">Physics potential of an experiment using LHC neutrinos, N Beni et al 2019 J. Phys. G: Nucl. Part. Phys. <strong>46<\/strong> 115008<\/a><\/li><li><a href=\"https:\/\/iopscience.iop.org\/article\/10.1088\/1361-6471\/aba7ad\" data-wpel-link=\"external\" target=\"_blank\" rel=\"nofollow external noopener noreferrer\" title=\"Open page in new tab Further studies on the physics potential of an experiment using LHC neutrinos, N Beni et al 2020 J. Phys. G: Nucl. Part. Phys. 47 125004\">Further studies on the physics potential of an experiment using LHC neutrinos, N Beni et al 2020 J. Phys. G: Nucl. Part. Phys. <strong>47<\/strong> 125004<\/a><\/li><\/ul>\n\n\n\n<p><\/p>\n\n\n\n<p><\/p>\n\n\n\n<p><\/p>\n\n\n\n<p><\/p>\n","protected":false},"excerpt":{"rendered":"<p>L&#8217;esperimento SND@LHC e il gruppo di Bologna SND@LHC \u00e8 un nuovo genere di esperimento nel panorama della fisica delle particelle. In virt\u00f9 delle sue caratteristiche uniche, \u00e8 stato approvato dal CERN con l\u2019obiettivo di realizzarlo in tempi brevi. Ha ricevuto l\u2019OK a Marzo 2021, sar\u00e0 installato entro fine anno e raccoglier\u00e0 dati al Large Hadron [&hellip;]<\/p>\n","protected":false},"author":16,"featured_media":38146,"parent":0,"menu_order":0,"comment_status":"closed","ping_status":"closed","template":"template-page-builder-no-sidebar.php","meta":{"_lmt_disableupdate":"no","_lmt_disable":"","footnotes":""},"class_list":["post-38128","page","type-page","status-publish","has-post-thumbnail","hentry"],"_links":{"self":[{"href":"\/gruppo1\/wp-json\/wp\/v2\/pages\/38128","targetHints":{"allow":["GET"]}}],"collection":[{"href":"\/gruppo1\/wp-json\/wp\/v2\/pages"}],"about":[{"href":"\/gruppo1\/wp-json\/wp\/v2\/types\/page"}],"author":[{"embeddable":true,"href":"\/gruppo1\/wp-json\/wp\/v2\/users\/16"}],"replies":[{"embeddable":true,"href":"\/gruppo1\/wp-json\/wp\/v2\/comments?post=38128"}],"version-history":[{"count":21,"href":"\/gruppo1\/wp-json\/wp\/v2\/pages\/38128\/revisions"}],"predecessor-version":[{"id":38247,"href":"\/gruppo1\/wp-json\/wp\/v2\/pages\/38128\/revisions\/38247"}],"wp:featuredmedia":[{"embeddable":true,"href":"\/gruppo1\/wp-json\/wp\/v2\/media\/38146"}],"wp:attachment":[{"href":"\/gruppo1\/wp-json\/wp\/v2\/media?parent=38128"}],"curies":[{"name":"wp","href":"https:\/\/api.w.org\/{rel}","templated":true}]}}