{"id":36692,"date":"2020-04-28T13:06:29","date_gmt":"2020-04-28T11:06:29","guid":{"rendered":"\/gruppo2\/?page_id=36692"},"modified":"2026-05-04T11:44:24","modified_gmt":"2026-05-04T09:44:24","slug":"xenon-it","status":"publish","type":"page","link":"\/gruppo2\/xenon-it\/","title":{"rendered":"XENON"},"content":{"rendered":"\n<p><span style=\"font-size: 28px\"><strong><span style=\"font-family: Open Sans\">XENON<\/span><\/strong><\/span><\/p>\n\n\n\n<p data-path-to-node=\"1\"><span style=\"font-family: 'Open Sans';font-size: 14px\"><strong>XENON<\/strong> \u00e8 una collaborazione scientifica internazionale con istituzioni partecipanti distribuite su tre continenti (Europa, America e Asia). XENON \u00e8 il progetto leader a livello mondiale per la ricerca diretta della materia oscura: un costituente fondamentale dell&#8217;Universo. Sappiamo che la materia oscura esiste ed \u00e8 molto pi\u00f9 abbondante della materia ordinaria. Tuttavia, la materia oscura non \u00e8 mai stata osservata finora. Una prova diretta della sua presenza rappresenterebbe una pietra miliare nella storia della fisica e un enorme passo avanti per la nostra comprensione dell&#8217;Universo.<\/span><\/p>\n<p data-path-to-node=\"2\"><span style=\"font-family: 'Open Sans';font-size: 14px\">Gli esperimenti XENON, ospitati presso i Laboratori Nazionali del Gran Sasso (LNGS) dell&#8217;INFN, utilizzano rivelatori a camera a proiezione temporale (TPC) per intercettare le interazioni delle particelle di materia oscura con un bersaglio di xenon liquido (LXe). Il primo esperimento, <strong>XENON10<\/strong> (2005), e il suo successore, <strong>XENON100<\/strong> (2009), hanno ottenuto i migliori risultati al mondo nella ricerca diretta della materia oscura.<\/span><\/p>\n<p data-path-to-node=\"3\"><span style=\"font-family: 'Open Sans';font-size: 14px\">La collaborazione ha aperto l&#8217;era dei rivelatori di materia oscura su scala tonnellata con l&#8217;esperimento <strong>XENON1T<\/strong> (2016), operando una TPC riempita con 2 tonnellate di LXe. L&#8217;ampio bersaglio e il livello di fondo pi\u00f9 basso mai raggiunto hanno permesso a XENON1T di ottenere una sensibilit\u00e0 senza precedenti non solo alla materia oscura. Infatti, XENON1T \u00e8 stato in grado di rilevare il processo pi\u00f9 raro mai osservato nella storia dell&#8217;umanit\u00e0: il decadimento per doppia cattura elettronica dello <b data-path-to-node=\"3\" data-index-in-node=\"496\"><sup>124<\/sup>Xe<\/b>.<\/span><\/p>\n<p data-path-to-node=\"4\"><span style=\"font-family: 'Open Sans';font-size: 14px\">L&#8217;attuale fase del progetto, <strong>XENONnT<\/strong>, \u00e8 stata costruita con successo nei tempi previsti nel 2020, nonostante le sfide globali senza precedenti poste dalla pandemia di COVID-19. Le operazioni scientifiche sono iniziate nel 2021, spingendo la sensibilit\u00e0 delle ricerche di materia oscura a nuovi livelli grazie a un bersaglio di xenon liquido attivo di 6tonnellate e a un fondo radioattivo record. L&#8217;esperimento ha gi\u00e0 raggiunto importanti traguardi scientifici, inclusi i limiti pi\u00f9 stringenti al mondo sulle sezioni d&#8217;urto per lo scattering WIMP-nucleone e la storica prima osservazione dei neutrini solari <sup><span class=\"math-inline\" data-math=\"^8\" data-index-in-node=\"610\">8<\/span><\/sup>B tramite lo scattering elastico coerente neutrino-nucleo (CE\u03bdNS).<\/span><\/p>\n\n\n\n<figure class=\"wp-block-image size-large\"><img loading=\"lazy\" decoding=\"async\" width=\"1024\" height=\"762\" src=\"\/gruppo2\/wp-content\/uploads\/sites\/18\/2020\/04\/xenon1t-front-3-1024x762.jpg\" alt=\"\" class=\"wp-image-36768\" srcset=\"\/gruppo2\/wp-content\/uploads\/sites\/18\/2020\/04\/xenon1t-front-3-1024x762.jpg 1024w, \/gruppo2\/wp-content\/uploads\/sites\/18\/2020\/04\/xenon1t-front-3-300x223.jpg 300w, \/gruppo2\/wp-content\/uploads\/sites\/18\/2020\/04\/xenon1t-front-3-768x572.jpg 768w, \/gruppo2\/wp-content\/uploads\/sites\/18\/2020\/04\/xenon1t-front-3-1536x1144.jpg 1536w, \/gruppo2\/wp-content\/uploads\/sites\/18\/2020\/04\/xenon1t-front-3-2048x1525.jpg 2048w\" sizes=\"auto, (max-width: 1024px) 100vw, 1024px\" \/><figcaption class=\"wp-element-caption\"><em>L&#8217;esperimento XENON1T nella Hall B dei Laboratori Nazionali del Gran Sasso (2018). Sulla sinistra: il rivelatore Cherenkov di muoni alto 10 metri che contiene al suo interno la TPC a xeno liquido. Sulla destra: l&#8217;edificio che ospita i sistemi ausiliari dell&#8217;esperimento, fra cui i sistemi di purificazione, raffreddamento e stoccaggio dello xeno e il sistema di acquisizione dati. L&#8217;upgrade XENONnT sfrutter\u00e0 molte delle infrastrutture gi\u00e0 installate per XENON1T.<\/em><\/figcaption><\/figure>\n\n\n\n<div style=\"height:50px\" aria-hidden=\"true\" class=\"wp-block-spacer\"><\/div>\n\n\n\n<h5 class=\"wp-block-heading\">Attivit\u00e0 INFN Bologna<\/h5>\n\n\n\n<p class=\"\" style=\"text-align: left\"><span class=\"\" style=\"font-family: 'Open Sans';font-size: 14px\">Il gruppo XENON di Bologna fa parte della collaborazione dal 2013 ed \u00e8 impegnato in diversi ambiti del progetto di ricerca sperimentale.<\/span><\/p>\n<p class=\"\" style=\"text-align: left\"><span class=\"\" style=\"font-family: 'Open Sans';font-size: 14px\"><strong class=\"\">Muon Veto&nbsp; <\/strong>Il sistema di veto di muoni per gli esperimenti XENON1T e XENONnT \u00e8 stato progettato, testato e costruito sotto la direzione del gruppo di Bologna, che si occupa anche della sua manutenzione e della relativa analisi dati. Questo grande rivelatore Cherenkov riempito d&#8217;acqua permette di abbattere il fondo dovuto a neutroni generati da muoni cosmici che penetrano all&#8217;interno delle sale sperimentali dei LNGS.<\/span><\/p>\n<p class=\"\" style=\"text-align: left\"><span class=\"\" style=\"font-family: 'Open Sans';font-size: 14px\"><strong class=\"\">Neutron Veto&nbsp; <\/strong>A differenza di XENON1T, l&#8217;esperimento XENONnT dispone di un ulteriore rivelatore che circonda la TPC e funge da veto per neutroni emessi dalla radioattivit\u00e0 dei materiali dell&#8217;esperimento stesso. Il gruppo di Bologna \u00e8 responsabile per lo studio, la progettazione e la realizzazione di tale sistema.<\/span><\/p>\n<p class=\"\" style=\"text-align: left\"><span class=\"\" style=\"font-family: 'Open Sans';font-size: 14px\"><strong class=\"\">Simulazioni Monte Carlo&nbsp; <\/strong>Il gruppo di Bologna ricopre un ruolo di coordinamento delle attivit\u00e0 di simulazione dell&#8217;esperimento e studio delle sorgenti di fondo sia per XENON1T che XENONnT. Tali simulazioni sono fondamentali per caratterizzare la risposta del rivelatore e predire il fondo atteso da interazioni di particelle ordinarie.<\/span><\/p>\n<p class=\"\" style=\"text-align: left\"><span class=\"\" style=\"font-family: 'Open Sans';font-size: 14px\"><strong class=\"\">Analisi Dati&nbsp; <\/strong>L&#8217;analisi dei dati raccolti dall&#8217;esperimento XENON1T, che ha prodotto i migliori risultati attualmente disponibili sulla ricerca diretta di materia oscura, \u00e8 stata condotta con il contributo del gruppo di Bologna. L&#8217;impegno nell&#8217;analisi dati proseguir\u00e0 anche in XENONnT.<\/span><\/p>\n\n\n\n<div style=\"height:50px\" aria-hidden=\"true\" class=\"wp-block-spacer\"><\/div>\n\n\n\n<h5 class=\"wp-block-heading\">Membri staff INFN Bologna<\/h5>\n\n\n\n<table style=\"height: 172px;width: 100%;border-collapse: collapse;border-color: #ffffff\" border=\"0\">\n<tbody>\n<tr style=\"height: 103px\">\n<td style=\"width: 50%;height: 103px\"><span style=\"font-family: verdana, geneva;font-size: 12px\"><strong>Gabriella Sartorelli<\/strong><\/span><br data-rich-text-line-break=\"true\"><span style=\"font-family: verdana, geneva;font-size: 12px;color: #000000\"><em>Professore ordinario <\/em><\/span><br data-rich-text-line-break=\"true\"><span style=\"font-family: verdana, geneva;font-size: 12px;color: #000000\"><strong>PI XENON Bologna<\/strong><\/span><br data-rich-text-line-break=\"true\"><span style=\"font-family: verdana, geneva;font-size: 12px;color: #000000\"><em>gabriella.sartorelli@bo.infn.it<\/em><\/span><br data-rich-text-line-break=\"true\"><span style=\"font-family: verdana, geneva;font-size: 12px;color: #000000\">+39 051 20 9 1062<\/span><\/td>\n<td style=\"width: 50%;height: 103px\"><strong><span style=\"font-family: verdana, geneva;font-size: 12px\">Marco Selvi<\/span><\/strong><br data-rich-text-line-break=\"true\"><span style=\"font-family: verdana, geneva;font-size: 12px;color: #000000\"><em>Primo ricercatore INFN<\/em><\/span><br data-rich-text-line-break=\"true\"><span style=\"font-family: verdana, geneva;font-size: 12px;color: #000000\"><strong>Responsabile nazionale XENON<\/strong><\/span><br data-rich-text-line-break=\"true\"><span style=\"font-family: verdana, geneva;font-size: 12px;color: #000000\"><em>marco.selvi@bo.infn.it<\/em><\/span><br data-rich-text-line-break=\"true\"><span style=\"font-family: verdana, geneva;font-size: 12px;color: #000000\">+39 051 20 9 1120<\/span><\/td>\n<\/tr>\n<tr style=\"height: 23px\">\n<td style=\"width: 50%;height: 23px\"><strong><span style=\"font-family: verdana, geneva;font-size: 12px\">Graziano Bruni<\/span><\/strong><br data-rich-text-line-break=\"true\"><span style=\"font-family: verdana, geneva;font-size: 12px;color: #000000\"><em>Dirigente di ricerca INFN<\/em><\/span><br data-rich-text-line-break=\"true\"><span style=\"font-family: verdana, geneva;font-size: 12px;color: #000000\"><em>graziano.bruni@bo.infn.it<\/em><\/span><br data-rich-text-line-break=\"true\"><span style=\"font-family: verdana, geneva;font-size: 12px;color: #000000\">+39 051 20 9 1057<\/span><\/td>\n<td style=\"width: 50%;height: 23px\"><strong><span style=\"font-family: verdana, geneva;font-size: 12px\">Lorenzo Bellagamba<\/span><\/strong><br data-rich-text-line-break=\"true\"><span style=\"font-family: verdana, geneva;font-size: 12px;color: #000000\"><em>Primo ricercatore INFN<\/em><\/span><br data-rich-text-line-break=\"true\"><span style=\"font-family: verdana, geneva;font-size: 12px;color: #000000\"><em>bellagamba@bo.infn.it<\/em><\/span><br data-rich-text-line-break=\"true\"><span style=\"font-family: verdana, geneva;font-size: 12px;color: #000000\">+39 051 20 9 1082<\/span><\/td>\n<\/tr>\n<tr style=\"height: 23px\">\n<td style=\"width: 50%;height: 23px\"><strong><span style=\"font-family: verdana, geneva;font-size: 12px\">Franco Semeria<\/span><\/strong><br data-rich-text-line-break=\"true\"><span style=\"font-family: verdana, geneva;font-size: 12px;color: #000000\"><em>Primo tecnologo INFN<\/em><\/span><br data-rich-text-line-break=\"true\"><span style=\"font-family: verdana, geneva;font-size: 12px;color: #000000\"><em>semeria@bo.infn.it<\/em><\/span><br data-rich-text-line-break=\"true\"><span style=\"font-family: verdana, geneva;font-size: 12px;color: #000000\">+39 051 20 9 1192<\/span><\/td>\n<td style=\"width: 50%;height: 23px\"><strong><span style=\"font-family: verdana, geneva;font-size: 12px\">Pietro Di Gangi<\/span><\/strong><br data-rich-text-line-break=\"true\"><span style=\"font-family: verdana, geneva;font-size: 12px;color: #000000\"><em>Ricercatore INFN<\/em><\/span><br data-rich-text-line-break=\"true\"><span style=\"font-family: verdana, geneva;font-size: 12px;color: #000000\"><em>pietro.digangi@bo.infn.it<\/em><\/span><br data-rich-text-line-break=\"true\"><span style=\"font-family: verdana, geneva;font-size: 12px;color: #000000\">+39 051 20 9 1130<\/span><\/td>\n<\/tr>\n<tr style=\"height: 23px\">\n<td style=\"width: 50%;height: 23px\">&nbsp;<\/td>\n<td style=\"width: 50%;height: 23px\">&nbsp;<\/td>\n<\/tr>\n<\/tbody>\n<\/table>\n\n\n\n<hr class=\"wp-block-separator has-css-opacity\" \/>\n\n\n\n<h5 class=\"wp-block-heading\">Siti web XENON<\/h5>\n\n\n\n<div class=\"wp-block-buttons is-layout-flex wp-block-buttons-is-layout-flex\">\n<div class=\"wp-block-button is-style-fill\"><a class=\"wp-block-button__link wp-element-button\" href=\"https:\/\/web.infn.it\/xenon_bologna\/\" target=\"_blank\" rel=\"noreferrer noopener nofollow external\" data-wpel-link=\"external\" title=\"Open page in new tab XENON Bologna\">XENON Bologna<\/a><\/div>\n\n\n\n<div class=\"wp-block-button\"><a class=\"wp-block-button__link wp-element-button\" href=\"http:\/\/www.xenonexperiment.org\/\" target=\"_blank\" rel=\"noreferrer noopener nofollow external\" data-wpel-link=\"external\" title=\"Open page in new tab xenonexperiment.org\">xenonexperiment.org<\/a><\/div>\n<\/div>\n\n\n\n<hr class=\"wp-block-separator has-css-opacity\" \/>\n\n\n\n<h5 class=\"wp-block-heading\">Social media XENON<\/h5>\n\n\n\n<ul class=\"wp-block-social-links is-layout-flex wp-block-social-links-is-layout-flex\">\n\n<li class=\"wp-social-link wp-social-link-facebook  wp-block-social-link\"><a href=\"https:\/\/www.facebook.com\/XENONexperiment\/\" class=\"wp-block-social-link-anchor\" data-wpel-link=\"external\" target=\"_blank\" rel=\"nofollow external noopener noreferrer\" title=\"Open page in new tab Facebook\"><svg width=\"24\" height=\"24\" viewBox=\"0 0 24 24\" version=\"1.1\" xmlns=\"http:\/\/www.w3.org\/2000\/svg\" aria-hidden=\"true\" focusable=\"false\"><path d=\"M12 2C6.5 2 2 6.5 2 12c0 5 3.7 9.1 8.4 9.9v-7H7.9V12h2.5V9.8c0-2.5 1.5-3.9 3.8-3.9 1.1 0 2.2.2 2.2.2v2.5h-1.3c-1.2 0-1.6.8-1.6 1.6V12h2.8l-.4 2.9h-2.3v7C18.3 21.1 22 17 22 12c0-5.5-4.5-10-10-10z\"><\/path><\/svg><span class=\"wp-block-social-link-label screen-reader-text\">Facebook<\/span><\/a><\/li>\n\n<li class=\"wp-social-link wp-social-link-twitter  wp-block-social-link\"><a href=\"https:\/\/twitter.com\/xenonexperiment\" class=\"wp-block-social-link-anchor\" data-wpel-link=\"external\" target=\"_blank\" rel=\"nofollow external noopener noreferrer\" title=\"Open page in new tab Twitter\"><svg width=\"24\" height=\"24\" viewBox=\"0 0 24 24\" version=\"1.1\" xmlns=\"http:\/\/www.w3.org\/2000\/svg\" aria-hidden=\"true\" focusable=\"false\"><path d=\"M22.23,5.924c-0.736,0.326-1.527,0.547-2.357,0.646c0.847-0.508,1.498-1.312,1.804-2.27 c-0.793,0.47-1.671,0.812-2.606,0.996C18.324,4.498,17.257,4,16.077,4c-2.266,0-4.103,1.837-4.103,4.103 c0,0.322,0.036,0.635,0.106,0.935C8.67,8.867,5.647,7.234,3.623,4.751C3.27,5.357,3.067,6.062,3.067,6.814 c0,1.424,0.724,2.679,1.825,3.415c-0.673-0.021-1.305-0.206-1.859-0.513c0,0.017,0,0.034,0,0.052c0,1.988,1.414,3.647,3.292,4.023 c-0.344,0.094-0.707,0.144-1.081,0.144c-0.264,0-0.521-0.026-0.772-0.074c0.522,1.63,2.038,2.816,3.833,2.85 c-1.404,1.1-3.174,1.756-5.096,1.756c-0.331,0-0.658-0.019-0.979-0.057c1.816,1.164,3.973,1.843,6.29,1.843 c7.547,0,11.675-6.252,11.675-11.675c0-0.178-0.004-0.355-0.012-0.531C20.985,7.47,21.68,6.747,22.23,5.924z\"><\/path><\/svg><span class=\"wp-block-social-link-label screen-reader-text\">Twitter<\/span><\/a><\/li>\n\n<li class=\"wp-social-link wp-social-link-instagram  wp-block-social-link\"><a href=\"https:\/\/www.instagram.com\/xenon_experiment\/\" class=\"wp-block-social-link-anchor\" data-wpel-link=\"external\" target=\"_blank\" rel=\"nofollow external noopener noreferrer\" title=\"Open page in new tab Instagram\"><svg width=\"24\" height=\"24\" viewBox=\"0 0 24 24\" version=\"1.1\" xmlns=\"http:\/\/www.w3.org\/2000\/svg\" aria-hidden=\"true\" focusable=\"false\"><path d=\"M12,4.622c2.403,0,2.688,0.009,3.637,0.052c0.877,0.04,1.354,0.187,1.671,0.31c0.42,0.163,0.72,0.358,1.035,0.673 c0.315,0.315,0.51,0.615,0.673,1.035c0.123,0.317,0.27,0.794,0.31,1.671c0.043,0.949,0.052,1.234,0.052,3.637 s-0.009,2.688-0.052,3.637c-0.04,0.877-0.187,1.354-0.31,1.671c-0.163,0.42-0.358,0.72-0.673,1.035 c-0.315,0.315-0.615,0.51-1.035,0.673c-0.317,0.123-0.794,0.27-1.671,0.31c-0.949,0.043-1.233,0.052-3.637,0.052 s-2.688-0.009-3.637-0.052c-0.877-0.04-1.354-0.187-1.671-0.31c-0.42-0.163-0.72-0.358-1.035-0.673 c-0.315-0.315-0.51-0.615-0.673-1.035c-0.123-0.317-0.27-0.794-0.31-1.671C4.631,14.688,4.622,14.403,4.622,12 s0.009-2.688,0.052-3.637c0.04-0.877,0.187-1.354,0.31-1.671c0.163-0.42,0.358-0.72,0.673-1.035 c0.315-0.315,0.615-0.51,1.035-0.673c0.317-0.123,0.794-0.27,1.671-0.31C9.312,4.631,9.597,4.622,12,4.622 M12,3 C9.556,3,9.249,3.01,8.289,3.054C7.331,3.098,6.677,3.25,6.105,3.472C5.513,3.702,5.011,4.01,4.511,4.511 c-0.5,0.5-0.808,1.002-1.038,1.594C3.25,6.677,3.098,7.331,3.054,8.289C3.01,9.249,3,9.556,3,12c0,2.444,0.01,2.751,0.054,3.711 c0.044,0.958,0.196,1.612,0.418,2.185c0.23,0.592,0.538,1.094,1.038,1.594c0.5,0.5,1.002,0.808,1.594,1.038 c0.572,0.222,1.227,0.375,2.185,0.418C9.249,20.99,9.556,21,12,21s2.751-0.01,3.711-0.054c0.958-0.044,1.612-0.196,2.185-0.418 c0.592-0.23,1.094-0.538,1.594-1.038c0.5-0.5,0.808-1.002,1.038-1.594c0.222-0.572,0.375-1.227,0.418-2.185 C20.99,14.751,21,14.444,21,12s-0.01-2.751-0.054-3.711c-0.044-0.958-0.196-1.612-0.418-2.185c-0.23-0.592-0.538-1.094-1.038-1.594 c-0.5-0.5-1.002-0.808-1.594-1.038c-0.572-0.222-1.227-0.375-2.185-0.418C14.751,3.01,14.444,3,12,3L12,3z M12,7.378 c-2.552,0-4.622,2.069-4.622,4.622S9.448,16.622,12,16.622s4.622-2.069,4.622-4.622S14.552,7.378,12,7.378z M12,15 c-1.657,0-3-1.343-3-3s1.343-3,3-3s3,1.343,3,3S13.657,15,12,15z M16.804,6.116c-0.596,0-1.08,0.484-1.08,1.08 s0.484,1.08,1.08,1.08c0.596,0,1.08-0.484,1.08-1.08S17.401,6.116,16.804,6.116z\"><\/path><\/svg><span class=\"wp-block-social-link-label screen-reader-text\">Instagram<\/span><\/a><\/li>\n\n\n\n<\/ul>\n\n\n\n<hr class=\"wp-block-separator has-css-opacity\" \/>\n\n\n\n<figure class=\"wp-block-embed is-type-video is-provider-youtube wp-block-embed-youtube wp-embed-aspect-16-9 wp-has-aspect-ratio\"><div class=\"wp-block-embed__wrapper\">\n<iframe loading=\"lazy\" title=\"\u269b  The Making of Neutron Veto (4K) | XENONnT Dark Matter Experiment\" width=\"1170\" height=\"658\" src=\"https:\/\/www.youtube.com\/embed\/xb6aXrbGMR8?feature=oembed\" frameborder=\"0\" allow=\"accelerometer; autoplay; clipboard-write; encrypted-media; gyroscope; picture-in-picture; web-share\" referrerpolicy=\"strict-origin-when-cross-origin\" allowfullscreen><\/iframe>\n<\/div><\/figure>\n\n\n\n\n\n<p><\/p>\n","protected":false},"excerpt":{"rendered":"<p>XENON XENON \u00e8 una collaborazione scientifica internazionale con istituzioni partecipanti distribuite su tre continenti (Europa, America e Asia). XENON \u00e8 il progetto leader a livello mondiale per la ricerca diretta della materia oscura: un costituente fondamentale dell&#8217;Universo. Sappiamo che la materia oscura esiste ed \u00e8 molto pi\u00f9 abbondante della materia ordinaria. Tuttavia, la materia oscura [&hellip;]<\/p>\n","protected":false},"author":39,"featured_media":0,"parent":0,"menu_order":0,"comment_status":"closed","ping_status":"closed","template":"template-page-builder-no-sidebar.php","meta":{"_lmt_disableupdate":"no","_lmt_disable":"","footnotes":""},"class_list":["post-36692","page","type-page","status-publish","hentry"],"_links":{"self":[{"href":"\/gruppo2\/wp-json\/wp\/v2\/pages\/36692","targetHints":{"allow":["GET"]}}],"collection":[{"href":"\/gruppo2\/wp-json\/wp\/v2\/pages"}],"about":[{"href":"\/gruppo2\/wp-json\/wp\/v2\/types\/page"}],"author":[{"embeddable":true,"href":"\/gruppo2\/wp-json\/wp\/v2\/users\/39"}],"replies":[{"embeddable":true,"href":"\/gruppo2\/wp-json\/wp\/v2\/comments?post=36692"}],"version-history":[{"count":26,"href":"\/gruppo2\/wp-json\/wp\/v2\/pages\/36692\/revisions"}],"predecessor-version":[{"id":38926,"href":"\/gruppo2\/wp-json\/wp\/v2\/pages\/36692\/revisions\/38926"}],"wp:attachment":[{"href":"\/gruppo2\/wp-json\/wp\/v2\/media?parent=36692"}],"curies":[{"name":"wp","href":"https:\/\/api.w.org\/{rel}","templated":true}]}}