{"id":36778,"date":"2020-05-04T00:16:04","date_gmt":"2020-05-03T22:16:04","guid":{"rendered":"\/gruppo2\/?page_id=36778"},"modified":"2022-04-21T10:36:14","modified_gmt":"2022-04-21T08:36:14","slug":"euclid-it","status":"publish","type":"page","link":"\/gruppo2\/euclid-it\/","title":{"rendered":"EUCLID"},"content":{"rendered":"\n<h3 class=\"wp-block-heading\"><span style=\"color:#007BB3\" class=\"tadv-color\">EUCLID<\/span><\/h3>\n\n\n\n<p style=\"text-align: left\"><strong><span style=\"font-family: 'Open Sans'\"><a href=\"https:\/\/www.euclid-ec.org\/?page_id=5132\" data-wpel-link=\"external\" target=\"_blank\" rel=\"nofollow external noopener noreferrer\" title=\"Open page in new tab Il consorzio Euclid\">Il consorzio Euclid<\/a><\/span><\/strong><\/p>\n<p><span style=\"font-family: 'Open Sans'\"><strong>Referente Nazionale per l&#8217;INFN:<\/strong> Luca Stanco (INFN sez. Padova)<\/span><\/p>\n<p><span style=\"font-family: 'Open Sans'\"><strong>Referente Locale:<\/strong> Gabriele Sirri<\/span><\/p>\n<p><span style=\"font-family: 'Open Sans'\"><strong>Gruppo Locale:<\/strong> T. Chiarusi, D. Di Ferdinando, A. Margiotta, N. Mauri,&nbsp; L. Patrizii, G. Sirri, M. Spurio, M. Tenti, C. Valieri.<\/span><\/p>\n\n\n\n<p style=\"text-align: left;\"><span style=\"font-family: 'Open Sans'; font-size: 16px;\"><strong>Obiettivi Generali:<\/strong> Euclid \u00e8 una missione spaziale di classe M dell&#8217; ESA, Agenzia Spaziale Europea,\u00a0 per l&#8217;astrofisica e l&#8217;astronomia, che ha lo scopo di indagare la natura della materia oscura ed energia oscura dell&#8217;Universo. \u00a0<\/span><\/p>\n<figure id=\"attachment_37983\" aria-describedby=\"caption-attachment-37983\" style=\"width: 300px\" class=\"wp-caption alignright\"><img loading=\"lazy\" decoding=\"async\" class=\"size-medium wp-image-37983\" src=\"\/gruppo2\/wp-content\/uploads\/sites\/18\/2020\/05\/Euclid-1-300x300.jpg\" alt=\"\" width=\"300\" height=\"300\" srcset=\"\/gruppo2\/wp-content\/uploads\/sites\/18\/2020\/05\/Euclid-1-300x300.jpg 300w, \/gruppo2\/wp-content\/uploads\/sites\/18\/2020\/05\/Euclid-1-150x150.jpg 150w, \/gruppo2\/wp-content\/uploads\/sites\/18\/2020\/05\/Euclid-1-768x768.jpg 768w, \/gruppo2\/wp-content\/uploads\/sites\/18\/2020\/05\/Euclid-1.jpg 960w\" sizes=\"auto, (max-width: 300px) 100vw, 300px\" \/><figcaption id=\"caption-attachment-37983\" class=\"wp-caption-text\"><span style=\"font-size: 13px;\">Vista artistica del satellite Euclid \u00a9Euclid Consortium<\/span><\/figcaption><\/figure>\n<p style=\"text-align: left;\"><span style=\"font-family: 'Open Sans'; font-size: 16px;\">Il lancio,\u00a0 previsto nel 2022, verr\u00e0 effettuato dalla Guyana Francese tramite un vettore Soyuz. Il satellite orbiter\u00e0 nel punto Lagrangiano L2 del sitema Terra-Sole a circa 1.5 milioni di km dalla terra, ed impiegher\u00e0 6 mesi per arrivare in questo punto privilegiato\u00a0 per l&#8217;osservazione del cosmo.<\/span><\/p>\n<p style=\"text-align: left;\"><span style=\"font-family: 'Open Sans'; font-size: 16px;\">Gli studi cosmologici condotti fino ad oggi, confermano che l&#8217;Universo \u00e8 in espansione accelerata e uno degli scopi di Euclid \u00e8 capire quale sia la natura e quali le propriet\u00e0 della sorgente responsabile di questa accelerazione, tutt&#8217;ora ignota, e chiamata per tale motivo Energia Oscura. L&#8217;Energia Oscura rappresenta circa il 75 % del contenuto energetico dell&#8217;universo attuale, e, insieme con la materia oscura, domina il contenuto materia-energia dell&#8217;Universo. Entrambi sono di natura misteriosa e sconosciuta ma controllano l&#8217;evoluzione passata, presente e futura dell&#8217;Universo.\u00a0<\/span><\/p>\n<p style=\"text-align: left;\"><span style=\"font-family: 'Open Sans'; font-size: 16px;\">Le osservazioni di Euclid permetteranno di analizzare come l&#8217;Universo si \u00e8 evoluto negli ultimi 10 miliardi di anni per affrontare questioni di fisica fondamentale e di cosmologia legate alla natura dell&#8217;Energia Oscura, materia oscura e gravit\u00e0, nonch\u00e9 alla fisica dell&#8217;universo primordiale e alle condizioni iniziali che rappresentano il seme della formazione delle strutture cosmiche.<\/span><\/p>\n<figure id=\"attachment_37982\" aria-describedby=\"caption-attachment-37982\" style=\"width: 300px\" class=\"wp-caption alignleft\"><img loading=\"lazy\" decoding=\"async\" class=\"size-medium wp-image-37982\" src=\"\/gruppo2\/wp-content\/uploads\/sites\/18\/2020\/05\/NISP-1-300x120.png\" alt=\"\" width=\"300\" height=\"120\" srcset=\"\/gruppo2\/wp-content\/uploads\/sites\/18\/2020\/05\/NISP-1-300x120.png 300w, \/gruppo2\/wp-content\/uploads\/sites\/18\/2020\/05\/NISP-1-768x307.png 768w, \/gruppo2\/wp-content\/uploads\/sites\/18\/2020\/05\/NISP-1.png 1000w\" sizes=\"auto, (max-width: 300px) 100vw, 300px\" \/><figcaption id=\"caption-attachment-37982\" class=\"wp-caption-text\"><span style=\"font-size: 13px;\">Vista schematica dello strumento NISP \u00a9Euclid Consortium<\/span><\/figcaption><\/figure>\n<p style=\"text-align: left;\"><span style=\"font-family: 'Open Sans'; font-size: 16px;\">Il satellite Euclid, composto da un telescopio di 1,2 m di diametro, ha la peculiarit\u00e0 di essere dotato di due strumenti scientifici in grado di compiere osservazioni complementari: una camera che opera nel visibile (VIS &#8211; <em>VISibile imager<\/em>) e una spettro-fotometro nel vicino infrarosso (NISP &#8211; <em>Near Infrared Spectrometer and Photometer<\/em>).<\/span><\/p>\n<figure id=\"attachment_37981\" aria-describedby=\"caption-attachment-37981\" style=\"width: 300px\" class=\"wp-caption alignright\"><img loading=\"lazy\" decoding=\"async\" class=\"size-medium wp-image-37981\" src=\"\/gruppo2\/wp-content\/uploads\/sites\/18\/2020\/05\/Gravitational_lens-full-1-300x227.jpg\" alt=\"\" width=\"300\" height=\"227\" srcset=\"\/gruppo2\/wp-content\/uploads\/sites\/18\/2020\/05\/Gravitational_lens-full-1-300x227.jpg 300w, \/gruppo2\/wp-content\/uploads\/sites\/18\/2020\/05\/Gravitational_lens-full-1.jpg 702w\" sizes=\"auto, (max-width: 300px) 100vw, 300px\" \/><figcaption id=\"caption-attachment-37981\" class=\"wp-caption-text\"><span style=\"font-size: 13px;\">Lensing Gravitazionale \u00a9NASA<\/span><\/figcaption><\/figure>\n<p style=\"text-align: left;\"><span style=\"font-family: 'Open Sans'; font-size: 16px;\">I due strumenti consentono l&#8217;uso delle tecniche di &#8220;weak lensing gravitazionale&#8221; e &#8220;Galaxy Clustering&#8221; grazie alle quali si potr\u00e0 misurare con elevata precisione la distribuzione di materia nell&#8217;universo verificandone cosi i modelli di distribuzione e confermando sperimentalmente le equazioni predittive dell&#8217;evoluzione dell&#8217;Universo e gli effetti della gravitazione su grandissima scala. Di notevole rilevanza saranno anche i contributi che Euclid dar\u00e0 alla fisica del neutrino.<\/span><\/p>\n<p style=\"text-align: left;\"><strong><span style=\"font-family: Open Sans;\">Attivit\u00e0:\u00a0\u00a0<\/span><\/strong><span style=\"font-family: Open Sans;\">Il gruppo di Bologna condivide con i colleghi di Padova la responsabilit\u00e0 della Warm Electronics (WE) dello strumento NISP.\u00a0 Fanno parte della WE la Instrument Control Unit (ICU) e la Data Processing Unit (DPU). Il gruppo di Bologna ha validato e testato tutti i modelli della ICU, ha partecipato alla scrittura delle sequenze\u00a0 e alle attivit\u00e0 di test in TermoVuoto presso la camera ERIOS al Laboratoire de Astrophisique de Marseille (LAM) a Marsiglia.<\/span><\/p>\n","protected":false},"excerpt":{"rendered":"<p>EUCLID Il consorzio Euclid Referente Nazionale per l&#8217;INFN: Luca Stanco (INFN sez. Padova) Referente Locale: Gabriele Sirri Gruppo Locale: T. Chiarusi, D. Di Ferdinando, A. Margiotta, N. Mauri,&nbsp; L. Patrizii, G. Sirri, M. Spurio, M. Tenti, C. Valieri. Obiettivi Generali: Euclid \u00e8 una missione spaziale di classe M dell&#8217; ESA, Agenzia Spaziale Europea,\u00a0 per l&#8217;astrofisica [&hellip;]<\/p>\n","protected":false},"author":35,"featured_media":0,"parent":0,"menu_order":0,"comment_status":"closed","ping_status":"closed","template":"template-page-builder-no-sidebar.php","meta":{"_lmt_disableupdate":"no","_lmt_disable":"","footnotes":""},"class_list":["post-36778","page","type-page","status-publish","hentry"],"_links":{"self":[{"href":"\/gruppo2\/wp-json\/wp\/v2\/pages\/36778","targetHints":{"allow":["GET"]}}],"collection":[{"href":"\/gruppo2\/wp-json\/wp\/v2\/pages"}],"about":[{"href":"\/gruppo2\/wp-json\/wp\/v2\/types\/page"}],"author":[{"embeddable":true,"href":"\/gruppo2\/wp-json\/wp\/v2\/users\/35"}],"replies":[{"embeddable":true,"href":"\/gruppo2\/wp-json\/wp\/v2\/comments?post=36778"}],"version-history":[{"count":24,"href":"\/gruppo2\/wp-json\/wp\/v2\/pages\/36778\/revisions"}],"predecessor-version":[{"id":38651,"href":"\/gruppo2\/wp-json\/wp\/v2\/pages\/36778\/revisions\/38651"}],"wp:attachment":[{"href":"\/gruppo2\/wp-json\/wp\/v2\/media?parent=36778"}],"curies":[{"name":"wp","href":"https:\/\/api.w.org\/{rel}","templated":true}]}}