{"id":36849,"date":"2020-05-08T15:21:53","date_gmt":"2020-05-08T13:21:53","guid":{"rendered":"\/gruppo2\/?page_id=36849"},"modified":"2023-08-03T10:04:56","modified_gmt":"2023-08-03T08:04:56","slug":"ams-it","status":"publish","type":"page","link":"\/gruppo2\/ams-it\/","title":{"rendered":"AMS"},"content":{"rendered":"\n<h1 style=\"text-align: center\"><span style=\"font-size: 18pt;font-family: 'Open Sans'\"><strong><span style=\"color: #003366\">Raggi Cosmici e Anti-Materia: l&#8217;Esperimento AMS<\/span><\/strong><\/span><\/h1>\n\n\n\n<div class=\"ce-bodytext\">\n<figure id=\"attachment_36817\" aria-describedby=\"caption-attachment-36817\" style=\"width: 327px\" class=\"wp-caption alignright\"><img loading=\"lazy\" decoding=\"async\" class=\"wp-image-36817\" title=\"AMS-02 sulla ISS (Crediti: NASA)\" src=\"\/gruppo2\/wp-content\/uploads\/sites\/18\/2020\/05\/ams_iss_1-300x199.jpg\" alt=\"AMS-02 sulla ISS (Crediti: NASA)\" width=\"327\" height=\"217\" srcset=\"\/gruppo2\/wp-content\/uploads\/sites\/18\/2020\/05\/ams_iss_1-300x199.jpg 300w, \/gruppo2\/wp-content\/uploads\/sites\/18\/2020\/05\/ams_iss_1-1024x680.jpg 1024w, \/gruppo2\/wp-content\/uploads\/sites\/18\/2020\/05\/ams_iss_1-768x510.jpg 768w, \/gruppo2\/wp-content\/uploads\/sites\/18\/2020\/05\/ams_iss_1.jpg 1440w\" sizes=\"auto, (max-width: 327px) 100vw, 327px\" \/><figcaption id=\"caption-attachment-36817\" class=\"wp-caption-text\"><span style=\"font-family: 'Open Sans'; font-size: 12px;\">Fig. 1: AMS-02 sulla ISS (Crediti: NASA).<\/span><\/figcaption><\/figure>\n<p style=\"text-align: left;\"><span style=\"font-family: 'Open Sans'; font-size: 16px;\">L&#8217;<a href=\"https:\/\/ams02.space\/\" data-wpel-link=\"external\" target=\"_blank\" rel=\"nofollow external noopener noreferrer\" title=\"Open page in new tab Alpha Magnetic Spectrometer (AMS)\">Alpha Magnetic Spectrometer (AMS)<\/a> \u00e8 un esperimento di fisica delle alte energie nello spazio, progettato per la misura dei <strong>raggi cosmici (RC)<\/strong>, cio\u00e8 delle particelle energetiche e dei nuclei completamente ionizzati che provengono dallo spazio. Gli obiettivi principali dell&#8217;esperimento sono la <strong>misura indiretta di materia oscura<\/strong> dai suoi prodotti di annichilazione, la ricerca di <strong>anti-materia primordiale<\/strong>, e la misura precisa di tutte le specie di RC, e della loro variazione in tempo, che permette anche la stima della dose di radiazione subita dagli astronauti utile per l&#8217;avanzamento dell&#8217;<strong>esplorazione spaziale<\/strong>.\u00a0<\/span><\/p>\n<p style=\"text-align: left;\"><span style=\"font-family: 'Open Sans'; font-size: 16px;\">Nel giugno del 1998, il prototipo dell&#8217;esperimento, il rivelatore <strong>AMS-01<\/strong>, ha volato a bordo dello space shuttle <em>Discovery<\/em> nella <strong>missione STS-91<\/strong>, mostrando la fattibilit\u00e0 dell&#8217;esperimento AMS. Ci sono voluti pi\u00f9 di 10 anni per la progettazione e la realizzazione del modello finale dell&#8217;esperimento, il rivelatore <strong>AMS-02.<\/strong> AMS-02 \u00e8 stato installato sulla <strong>Stazione Spaziale <\/strong><strong>Internazionale<\/strong><strong> (ISS)<\/strong> il 19 maggio del 2011, durante la <strong>missione STS-134<\/strong> dello space shuttle <em>Endeavour<\/em>. Da quel momento AMS-02 ha operato senza interruzioni, misurando il pi\u00f9 grande numero di particelle mai visto da un singolo esperimento nello spazio (&gt;220 miliardi), fatto che ha permesso di misurare gli spettri dei RC con una accuratezza mai raggiunta prima.<\/span><\/p>\n<figure id=\"attachment_36819\" aria-describedby=\"caption-attachment-36819\" style=\"width: 327px\" class=\"wp-caption alignleft\"><img loading=\"lazy\" decoding=\"async\" class=\"wp-image-36819\" title=\"Luca Parmitano installa l'UTTPS di AMS-02 (Crediti: NASA).\" src=\"\/gruppo2\/wp-content\/uploads\/sites\/18\/2020\/05\/iss061e064794-300x200.jpg\" alt=\"Luca Parmitano installa l'UTTPS di AMS-02 (Crediti: NASA).\" width=\"327\" height=\"218\" srcset=\"\/gruppo2\/wp-content\/uploads\/sites\/18\/2020\/05\/iss061e064794-300x200.jpg 300w, \/gruppo2\/wp-content\/uploads\/sites\/18\/2020\/05\/iss061e064794-1024x683.jpg 1024w, \/gruppo2\/wp-content\/uploads\/sites\/18\/2020\/05\/iss061e064794-768x512.jpg 768w, \/gruppo2\/wp-content\/uploads\/sites\/18\/2020\/05\/iss061e064794.jpg 1041w\" sizes=\"auto, (max-width: 327px) 100vw, 327px\" \/><figcaption id=\"caption-attachment-36819\" class=\"wp-caption-text\"><span style=\"font-family: 'Open Sans'; font-size: 12px;\">Fig. 2: Luca Parmitano installa l&#8217;UTTPS di AMS-02 (Crediti: NASA).<\/span><\/figcaption><\/figure>\n<p><span style=\"font-family: 'Open Sans'; font-size: 16px;\">Tra il novembre 2019 e il gennaio 2020, in una serie di 4 complesse attivit\u00e0 extra-veicolari <strong>Luca Parmitano (ESA)<\/strong> e <strong>Andrew Morgan (NASA)<\/strong> hanno installato un nuovo blocco di pompe necessarie per il buon funzionamento del sistema di raffreddamento del tracciatore al silicio di AMS-02. Grazie a questo intervento, AMS-02 sar\u00e0 in grado di prendere dati per tutto il resto della durata della ISS, ad oggi proiettata fino ad almeno il 2030.<\/span><\/p>\n<p><span style=\"font-family: 'Open Sans'; font-size: 16px;\">La collaborazione AMS \u00e8 composta da oltre 500 scienziati di pi\u00f9 di 50 istituzione differenti e provenienti da 16 paesi diversi, ed \u00e8 guidata dal premio Nobel <strong>Samuel C.C. Ting<\/strong>. La collaborazione <strong>AMS Italia<\/strong> \u00e8 costituita dalle Universit\u00e0 e Sezioni INFN di Bologna, Milano Bicocca, Perugia, Pisa, Roma, Roma Tor Vergata, e l&#8217;Universit\u00e0 e il centro INFN TIFPA di Trento. Grazie al forte supporto dell&#8217;<strong>Agenzia Spaziale Italiana (ASI)<\/strong>, la collaborazione italiana ha sviluppato 3 dei principali sotto-rivelatori di AMS-02 (TOF, Silicon Tracker e ECAL), e si trova al centro della parte operazionale e di analisi dei dati dell&#8217;esperimento.<\/span><\/p>\n<figure id=\"attachment_36841\" aria-describedby=\"caption-attachment-36841\" style=\"width: 326px\" class=\"wp-caption alignleft\"><img loading=\"lazy\" decoding=\"async\" class=\"wp-image-36841\" title=\"Il sistema tempo-di-volo di AMS-02, realizzato a Bologna.\" src=\"\/gruppo2\/wp-content\/uploads\/sites\/18\/2020\/05\/TOF.Fig1_-300x207.png\" alt=\"Il sistema tempo-di-volo di AMS-02, realizzato a Bologna.\" width=\"326\" height=\"225\" srcset=\"\/gruppo2\/wp-content\/uploads\/sites\/18\/2020\/05\/TOF.Fig1_-300x207.png 300w, \/gruppo2\/wp-content\/uploads\/sites\/18\/2020\/05\/TOF.Fig1_-1024x708.png 1024w, \/gruppo2\/wp-content\/uploads\/sites\/18\/2020\/05\/TOF.Fig1_-768x531.png 768w, \/gruppo2\/wp-content\/uploads\/sites\/18\/2020\/05\/TOF.Fig1_.png 1500w\" sizes=\"auto, (max-width: 326px) 100vw, 326px\" \/><figcaption id=\"caption-attachment-36841\" class=\"wp-caption-text\"><span style=\"font-family: 'Open Sans'; font-size: 12px;\">Fig. 3: Il sistema tempo-di-volo di AMS-02, realizzato a Bologna.<\/span><\/figcaption><\/figure>\n<p style=\"text-align: left;\"><span style=\"font-family: 'Open Sans'; font-size: 16px;\"><strong>Il gruppo AMS di Bologna<\/strong> ha progettato e realizzato il sistema <strong>tempo-di-volo (Time-of-Flight system, TOF)<\/strong> sia di AMS-01 che di AMS-02. Il gruppo ha la responsabilit\u00e0 di questo sottosistema (monitoraggio, calibrazione, esperto on-call). Il TOF ha un ruolo importante all&#8217;interno di AMS, perch\u00e9 fornisce il <strong>trigger principale<\/strong> dell&#8217;esperimento, misura la <strong>velocit\u00e0<\/strong> e il <strong>valore assoluto della carica<\/strong> delle particelle incidenti, e determina il <strong>senso di percorrenza<\/strong> delle particelle (dall&#8217;alto verso il basso, o viceversa) un ingrediente fondamentale per separare la materia dall&#8217;anti-materia.\u00a0<\/span><\/p>\n<p><span style=\"font-family: 'Open Sans'; font-size: 16px;\">Il gruppo di Bologna \u00e8 anche coinvolto nell&#8217;<strong>analisi dei dati di AMS<\/strong>,\u00a0 per la misura dei flussi di nuclei nei RC, e nella loro variazione nel tempo. Per questi canali di misura il gruppo si \u00e8 occupato\u00a0 dell&#8217;analisi principale, o di quella di controllo, che poi sono diventate pubblicazioni della collaborazione. <\/span><\/p>\n<p style=\"text-align: left;\"><span style=\"font-family: 'Open Sans'; font-size: 16px;\">Il gruppo \u00e8 anche attivo nel campo dell&#8217;interpretazione fenomenologica degli spettri di RC misurati da AMS, collaborando con i gruppi che hanno sviluppato i modelli numerici <a href=\"https:\/\/galprop.stanford.edu\/\" data-wpel-link=\"external\" target=\"_blank\" rel=\"nofollow external noopener noreferrer\" title=\"Open page in new tab GALPROP\"><strong>GALPROP<\/strong><\/a> (Stanford) e <a href=\"http:\/\/www.helmod.org\/\" data-wpel-link=\"external\" target=\"_blank\" rel=\"nofollow external noopener noreferrer\" title=\"Open page in new tab HelMod\"><strong>HelMod<\/strong><\/a> (Milano Bicocca), rispettivamente usati per modellizzare la propagazione dei RC nella galassia e nel sistema solare. Questa collaborazione ha portato alla pubblicazione di una serie di articoli in cui si \u00e8 presentato un modello completo che riproduce gli spettri di RC misurati con alta precisione da AMS-02.<\/span><\/p>\n<\/div>\n\n\n\n<p><span style=\"font-family: 'Open Sans';font-size: 16px\"><em>Il gruppo AMS di Bologna:<\/em><\/span><\/p>\n\n\n\n<div class=\"wp-block-group\"><div class=\"wp-block-group__inner-container is-layout-flow wp-block-group-is-layout-flow\">\n<figure class=\"wp-block-table aligncenter is-style-stripes\">\n<table class=\"has-fixed-layout\" style=\"width: 100%;height: 224px\">\n<tbody>\n<tr style=\"height: 57px\">\n<td class=\"has-text-align-center\" style=\"height: 57px\" data-align=\"center\"><span style=\"font-family: 'Open Sans';font-size: 16px\">Andrea Contin,<\/span><br><span style=\"font-family: 'Open Sans';font-size: 16px\"><em>Professore Ordinario<\/em><\/span><\/td>\n<td class=\"has-text-align-center\" style=\"height: 57px\" data-align=\"center\"><span style=\"font-family: 'Open Sans';font-size: 16px\">Federico Palmonari,<\/span><br><span style=\"font-family: 'Open Sans';font-size: 16px\"><em>Professore Ordinario<\/em><\/span><\/td>\n<\/tr>\n<tr style=\"height: 57px\">\n<td class=\"has-text-align-center\" style=\"height: 57px\" data-align=\"center\"><span style=\"font-family: 'Open Sans';font-size: 16px\">Alberto Oliva,<\/span><br><span style=\"font-family: 'Open Sans';font-size: 16px\"><em>Ricercatore<\/em> <em>INFN<\/em><\/span><\/td>\n<td class=\"has-text-align-center\" style=\"height: 57px\" data-align=\"center\"><span style=\"font-family: 'Open Sans';font-size: 16px\">Nicol\u00f2 Masi,<\/span><br><span style=\"font-family: 'Open Sans';font-size: 16px\"><em>Ricercatore Universitario<\/em><\/span><\/td>\n<\/tr>\n<tr style=\"height: 57px\">\n<td class=\"has-text-align-center\" style=\"height: 53px\" data-align=\"center\"><span style=\"font-family: 'Open Sans';font-size: 16px\">Lucio Quadrani, <\/span><br><span style=\"font-family: 'Open Sans';font-size: 16px\"><em>Tecnico Universitario<\/em><\/span><\/td>\n<td class=\"has-text-align-center\" style=\"height: 53px\" data-align=\"center\"><span style=\"font-family: 'Open Sans';font-size: 16px\">Giuliano Laurenti, <\/span><br><span style=\"font-family: 'Open Sans';font-size: 16px\"><em>Dirigente Tecnologo INFN<\/em>&nbsp; &nbsp;<\/span><\/td>\n<\/tr>\n<tr style=\"height: 57px\">\n<td class=\"has-text-align-center\" style=\"height: 57px\" data-align=\"center\"><span style=\"font-family: 'Open Sans';font-size: 16px\">Mauro Lolli,<\/span><br><span style=\"font-family: 'Open Sans';font-size: 16px\"><em>Tecnico INFN<\/em><\/span><\/td>\n<td class=\"has-text-align-center\" style=\"height: 57px\" data-align=\"center\"><span style=\"font-family: 'Open Sans';font-size: 16px\">Cristina Guandalini, <\/span><br><span style=\"font-family: 'Open Sans';font-size: 16px\"><em>Tecnico INFN<\/em><\/span><\/td>\n<\/tr>\n<\/tbody>\n<\/table>\n<\/figure>\n<\/div><\/div>\n\n\n\n<p><\/p>\n","protected":false},"excerpt":{"rendered":"<p>Raggi Cosmici e Anti-Materia: l&#8217;Esperimento AMS L&#8217;Alpha Magnetic Spectrometer (AMS) \u00e8 un esperimento di fisica delle alte energie nello spazio, progettato per la misura dei raggi cosmici (RC), cio\u00e8 delle particelle energetiche e dei nuclei completamente ionizzati che provengono dallo spazio. Gli obiettivi principali dell&#8217;esperimento sono la misura indiretta di materia oscura dai suoi prodotti [&hellip;]<\/p>\n","protected":false},"author":32,"featured_media":36815,"parent":0,"menu_order":0,"comment_status":"closed","ping_status":"closed","template":"template-page-builder-no-sidebar.php","meta":{"_lmt_disableupdate":"no","_lmt_disable":"","footnotes":""},"class_list":["post-36849","page","type-page","status-publish","has-post-thumbnail","hentry"],"_links":{"self":[{"href":"\/gruppo2\/wp-json\/wp\/v2\/pages\/36849","targetHints":{"allow":["GET"]}}],"collection":[{"href":"\/gruppo2\/wp-json\/wp\/v2\/pages"}],"about":[{"href":"\/gruppo2\/wp-json\/wp\/v2\/types\/page"}],"author":[{"embeddable":true,"href":"\/gruppo2\/wp-json\/wp\/v2\/users\/32"}],"replies":[{"embeddable":true,"href":"\/gruppo2\/wp-json\/wp\/v2\/comments?post=36849"}],"version-history":[{"count":38,"href":"\/gruppo2\/wp-json\/wp\/v2\/pages\/36849\/revisions"}],"predecessor-version":[{"id":38789,"href":"\/gruppo2\/wp-json\/wp\/v2\/pages\/36849\/revisions\/38789"}],"wp:featuredmedia":[{"embeddable":true,"href":"\/gruppo2\/wp-json\/wp\/v2\/media\/36815"}],"wp:attachment":[{"href":"\/gruppo2\/wp-json\/wp\/v2\/media?parent=36849"}],"curies":[{"name":"wp","href":"https:\/\/api.w.org\/{rel}","templated":true}]}}