{"id":36905,"date":"2020-05-04T15:40:12","date_gmt":"2020-05-04T13:40:12","guid":{"rendered":"\/gruppo2\/?page_id=36905"},"modified":"2025-06-10T16:27:23","modified_gmt":"2025-06-10T14:27:23","slug":"dune-it","status":"publish","type":"page","link":"\/gruppo2\/dune-it\/","title":{"rendered":"Z &#8211; DUNE"},"content":{"rendered":"\n<h1 class=\"wp-block-heading\"><span style=\"color:#007BB3\" class=\"tadv-color\">Deep Underground Neutrino Experiment (DUNE)<\/span><\/h1>\n\n\n\n<p><img loading=\"lazy\" decoding=\"async\" class=\"aligncenter wp-image-37097 size-large\" title=\"DUNE experiment map\" src=\"\/gruppo2\/wp-content\/uploads\/sites\/18\/2020\/05\/DUNE_ima_0-1024x339.png\" alt=\"DUNE experiment map\" width=\"1024\" height=\"339\" srcset=\"\/gruppo2\/wp-content\/uploads\/sites\/18\/2020\/05\/DUNE_ima_0-1024x339.png 1024w, \/gruppo2\/wp-content\/uploads\/sites\/18\/2020\/05\/DUNE_ima_0-300x99.png 300w, \/gruppo2\/wp-content\/uploads\/sites\/18\/2020\/05\/DUNE_ima_0-768x254.png 768w, \/gruppo2\/wp-content\/uploads\/sites\/18\/2020\/05\/DUNE_ima_0.png 1267w\" sizes=\"auto, (max-width: 1024px) 100vw, 1024px\" \/><\/p>\n<p style=\"text-align: left\"><span style=\"font-family: 'Open Sans'\">Il Deep Underground Neutrino Experiment (DUNE) \u00e8 un esperimento internazionale che consister\u00e0 in due rivelatori posizionati lungo il percorso del fascio di neutrini pi\u00f9 intenso del mondo: un rivelatore registrer\u00e0 le interazioni delle particelle vicino alla sorgente, presso il Fermi National Accelerator Laboratory di Batavia nell&#8217;Illinois mentre un secondo rivelatore, molto pi\u00f9 grande, sar\u00e0 installato a pi\u00f9 di un chilometro di profondit\u00e0 nel Sanford Underground Research Laboratory di Lead, nel Dakota del Sud, a 1300 chilometri di distanza dal punto di produzione.<\/span><\/p>\n<p style=\"text-align: left\"><span style=\"font-family: 'Open Sans'\">Gli obiettivi dell&#8217;esperimento DUNE sono relativi a varie linee di ricerca:<\/span><\/p>\n<ul>\n<li style=\"text-align: left\"><span style=\"font-family: 'Open Sans'\">fisica delle oscillazioni dei neutrini: obiettivo principale dell&#8217;esperimento sar\u00e0 la determinazione dell&#8217;<strong>ordinamento delle masse dei neutrini<\/strong> e dell\u2019eventuale <strong>violazione della simmetria CP<\/strong> nel settore leptonico che pu\u00f2 fornire informazioni sull&#8217;origine della asimmetria materia-antimateria, una delle domande fondamentali nella fisica delle particelle e nella cosmologia.<\/span><\/li>\n<li style=\"text-align: left\"><span style=\"font-family: 'Open Sans'\"><strong>decadimento del protone<\/strong>: E&#8217; un processo predetto da alcune estensioni del modello standard; la sua osservazione sarebbe una scoperta sensazionale nella fisica delle particelle e fornirebbe un requisito chiave per le teorie di grande unificazione delle forze.<\/span><\/li>\n<li style=\"text-align: left\"><span style=\"font-family: 'Open Sans'\">l&#8217;osservazione di neutrini provenienti dal <strong>collasso di una supernova<\/strong> nella nostra galassia: la misura del flusso di neutrini proveniente da questa sorgente fornirebbe informazioni uniche sulle prime fasi del collasso del nucleo e sulla formazione di una stella di neutroni consentendo anche potenzialmente di assistere alla nascita di un buco nero.<\/span><\/li>\n<\/ul>\n\n\n\n<h2><span style=\"font-family: 'Open Sans'\">Attivit\u00e0 svolte a Bologna<\/span><\/h2>\n<p style=\"text-align: left\"><span style=\"font-family: 'Open Sans'\">Il gruppo DUNE di Bologna si occupa principalmente di:<\/span><\/p>\n<ul>\n<li style=\"text-align: left\"><span style=\"font-family: 'Open Sans'\"><strong>Simulazione Monte Carlo per lo studio e l&#8217;ottimizzazione di SAND<\/strong> (System for on-Axis Neutrino Detection), uno dei rivelatori che formeranno il sistema di rivelatori vicini dell&#8217;esperimento DUNE. Particolare interesse \u00e8 rivolto al riutilizzo del magnete e del calorimetro elettromagnetico del rivelatore KLOE che ha operato, per oltre 20 anni, in uno dei punti di interazione del collisore elettrone-positrone DA\u03a6NE dei Laboratori Nazionali di Frascati.<\/span><\/li>\n<li style=\"text-align: justify\"><span style=\"font-family: 'Open Sans'\"><span style=\"font-family: 'Open Sans'\"><span style=\"font-family: 'Open Sans'\"><span style=\"font-family: 'Open Sans'\"><strong>Test e caratterizzazione dei fotomoltiplicatori al Silicio<\/strong> (SiPM) da utilizzare nei sistemi di raccolta luce (X-ARAPUCA) che verranno impiegati per la raccolta della luce di scintillazione nelle camere a proiezione temporale ad Argon liquido che formeranno il sistema di rivelatori lontani di DUNE.<\/span><\/span><\/span><\/span>\n<table style=\"width: 73.2001%;border-collapse: collapse;height: 329px\" border=\"0\">\n<tbody>\n<tr>\n<td style=\"width: 50%\">\n<figure id=\"attachment_37929\" aria-describedby=\"caption-attachment-37929\" style=\"width: 408px\" class=\"wp-caption alignleft\"><img loading=\"lazy\" decoding=\"async\" class=\" wp-image-37929\" src=\"\/gruppo2\/wp-content\/uploads\/sites\/18\/2020\/05\/BO_cryo_setup-300x225.jpg\" alt=\"Foto Laboratorio criogenico\" width=\"408\" height=\"306\" srcset=\"\/gruppo2\/wp-content\/uploads\/sites\/18\/2020\/05\/BO_cryo_setup-300x225.jpg 300w, \/gruppo2\/wp-content\/uploads\/sites\/18\/2020\/05\/BO_cryo_setup-1024x768.jpg 1024w, \/gruppo2\/wp-content\/uploads\/sites\/18\/2020\/05\/BO_cryo_setup-768x576.jpg 768w, \/gruppo2\/wp-content\/uploads\/sites\/18\/2020\/05\/BO_cryo_setup-1536x1152.jpg 1536w, \/gruppo2\/wp-content\/uploads\/sites\/18\/2020\/05\/BO_cryo_setup-2048x1536.jpg 2048w\" sizes=\"auto, (max-width: 408px) 100vw, 408px\" \/><figcaption id=\"caption-attachment-37929\" class=\"wp-caption-text\">Laboratorio criogenico<\/figcaption><\/figure>\n<\/td>\n<td style=\"width: 50%\">\n<figure id=\"attachment_37930\" aria-describedby=\"caption-attachment-37930\" style=\"width: 408px\" class=\"wp-caption alignright\"><img loading=\"lazy\" decoding=\"async\" class=\" wp-image-37930\" src=\"\/gruppo2\/wp-content\/uploads\/sites\/18\/2020\/05\/IMG_20191106_103312-300x225.jpg\" alt=\"Foto Tavolo con laser e posizionatori micrometrici\" width=\"408\" height=\"306\" srcset=\"\/gruppo2\/wp-content\/uploads\/sites\/18\/2020\/05\/IMG_20191106_103312-300x225.jpg 300w, \/gruppo2\/wp-content\/uploads\/sites\/18\/2020\/05\/IMG_20191106_103312-1024x768.jpg 1024w, \/gruppo2\/wp-content\/uploads\/sites\/18\/2020\/05\/IMG_20191106_103312-768x576.jpg 768w, \/gruppo2\/wp-content\/uploads\/sites\/18\/2020\/05\/IMG_20191106_103312-1536x1152.jpg 1536w, \/gruppo2\/wp-content\/uploads\/sites\/18\/2020\/05\/IMG_20191106_103312-2048x1536.jpg 2048w\" sizes=\"auto, (max-width: 408px) 100vw, 408px\" \/><figcaption id=\"caption-attachment-37930\" class=\"wp-caption-text\">Tavolo ottico con laser e posizionatori micrometrici<\/figcaption><\/figure>\n<\/td>\n<\/tr>\n<\/tbody>\n<\/table>\n<\/li>\n<\/ul>\n<ul>\n<li><span style=\"font-family: 'Open Sans'\"><strong>Studio, progettazione, ottimizzazione e sviluppo di un sistema innovativo di imaging<\/strong> per la lettura ottica della luce di scintillazione prodotta nel bersaglio di Argon liquido che comporr\u00e0 il rivelatore SAND. Il sistema ottico sotto studio si basa su maschere ad apertura codificata, cio\u00e8 reticoli o altri &#8220;pattern&#8221; di materiali opachi a varie lunghezze d&#8217;onda che, bloccando le radiazioni secondo uno schema noto, creano un&#8217;ombra &#8220;codificata&#8221; sul un piano immagine. L&#8217;immagine reale pu\u00f2 quindi essere ricostruite matematicamente da questa ombra. Le aperture codificate sono utilizzate nei sistemi di imaging a raggi X e gamma, poich\u00e9 questi, essendo di alta energia, non possono essere focalizzati con obiettivi o specchi che funzionano per la luce visibile. Tale tecnica fu introdotta per la prima volta alla fine degli anni &#8217;70 e, da allora, \u00e8 stato utilizzato principalmente in astronomia e applicazioni spaziali. <img loading=\"lazy\" decoding=\"async\" class=\"aligncenter wp-image-37664 size-full\" title=\"Immagine maschera codificata implementata (a sinistra) e la ricostruzione di una immagine prodotta dal passaggio di un muone all'interno di un volume di Argon liquido (a destra)\" src=\"\/gruppo2\/wp-content\/uploads\/sites\/18\/2020\/05\/MURA_1.png\" alt=\"Immagine maschera codificata implementata (a sinistra) e la ricostruzione di una immagine prodotta dal passaggio di un muone all'interno di un volume di Argon liquido (a destra)\" width=\"846\" height=\"329\" srcset=\"\/gruppo2\/wp-content\/uploads\/sites\/18\/2020\/05\/MURA_1.png 846w, \/gruppo2\/wp-content\/uploads\/sites\/18\/2020\/05\/MURA_1-300x117.png 300w, \/gruppo2\/wp-content\/uploads\/sites\/18\/2020\/05\/MURA_1-768x299.png 768w\" sizes=\"auto, (max-width: 846px) 100vw, 846px\" \/>Il gruppo di Bologna si occupa della simulazione Monte Carlo basata su GEANT4 di tale apparato: in figura \u00e8 mostrato un esempio di maschera codificata implementata (a sinistra) e la ricostruzione di una immagine prodotta dal passaggio di un muone all&#8217;interno di un volume di Argon liquido (a destra). Inoltre, il gruppo sta sviluppando un piccolo prototipo basato su matrici di SiPM Hamamatsu lette da un ASIC commerciale (TRIROC) al fine di verificare e validare la tecnica di ricostruzione con pattern di luci LED in azoto liquido.<\/span>\n<table style=\"border-collapse: collapse;width: 100%\" border=\"1\">\n<tbody>\n<tr>\n<td style=\"width: 50%\">\n<figure id=\"attachment_37931\" aria-describedby=\"caption-attachment-37931\" style=\"width: 408px\" class=\"wp-caption alignnone\"><img loading=\"lazy\" decoding=\"async\" class=\"size-medium wp-image-37931\" src=\"\/gruppo2\/wp-content\/uploads\/sites\/18\/2020\/05\/Holder_3D-300x169.png\" alt=\"Immagine di progetto meccanico del supporto per la matrice di SiPM\" width=\"408\" height=\"306\"><figcaption id=\"caption-attachment-37931\" class=\"wp-caption-text\">Progetto meccanico del supporto per la matrice di SiPM<\/figcaption><\/figure>\n<\/td>\n<td style=\"width: 50%\">\n<figure id=\"attachment_37932\" aria-describedby=\"caption-attachment-37932\" style=\"width: 408px\" class=\"wp-caption alignnone\"><img loading=\"lazy\" decoding=\"async\" class=\"size-medium wp-image-37932\" src=\"\/gruppo2\/wp-content\/uploads\/sites\/18\/2020\/05\/test_flex-300x158.png\" alt=\"Immagine di Cabi flex e read-out board per la matrice di SiPM\" width=\"408\" height=\"306\"><figcaption id=\"caption-attachment-37932\" class=\"wp-caption-text\">Cabi flex e read-out board per la matrice di SiPM<\/figcaption><\/figure>\n<\/td>\n<\/tr>\n<\/tbody>\n<\/table>\n<\/li>\n<\/ul>\n\n\n\n<h2>Il gruppo DUNE Bologna<\/h2>\n<span class=\"collapseomatic noarrow\" id=\"il_gruppo_dune\"  tabindex=\"0\" alt=\"Informazioni su Il gruppo DUNE Bologna\" title=\"Informazioni su Il gruppo DUNE Bologna\"    ><strong>+ Mostra<\/strong><\/span><span id='swap-il_gruppo_dune'  class='colomat-swap' style='display:none;'><strong>- Nascondi<\/strong><\/span><div id=\"target-il_gruppo_dune\" class=\"collapseomatic_content \">\n<table style=\"height: 770px;border-collapse: collapse;width: 119.312%\" border=\"0\">\n<tbody>\n<tr style=\"height: 22px\">\n<td style=\"width: 29.9558%;height: 22px\">Responsabile nazionale:<\/td>\n<td style=\"width: 27.5477%;height: 22px\">Sergio Bertolucci<\/td>\n<td style=\"width: 44.0165%;height: 22px\"><a href=\"mailto:sergio.bertolucci_nospam@bo.infn.it\">sergio.bertolucci@bo.infn.it<\/a><\/td>\n<\/tr>\n<tr style=\"height: 22px\">\n<td style=\"width: 29.9558%;height: 22px\">Responsabile locale:<\/td>\n<td style=\"width: 27.5477%;height: 22px\">Laura Patrizii<\/td>\n<td style=\"width: 44.0165%;height: 22px\"><a href=\"mailto:laura.patrizii_nospam@bo.infn.it\">laura.patrizii@bo.infn.it<\/a><\/td>\n<\/tr>\n<tr style=\"height: 19px\">\n<td style=\"width: 29.9558%;height: 19px\">Gruppo locale:<\/td>\n<td style=\"width: 27.5477%;height: 19px\">&nbsp;<\/td>\n<td style=\"width: 44.0165%;height: 19px\">&nbsp;<\/td>\n<\/tr>\n<tr style=\"height: 22px\">\n<td style=\"width: 29.9558%;height: 22px\">&nbsp;<\/td>\n<td style=\"width: 27.5477%;height: 22px\">Stefano Cecchini<\/td>\n<td style=\"width: 44.0165%;height: 22px\"><a href=\"mailto:stefano.cecchini_nospam@bo.infn.it\">stefano.cecchini@bo.infn.it<\/a><\/td>\n<\/tr>\n<tr style=\"height: 22px\">\n<td style=\"width: 29.9558%;height: 22px\">&nbsp;<\/td>\n<td style=\"width: 27.5477%;height: 22px\">Alberto Cervelli<\/td>\n<td style=\"width: 44.0165%;height: 22px\"><a href=\"mailto:alberto.cervelli_nospam@bo.infn.it\">alberto.cervelli@bo.infn.it<\/a><\/td>\n<\/tr>\n<tr style=\"height: 22px\">\n<td style=\"width: 29.9558%;height: 22px\">&nbsp;<\/td>\n<td style=\"width: 27.5477%;height: 22px\">Roberto Don\u00e0<\/td>\n<td style=\"width: 44.0165%;height: 22px\"><a href=\"mailto:roberto.dona_nospam@bo.infn.it\">roberto.dona@bo.infn.it<\/a><\/td>\n<\/tr>\n<tr style=\"height: 22px\">\n<td style=\"width: 29.9558%;height: 22px\">&nbsp;<\/td>\n<td style=\"width: 27.5477%;height: 22px\">Alessandro Gabrielli<\/td>\n<td style=\"width: 44.0165%;height: 22px\"><a href=\"mailto:alessandro.gabrielli_nospam@bo.infn.it\">alessandro.gabrielli@bo.infn.it<\/a><\/td>\n<\/tr>\n<tr style=\"height: 22px\">\n<td style=\"width: 29.9558%;height: 22px\">&nbsp;<\/td>\n<td style=\"width: 27.5477%;height: 22px\">Giuliano Laurenti<\/td>\n<td style=\"width: 44.0165%;height: 22px\"><a href=\"mailto:giuliano.laurenti_nospam@bo.infn.it\">giuliano.laurenti@bo.infn.it<\/a><\/td>\n<\/tr>\n<tr style=\"height: 22px\">\n<td style=\"width: 29.9558%;height: 22px\">&nbsp;<\/td>\n<td style=\"width: 27.5477%;height: 22px\">Gianni Mandrioli<\/td>\n<td style=\"width: 44.0165%;height: 22px\"><a href=\"mailto:gianni.mandrioli_nospam@bo.infn.it\">gianni.mandrioli@bo.infn.it<\/a><\/td>\n<\/tr>\n<tr style=\"height: 22px\">\n<td style=\"width: 29.9558%;height: 22px\">&nbsp;<\/td>\n<td style=\"width: 27.5477%;height: 22px\">Nicoletta Mauri<\/td>\n<td style=\"width: 44.0165%;height: 22px\"><a href=\"mailto:nicoletta.mauri_nospam@bo.infn.it\">nicoletta.mauri@bo.infn.it<\/a><\/td>\n<\/tr>\n<tr style=\"height: 27px\">\n<td style=\"width: 29.9558%;height: 25px\">&nbsp;<\/td>\n<td style=\"width: 27.5477%;height: 25px\">Alessandro Montanari<\/td>\n<td style=\"width: 44.0165%;height: 25px\"><a href=\"mailto:alessandro.montanari_nospam@bo.infn.it\">alessandro.montanari@bo.infn.it<\/a><\/td>\n<\/tr>\n<tr style=\"height: 22px\">\n<td style=\"width: 29.9558%;height: 22px\">&nbsp;<\/td>\n<td style=\"width: 27.5477%;height: 22px\">Laura Pasqualini<\/td>\n<td style=\"width: 44.0165%;height: 22px\"><a href=\"mailto:laura.pasqualini_nospam@bo.infn.it\">laura.pasqualini@bo.infn.it<\/a><\/td>\n<\/tr>\n<tr style=\"height: 22px\">\n<td style=\"width: 29.9558%;height: 22px\">&nbsp;<\/td>\n<td style=\"width: 27.5477%;height: 22px\">Valerio Pia<\/td>\n<td style=\"width: 44.0165%;height: 22px\"><a href=\"mailto:valerio.pia_nospam@bo.infn.it\">valerio.pia@bo.infn.it<\/a><\/td>\n<\/tr>\n<tr style=\"height: 22px\">\n<td style=\"width: 29.9558%;height: 22px\">&nbsp;<\/td>\n<td style=\"width: 27.5477%;height: 22px\">Francesco Poppi<\/td>\n<td style=\"width: 44.0165%;height: 22px\"><a href=\"mailto:francesco.poppi_nospam@bo.infn.it\">francesco.poppi@bo.infn.it<\/a><\/td>\n<\/tr>\n<tr style=\"height: 22px\">\n<td style=\"width: 29.9558%;height: 22px\">&nbsp;<\/td>\n<td style=\"width: 27.5477%;height: 22px\">Michele Pozzato<\/td>\n<td style=\"width: 44.0165%;height: 22px\"><a href=\"mailto:michele.pozzato_nospam@bo.infn.it\">michele.pozzato@bo.infn.it<\/a><\/td>\n<\/tr>\n<tr style=\"height: 22px\">\n<td style=\"width: 29.9558%;height: 22px\">&nbsp;<\/td>\n<td style=\"width: 27.5477%;height: 22px\">Gabriele Sirri<\/td>\n<td style=\"width: 44.0165%;height: 22px\"><a href=\"mailto:gabriele.sirri_nospam@bo.infn.it\">gabriele.sirri@bo.infn.it<\/a><\/td>\n<\/tr>\n<tr style=\"height: 22px\">\n<td style=\"width: 29.9558%;height: 22px\">&nbsp;<\/td>\n<td style=\"width: 27.5477%;height: 22px\">Matteo Tenti<\/td>\n<td style=\"width: 44.0165%;height: 22px\"><a href=\"mailto:matteo.tenti_nospam@bo.infn.it\">matteo.tenti@bo.infn.it<\/a><\/td>\n<\/tr>\n<tr style=\"height: 22px\">\n<td style=\"width: 29.9558%;height: 22px\">&nbsp;<\/td>\n<td style=\"width: 27.5477%;height: 22px\">Nicol\u00f2 Tosi<\/td>\n<td style=\"width: 44.0165%;height: 22px\"><a href=\"mailto:nicolo.tosi_nospam@bo.infn.it\">nicolo.tosi@bo.infn.it<\/a><\/td>\n<\/tr>\n<tr style=\"height: 22px\">\n<td style=\"width: 29.9558%;height: 22px\">&nbsp;<\/td>\n<td style=\"width: 27.5477%;height: 22px\">Stefano Zucchelli<\/td>\n<td style=\"width: 44.0165%;height: 22px\"><a href=\"mailto:stefano.zucchelli_nospam@bo.infn.it\">stefano.zucchelli@bo.infn.it<\/a><\/td>\n<\/tr>\n<tr style=\"height: 22px\">\n<td style=\"width: 29.9558%;height: 22px\">Servizio Tecnico Generale:<\/td>\n<td style=\"width: 27.5477%;height: 22px\">&nbsp;<\/td>\n<td style=\"width: 44.0165%;height: 22px\">&nbsp;<\/td>\n<\/tr>\n<tr style=\"height: 22px\">\n<td style=\"width: 29.9558%;height: 22px\">&nbsp;<\/td>\n<td style=\"width: 27.5477%;height: 22px\">Donato Di Ferdinando<\/td>\n<td style=\"width: 44.0165%;height: 22px\"><a href=\"mailto:donato.diferdinando_nospam@bo.infn.it\">donato.diferdinando@bo.infn.it<\/a><\/td>\n<\/tr>\n<tr style=\"height: 22px\">\n<td style=\"width: 29.9558%;height: 22px\">&nbsp;<\/td>\n<td style=\"width: 27.5477%;height: 22px\">Vincent Togo<\/td>\n<td style=\"width: 44.0165%;height: 22px\"><a href=\"mailto:vincent.togo_nospam@bo.infn.it\">vincent.togo@bo.infn.it<\/a><\/td>\n<\/tr>\n<tr style=\"height: 22px\">\n<td style=\"width: 29.9558%;height: 22px\">&nbsp;<\/td>\n<td style=\"width: 27.5477%;height: 22px\">Claudia Valieri<\/td>\n<td style=\"width: 44.0165%;height: 22px\"><a href=\"mailto:claudia.valieri_nospam@bo.infn.it\">claudia.valieri@bo.infn.it<\/a><\/td>\n<\/tr>\n<tr style=\"height: 22px\">\n<td style=\"width: 29.9558%;height: 22px\">Progettazione Meccanica:<\/td>\n<td style=\"width: 27.5477%;height: 22px\">&nbsp;<\/td>\n<td style=\"width: 44.0165%;height: 22px\">&nbsp;<\/td>\n<\/tr>\n<tr style=\"height: 22px\">\n<td style=\"width: 29.9558%;height: 22px\">&nbsp;<\/td>\n<td style=\"width: 27.5477%;height: 22px\">Marco Guerzoni<\/td>\n<td style=\"width: 44.0165%;height: 22px\"><a href=\"mailto:marco.guerzoni_nospam@bo.infn.it\">marco.guerzoni@bo.infn.it<\/a><\/td>\n<\/tr>\n<tr style=\"height: 22px\">\n<td style=\"width: 29.9558%;height: 22px\">&nbsp;<\/td>\n<td style=\"width: 27.5477%;height: 22px\">Luciano Manara<\/td>\n<td style=\"width: 44.0165%;height: 22px\"><a href=\"mailto:luciano.manara_nospam@bo.infn.it\">luciano.manara@bo.infn.it<\/a><\/td>\n<\/tr>\n<tr style=\"height: 22px\">\n<td style=\"width: 29.9558%;height: 22px\">&nbsp;<\/td>\n<td style=\"width: 27.5477%;height: 22px\">Cristina Guandalini<\/td>\n<td style=\"width: 44.0165%;height: 22px\"><a href=\"mailto:cristina.guandalini_nospam@bo.infn.it\">cristina.guandalini@bo.infn.it<\/a><\/td>\n<\/tr>\n<tr style=\"height: 22px\">\n<td style=\"width: 29.9558%;height: 22px\">Officina Meccanica:<\/td>\n<td style=\"width: 27.5477%;height: 22px\">&nbsp;<\/td>\n<td style=\"width: 44.0165%;height: 22px\">&nbsp;<\/td>\n<\/tr>\n<tr style=\"height: 22px\">\n<td style=\"width: 29.9558%;height: 22px\">&nbsp;<\/td>\n<td style=\"width: 27.5477%;height: 22px\">Anselmo Margotti<\/td>\n<td style=\"width: 44.0165%;height: 22px\"><a href=\"mailto:anselmo.margotti_nospam@bo.infn.it\">anselmo.margotti@bo.infn.it<\/a><\/td>\n<\/tr>\n<tr style=\"height: 22px\">\n<td style=\"width: 29.9558%;height: 22px\">&nbsp;<\/td>\n<td style=\"width: 27.5477%;height: 22px\">Michele Furini<\/td>\n<td style=\"width: 44.0165%;height: 22px\"><a href=\"mailto:michele.furini_nospam@bo.infn.it\">michele.furini@bo.infn.it<\/a><\/td>\n<\/tr>\n<tr style=\"height: 22px\">\n<td style=\"width: 29.9558%;height: 22px\">Servizio di Elettronica:<\/td>\n<td style=\"width: 27.5477%;height: 22px\">&nbsp;<\/td>\n<td style=\"width: 44.0165%;height: 22px\">&nbsp;<\/td>\n<\/tr>\n<tr style=\"height: 22px\">\n<td style=\"width: 29.9558%;height: 22px\">&nbsp;<\/td>\n<td style=\"width: 27.5477%;height: 22px\">Riccardo Travaglini<\/td>\n<td style=\"width: 44.0165%;height: 22px\"><a href=\"mailto:riccardo.travaglini_nospam@bo.infn.it\">riccardo.travaglini@bo.infn.it<\/a><\/td>\n<\/tr>\n<tr style=\"height: 22px\">\n<td style=\"width: 29.9558%;height: 22px\">&nbsp;<\/td>\n<td style=\"width: 27.5477%;height: 22px\">Luigi Degli Esposti<\/td>\n<td style=\"width: 44.0165%;height: 22px\"><a href=\"mailto:luigi.degliesposti_nospam@bo.infn.it\">luigi.degliesposti@bo.infn.it<\/a><\/td>\n<\/tr>\n<tr style=\"height: 22px\">\n<td style=\"width: 29.9558%;height: 22px\">&nbsp;<\/td>\n<td style=\"width: 27.5477%;height: 22px\">Ignazio Lax<\/td>\n<td style=\"width: 44.0165%;height: 22px\"><a href=\"mailto:ignazio.lax_nospam@bo.infn.it\">ignazio.lax@bo.infn.it<\/a><\/td>\n<\/tr>\n<tr style=\"height: 22px\">\n<td style=\"width: 29.9558%;height: 22px\">&nbsp;<\/td>\n<td style=\"width: 27.5477%;height: 22px\">Mauro Lolli<\/td>\n<td style=\"width: 44.0165%;height: 22px\"><a href=\"mailto:mauro.lolli_nospam@bo.infn.it\">mauro.lolli@bo.infn.it<\/a><\/td>\n<\/tr>\n<\/tbody>\n<\/table>\n<\/div>\n\n\n\n<h2>Link utili<\/h2>\n\n\n\n<span class=\"collapseomatic noarrow\" id=\"link\"  tabindex=\"0\" alt=\"Informazioni su Link utili\" title=\"Informazioni su Link utili\"    ><strong>+ Mostra<\/strong><\/span><span id='swap-link'  class='colomat-swap' style='display:none;'><strong>- Nascondi<\/strong><\/span><div id=\"target-link\" class=\"collapseomatic_content \">\n<ul>\n<li><a href=\"https:\/\/arxiv.org\/abs\/2002.02967\" data-wpel-link=\"external\" target=\"_blank\" rel=\"nofollow external noopener noreferrer\" title=\"Open page in new tab Deep Underground Neutrino Experiment (DUNE), Far Detector Technical Design Report, Volume I: Introduction to DUNE\">Deep Underground Neutrino Experiment (DUNE), Far Detector Technical Design Report, Volume I: Introduction to DUNE<\/a><\/li>\n<li><a href=\"https:\/\/arxiv.org\/abs\/2002.03005\" data-wpel-link=\"external\" target=\"_blank\" rel=\"nofollow external noopener noreferrer\" title=\"Open page in new tab Deep Underground Neutrino Experiment (DUNE), Far Detector Technical Design Report, Volume II: DUNE Physics\">Deep Underground Neutrino Experiment (DUNE), Far Detector Technical Design Report, Volume II: DUNE Physics<\/a><\/li>\n<li><a href=\"https:\/\/arxiv.org\/abs\/2002.03008\" data-wpel-link=\"external\" target=\"_blank\" rel=\"nofollow external noopener noreferrer\" title=\"Open page in new tab Deep Underground Neutrino Experiment (DUNE), Far Detector Technical Design Report, Volume III: DUNE Far Detector Technical Coordination\">Deep Underground Neutrino Experiment (DUNE), Far Detector Technical Design Report, Volume III: DUNE Far Detector Technical Coordination<\/a><\/li>\n<li><a href=\"https:\/\/arxiv.org\/abs\/2002.03010\" data-wpel-link=\"external\" target=\"_blank\" rel=\"nofollow external noopener noreferrer\" title=\"Open page in new tab Deep Underground Neutrino Experiment (DUNE), Far Detector Technical Design Report, Volume IV: Far Detector Single-phase Technology\">Deep Underground Neutrino Experiment (DUNE), Far Detector Technical Design Report, Volume IV: Far Detector Single-phase Technology<\/a><\/li>\n<\/ul>\n<\/div>\n","protected":false},"excerpt":{"rendered":"<p>Deep Underground Neutrino Experiment (DUNE) Il Deep Underground Neutrino Experiment (DUNE) \u00e8 un esperimento internazionale che consister\u00e0 in due rivelatori posizionati lungo il percorso del fascio di neutrini pi\u00f9 intenso del mondo: un rivelatore registrer\u00e0 le interazioni delle particelle vicino alla sorgente, presso il Fermi National Accelerator Laboratory di Batavia nell&#8217;Illinois mentre un secondo rivelatore, [&hellip;]<\/p>\n","protected":false},"author":35,"featured_media":0,"parent":0,"menu_order":0,"comment_status":"closed","ping_status":"closed","template":"template-page-builder-no-sidebar.php","meta":{"_lmt_disableupdate":"no","_lmt_disable":"","footnotes":""},"class_list":["post-36905","page","type-page","status-publish","hentry"],"_links":{"self":[{"href":"\/gruppo2\/wp-json\/wp\/v2\/pages\/36905","targetHints":{"allow":["GET"]}}],"collection":[{"href":"\/gruppo2\/wp-json\/wp\/v2\/pages"}],"about":[{"href":"\/gruppo2\/wp-json\/wp\/v2\/types\/page"}],"author":[{"embeddable":true,"href":"\/gruppo2\/wp-json\/wp\/v2\/users\/35"}],"replies":[{"embeddable":true,"href":"\/gruppo2\/wp-json\/wp\/v2\/comments?post=36905"}],"version-history":[{"count":81,"href":"\/gruppo2\/wp-json\/wp\/v2\/pages\/36905\/revisions"}],"predecessor-version":[{"id":38888,"href":"\/gruppo2\/wp-json\/wp\/v2\/pages\/36905\/revisions\/38888"}],"wp:attachment":[{"href":"\/gruppo2\/wp-json\/wp\/v2\/media?parent=36905"}],"curies":[{"name":"wp","href":"https:\/\/api.w.org\/{rel}","templated":true}]}}