{"id":36925,"date":"2020-05-04T15:49:11","date_gmt":"2020-05-04T13:49:11","guid":{"rendered":"\/gruppo2\/?page_id=36925"},"modified":"2023-03-09T16:39:50","modified_gmt":"2023-03-09T15:39:50","slug":"enubet-it","status":"publish","type":"page","link":"\/gruppo2\/enubet-it\/","title":{"rendered":"ENUBET"},"content":{"rendered":"\n<h2 class=\"wp-block-heading\"><span style=\"color:#007BB3\" class=\"tadv-color\">Enhanced NeUtrino BEams from kaon Tagging (ENUBET)<\/span><\/h2>\n\n\n\n<p style=\"text-align: left;\">La nuova generazione di esperimenti sulla fisica del neutrino avr\u00e0 come principale scopo la risposta ad alcune domande sulle propriet\u00e0 di queste elusive particelle tra le quali la determinazione della gerarchia di massa e la misura di una possibile violazione della simmetria CP nel settore leptonico. Per avere una solida misura della violazione di CP \u00e9 necessaria una ottima conoscenza delle sezione d&#8217;urto dei neutrini elettronici, quantit\u00e0 che al momento \u00e8 affetta dall&#8217;errore sistematico maggiore tra quelli che entrano in gioco nella ricerca di questo fenomeno.<\/p>\n<p style=\"text-align: left;\">ENUBET \u00e8 un progetto finanziato dalla comunit\u00e0 europea (ERC Consolidator Grant 2015) il cui obiettivo \u00e8 quello di fornire ai fisici una tecnologia innovativa per la produzione di una sorgente intensa e ben controllata di neutrino elettronici.<\/p>\n<p><img loading=\"lazy\" decoding=\"async\" class=\"aligncenter size-large wp-image-37388\" src=\"\/gruppo2\/wp-content\/uploads\/sites\/18\/2020\/05\/ENUBET_1-1024x236.png\" alt=\"\" width=\"1024\" height=\"236\" srcset=\"\/gruppo2\/wp-content\/uploads\/sites\/18\/2020\/05\/ENUBET_1-1024x236.png 1024w, \/gruppo2\/wp-content\/uploads\/sites\/18\/2020\/05\/ENUBET_1-300x69.png 300w, \/gruppo2\/wp-content\/uploads\/sites\/18\/2020\/05\/ENUBET_1-768x177.png 768w, \/gruppo2\/wp-content\/uploads\/sites\/18\/2020\/05\/ENUBET_1.png 1110w\" sizes=\"auto, (max-width: 1024px) 100vw, 1024px\" \/><\/p>\n<p style=\"text-align: left;\">Il nuovo approccio per una misura della sezione d&#8217;urto proposto da ENUEBT si basa sul monitoraggio dei positroni ad ampio angolo provenienti dal decadimento a tre corpi del mesone K<sup>+<\/sup> \u2192 e<sup>+<\/sup>\u03bd<sub>e<\/sub>\u03c0<sup>0<\/sup> instrumentando una linea di fascio convenzionale con calorimetri di tipo shashlik letti con fotomoltiplicatori al silicio. Inoltre per avere ridurre il fondo indotto dai pioni neutri (che, dal solo sciame, possono essere confusi con i positroni) i calorimetri saranno affiancati da dei &#8220;Photon veto&#8221; sempre costituiti da scintillatori plastici.<\/p>\n<p>&nbsp;<\/p>\n\n\n\n<p style=\"text-align: left;\"><strong><span style=\"font-family: Open Sans;\">Attivit\u00e0 svolte a Bologna<\/span><\/strong><\/p>\n<p style=\"text-align: left;\">Il gruppo di Bologna ha la responsabilit\u00e0 di due &#8220;Working Package&#8221; del progetto:<\/p>\n<ul style=\"text-align: left;\">\n<li style=\"text-align: justify;\">WP2 il cui obiettivo \u00e8 quello di progettare e costruire un prototipo del rivelatore con cui instrumentare la linea di fascio di lunghezza longitudinale ridotta (3 m) e una copertura azimutale di circa il 50%. Questo rilevatore deve anche dimostrare la fattibilit\u00e0 dell&#8217;identificazione del positrone in condizioni realistiche.<\/li>\n<li>WP4 il cui obiettivo \u00e8 progettare e realizzare un sistema in grado di separare positrioni da pioni carichi con una risoluzione temporale di qualche nanosecondo.<\/li>\n<\/ul>\n<p style=\"text-align: left;\">Il gruppo di Bologna, in stretta collaborazione con l&#8217;officina meccanica della sezione di Bologna, si \u00e8 inoltre occupato della realizzazione dei prototipi testati in questi anni sulle linee di fascio del CERN.<\/p>\n<p style=\"text-align: left;\"><img loading=\"lazy\" decoding=\"async\" class=\"aligncenter size-full wp-image-37597\" src=\"\/gruppo2\/wp-content\/uploads\/sites\/18\/2020\/05\/ENUBET_CALO_1.png\" alt=\"\" width=\"1005\" height=\"405\" srcset=\"\/gruppo2\/wp-content\/uploads\/sites\/18\/2020\/05\/ENUBET_CALO_1.png 1005w, \/gruppo2\/wp-content\/uploads\/sites\/18\/2020\/05\/ENUBET_CALO_1-300x121.png 300w, \/gruppo2\/wp-content\/uploads\/sites\/18\/2020\/05\/ENUBET_CALO_1-768x309.png 768w\" sizes=\"auto, (max-width: 1005px) 100vw, 1005px\" \/><\/p>\n<p style=\"text-align: left;\">In figura \u00e8 mostrato il primo prototipo di modulo shashlik realizzato in sezione e costituito da 5 strati di scintillatori plastici alternati a 5 strati di assorbitori in ferro.<\/p>\n<p style=\"text-align: left;\"><img loading=\"lazy\" decoding=\"async\" class=\"aligncenter size-full wp-image-37600\" src=\"\/gruppo2\/wp-content\/uploads\/sites\/18\/2020\/05\/ENUBET_CALO_T0.png\" alt=\"\" width=\"534\" height=\"308\" srcset=\"\/gruppo2\/wp-content\/uploads\/sites\/18\/2020\/05\/ENUBET_CALO_T0.png 534w, \/gruppo2\/wp-content\/uploads\/sites\/18\/2020\/05\/ENUBET_CALO_T0-300x173.png 300w\" sizes=\"auto, (max-width: 534px) 100vw, 534px\" \/><\/p>\n<p style=\"text-align: left;\">Qui sopra un pezzo del calorimetro a lettura laterale esposto alla linea di fascio T9 del CERN durante un test del Settembre 2018 con doppietti di foton veto nella parte inferiore. Il gruppo di Bologna si \u00e8 interamente occupato della verniciatura delle tiles di scintillatore plastico e dell&#8217;incollaggio delle fibre WLS collaborando strettamente sia con i Servizi Tecnici Generali che con l&#8217;officina meccanica per quanto riguarda tutta la fase di lavorazione delle tiles di scintillatore (taglio a misura, realizzazione degli scassi in cui incollare le fibre,&#8230;).&nbsp;<\/p>\n<p style=\"text-align: left;\">L&#8217;elettronica di amplificazione e lettura dei SiPM utilizzati per il photon veto \u00e8 stata realizzata, sempre a Bologna, dal Servizio di Elettronica e i prototipi sono sempre stati testati alle linee di fascio del CERN mostrando di soddisfare i requisiti richiesti dal progetto.<\/p>\n\n\n\n<p><strong><span style=\"font-family: Open Sans; font-size: 21px;\">Il gruppo ENUBET Bologna<\/span><\/strong><\/p>\n<p>\u00a0<\/p>\n\n\n\n<p><strong><span style=\"font-family: Open Sans;\">Link utili<\/span><\/strong><\/p>\n\n\n\n<p><\/p>\n","protected":false},"excerpt":{"rendered":"<p>Enhanced NeUtrino BEams from kaon Tagging (ENUBET) La nuova generazione di esperimenti sulla fisica del neutrino avr\u00e0 come principale scopo la risposta ad alcune domande sulle propriet\u00e0 di queste elusive particelle tra le quali la determinazione della gerarchia di massa e la misura di una possibile violazione della simmetria CP nel settore leptonico. Per avere [&hellip;]<\/p>\n","protected":false},"author":35,"featured_media":0,"parent":0,"menu_order":0,"comment_status":"closed","ping_status":"closed","template":"template-page-builder-no-sidebar.php","meta":{"_lmt_disableupdate":"no","_lmt_disable":"","footnotes":""},"class_list":["post-36925","page","type-page","status-publish","hentry"],"_links":{"self":[{"href":"\/gruppo2\/wp-json\/wp\/v2\/pages\/36925","targetHints":{"allow":["GET"]}}],"collection":[{"href":"\/gruppo2\/wp-json\/wp\/v2\/pages"}],"about":[{"href":"\/gruppo2\/wp-json\/wp\/v2\/types\/page"}],"author":[{"embeddable":true,"href":"\/gruppo2\/wp-json\/wp\/v2\/users\/35"}],"replies":[{"embeddable":true,"href":"\/gruppo2\/wp-json\/wp\/v2\/comments?post=36925"}],"version-history":[{"count":24,"href":"\/gruppo2\/wp-json\/wp\/v2\/pages\/36925\/revisions"}],"predecessor-version":[{"id":38756,"href":"\/gruppo2\/wp-json\/wp\/v2\/pages\/36925\/revisions\/38756"}],"wp:attachment":[{"href":"\/gruppo2\/wp-json\/wp\/v2\/media?parent=36925"}],"curies":[{"name":"wp","href":"https:\/\/api.w.org\/{rel}","templated":true}]}}