{"id":36946,"date":"2020-05-05T01:19:36","date_gmt":"2020-05-04T23:19:36","guid":{"rendered":"\/gruppo2\/?page_id=36946"},"modified":"2023-03-09T09:12:44","modified_gmt":"2023-03-09T08:12:44","slug":"cuore-it","status":"publish","type":"page","link":"\/gruppo2\/cuore-it\/","title":{"rendered":"CUORE"},"content":{"rendered":"\n<p><span style=\"color: #007bb3;\"><strong><span style=\"font-family: Open Sans; font-size: 24px;\">CUORE<\/span><\/strong><\/span><\/p>\n<p><span style=\"color: #007bb3;\"><strong><span style=\"font-family: Open Sans; font-size: 24px;\">(Cryogenic Underground Observatory for<\/span><\/strong><strong><span style=\"font-family: Open Sans; font-size: 24px;\"> Rare Events)<\/span><\/strong><\/span><\/p>\n\n\n\n<p><img loading=\"lazy\" decoding=\"async\" class=\"aligncenter wp-image-38483\" title=\"Vista dal basso delle 19 torri di CUORE installate nel criostato\" src=\"\/gruppo2\/wp-content\/uploads\/sites\/18\/2020\/07\/CUORE_fig-300x140.jpg\" alt=\"Vista dal basso delle 19 torri di CUORE installate nel criostato\" width=\"558\" height=\"261\" srcset=\"\/gruppo2\/wp-content\/uploads\/sites\/18\/2020\/07\/CUORE_fig-300x140.jpg 300w, \/gruppo2\/wp-content\/uploads\/sites\/18\/2020\/07\/CUORE_fig-1024x479.jpg 1024w, \/gruppo2\/wp-content\/uploads\/sites\/18\/2020\/07\/CUORE_fig-768x359.jpg 768w, \/gruppo2\/wp-content\/uploads\/sites\/18\/2020\/07\/CUORE_fig-1536x718.jpg 1536w, \/gruppo2\/wp-content\/uploads\/sites\/18\/2020\/07\/CUORE_fig-2048x958.jpg 2048w\" sizes=\"auto, (max-width: 558px) 100vw, 558px\" \/><\/p>\n\n\n\n<p style=\"text-align: center\"><span style=\"font-family: 'Open Sans'\"><strong>Alla ricerca del doppio decadimento beta senza neutrini<\/strong><\/span><\/p>\n\n\n\n<p style=\"text-align: left;\"><span style=\"font-family: 'Open Sans';\">CUORE \u00e8 l&#8217;acronimo di <i>Cryogenic Undregroung Observatory for Rare Events<\/i>, Osservatorio Criogenico Sotterraneo per la Fisica degli Eventi Rari. Il suo scopo principale \u00e8 la ricerca del decadimento beta doppio senza emissione di neutrini (0\u03bd\u03b2\u03b2).<\/span><\/p>\n<p style=\"text-align: left;\"><span style=\"font-family: 'Open Sans';\">Il decadimento 0\u03bd\u03b2\u03b2 viola le leggi del Modello Standard della Fisica delle particelle perch\u00e8 viola la conservazione del numero leptonico. L&#8217;esistenza di un processo simile riveste un&#8217;importanza particolare anche per i modelli che cercano di spiegare perch\u00e9 nell&#8217;universo c&#8217;\u00e8 molta pi\u00f9 materia che antimateria.<\/span><\/p>\n<p style=\"text-align: left;\"><span style=\"font-family: 'Open Sans';\">L\u2019apparato sperimentale di CUORE, presso Laboratori Nazionali INFN del Gran Sasso, \u00e8 il pi\u00f9 grande rivelatore criogenico a stato solido (bolometro) mai costruito. \u00c8 costituito da 988 cristalli di biossido di Tellurio&nbsp; per una massa totale di 742 kg. I cristalli fungono sia da sorgente del segnale che da rivelatore. Un&#8217;interazione o un decadimento all&#8217;interno di un cristallo comporta un rilascio di energia, il quale si traduce in un piccolissimo aumento della temperatura del cristallo stesso. Pertanto&nbsp; \u00e8 necessario che tutto lavori a temperature criogeniche: i bolometri vengono raffreddati a pochi millesimi di grado kelvin sopra lo zero assoluto. Il criostato di CUORE ha creato il metro cubo pi\u00f9 freddo nell&#8217;universo conosciuto!<\/span><\/p>\n<p style=\"text-align: left;\"><span style=\"font-family: 'Open Sans';\">L&#8217;esperimento \u00e8 in questo momento in fase di acquisizione dati.<\/span><\/p>\n\n\n\n<p><span style=\"font-size: 21px;font-family: 'Open Sans'\"><strong>Attivit\u00e0 a Bologna<\/strong><\/span><\/p>\n\n\n\n<p><span style=\"font-family: 'Open Sans';\">Il gruppo Cuore di Bologna si occupa di:<\/span><\/p>\n<ul>\n<li><span style=\"font-family: 'Open Sans';\">hoist system (sollevamento automatizzato degli schermi criogenici)<\/span><\/li>\n<li><span style=\"font-family: 'Open Sans';\">costruzione e manutenzione della &#8220;Permanent Storage Area&#8221;<\/span><\/li>\n<li><span style=\"font-family: 'Open Sans';\">database della Permanent Storage Area<\/span><\/li>\n<li><span style=\"font-family: 'Open Sans';\">slow-monitor<\/span><\/li>\n<li><span style=\"font-family: 'Open Sans';\">sistema sismometrico<\/span><\/li>\n<\/ul>\n\n\n\n<p style=\"text-align: left;\"><span style=\"font-size: 18px; font-family: 'Open Sans';\"><strong>Il gruppo Cuore a Bologna<\/strong><\/span><\/p>\n<ul>\n<li style=\"text-align: left;\"><span style=\"font-family: 'Open Sans';\">Giacomo Bari, ricercatore INFN<\/span><\/li>\n<li style=\"text-align: left;\"><span style=\"font-family: 'Open Sans';\">Antonio Chiarini, tecnico INFN<\/span><\/li>\n<li style=\"text-align: left;\"><span style=\"font-family: 'Open Sans';\">Francesca Delcorso, tecnico INFN<\/span><\/li>\n<li style=\"text-align: left;\"><span style=\"font-family: 'Open Sans';\">Niccol\u00f2 Moggi, PostDoc Universit\u00e0 di Bologna<\/span><\/li>\n<li style=\"text-align: left;\"><span style=\"font-family: 'Open Sans';\">Stefano Zucchelli, Prof. Universit\u00e0 di Bologna<\/span><\/li>\n<\/ul>\n\n\n\n<p><strong><span style=\"font-size: 21px;\"><span style=\"font-family: 'Open Sans';\">Sito ufficiale ed altri link<\/span><br><\/span><\/strong><\/p>\n<p><a href=\"https:\/\/cuore.lngs.infn.it\/\" data-wpel-link=\"external\" target=\"_blank\" rel=\"nofollow external noopener noreferrer\" title=\"Open page in new tab Sito ufficiale dell&#8217;esperimento\"><span style=\"font-family: 'Open Sans';\">Sito ufficiale dell&#8217;esperimento<\/span><\/a><\/p>\n<p><a href=\"https:\/\/www.lngs.infn.it\/it\/cuore\" data-wpel-link=\"external\" target=\"_blank\" rel=\"nofollow external noopener noreferrer\" title=\"Open page in new tab Cuore presso il sito di LNGS (non aggiornato)\"><span style=\"font-family: 'Open Sans';\">Cuore presso il sito di LNGS (n<\/span>on aggiornato)<\/a><\/p>\n\n\n\n<p><span style=\"font-family: 'Open Sans';\"><strong><span style=\"font-size: 21px;\">Immagini e video<\/span><\/strong><\/span><\/p>\n<p><span style=\"font-family: 'Open Sans';\"><a href=\"https:\/\/www.flickr.com\/photos\/100954848@N05\/sets\/72157675448573005\" data-wpel-link=\"external\" target=\"_blank\" rel=\"nofollow external noopener noreferrer\" title=\"Open page in new tab galleria fotografica\">galleria fotografica<\/a><\/span><\/p>\n<p><iframe loading=\"lazy\" title=\"Un cuore di ghiaccio sotto il Gran Sasso\" width=\"1170\" height=\"658\" src=\"https:\/\/www.youtube.com\/embed\/bXhJkXjeSk4?feature=oembed\" frameborder=\"0\" allow=\"accelerometer; autoplay; clipboard-write; encrypted-media; gyroscope; picture-in-picture; web-share\" allowfullscreen><\/iframe><\/p>\n<p>&nbsp;<\/p>\n<p><iframe loading=\"lazy\" title=\"Il Cuore freddo del Gran Sasso\" width=\"1170\" height=\"658\" src=\"https:\/\/www.youtube.com\/embed\/Ohl2fQJjbEA?feature=oembed\" frameborder=\"0\" allow=\"accelerometer; autoplay; clipboard-write; encrypted-media; gyroscope; picture-in-picture; web-share\" allowfullscreen><\/iframe><\/p>\n\n\n\n<p><\/p>\n","protected":false},"excerpt":{"rendered":"<p>CUORE (Cryogenic Underground Observatory for Rare Events) Alla ricerca del doppio decadimento beta senza neutrini CUORE \u00e8 l&#8217;acronimo di Cryogenic Undregroung Observatory for Rare Events, Osservatorio Criogenico Sotterraneo per la Fisica degli Eventi Rari. Il suo scopo principale \u00e8 la ricerca del decadimento beta doppio senza emissione di neutrini (0\u03bd\u03b2\u03b2). Il decadimento 0\u03bd\u03b2\u03b2 viola le [&hellip;]<\/p>\n","protected":false},"author":35,"featured_media":0,"parent":0,"menu_order":0,"comment_status":"closed","ping_status":"closed","template":"template-page-builder-no-sidebar.php","meta":{"_lmt_disableupdate":"no","_lmt_disable":"","footnotes":""},"class_list":["post-36946","page","type-page","status-publish","hentry"],"_links":{"self":[{"href":"\/gruppo2\/wp-json\/wp\/v2\/pages\/36946","targetHints":{"allow":["GET"]}}],"collection":[{"href":"\/gruppo2\/wp-json\/wp\/v2\/pages"}],"about":[{"href":"\/gruppo2\/wp-json\/wp\/v2\/types\/page"}],"author":[{"embeddable":true,"href":"\/gruppo2\/wp-json\/wp\/v2\/users\/35"}],"replies":[{"embeddable":true,"href":"\/gruppo2\/wp-json\/wp\/v2\/comments?post=36946"}],"version-history":[{"count":33,"href":"\/gruppo2\/wp-json\/wp\/v2\/pages\/36946\/revisions"}],"predecessor-version":[{"id":38751,"href":"\/gruppo2\/wp-json\/wp\/v2\/pages\/36946\/revisions\/38751"}],"wp:attachment":[{"href":"\/gruppo2\/wp-json\/wp\/v2\/media?parent=36946"}],"curies":[{"name":"wp","href":"https:\/\/api.w.org\/{rel}","templated":true}]}}