{"id":37114,"date":"2020-05-11T12:36:30","date_gmt":"2020-05-11T10:36:30","guid":{"rendered":"\/gruppo2\/?page_id=37114"},"modified":"2026-04-14T16:19:07","modified_gmt":"2026-04-14T14:19:07","slug":"km3net-it","status":"publish","type":"page","link":"\/gruppo2\/km3net-it\/","title":{"rendered":"KM3NeT"},"content":{"rendered":"\n<p class=\"has-text-align-center has-large-font-size\"><\/p>\n\n\n\n<p style=\"text-align: center\"><span style=\"font-size: 36px\"><strong><span style=\"font-family: Open Sans;color: #007bb3\">KM3NeT<\/span><\/strong><\/span><\/p>\n\n\n\n<figure class=\"wp-block-image size-large\"><img loading=\"lazy\" decoding=\"async\" width=\"1024\" height=\"573\" src=\"\/gruppo2\/wp-content\/uploads\/sites\/18\/2020\/05\/Album-km3net-artist-expression-1024x573.jpg\" alt=\"Neutrino Telescope in the Mediterranean\" class=\"wp-image-37299\" title=\"Neutrino Telescope in the Mediterranean\" srcset=\"\/gruppo2\/wp-content\/uploads\/sites\/18\/2020\/05\/Album-km3net-artist-expression-1024x573.jpg 1024w, \/gruppo2\/wp-content\/uploads\/sites\/18\/2020\/05\/Album-km3net-artist-expression-300x168.jpg 300w, \/gruppo2\/wp-content\/uploads\/sites\/18\/2020\/05\/Album-km3net-artist-expression-768x430.jpg 768w, \/gruppo2\/wp-content\/uploads\/sites\/18\/2020\/05\/Album-km3net-artist-expression-1536x860.jpg 1536w, \/gruppo2\/wp-content\/uploads\/sites\/18\/2020\/05\/Album-km3net-artist-expression-2048x1146.jpg 2048w\" sizes=\"auto, (max-width: 1024px) 100vw, 1024px\" \/><figcaption class=\"wp-element-caption\">Neutrino Telescope in the Mediterranean<\/figcaption><\/figure>\n\n\n\n<p class=\"has-text-align-left\" style=\"text-align: left\">KM3NeT \u00e8 una infrastruttura di ricerca che ospiter\u00e0 i telescopi di neutrini di prossima generazione, in diversi siti abissali nel Mare Mediterraneo. Una volta completati, i telescopi avranno un volume complessivo di alcuni chilometri cubi. La loro collocazione nell&#8217;emisfero nord terrestre e le propriet\u00e0 ottiche dell&#8217;acqua consentiranno di ottenere una sensibilit\u00e0 ai flussi di neutrini cosmici di alta energia, di origine Galattica ed extra-Galattica, mai raggiunta prima. Particolare attenzione sar\u00e0 rivolta all&#8217;esplorazione multi-messaggera dell&#8217;Universo, in stretta collaborazione con osservatori sensibili a radiazioni elettromagnetiche di diversa lunghezza d&#8217;onda, a onde gravitazionali e a raggi cosmici ultra energetici. Inoltre, contribuiranno allo studio delle propriet\u00e0 dei neutrini, utilizzando il flusso di neutrini prodotti dalle interazioni tra i raggi cosmici e i nuclei dell&#8217;atmosfera terrestre.<\/p>\n\n\n\n<p style=\"text-align: left\">A circa 100 km da Capo Passero, punta sud-orientale della Sicilia, \u00e8 in costruzione il telescopio <a href=\"https:\/\/www.km3net.org\/research\/physics\/astronomy-with-arca\/\" data-wpel-link=\"external\" target=\"_blank\" rel=\"nofollow external noopener noreferrer\" title=\"Open page in new tab KM3NeT\/ARCA\">KM3NeT\/ARCA<\/a> (A<em>stroparticle Research with Cosmics in the Abyss<\/em>). Sar\u00e0 ancorato al fondo del mare, su un plateau posto a circa 3500 m di profondit\u00e0, nel sito abissale denominato <a href=\"https:\/\/www.km3net.org\/research\/research-infrastructure\/km3net-it-site\/\" data-wpel-link=\"external\" target=\"_blank\" rel=\"nofollow external noopener noreferrer\" title=\"Open page in new tab KM3NeT-It\">KM3NeT-It<\/a>. Il volume finale sar\u00e0 superiore a quello di IceCube, il telescopio di neutrini posto sotto i ghiacci del continente antartico. Sar\u00e0 dedicato principalmente alla ricerca di neutrini cosmici di altissima energia e alla identificazione delle loro sorgenti.<\/p>\n\n\n\n<p style=\"text-align: left\">Al largo della costa meridionale della Francia, a circa 40 km da Tolone, nel sito denominato <a href=\"https:\/\/www.km3net.org\/research\/research-infrastructure\/km3net-fr-site\/\" data-wpel-link=\"external\" target=\"_blank\" rel=\"nofollow external noopener noreferrer\" title=\"Open page in new tab KM3NeT-Fr\">KM3NeT-Fr<\/a>, \u00e8 in fase di costruzione il telescopio <a href=\"https:\/\/www.km3net.org\/research\/physics\/particle-physics-with-orca\/\" data-wpel-link=\"external\" target=\"_blank\" rel=\"nofollow external noopener noreferrer\" title=\"Open page in new tab KM3NeT\/ORCA\">KM3NeT\/ORCA<\/a> (<em>Oscillation Research with Cosmics in the Abyss)<\/em>. Il suo obiettivo scientifico primario \u00e8 la determinazione della gerarchia di massa dei neutrini, tramite lo studio delle oscillazioni dei neutrini atmosferici. Le sue caratteristiche costruttive lo rendono sensibile ai neutrini provenienti dalle esplosioni di supernovae nella nostra Galassia.<\/p>\n\n\n\n<p style=\"text-align: left\">L&#8217;intera infrastruttura KM3NeT ospiter\u00e0 migliaia di sensori ottici in grado di registrare la debole luce Cherenkov emessa a causa delle particelle cariche prodotte nelle interazioni dei neutrini.<\/p>\n\n\n\n<p style=\"text-align: left\">KM3NeT non \u00e8 solo un enorme rivelatore di neutrini. Rappresenta un osservatorio per le scienze del mare e della terra e consentir\u00e0 un continuo e costante monitoraggio dell&#8217;ambiente sottomarino, tramite l&#8217;osservazione in vari campi di ricerca, come la sismologia, la geofisica, la biologia e lo studio del clima.<\/p>\n\n\n\n<p style=\"text-align: left\">KM3NeT \u00e8 presente nelle roadmaps europee per grandi infrastrutture di <a href=\"http:\/\/www.appec.org\" data-wpel-link=\"external\" target=\"_blank\" rel=\"nofollow external noopener noreferrer\" title=\"Open page in new tab APPEC\">APPEC<\/a> e <a href=\"http:\/\/www.astronet-eu.org\/\" data-wpel-link=\"external\" target=\"_blank\" rel=\"nofollow external noopener noreferrer\" title=\"Open page in new tab AstroNet\">AstroNet<\/a> . KM3NeT \u00e8 nella lista dei <a href=\"https:\/\/greybook.cern.ch\/greybook\/experiment\/recognized\" data-wpel-link=\"external\" target=\"_blank\" rel=\"nofollow external noopener noreferrer\" title=\"Open page in new tab Recognized Experiments\">Recognized Experiments<\/a> al <a href=\"https:\/\/home.cern\/\" data-wpel-link=\"external\" target=\"_blank\" rel=\"nofollow external noopener noreferrer\" title=\"Open page in new tab CERN\">CERN<\/a>.<\/p>\n\n\n\n<p><span style=\"font-family: Open Sans;font-size: 18px\"><strong>KM3NeT a Bologna<\/strong> <strong>&#8211; le attivit\u00e0<\/strong><\/span><\/p>\n\n\n\n<p style=\"text-align: left\">Il gruppo di Bologna \u00e8 composto da ricercatori, tecnologi e tecnici INFN e CNAF e da docenti e studenti dell&#8217;Universit\u00e0 di Bologna ed \u00e8 impegnato in molteplici attivit\u00e0.<\/p>\n<p><span style=\"color: #164ad9\"><strong><span class=\"collapseomatic noarrow\" id=\"Attivit\u00e0\"  tabindex=\"0\" alt=\"Mostra Attivit\u00e0 Km3NeT a Bologna\" title=\"Mostra Attivit\u00e0 Km3NeT a Bologna\"    >+ Mostra<\/span><span id='swap-Attivit\u00e0'  class='colomat-swap' style='display:none;'>- Nascondi<\/span><div id=\"target-Attivit\u00e0\" class=\"collapseomatic_content \"><\/strong><\/span><\/p>\n<ul>\n<li><strong data-rich-text-format-boundary=\"true\">Coordinamento della progettazione e realizzazione del sistema di acquisizione dati (DAQ) dell&#8217;esperimento<\/strong>.<\/li>\n<li><strong>Integrazione e test del circuito elettro-ottico contenuto nei moduli di base delle unit\u00e0 di rivelazione del telescopio<\/strong>, <strong>realizzazione dei frame di alluminio per la costruzione dei crate interni.<\/strong><\/li>\n<li><strong>Progettazione e realizzazione di alcune schede di elettronica per la trasmissione dati e per il controllo dei dispositivi di monitoraggio ambientale.<\/strong><\/li>\n<li><strong>Costruzione del software di gestione dei laboratori di integrazione delle unit\u00e0 di rivelazione (KM3DIA)<\/strong><\/li>\n<li><strong>Studio e messa a punto di metodologie di calibrazione del posizionamento dei moduli ottici<\/strong><\/li>\n<li><strong>Progettazione e aggiornamento del software Monte Carlo per la simulazione di sciami atmosferici indotti da raggi cosmici.<\/strong><\/li>\n<\/ul>\n<\/div>\n<p>&nbsp;<\/p>\n\n\n\n<p><\/p>\n\n\n\n<p><span style=\"font-family: Open Sans;font-size: 18px\"><strong>KM3NeT a Bologna &#8211; le persone<\/strong><\/span><\/p>\n<p><strong><span style=\"color: #164ad9\"><span class=\"collapseomatic noarrow\" id=\"Persone\"  tabindex=\"0\" alt=\"Mostra Le Persone di&nbsp; Km3NeT a Bologna\" title=\"Mostra Le Persone di&nbsp; Km3NeT a Bologna\"    >+ Mostra<\/span><span id='swap-Persone'  class='colomat-swap' style='display:none;'>- Nascondi<\/span><div id=\"target-Persone\" class=\"collapseomatic_content \"><\/span><\/strong><\/p>\n\n\n\n<p><\/p>\n\n\n\n<figure class=\"wp-block-table aligncenter\">\n<table class=\"has-fixed-layout\" style=\"width: 100%;height: 696px\">\n<tbody>\n<tr style=\"height: 58px\">\n<td style=\"width: 33.3333%;height: 58px\">Responsabile locale &#8211;<\/td>\n<td class=\"has-text-align-left\" style=\"width: 33.3333%;height: 58px\" data-align=\"left\">Annarita Margiotta<\/td>\n<td style=\"width: 33.3333%;height: 58px\">annarita.margiotta[at]unibo.it<\/td>\n<\/tr>\n<tr style=\"height: 58px\">\n<td style=\"width: 33.3333%;height: 58px\">Coordinatore DAQ &#8211;<\/td>\n<td class=\"has-text-align-left\" style=\"width: 33.3333%;height: 58px\" data-align=\"left\">Francesco Benfenati Gualandi<\/td>\n<td style=\"width: 33.3333%;height: 58px\">francesco.benfenati[at]bo.infn.it<\/td>\n<\/tr>\n<tr>\n<td style=\"width: 33.3333%\">\u00a0<\/td>\n<td style=\"width: 33.3333%\">Martino Bernuzzi<\/td>\n<td style=\"width: 33.3333%\">martino.bernuzzi@studio.unibo.it<\/td>\n<\/tr>\n<tr>\n<td style=\"width: 33.3333%\">\u00a0<\/td>\n<td style=\"width: 33.3333%\">Francesco Carenini<\/td>\n<td style=\"width: 33.3333%\">francesco.carenini2@unibo.it<\/td>\n<\/tr>\n<tr style=\"height: 58px\">\n<td style=\"width: 33.3333%;height: 58px\">\u00a0<\/td>\n<td class=\"has-text-align-left\" style=\"width: 33.3333%;height: 58px\" data-align=\"left\">Paolo Castaldi<\/td>\n<td style=\"width: 33.3333%;height: 58px\">paolo.castaldi[at]unibo.it<\/td>\n<\/tr>\n<tr>\n<td style=\"width: 33.3333%\">\u00a0<\/td>\n<td class=\"has-text-align-left\" style=\"width: 33.3333%\" data-align=\"left\">Tommaso Chiarusi<\/td>\n<td style=\"width: 33.3333%\">tommaso.chiarusi[at]bo.infn.it<\/td>\n<\/tr>\n<tr style=\"height: 58px\">\n<td style=\"width: 33.3333%;height: 58px\">\u00a0<\/td>\n<td class=\"has-text-align-left\" style=\"width: 33.3333%;height: 58px\" data-align=\"left\">Ilaria Del Rosso<\/td>\n<td style=\"width: 33.3333%;height: 58px\">filaria.delrosso2[at]unibo.it<\/td>\n<\/tr>\n<tr style=\"height: 58px\">\n<td style=\"width: 33.3333%;height: 58px\">\u00a0<\/td>\n<td class=\"has-text-align-left\" style=\"width: 33.3333%\" data-align=\"left\">Francesco Filippini<\/td>\n<td style=\"width: 33.3333%\">francesco.filippini[at]bo.infn.it<\/td>\n<\/tr>\n<tr style=\"height: 58px\">\n<td style=\"width: 33.3333%;height: 58px\">\u00a0<\/td>\n<td class=\"has-text-align-left\" style=\"width: 33.3333%;height: 58px\" data-align=\"left\">Giulia Illuminati<\/td>\n<td style=\"width: 33.3333%;height: 58px\">giulia.illuminati[at]bo.infn.it<\/td>\n<\/tr>\n<tr style=\"height: 58px\">\n<td style=\"width: 33.3333%;height: 58px\">\u00a0<\/td>\n<td class=\"has-text-align-left\" style=\"width: 33.3333%\" data-align=\"left\">Giuseppe Levi<\/td>\n<td style=\"width: 33.3333%\">giuseppe.levi[at]unibo.it<\/td>\n<\/tr>\n<tr style=\"height: 58px\">\n<td style=\"width: 33.3333%;height: 58px\">\u00a0<\/td>\n<td class=\"has-text-align-left\" style=\"width: 33.3333%\" data-align=\"left\">Maurizio Spurio<\/td>\n<td style=\"width: 33.3333%\">maurizio.spurio[at]unibo.it<\/td>\n<\/tr>\n<tr style=\"height: 58px\">\n<td style=\"width: 33.3333%;height: 58px\"><strong>Servizio Tecnico General<\/strong>e<\/td>\n<td class=\"has-text-align-left\" style=\"width: 33.3333%;height: 58px\" data-align=\"left\">\u00a0<\/td>\n<td style=\"width: 33.3333%;height: 58px\">\u00a0<\/td>\n<\/tr>\n<tr>\n<td style=\"width: 33.3333%\">\u00a0<\/td>\n<td style=\"width: 33.3333%\">Massimiliano Fabianelli<\/td>\n<td style=\"width: 33.3333%\">massimiliano.fabianelli[at]bo.infn.it<\/td>\n<\/tr>\n<tr style=\"height: 58px\">\n<td style=\"width: 33.3333%;height: 58px\">\u00a0<\/td>\n<td class=\"has-text-align-left\" style=\"width: 33.3333%;height: 58px\" data-align=\"left\">Salvatore Ragonesi<\/td>\n<td style=\"width: 33.3333%;height: 58px\">salvatore.ragonesi[at]bo.infn.it<\/td>\n<\/tr>\n<tr>\n<td style=\"width: 33.3333%\">Local Quality Supervisor &#8211;<\/td>\n<td class=\"has-text-align-left\" style=\"width: 33.3333%\" data-align=\"left\">Claudia Valieri<\/td>\n<td style=\"width: 33.3333%\">claudia.valieri[at]bo.infn.it<\/td>\n<\/tr>\n<tr style=\"height: 58px\">\n<td style=\"width: 33.3333%;height: 58px\"><strong>Servizio di elettronica<\/strong><\/td>\n<td class=\"has-text-align-left\" style=\"width: 33.3333%;height: 58px\" data-align=\"left\">\u00a0<\/td>\n<td style=\"width: 33.3333%;height: 58px\">\u00a0<\/td>\n<\/tr>\n<tr style=\"height: 58px\">\n<td style=\"width: 33.3333%;height: 58px\">\u00a0<\/td>\n<td class=\"has-text-align-left\" style=\"width: 33.3333%;height: 58px\" data-align=\"left\">Giuliano Pellegrini<\/td>\n<td style=\"width: 33.3333%;height: 58px\">giuliano.pellegrini[at]bo.infn.it<\/td>\n<\/tr>\n<\/tbody>\n<\/table>\n<\/figure>\n\n\n\n<\/div>\n","protected":false},"excerpt":{"rendered":"<p>KM3NeT KM3NeT \u00e8 una infrastruttura di ricerca che ospiter\u00e0 i telescopi di neutrini di prossima generazione, in diversi siti abissali nel Mare Mediterraneo. Una volta completati, i telescopi avranno un volume complessivo di alcuni chilometri cubi. La loro collocazione nell&#8217;emisfero nord terrestre e le propriet\u00e0 ottiche dell&#8217;acqua consentiranno di ottenere una sensibilit\u00e0 ai flussi di [&hellip;]<\/p>\n","protected":false},"author":35,"featured_media":0,"parent":0,"menu_order":0,"comment_status":"closed","ping_status":"closed","template":"template-page-builder-no-sidebar.php","meta":{"_lmt_disableupdate":"no","_lmt_disable":"","footnotes":""},"class_list":["post-37114","page","type-page","status-publish","hentry"],"_links":{"self":[{"href":"\/gruppo2\/wp-json\/wp\/v2\/pages\/37114","targetHints":{"allow":["GET"]}}],"collection":[{"href":"\/gruppo2\/wp-json\/wp\/v2\/pages"}],"about":[{"href":"\/gruppo2\/wp-json\/wp\/v2\/types\/page"}],"author":[{"embeddable":true,"href":"\/gruppo2\/wp-json\/wp\/v2\/users\/35"}],"replies":[{"embeddable":true,"href":"\/gruppo2\/wp-json\/wp\/v2\/comments?post=37114"}],"version-history":[{"count":57,"href":"\/gruppo2\/wp-json\/wp\/v2\/pages\/37114\/revisions"}],"predecessor-version":[{"id":38921,"href":"\/gruppo2\/wp-json\/wp\/v2\/pages\/37114\/revisions\/38921"}],"wp:attachment":[{"href":"\/gruppo2\/wp-json\/wp\/v2\/media?parent=37114"}],"curies":[{"name":"wp","href":"https:\/\/api.w.org\/{rel}","templated":true}]}}