{"id":37142,"date":"2020-05-11T16:56:27","date_gmt":"2020-05-11T14:56:27","guid":{"rendered":"\/gruppo2\/?page_id=37142"},"modified":"2025-06-10T16:26:59","modified_gmt":"2025-06-10T14:26:59","slug":"sbn-it","status":"publish","type":"page","link":"\/gruppo2\/sbn-it\/","title":{"rendered":"Z &#8211; SBN"},"content":{"rendered":"\n<h2 class=\"has-text-align-center wp-block-heading\"><span style=\"color:#007BB3\" class=\"tadv-color\">Short Baseline Neutrino (SBN)<\/span><\/h2>\n\n\n\n<p><img loading=\"lazy\" decoding=\"async\" class=\"aligncenter wp-image-37164 size-large\" title=\"Fermilab Neutrino Campus Map\" src=\"\/gruppo2\/wp-content\/uploads\/sites\/18\/2020\/05\/SBN_ima_0-1024x396.png\" alt=\"Fermilab Neutrino Campus Map\" width=\"1024\" height=\"396\" srcset=\"\/gruppo2\/wp-content\/uploads\/sites\/18\/2020\/05\/SBN_ima_0-1024x396.png 1024w, \/gruppo2\/wp-content\/uploads\/sites\/18\/2020\/05\/SBN_ima_0-300x116.png 300w, \/gruppo2\/wp-content\/uploads\/sites\/18\/2020\/05\/SBN_ima_0-768x297.png 768w, \/gruppo2\/wp-content\/uploads\/sites\/18\/2020\/05\/SBN_ima_0.png 1110w\" sizes=\"auto, (max-width: 1024px) 100vw, 1024px\" \/><\/p>\n<p style=\"text-align: left\">Il programma internazionale Short Baseline Neutrino (SBN) al Fermilab si occuper\u00e0 di studiare le propriet\u00e0 dei neutrini e in particolare il cambio di sapore di un neutrino durante la propagazione attraverso lo spazio-tempo.&nbsp;<\/p>\n<p style=\"text-align: left\">Nato da una proposta congiunta, presentata da tre collaborazioni scientifiche, si proporne di dare una risposta definitiva sull\u2019esistenza o meno di neutrini sterili con una massa dell&#8217;ordine dell&#8217;eV cercando un eccesso di interazioni di \u03bd<sub>e<\/sub> e\/o un deficit di interazioni di \u03bd<sub>\u03bc<\/sub> lungo il fascio Booster Neutrino Beam (BNB) dovute alle eventuali oscillazioni indotte dalla presenza del neutrino sterile.<\/p>\n<p style=\"text-align: left\">Gli obiettivi scientifici comuni sono evidenziati nel proposal disponibile su <a href=\"https:\/\/arxiv.org\/abs\/1503.01520\" target=\"_blank\" rel=\"noopener noreferrer nofollow external\" data-wpel-link=\"external\" title=\"Open page in new tab arXiv\">arXiv<\/a>.<\/p>\n<p style=\"text-align: left\">I tre rivelatori utilizzati dalle collaborazioni sono basati su camere a proiezione temporale (TPC) ad argon liquido.<\/p>\n<ul>\n<li style=\"text-align: left\"><strong>Short Baseline Near Detector (SBND):<\/strong> si trova a soli 110 metri dal bersaglio del BNB ed \u00e8 cosituito da una LArTPC di 260 tonnellate di cui 112 di area attiva e funger\u00e0 da Near Detector lungo la linea del fascio.<\/li>\n<li style=\"text-align: left\"><strong>MicroBooNE:<\/strong> situato a 470 metri dal bersaglio del BNB, \u00e8 costituito da un TPC ad argon liquido di 170 tonnellate di cui 80 di volume attivo. Il criostato \u00e8 stato riempito nel 2015 e il rilevatore \u00e8 attualmente in funzione ed effettua misure di sezione d&#8217;urto dei neutrini con lo scopo di indagare l&#8217;eccesso inspiegabile di eventi elettromagnetici a bassa energia osservati da MiniBooNE.<\/li>\n<li style=\"text-align: left\"><strong>Short-Baseline Far Detector (ICARUS T-600):<\/strong> composto da due moduli LArTPC di 300 ton, sar\u00e0 posizionato a 600 metri dal bersaglio del BNB e servir\u00e0 da Far Detector. Il T-600 ha operato presso i Laboratori Nazionali del Gran Sasso dal 2010 al 2014 e, dopo una fase di upgrade al CERN, \u00e8 in corso di installazione e messa in funzione al Fermilab.<\/li>\n<\/ul>\n\n\n\n<p><span style=\"font-size: 18px\"><strong><span style=\"font-family: Open Sans\">Attivit\u00e0 svolte a Bologna<\/span><\/strong><\/span><\/p>\n<p style=\"text-align: left\">Poich\u00e9 i rivelatori sono in superficie, schermati dalla radiazione cosmica solo da pochi metri di cemento, \u00e8 necessario un sistema in grado di identificare i muoni dei raggi cosmici secondari che attraversano le TPC. La sezione di Bologna ha partecipato alla costruzione di un sistema, chiamato Il <em>Top Cosmic Ray Tagger<\/em> (CRT): realizzato presso i Laboratori Nazionali di Frascati sar\u00e0 posizionato come un tetto su ICARUS-T600 e permetter\u00e0 di identificare ed eliminare i segnali indotti dal passaggio dei muoni.<\/p>\n<p style=\"text-align: left\">Ogni modulo del Top CRT misura la posizione e il tempo di transito dei muoni. Il segnale luminoso prodotto in barre di scintillatore lunghe due metri e larghe circa 20 cm \u00e8 letto da SiPM incollati a delle fibre WLS. A Bologna \u00e8 stato realizzato il primo prototipo a partire dalla costruzione dei contenitori in alluminio, all&#8217;incollaggio delle fibre e dalla caratterizzazione dei SiPM utilizzati.<\/p>\n<figure id=\"attachment_37204\" aria-describedby=\"caption-attachment-37204\" style=\"width: 800px\" class=\"wp-caption alignnone\"><img loading=\"lazy\" decoding=\"async\" class=\"wp-image-37204 size-full\" title=\"First prototype CRT modules was built in Bologna\" src=\"\/gruppo2\/wp-content\/uploads\/sites\/18\/2020\/05\/CRT_ima_0.png\" alt=\"First prototype CRT modules was built in Bologna\" width=\"800\" height=\"463\" srcset=\"\/gruppo2\/wp-content\/uploads\/sites\/18\/2020\/05\/CRT_ima_0.png 800w, \/gruppo2\/wp-content\/uploads\/sites\/18\/2020\/05\/CRT_ima_0-300x174.png 300w, \/gruppo2\/wp-content\/uploads\/sites\/18\/2020\/05\/CRT_ima_0-768x444.png 768w\" sizes=\"auto, (max-width: 800px) 100vw, 800px\" \/><figcaption id=\"caption-attachment-37204\" class=\"wp-caption-text\">Fasi di assemblaggio e costruzione dei moduli di CRT, presso i Laboratori Nazinali di Frascati.<\/figcaption><\/figure>\n<p>Inoltre ha dato un contributo fondamentale alla costruzione dei 125 moduli presso i Laboratori Nazionali di Frascati su cui sono stati eseguiti test di funzionalit\u00e0, misure di efficienza e di risoluzione temporale.\u00a0<\/p>\n\n\n\n<p><strong><span style=\"font-family: Open Sans\">Il gruppo SBN Bologna<\/span><\/strong><\/p>\n<p><span style=\"color: #164ad9\"><strong><span class=\"collapseomatic noarrow\" id=\"Activity\"  tabindex=\"0\" alt=\"ShowSBN Bologna Group\" title=\"ShowSBN Bologna Group\"    >+ Mostra<\/span><span id='swap-Activity'  class='colomat-swap' style='display:none;'>- Nascondi<\/span><div id=\"target-Activity\" class=\"collapseomatic_content \"><\/strong><\/span><\/p>\n<table style=\"height: 647px;border-collapse: collapse;width: 119.312%\" border=\"0\">\n<tbody>\n<tr style=\"height: 22px\">\n<td style=\"width: 29.9558%;height: 22px\">Responsabile nazionale:<\/td>\n<td style=\"width: 27.5477%;height: 22px\">Sergio Bertolucci<\/td>\n<td style=\"width: 44.0165%;height: 22px\"><a href=\"mailto:sergio.bertolucci_nospam@bo.infn.it\">sergio.bertolucci[at]bo.infn.it<\/a><\/td>\n<\/tr>\n<tr style=\"height: 22px\">\n<td style=\"width: 29.9558%;height: 22px\">Responsabile locale:<\/td>\n<td style=\"width: 27.5477%;height: 22px\">Laura Patrizii<\/td>\n<td style=\"width: 44.0165%;height: 22px\"><a href=\"mailto:laura.patrizii_nospam@bo.infn.it\">laura.patrizii[at]bo.infn.it<\/a><\/td>\n<\/tr>\n<tr style=\"height: 19px\">\n<td style=\"width: 29.9558%;height: 19px\">Gruppo locale:<\/td>\n<td style=\"width: 27.5477%;height: 19px\">\u00a0<\/td>\n<td style=\"width: 44.0165%;height: 19px\">\u00a0<\/td>\n<\/tr>\n<tr style=\"height: 22px\">\n<td style=\"width: 29.9558%;height: 22px\">\u00a0<\/td>\n<td style=\"width: 27.5477%;height: 22px\">Stefano Cecchini<\/td>\n<td style=\"width: 44.0165%;height: 22px\"><a href=\"mailto:stefano.cecchini_nospam@bo.infn.it\">stefano.cecchini[at]bo.infn.it<\/a><\/td>\n<\/tr>\n<tr style=\"height: 22px\">\n<td style=\"width: 29.9558%;height: 22px\">\u00a0<\/td>\n<td style=\"width: 27.5477%;height: 22px\">Giuliano Laurenti<\/td>\n<td style=\"width: 44.0165%;height: 22px\"><a href=\"mailto:giuliano.laurenti_nospam@bo.infn.it\">giuliano.laurenti[at]bo.infn.it<\/a><\/td>\n<\/tr>\n<tr style=\"height: 22px\">\n<td style=\"width: 29.9558%;height: 22px\">\u00a0<\/td>\n<td style=\"width: 27.5477%;height: 22px\">Gianni Mandrioli<\/td>\n<td style=\"width: 44.0165%;height: 22px\"><a href=\"mailto:gianni.mandrioli_nospam@bo.infn.it\">gianni.mandrioli[at]bo.infn.it<\/a><\/td>\n<\/tr>\n<tr style=\"height: 22px\">\n<td style=\"width: 29.9558%;height: 22px\">\u00a0<\/td>\n<td style=\"width: 27.5477%;height: 22px\">Nicoletta Mauri<\/td>\n<td style=\"width: 44.0165%;height: 22px\"><a href=\"mailto:nicoletta.mauri_nospam@bo.infn.it\">nicoletta.mauri[at]bo.infn.it<\/a><\/td>\n<\/tr>\n<tr style=\"height: 24px\">\n<td style=\"width: 29.9558%;height: 10px\">\u00a0<\/td>\n<td style=\"width: 27.5477%;height: 10px\">Niccol\u00f2 Moggi<\/td>\n<td style=\"width: 44.0165%;height: 10px\"><a href=\"mailto:niccolo.moggi_nospam@bo.infn.it\">niccolo.moggi[at]bo.infn.it<\/a><\/td>\n<\/tr>\n<tr style=\"height: 27px\">\n<td style=\"width: 29.9558%;height: 23px\">\u00a0<\/td>\n<td style=\"width: 27.5477%;height: 23px\">Alessandro Montanari<\/td>\n<td style=\"width: 44.0165%;height: 23px\"><a href=\"mailto:alessandro.montanari_nospam@bo.infn.it\">alessandro.montanari[at]bo.infn.it<\/a><\/td>\n<\/tr>\n<tr style=\"height: 22px\">\n<td style=\"width: 29.9558%;height: 22px\">\u00a0<\/td>\n<td style=\"width: 27.5477%;height: 22px\">Laura Pasqualini<\/td>\n<td style=\"width: 44.0165%;height: 22px\"><a href=\"mailto:laura.pasqualini_nospam@bo.infn.it\">laura.pasqualini[at]bo.infn.it<\/a><\/td>\n<\/tr>\n<tr style=\"height: 22px\">\n<td style=\"width: 29.9558%;height: 22px\">\u00a0<\/td>\n<td style=\"width: 27.5477%;height: 22px\">Valerio Pia<\/td>\n<td style=\"width: 44.0165%;height: 22px\"><a href=\"mailto:valerio.pia_nospam@bo.infn.it\">valerio.pia[at]bo.infn.it<\/a><\/td>\n<\/tr>\n<tr style=\"height: 22px\">\n<td style=\"width: 29.9558%;height: 22px\">\u00a0<\/td>\n<td style=\"width: 27.5477%;height: 22px\">Francesco Poppi<\/td>\n<td style=\"width: 44.0165%;height: 22px\"><a href=\"mailto:francesco.poppi_nospam@bo.infn.it\">francesco.poppi[at]bo.infn.it<\/a><\/td>\n<\/tr>\n<tr style=\"height: 22px\">\n<td style=\"width: 29.9558%;height: 22px\">\u00a0<\/td>\n<td style=\"width: 27.5477%;height: 22px\">Michele Pozzato<\/td>\n<td style=\"width: 44.0165%;height: 22px\"><a href=\"mailto:michele.pozzato_nospam@bo.infn.it\">michele.pozzato[at]bo.infn.it<\/a><\/td>\n<\/tr>\n<tr style=\"height: 22px\">\n<td style=\"width: 29.9558%;height: 22px\">\u00a0<\/td>\n<td style=\"width: 27.5477%;height: 22px\">Gabriele Sirri<\/td>\n<td style=\"width: 44.0165%;height: 22px\"><a href=\"mailto:gabriele.sirri_nospam@bo.infn.it\">gabriele.sirri[at]bo.infn.it<\/a><\/td>\n<\/tr>\n<tr style=\"height: 22px\">\n<td style=\"width: 29.9558%;height: 22px\">\u00a0<\/td>\n<td style=\"width: 27.5477%;height: 22px\">Matteo Tenti<\/td>\n<td style=\"width: 44.0165%;height: 22px\"><a href=\"mailto:matteo.tenti_nospam@bo.infn.it\">matteo.tenti[at]bo.infn.it<\/a><\/td>\n<\/tr>\n<tr style=\"height: 22px\">\n<td style=\"width: 29.9558%;height: 22px\">\u00a0<\/td>\n<td style=\"width: 27.5477%;height: 22px\">Stefano Zucchelli<\/td>\n<td style=\"width: 44.0165%;height: 22px\"><a href=\"mailto:stefano.zucchelli_nospam@bo.infn.it\">stefano.zucchelli[at]bo.infn.it<\/a><\/td>\n<\/tr>\n<tr style=\"height: 22px\">\n<td style=\"width: 29.9558%;height: 22px\">Servizio Tecnico Generale:<\/td>\n<td style=\"width: 27.5477%;height: 22px\">\u00a0<\/td>\n<td style=\"width: 44.0165%;height: 22px\">\u00a0<\/td>\n<\/tr>\n<tr style=\"height: 22px\">\n<td style=\"width: 29.9558%;height: 22px\">\u00a0<\/td>\n<td style=\"width: 27.5477%;height: 22px\">Donato Di Ferdinando<\/td>\n<td style=\"width: 44.0165%;height: 22px\"><a href=\"mailto:donato.diferdinando_nospam@bo.infn.it\">donato.diferdinando[at]bo.infn.it<\/a><\/td>\n<\/tr>\n<tr style=\"height: 22px\">\n<td style=\"width: 29.9558%;height: 22px\">\u00a0<\/td>\n<td style=\"width: 27.5477%;height: 22px\">Vincent Togo<\/td>\n<td style=\"width: 44.0165%;height: 22px\"><a href=\"mailto:vincent.togo_nospam@bo.infn.it\">vincent.togo[at]bo.infn.it<\/a><\/td>\n<\/tr>\n<tr style=\"height: 22px\">\n<td style=\"width: 29.9558%;height: 22px\">\u00a0<\/td>\n<td style=\"width: 27.5477%;height: 22px\">Claudia Valieri<\/td>\n<td style=\"width: 44.0165%;height: 22px\"><a href=\"mailto:claudia.valieri_nospam@bo.infn.it\">claudia.valieri[at]bo.infn.it<\/a><\/td>\n<\/tr>\n<tr style=\"height: 22px\">\n<td style=\"width: 29.9558%;height: 22px\">Progettazione Meccanica:<\/td>\n<td style=\"width: 27.5477%;height: 22px\">\u00a0<\/td>\n<td style=\"width: 44.0165%;height: 22px\">\u00a0<\/td>\n<\/tr>\n<tr style=\"height: 22px\">\n<td style=\"width: 29.9558%;height: 22px\">\u00a0<\/td>\n<td style=\"width: 27.5477%;height: 22px\">Marco Guerzoni<\/td>\n<td style=\"width: 44.0165%;height: 22px\"><a href=\"mailto:marco.guerzoni_nospam@bo.infn.it\">marco.guerzoni[at]bo.infn.it<\/a><\/td>\n<\/tr>\n<tr style=\"height: 22px\">\n<td style=\"width: 29.9558%;height: 22px\">\u00a0<\/td>\n<td style=\"width: 27.5477%;height: 22px\">Cristina Guandolini<\/td>\n<td style=\"width: 44.0165%;height: 22px\"><a href=\"mailto:cristina.guandalini_nospam@bo.infn.it\">cristina.guandalini[at]bo.infn.it<\/a><\/td>\n<\/tr>\n<tr style=\"height: 22px\">\n<td style=\"width: 29.9558%;height: 22px\">Officina Meccanica:<\/td>\n<td style=\"width: 27.5477%;height: 22px\">\u00a0<\/td>\n<td style=\"width: 44.0165%;height: 22px\">\u00a0<\/td>\n<\/tr>\n<tr style=\"height: 22px\">\n<td style=\"width: 29.9558%;height: 22px\">\u00a0<\/td>\n<td style=\"width: 27.5477%;height: 22px\">Anselmo Margotti<\/td>\n<td style=\"width: 44.0165%;height: 22px\"><a href=\"mailto:anselmo.margotti_nospam@bo.infn.it\">anselmo.margotti[at]bo.infn.it<\/a><\/td>\n<\/tr>\n<tr style=\"height: 22px\">\n<td style=\"width: 29.9558%;height: 22px\">\u00a0<\/td>\n<td style=\"width: 27.5477%;height: 22px\">Giulio Pancaldi<\/td>\n<td style=\"width: 44.0165%;height: 22px\"><a href=\"mailto:giulio.pancaldi_nospam@bo.infn.it\">giulio.pancaldi[at]bo.infn.it<\/a><\/td>\n<\/tr>\n<tr style=\"height: 22px\">\n<td style=\"width: 29.9558%;height: 22px\">Servizio di Elettronica:<\/td>\n<td style=\"width: 27.5477%;height: 22px\">\u00a0<\/td>\n<td style=\"width: 44.0165%;height: 22px\">\u00a0<\/td>\n<\/tr>\n<tr style=\"height: 22px\">\n<td style=\"width: 29.9558%;height: 22px\">\u00a0<\/td>\n<td style=\"width: 27.5477%;height: 22px\">Luigi Degli Esposti<\/td>\n<td style=\"width: 44.0165%;height: 22px\"><a href=\"mailto:luigi.degliesposti_nospam@bo.infn.it\">luigi.degliesposti[at]bo.infn.it<\/a><\/td>\n<\/tr>\n<tr style=\"height: 22px\">\n<td style=\"width: 29.9558%;height: 22px\">\u00a0<\/td>\n<td style=\"width: 27.5477%;height: 22px\">Mauro Lolli<\/td>\n<td style=\"width: 44.0165%;height: 22px\"><a href=\"mailto:mauro.lolli_nospam@bo.infn.it\">mauro.lolli[at]bo.infn.it<\/a><\/td>\n<\/tr>\n<tr style=\"height: 23px\">\n<td style=\"width: 29.9558%;height: 23px\">\u00a0<\/td>\n<td style=\"width: 27.5477%;height: 23px\">Giuliano Pellegrini<\/td>\n<td style=\"width: 44.0165%;height: 23px\"><a href=\"mailto:giuliano.pellegrini_nospam@bo.infn.it\">giuliano.pellegrini[at]bo.infn.it<\/a><\/td>\n<\/tr>\n<\/tbody>\n<\/table>\n<\/div>\n\n\n\n<p><strong><span style=\"font-family: Open Sans\">Link utili<\/span><\/strong><\/p>\n<p>\u00a0<\/p>\n","protected":false},"excerpt":{"rendered":"<p>Short Baseline Neutrino (SBN) Il programma internazionale Short Baseline Neutrino (SBN) al Fermilab si occuper\u00e0 di studiare le propriet\u00e0 dei neutrini e in particolare il cambio di sapore di un neutrino durante la propagazione attraverso lo spazio-tempo.&nbsp; Nato da una proposta congiunta, presentata da tre collaborazioni scientifiche, si proporne di dare una risposta definitiva sull\u2019esistenza [&hellip;]<\/p>\n","protected":false},"author":48,"featured_media":0,"parent":0,"menu_order":0,"comment_status":"closed","ping_status":"closed","template":"template-page-builder-no-sidebar.php","meta":{"_lmt_disableupdate":"no","_lmt_disable":"","footnotes":""},"class_list":["post-37142","page","type-page","status-publish","hentry"],"_links":{"self":[{"href":"\/gruppo2\/wp-json\/wp\/v2\/pages\/37142","targetHints":{"allow":["GET"]}}],"collection":[{"href":"\/gruppo2\/wp-json\/wp\/v2\/pages"}],"about":[{"href":"\/gruppo2\/wp-json\/wp\/v2\/types\/page"}],"author":[{"embeddable":true,"href":"\/gruppo2\/wp-json\/wp\/v2\/users\/48"}],"replies":[{"embeddable":true,"href":"\/gruppo2\/wp-json\/wp\/v2\/comments?post=37142"}],"version-history":[{"count":32,"href":"\/gruppo2\/wp-json\/wp\/v2\/pages\/37142\/revisions"}],"predecessor-version":[{"id":38887,"href":"\/gruppo2\/wp-json\/wp\/v2\/pages\/37142\/revisions\/38887"}],"wp:attachment":[{"href":"\/gruppo2\/wp-json\/wp\/v2\/media?parent=37142"}],"curies":[{"name":"wp","href":"https:\/\/api.w.org\/{rel}","templated":true}]}}