{"id":38320,"date":"2020-07-06T11:24:52","date_gmt":"2020-07-06T09:24:52","guid":{"rendered":"\/gruppo2\/?page_id=38320"},"modified":"2023-02-13T18:21:23","modified_gmt":"2023-02-13T17:21:23","slug":"antares-it","status":"publish","type":"page","link":"\/gruppo2\/antares-it\/","title":{"rendered":"ANTARES"},"content":{"rendered":"\n<h1 class=\"has-text-align-center\"><span class=\"tadv-color\" style=\"color: #007bb3;\"><strong>ANTARES<\/strong><\/span><\/h1>\n\n\n\n<figure class=\"wp-block-image size-large\"><img loading=\"lazy\" decoding=\"async\" width=\"1024\" height=\"768\" src=\"\/gruppo2\/wp-content\/uploads\/sites\/18\/2020\/07\/antares-pub-6144x4608-1-1024x768.jpg\" alt=\"\" class=\"wp-image-38292\" srcset=\"\/gruppo2\/wp-content\/uploads\/sites\/18\/2020\/07\/antares-pub-6144x4608-1-1024x768.jpg 1024w, \/gruppo2\/wp-content\/uploads\/sites\/18\/2020\/07\/antares-pub-6144x4608-1-300x225.jpg 300w, \/gruppo2\/wp-content\/uploads\/sites\/18\/2020\/07\/antares-pub-6144x4608-1-768x576.jpg 768w, \/gruppo2\/wp-content\/uploads\/sites\/18\/2020\/07\/antares-pub-6144x4608-1-1536x1152.jpg 1536w, \/gruppo2\/wp-content\/uploads\/sites\/18\/2020\/07\/antares-pub-6144x4608-1-2048x1536.jpg 2048w\" sizes=\"auto, (max-width: 1024px) 100vw, 1024px\" \/><figcaption class=\"wp-element-caption\">Visione d&#8217;artista del telescopio ANTARES ((c) F.Montanet, CNRS\/IN2P3 and UJF for Antares.)<\/figcaption><\/figure>\n\n\n\n<p><img loading=\"lazy\" decoding=\"async\" class=\"wp-image-38340 alignright\" src=\"\/gruppo2\/wp-content\/uploads\/sites\/18\/2020\/07\/Schermata-2020-07-05-alle-20.46.32-1-300x176.png\" alt=\"\" width=\"275\" height=\"161\" srcset=\"\/gruppo2\/wp-content\/uploads\/sites\/18\/2020\/07\/Schermata-2020-07-05-alle-20.46.32-1-300x176.png 300w, \/gruppo2\/wp-content\/uploads\/sites\/18\/2020\/07\/Schermata-2020-07-05-alle-20.46.32-1-1024x599.png 1024w, \/gruppo2\/wp-content\/uploads\/sites\/18\/2020\/07\/Schermata-2020-07-05-alle-20.46.32-1-768x450.png 768w, \/gruppo2\/wp-content\/uploads\/sites\/18\/2020\/07\/Schermata-2020-07-05-alle-20.46.32-1.png 1206w\" sizes=\"auto, (max-width: 275px) 100vw, 275px\" \/>Il telescopio di neutrini <a href=\"https:\/\/antares.in2p3.fr\/\" data-wpel-link=\"external\" target=\"_blank\" rel=\"nofollow external noopener noreferrer\" title=\"Open page in new tab ANTARES\">ANTARES<\/a> \u00e8 un rivelatore Cherenkov sottomarino in attivit\u00e0 dal 2008 nelle profondit\u00e0 del Mar Mediterraneo, a circa 2500 metri sotto il livello del mare, al largo della costa meridionale francese (<strong>42\u00b048&#8217;N, 6\u00b010&#8217;E )<\/strong><\/p>\n\n\n\n<p>L&#8217;obiettivo primario di <a href=\"https:\/\/antares.in2p3.fr\/\" data-wpel-link=\"external\" target=\"_blank\" rel=\"nofollow external noopener noreferrer\" title=\"Open page in new tab ANTARES\">ANTARES<\/a> \u00e8 l&#8217;identificazione di neutrini di alta energia di origine astrofisica. La possibilit\u00e0 di emergere dalle zone pi\u00f9 dense dell&#8217;interno di oggetti astrofisici remoti e la capacit\u00e0 di attraversare distanze enormi senza subire interazioni ed essere deflessi dai campi magnetici intergalattici, rendono i neutrini delle sonde ideali per studiare i meccanismi di produzione e accelerazione delle particelle ultra energetiche che raggiungono continuamente l&#8217;atmosfera terrestre, i raggi cosmici.<\/p>\n\n\n\n<p>Inoltre, la coincidenza tra l&#8217;arrivo di neutrini di alta energia e altri eventi energetici  come l&#8217;emissione di onde gravitazionali, la rivelazione di fotoni di diverse lunghezze d&#8217;onda, l&#8217;arrivo di raggi cosmici di energie elevatissime possono fornire informazioni preziose sui meccanismi agenti all&#8217;interno di regioni dell&#8217;Universo difficilmente accessibili, aprendo il nuovo campo dell&#8217;astronomia multimessaggera.<\/p>\n\n\n\n<p>A energie pi\u00f9 basse, i neutrini possono essere il prodotto finale della annichilazione di particelle componenti la materia oscura non-barionica,  intrappolate gravitazionalmente nel centro della Terra, del Sole o della nostra Galassia.  <\/p>\n\n\n\n<p>Infine,  i telescopi di neutrini rappresentano un utile strumento di monitoraggio dell&#8217;ambiente marino abissale, grazie alla possibilit\u00e0 di  inviare a terra, in tempo reale e per lunghi periodi, le misure di diversi parametri fisici a profondit\u00e0 difficilmente raggiungibili.<\/p>\n\n\n\n<p>ANTARES \u00e8 nella lista dei <a href=\"https:\/\/greybook.cern.ch\/greybook\/experiment\/recognized\" data-wpel-link=\"external\" target=\"_blank\" rel=\"nofollow external noopener noreferrer\" title=\"Open page in new tab Recognized Experiments\">Recognized Experiments<\/a> al <a href=\"https:\/\/home.cern\/\" data-wpel-link=\"external\" target=\"_blank\" rel=\"nofollow external noopener noreferrer\" title=\"Open page in new tab CERN\">CERN<\/a>.<\/p>\n\n\n\n<p><span style=\"font-family: Open Sans; font-size: 21px;\"><strong>ANTARES a Bologna &#8211; attivit\u00e0<\/strong><\/span><\/p>\n\n\n\n<p>L&#8217;attivit\u00e0 del gruppo di Bologna \u00e8 rivolta principalmente all&#8217;analisi dei dati per la ricerca di neutrini e alla simulazione Monte Carlo. Il gruppo di Bologna ha ricoperto e tuttora porta avanti incarichi di responsabilit\u00e0 nella collaborazione.<\/p>\n<span class=\"collapseomatic noarrow\" id=\"passato\"  tabindex=\"0\" alt=\"Informazioni su Attivit\u00e0 passate del Gruppo\" title=\"Informazioni su Attivit\u00e0 passate del Gruppo\"    ><strong>+ Attivit\u00e0 passate del Gruppo<\/strong><\/span><span id='swap-passato'  class='colomat-swap' style='display:none;'><strong>- Attivit\u00e0 passate del Gruppo<\/strong><\/span><div id=\"target-passato\" class=\"collapseomatic_content \">\n<ul>\n<li>Un ruolo particolarmente importante \u00e8 stato svolto da <strong>Stefano Cecchini<\/strong> (<strong>Quality Control Manager<\/strong>) soprattutto nel periodo di costruzione dell&#8217;apparato, con la messa a punto del sistema di Quality Control e Quality Assurance. la sua attivit\u00e0 pu\u00f2 essere considerata quasi pionieristica, se si tiene conto che all&#8217;epoca, all&#8217;inizio degli anni 2000, le tematiche legate ai controlli di qualit\u00e0 nell&#8217;ambito degli esperimenti di fisica delle alte energie erano ancora in una fase iniziale di sviluppo.<\/li>\n<li><strong>Maurizio Spurio<\/strong> dal 2014 ricopre il ruolo di <strong>Deputy Spokesman<\/strong>.<\/li>\n<li><strong>Annarita Margiotta<\/strong>, dal 2008 e per oltre 10 anni, ha guidato il Simulation Working Group, coordinando tutte le attivit\u00e0 legate alla messa a punto della catena di simulazione e alla produzione di grandi quantit\u00e0 di eventi simulati. I risultati di questa attivit\u00e0 sono utilizzati nella maggior parte degli articoli scientifici pubblicati dalla collaborazione. Attualmente, dal 2016, riveste il ruolo di <strong>Chairperson dell&#8217;Institute Board<\/strong>, l&#8217;organismo che riunisce i rappresentanti degli istituti che fanno parte della Collaborazione.<\/li>\n<\/ul>\n<\/div>\n\n\n\n<p><\/p>\n<span class=\"collapseomatic noarrow\" id=\"presente\"  tabindex=\"0\" alt=\"Informazioni su Responsabilit\u00e0 del Gruppo\" title=\"Informazioni su Responsabilit\u00e0 del Gruppo\"    ><strong>+ Responsabilit\u00e0 del Gruppo<\/strong><\/span><span id='swap-presente'  class='colomat-swap' style='display:none;'><strong>- Responsabilit\u00e0 del Gruppo<\/strong><\/span><div id=\"target-presente\" class=\"collapseomatic_content \">\n<figure class=\"wp-block-table aligncenter\">\n<table class=\"has-fixed-layout\" style=\"width: 100%; height: 593px;\">\n<tbody>\n<tr style=\"height: 187px;\">\n<td style=\"width: 33.2759%; height: 187px;\">\n<p style=\"text-align: left;\"><strong>Responsabile locale<\/strong><\/p>\n<p><strong>Chairperson dell&#8217;Institute Board<\/strong>&nbsp;&nbsp;&nbsp;<\/p>\n<\/td>\n<td class=\"has-text-align-left\" style=\"width: 33.2759%; height: 187px;\" data-align=\"left\">Annarita Margiotta<\/td>\n<td style=\"width: 33.2759%; height: 187px;\">annarita.margiotta[at]unibo.it<\/td>\n<\/tr>\n<tr style=\"height: 58px;\">\n<td style=\"width: 33.2759%; height: 58px;\"><strong>Quality Control Manager<\/strong><\/td>\n<td class=\"has-text-align-left\" style=\"width: 33.2759%; height: 58px;\" data-align=\"left\">Stefano Cecchini<\/td>\n<td style=\"width: 33.2759%; height: 58px;\">stefano.cecchini[at]bo.infn.it<\/td>\n<\/tr>\n<tr style=\"height: 58px;\">\n<td style=\"width: 33.2759%; height: 58px;\">&nbsp;<\/td>\n<td class=\"has-text-align-left\" style=\"width: 33.2759%; height: 58px;\" data-align=\"left\">Tommaso Chiarusi<\/td>\n<td style=\"width: 33.2759%; height: 58px;\">tommaso.chiarusi[at]bo.infn.it<\/td>\n<\/tr>\n<tr style=\"height: 58px;\">\n<td style=\"width: 33.2759%; height: 58px;\">&nbsp;<\/td>\n<td class=\"has-text-align-left\" style=\"width: 33.2759%; height: 58px;\" data-align=\"left\">Francesco Filippini<\/td>\n<td style=\"width: 33.2759%; height: 58px;\">francesco.filippini9[at]studio.unibo.it<\/td>\n<\/tr>\n<tr style=\"height: 58px;\">\n<td style=\"width: 33.2759%; height: 58px;\">&nbsp;<\/td>\n<td class=\"has-text-align-left\" style=\"width: 33.2759%; height: 58px;\" data-align=\"left\">Giuseppe Levi<\/td>\n<td style=\"width: 33.2759%; height: 58px;\">giuseppe.levi[at]unibo.it<\/td>\n<\/tr>\n<tr style=\"height: 58px;\">\n<td style=\"width: 33.2759%; height: 58px;\">&nbsp;<\/td>\n<td class=\"has-text-align-left\" style=\"width: 33.2759%; height: 58px;\" data-align=\"left\">Carmelo Pellegrino<\/td>\n<td style=\"width: 33.2759%; height: 58px;\">carmelo.pellegrino[at]bo.infn.it<\/td>\n<\/tr>\n<tr style=\"height: 58px;\">\n<td style=\"width: 33.2759%; height: 58px;\"><strong>Deputy Spokesperson<\/strong><\/td>\n<td class=\"has-text-align-left\" style=\"width: 33.2759%; height: 58px;\" data-align=\"left\">Maurizio Spurio<\/td>\n<td style=\"width: 33.2759%; height: 58px;\">maurizio.spurio[at]unibo.it<\/td>\n<\/tr>\n<tr style=\"height: 58px;\">\n<td style=\"width: 33.2759%; height: 58px;\">&nbsp;<\/td>\n<td class=\"has-text-align-left\" style=\"width: 33.2759%; height: 58px;\" data-align=\"left\">Federico Versari<\/td>\n<td style=\"width: 33.2759%; height: 58px;\">federico.versari[at]unibo.it<\/td>\n<\/tr>\n<\/tbody>\n<\/table>\n<\/figure>\n<\/div>\n","protected":false},"excerpt":{"rendered":"<p>ANTARES Il telescopio di neutrini ANTARES \u00e8 un rivelatore Cherenkov sottomarino in attivit\u00e0 dal 2008 nelle profondit\u00e0 del Mar Mediterraneo, a circa 2500 metri sotto il livello del mare, al largo della costa meridionale francese (42\u00b048&#8217;N, 6\u00b010&#8217;E ) L&#8217;obiettivo primario di ANTARES \u00e8 l&#8217;identificazione di neutrini di alta energia di origine astrofisica. La possibilit\u00e0 di [&hellip;]<\/p>\n","protected":false},"author":60,"featured_media":0,"parent":0,"menu_order":0,"comment_status":"closed","ping_status":"closed","template":"template-page-builder-no-sidebar.php","meta":{"_lmt_disableupdate":"no","_lmt_disable":"","footnotes":""},"class_list":["post-38320","page","type-page","status-publish","hentry"],"_links":{"self":[{"href":"\/gruppo2\/wp-json\/wp\/v2\/pages\/38320","targetHints":{"allow":["GET"]}}],"collection":[{"href":"\/gruppo2\/wp-json\/wp\/v2\/pages"}],"about":[{"href":"\/gruppo2\/wp-json\/wp\/v2\/types\/page"}],"author":[{"embeddable":true,"href":"\/gruppo2\/wp-json\/wp\/v2\/users\/60"}],"replies":[{"embeddable":true,"href":"\/gruppo2\/wp-json\/wp\/v2\/comments?post=38320"}],"version-history":[{"count":46,"href":"\/gruppo2\/wp-json\/wp\/v2\/pages\/38320\/revisions"}],"predecessor-version":[{"id":38690,"href":"\/gruppo2\/wp-json\/wp\/v2\/pages\/38320\/revisions\/38690"}],"wp:attachment":[{"href":"\/gruppo2\/wp-json\/wp\/v2\/media?parent=38320"}],"curies":[{"name":"wp","href":"https:\/\/api.w.org\/{rel}","templated":true}]}}