{"id":38821,"date":"2025-06-04T10:13:39","date_gmt":"2025-06-04T08:13:39","guid":{"rendered":"\/gruppo2\/?page_id=38821"},"modified":"2025-06-10T11:59:00","modified_gmt":"2025-06-10T09:59:00","slug":"virgo","status":"publish","type":"page","link":"\/gruppo2\/virgo\/","title":{"rendered":"VIRGO"},"content":{"rendered":"\n<h3 style=\"text-align: center;\"><span style=\"color: #007bb3; font-family: Open Sans; font-size: x-large;\"><b>VIRGO<\/b><\/span><\/h3>\n<p data-start=\"45\" data-end=\"312\"><span style=\"font-family: 'Open Sans';\">Virgo \u00e8 un interferometro laser con due bracci perpendicolari lunghi 3 km: il suo scopo \u00e8 rilevare le onde gravitazionali provenienti da sorgenti astrofisiche. \u00c8 ospitato presso l&#8217;Osservatorio Gravitazionale Europeo (EGO), nella campagna vicino a Pisa, in Italia.<\/span><\/p>\n<p data-start=\"314\" data-end=\"777\"><img loading=\"lazy\" decoding=\"async\" class=\"alignnone size-medium wp-image-38830 aligncenter\" src=\"\/gruppo2\/wp-content\/uploads\/sites\/18\/2025\/05\/08-300x199.jpg\" alt=\"Vista di Virgo presso EGO\" width=\"300\" height=\"199\" srcset=\"\/gruppo2\/wp-content\/uploads\/sites\/18\/2025\/05\/08-300x199.jpg 300w, \/gruppo2\/wp-content\/uploads\/sites\/18\/2025\/05\/08-1024x678.jpg 1024w, \/gruppo2\/wp-content\/uploads\/sites\/18\/2025\/05\/08-768x508.jpg 768w, \/gruppo2\/wp-content\/uploads\/sites\/18\/2025\/05\/08-1536x1017.jpg 1536w, \/gruppo2\/wp-content\/uploads\/sites\/18\/2025\/05\/08.jpg 1600w\" sizes=\"auto, (max-width: 300px) 100vw, 300px\" \/><br data-start=\"344\" data-end=\"347\" \/><span style=\"font-family: 'Open Sans';\">Il rivelatore \u00e8 un interferometro di Michelson, capace di rilevare le minuscole variazioni di lunghezza nei suoi due bracci da 3 km (1,9 miglia) indotte dal passaggio delle onde gravitazionali. La precisione richiesta \u00e8 raggiunta grazie a numerosi sistemi che lo isolano dal mondo esterno, tra cui il mantenimento degli specchi e della strumentazione in ultra-alto vuoto e la loro sospensione tramite complessi sistemi di pendoli.<\/span><\/p>\n<figure id=\"attachment_38834\" aria-describedby=\"caption-attachment-38834\" style=\"width: 300px\" class=\"wp-caption aligncenter\"><img loading=\"lazy\" decoding=\"async\" class=\"size-medium wp-image-38834\" src=\"\/gruppo2\/wp-content\/uploads\/sites\/18\/2025\/05\/AdVirgo_NorthTube_201601_0058-300x200.jpg\" alt=\"\" width=\"300\" height=\"200\" srcset=\"\/gruppo2\/wp-content\/uploads\/sites\/18\/2025\/05\/AdVirgo_NorthTube_201601_0058-300x200.jpg 300w, \/gruppo2\/wp-content\/uploads\/sites\/18\/2025\/05\/AdVirgo_NorthTube_201601_0058-1024x682.jpg 1024w, \/gruppo2\/wp-content\/uploads\/sites\/18\/2025\/05\/AdVirgo_NorthTube_201601_0058-768x511.jpg 768w, \/gruppo2\/wp-content\/uploads\/sites\/18\/2025\/05\/AdVirgo_NorthTube_201601_0058-1536x1022.jpg 1536w, \/gruppo2\/wp-content\/uploads\/sites\/18\/2025\/05\/AdVirgo_NorthTube_201601_0058.jpg 1600w\" sizes=\"auto, (max-width: 300px) 100vw, 300px\" \/><figcaption id=\"caption-attachment-38834\" class=\"wp-caption-text\">Uno dei due tunnel lunghi 3 km dove la luce dei laser si propaga<\/figcaption><\/figure>\n<p data-start=\"779\" data-end=\"1179\" data-is-last-node=\"\" data-is-only-node=\"\"><br data-start=\"846\" data-end=\"849\" \/><span style=\"font-family: 'Open Sans';\">La Collaborazione Virgo lavora insieme agli scienziati della Collaborazione Scientifica LIGO e della Collaborazione KAGRA per formare la Collaborazione LIGO-Virgo-KAGRA (LVK). La Collaborazione LVK \u00e8 una rete di scienziati che coordina e collabora sia nell\u2019operazione dei rivelatori che nella produzione dei risultati scientifici.<\/span><\/p>\n<h4 data-start=\"779\" data-end=\"1179\"><span style=\"font-family: 'Open Sans';\">Attivita&#8217;<\/span><\/h4>\n<p data-start=\"779\" data-end=\"1179\" data-is-last-node=\"\" data-is-only-node=\"\"><span style=\"font-family: 'Open Sans';\">Il gruppo Virgo di Bologna \u00e8 formato da diversi colleghi del \u201cDipartimento di Fisica e Astronomia \u2018Augusto Righi\u2019 dell\u2019Alma Mater Studiorum &#8211; Universit\u00e0 di Bologna\u201d (DIFA), e della \u201cSezione di Bologna dell\u2019Istituto Nazionale di Fisica Nucleare\u201d (INFN-Bo), ed \u00e8 entrato a far parte della collaborazione Virgo nel febbraio 2025.<\/span><br data-start=\"373\" data-end=\"376\" \/><span style=\"font-family: 'Open Sans';\">Gli interessi scientifici e tecnologici sono distribuiti su diversi ambiti di ricerca e coprono tutte le principali attivit\u00e0 di Virgo, come segue.<\/span><\/p>\n<p data-start=\"55\" data-end=\"75\"><span style=\"font-family: 'Open Sans';\"><strong data-start=\"55\" data-end=\"75\">Analisi dei Dati<\/strong><\/span><\/p>\n<p data-start=\"77\" data-end=\"1679\"><span style=\"font-family: 'Open Sans';\">Gli interessi principali riguardano l&#8217;utilizzo delle onde gravitazionali (GW) come sonde cosmologiche, la ricerca di segnali transitori (brevi e lunghi) e l&#8217;astrofisica multi-messaggera. Inoltre, \u00e8 previsto un contributo attraverso lo sviluppo di pipeline per l\u2019analisi di GW simulate e di dati multi-messaggeri, incluso lo studio e l\u2019implementazione di pipeline innovative basate su approcci di Machine Learning. L\u2019attivit\u00e0 del gruppo sar\u00e0 inserita nell\u2019analisi CBC con il contributo di nuove forme d\u2019onda. L\u2019attivit\u00e0 include la ricerca di evidenze di discretizzazione dell\u2019area nei dati delle coalescenze di sistemi binari compatti (CBC). A partire dalle forme d\u2019onda previste dalla Relativit\u00e0 Generale (GR), l\u2019obiettivo \u00e8 calcolare gli effetti suggeriti dalla quantizzazione dell\u2019area. Ci\u00f2 comporta l\u2019uso di una metrica specifica sviluppata da colleghi in India e INFN-Bologna, che incorpora una scala di lunghezza fondamentale nello spaziotempo. Lo scopo \u00e8 stimare una nuova forma d\u2019onda che includa questi effetti. Questa forma d\u2019onda modificata sar\u00e0 poi applicata ai dati per determinare se la GR standard sia sufficiente entro i margini di errore o se vi siano indizi che richiedano l\u2019inclusione di tali effetti di quantizzazione.<\/span><br data-start=\"1314\" data-end=\"1317\" \/><span style=\"font-family: 'Open Sans';\">L\u2019analisi burst si concentrer\u00e0 su due aree principali: il miglioramento e l\u2019ottimizzazione della pipeline burst WDF per la ricerca all-sky di segnali brevi e la sua applicazione alla ricerca di segnali da collasso di supernovae (CCSN). Inoltre, verr\u00e0 integrato uno stadio di machine learning nella pipeline WDF per analizzare le coincidenze tra i tre rivelatori.<\/span><\/p>\n<p data-start=\"1681\" data-end=\"1692\"><span style=\"font-family: 'Open Sans';\"><strong data-start=\"1681\" data-end=\"1692\">Calcolo<\/strong><\/span><\/p>\n<p data-start=\"1694\" data-end=\"2314\"><span style=\"font-family: 'Open Sans';\">L\u2019interesse principale \u00e8 lo sviluppo di schede elettroniche basate su FPGA e del relativo firmware, per implementare flussi di lavoro a bassa latenza e progettazione di algoritmi paralleli, acquisizione dati (DAQ) in tempo reale\/online e processamento dati, sincronizzazione temporale con la tecnologia White Rabbit per una temporizzazione accuratissima e stabilit\u00e0 dell\u2019orologio, tecniche software e di calcolo incluso l\u2019uso di workflow di Intelligenza Artificiale e la progettazione di modelli di dati e calcolo. Collaboreremo anche con il centro CNAF per l\u2019implementazione di pipeline di ricerca GW e multimessaggera.<\/span><\/p>\n<p data-start=\"2316\" data-end=\"2330\"><span style=\"font-family: 'Open Sans';\"><strong data-start=\"2316\" data-end=\"2330\">Operazioni<\/strong><\/span><\/p>\n<p data-start=\"2332\" data-end=\"2813\"><span style=\"font-family: 'Open Sans';\"><strong data-start=\"2332\" data-end=\"2368\">Caratterizzazione del Rivelatore<\/strong><\/span><br data-start=\"2368\" data-end=\"2371\" \/><span style=\"font-family: 'Open Sans';\">I membri con grande esperienza nell\u2019analisi dei dati Virgo per lo studio del rumore del rivelatore potranno contribuire all\u2019analisi del rumore Virgo e al testing di nuove pipeline per la classificazione dei segnali transitori dovuti al rumore. Lo studio e la messa in produzione di soluzioni basate su ML per l\u2019identificazione dei glitch far\u00e0 parte dell\u2019attivit\u00e0 del gruppo DIFA-INFN, con l\u2019obiettivo di supportare il gruppo di noise hunting.<\/span><\/p>\n<p data-start=\"2815\" data-end=\"2829\"><span style=\"font-family: 'Open Sans';\"><strong data-start=\"2815\" data-end=\"2829\">Rivelatore<\/strong><\/span><\/p>\n<ul>\n<li data-start=\"2831\" data-end=\"3127\"><span style=\"font-family: 'Open Sans';\"><strong data-start=\"2831\" data-end=\"2858\">Rivestimenti (Coating):<\/strong> studi esplorativi su materiali come ossidi, utili anche come attivit\u00e0 di R&amp;S per Virgo Next.<\/span><\/li>\n<li data-start=\"2831\" data-end=\"3127\"><span style=\"font-family: 'Open Sans';\"><strong data-start=\"2954\" data-end=\"2970\">Elettronica:<\/strong> membri del gruppo sono gi\u00e0 coinvolti nello studio e produzione di schede elettroniche per SAT in collaborazione con altri gruppi della collaborazione Virgo.<\/span><\/li>\n<\/ul>\n<p><span style=\"font-family: 'Open Sans';\"><strong data-start=\"3129\" data-end=\"3152\">Commissioning (ENV)<\/strong><\/span><br data-start=\"3152\" data-end=\"3155\" \/><span style=\"font-family: 'Open Sans';\">Il gruppo di geofisica del DIFA vanta un\u2019esperienza decennale nella modellizzazione teorica e nell\u2019analisi del rumore sismico e ambientale. Le sue applicazioni hanno riguardato la caratterizzazione del suolo e l\u2019imaging della litosfera, l\u2019inversione congiunta di deformazioni e risposte sismiche, la rilevazione e comprensione di processi ambientali a bassissima frequenza e profondi della Terra. La ricerca si basa sia su modellizzazione che su esperimenti, fornendo vincoli ideali per la riduzione del rumore e la caratterizzazione del rivelatore. Contribuiremo all\u2019ulteriore caratterizzazione del sito tramite competenze in sismicit\u00e0 e rumore sismico, stabilit\u00e0 dei versanti e frane, studi dello stress in situ, determinazioni di spostamenti verticali ad alta precisione mediante gravimetria di nuova generazione, modelli di deformazione.<\/span><\/p>\n<p data-start=\"3998\" data-end=\"4024\"><span style=\"font-family: 'Open Sans';\"><strong data-start=\"3998\" data-end=\"4024\">Formazione e Didattica<\/strong><\/span><\/p>\n<p data-start=\"4026\" data-end=\"4371\" data-is-last-node=\"\" data-is-only-node=\"\"><span style=\"font-family: 'Open Sans';\">Attraverso i corsi di Laurea, Magistrale e Dottorato del DIFA (con oltre 130 studenti iscritti ogni anno) e il contributo dell\u2019unit\u00e0 INFN e dell\u2019INAF al dottorato DIFA, il gruppo avr\u00e0 anche un ruolo unico nell\u2019offrire un ambiente formativo dove studenti e giovani ricercatori potranno acquisire competenze all\u2019interno della collaborazione Virgo.<\/span><\/p>\n<h4 style=\"text-align: left;\"><span style=\"font-family: 'Open Sans';\"><strong><span style=\"font-size: 18px;\">Il gruppo VIRGO a Bologna<\/span><\/strong><\/span><\/h4>\n<table style=\"border-collapse: collapse; width: 0%; height: 1997px;\" border=\"1\">\n<tbody>\n<tr style=\"height: 23px;\">\n<td style=\"width: 15.833333%; height: 23px;\"><span style=\"font-family: 'Open Sans';\"><strong>Member<\/strong><\/span><\/td>\n<td style=\"width: 11.190477%; height: 23px;\"><span style=\"font-family: 'Open Sans';\"><strong>Role<\/strong><\/span><\/td>\n<td style=\"width: 22.97619%; height: 23px;\"><span style=\"font-family: 'Open Sans';\"><strong>Main \u00a0Institution<\/strong><\/span><\/td>\n<td style=\"width: 25%; height: 23px;\"><span style=\"font-family: 'Open Sans';\"><strong>Virgo Role<\/strong><\/span><\/td>\n<td style=\"width: 12.5%; height: 23px;\"><span style=\"font-family: 'Open Sans';\"><strong>Interests<\/strong><\/span><\/td>\n<\/tr>\n<tr style=\"height: 164px;\">\n<td style=\"width: 15.833333%; height: 164px;\"><span style=\"font-family: 'Open Sans';\">Elena Cuoco<\/span><\/td>\n<td style=\"width: 11.190477%; height: 164px;\"><span style=\"font-family: 'Open Sans';\">Professore Ordinario<\/span><\/td>\n<td style=\"width: 22.97619%; height: 164px;\"><span style=\"font-family: 'Open Sans';\">DIFA<\/span><\/td>\n<td style=\"width: 25%; height: 164px;\"><span style=\"font-family: 'Open Sans';\">Group Leader<\/span><\/td>\n<td style=\"width: 12.5%; height: 164px;\">\n<div>\n<p class=\"TableParagraph\"><span style=\"font-family: 'Open Sans';\"><span lang=\"EN-US\">Data analysis: Burst analysis<\/span><span lang=\"EN-US\">, Machine Learning, detector characterization <\/span><\/span><\/p>\n<\/div>\n<\/td>\n<\/tr>\n<tr style=\"height: 46px;\">\n<td style=\"width: 15.833333%; height: 46px;\"><span style=\"font-family: 'Open Sans';\">Riccardo Travaglini<\/span><\/td>\n<td style=\"width: 11.190477%; height: 46px;\"><span style=\"font-family: 'Open Sans';\">Primo tecnologo<\/span><\/td>\n<td style=\"width: 22.97619%; height: 46px;\"><span style=\"font-family: 'Open Sans';\">INFN-BO<\/span><\/td>\n<td style=\"width: 25%; height: 46px;\"><span style=\"font-family: 'Open Sans';\">INFN-BO local representative<\/span><\/td>\n<td style=\"width: 12.5%; height: 46px;\"><span style=\"font-family: 'Open Sans';\">Electronics: Mirror Position Control<\/span><\/td>\n<\/tr>\n<tr style=\"height: 69px;\">\n<td style=\"width: 15.833333%; height: 69px;\" width=\"89\">\n<p><span style=\"font-family: 'Open Sans';\">Gabriele Balbi<\/span><\/p>\n<\/td>\n<td style=\"width: 11.190477%; height: 69px;\"><span style=\"font-family: 'Open Sans';\">Tecnologo<\/span><\/td>\n<td style=\"width: 22.97619%; height: 69px;\"><span style=\"font-family: 'Open Sans';\">INFN-BO\u00a0<\/span><\/td>\n<td style=\"width: 25%; height: 69px;\">\u00a0<\/td>\n<td style=\"width: 12.5%; height: 69px;\"><span style=\"font-family: 'Open Sans';\">Electronics: Mirror Position Control<\/span><\/td>\n<\/tr>\n<tr style=\"height: 102px;\">\n<td style=\"width: 15.833333%; height: 102px;\" width=\"89\">\n<p><span style=\"font-family: 'Open Sans';\">Alessandro Pesci<\/span><\/p>\n<\/td>\n<td style=\"width: 11.190477%; height: 102px;\"><span style=\"font-family: 'Open Sans';\">Primo Ricercatore<\/span><\/td>\n<td style=\"width: 22.97619%; height: 102px;\"><span style=\"font-family: 'Open Sans';\">INFN-BO\u00a0<\/span><\/td>\n<td style=\"width: 25%; height: 102px;\">\u00a0<\/td>\n<td style=\"width: 12.5%; height: 102px;\">\n<div><span lang=\"EN-US\" style=\"font-family: 'Open Sans';\">Data analysis: CBC <\/span><\/div>\n<\/td>\n<\/tr>\n<tr style=\"height: 69px;\">\n<td style=\"width: 15.833333%; height: 69px;\" width=\"89\">\n<p><span style=\"font-family: 'Open Sans';\">Nicola Borghi\u00a0<\/span><\/p>\n<\/td>\n<td style=\"width: 11.190477%; height: 69px;\"><span style=\"font-family: 'Open Sans';\">Assegnista di ricerca<\/span><\/td>\n<td style=\"width: 22.97619%; height: 69px;\"><span style=\"font-family: 'Open Sans';\">DIFA<\/span><\/td>\n<td style=\"width: 25%; height: 69px;\">\u00a0<\/td>\n<td style=\"width: 12.5%; height: 69px;\">\n<div><span lang=\"EN-US\" style=\"font-family: 'Open Sans';\">Data analysis: Cosmology <\/span><\/div>\n<\/td>\n<\/tr>\n<tr>\n<td style=\"width: 15.8333%;\">\n<p><span style=\"font-family: 'Open Sans';\">Matteo Tagliazucchi<\/span><\/p>\n<\/td>\n<td style=\"width: 11.1905%;\"><span style=\"font-family: 'Open Sans';\">Dottorando<\/span><\/td>\n<td style=\"width: 22.9762%;\"><span style=\"font-family: 'Open Sans';\">DIFA<\/span><\/td>\n<td style=\"width: 25%;\">\u00a0<\/td>\n<td style=\"width: 12.5%;\">\n<div><span lang=\"EN-US\" style=\"font-family: 'Open Sans';\">Data analysis: Cosmology<\/span><\/div>\n<\/td>\n<\/tr>\n<tr style=\"height: 102px;\">\n<td style=\"width: 15.833333%; height: 102px;\" width=\"89\">\n<p><span style=\"font-family: 'Open Sans';\">Maurizio Spurio<\/span><\/p>\n<\/td>\n<td style=\"width: 11.190477%; height: 102px;\"><span style=\"font-family: 'Open Sans';\">Professore Ordinario<\/span><\/td>\n<td style=\"width: 22.97619%; height: 102px;\"><span style=\"font-family: 'Open Sans';\">DIFA<\/span><\/td>\n<td style=\"width: 25%; height: 102px;\">\u00a0<\/td>\n<td style=\"width: 12.5%; height: 102px;\">\n<div><span lang=\"EN-US\" style=\"font-family: 'Open Sans';\">Data Analysis: Multimessenger physics. External coincidences <\/span><\/div>\n<\/td>\n<\/tr>\n<tr style=\"height: 102px;\">\n<td style=\"width: 15.833333%; height: 102px;\" width=\"89\">\n<p><span style=\"font-family: 'Open Sans';\">Annarita Margiotta<\/span><\/p>\n<\/td>\n<td style=\"width: 11.190477%; height: 102px;\"><span style=\"font-family: 'Open Sans';\">Professoressa associata<\/span><\/td>\n<td style=\"width: 22.97619%; height: 102px;\"><span style=\"font-family: 'Open Sans';\">DIFA<\/span><\/td>\n<td style=\"width: 25%; height: 102px;\">\u00a0<\/td>\n<td style=\"width: 12.5%; height: 102px;\">\n<div><span lang=\"EN-US\" style=\"font-family: 'Open Sans';\">Data Analysis: Multimessenger physics. External coincidences <\/span><\/div>\n<\/td>\n<\/tr>\n<tr style=\"height: 102px;\">\n<td style=\"width: 15.833333%; height: 102px;\" width=\"89\">\n<p><span style=\"font-family: 'Open Sans';\">Beatrice Fraboni<\/span><\/p>\n<\/td>\n<td style=\"width: 11.190477%; height: 102px;\"><span style=\"font-family: 'Open Sans';\">Professore Ordinario<\/span><\/td>\n<td style=\"width: 22.97619%; height: 102px;\"><span style=\"font-family: 'Open Sans';\">DIFA<\/span><\/td>\n<td style=\"width: 25%; height: 102px;\">\u00a0<\/td>\n<td style=\"width: 12.5%; height: 102px;\">\n<div><span lang=\"EN-US\" style=\"font-family: 'Open Sans';\">Detector: Coating techniques<\/span><\/div>\n<\/td>\n<\/tr>\n<tr style=\"height: 69px;\">\n<td style=\"width: 15.833333%; height: 69px;\" width=\"89\">\n<p><span style=\"font-family: 'Open Sans';\">Sara Cepic<\/span><\/p>\n<\/td>\n<td style=\"width: 11.190477%; height: 69px;\"><span style=\"font-family: 'Open Sans';\">Dottoranda<\/span><\/td>\n<td style=\"width: 22.97619%; height: 69px;\"><span style=\"font-family: 'Open Sans';\">DIFA<\/span><\/td>\n<td style=\"width: 25%; height: 69px;\">\u00a0<\/td>\n<td style=\"width: 12.5%; height: 69px;\">\n<div><span lang=\"EN-US\" style=\"font-family: 'Open Sans';\">Detector: Coating techniques<\/span><\/div>\n<\/td>\n<\/tr>\n<tr style=\"height: 69px;\">\n<td style=\"width: 15.833333%; height: 69px;\" width=\"89\">\n<p><span style=\"font-family: 'Open Sans';\">Luca Pasquini<\/span><\/p>\n<\/td>\n<td style=\"width: 11.190477%; height: 69px;\"><span style=\"font-family: 'Open Sans';\">Professore Ordinario<\/span><\/td>\n<td style=\"width: 22.97619%; height: 69px;\"><span style=\"font-family: 'Open Sans';\">DIFA<\/span><\/td>\n<td style=\"width: 25%; height: 69px;\">\u00a0<\/td>\n<td style=\"width: 12.5%; height: 69px;\">\n<div><span lang=\"EN-US\" style=\"font-family: 'Open Sans';\">Detector: Coating techniques<\/span><\/div>\n<\/td>\n<\/tr>\n<tr style=\"height: 102px;\">\n<td style=\"width: 15.833333%; height: 102px;\" width=\"89\">\n<p><span style=\"font-family: 'Open Sans';\">Daniele Bonacorsi<\/span><\/p>\n<\/td>\n<td style=\"width: 11.190477%; height: 102px;\"><span style=\"font-family: 'Open Sans';\">Professore Ordinario<\/span><\/td>\n<td style=\"width: 22.97619%; height: 102px;\"><span style=\"font-family: 'Open Sans';\">DIFA<\/span><\/td>\n<td style=\"width: 25%; height: 102px;\">\u00a0<\/td>\n<td style=\"width: 12.5%; height: 102px;\">\n<div><span lang=\"EN-US\" style=\"font-family: 'Open Sans';\">Low latency. Low latency system architecture <\/span><\/div>\n<\/td>\n<\/tr>\n<tr style=\"height: 201px;\">\n<td style=\"width: 15.833333%; height: 201px;\" width=\"89\">\n<p><span style=\"font-family: 'Open Sans';\">Luca De Siena<\/span><\/p>\n<\/td>\n<td style=\"width: 11.190477%; height: 201px;\"><span style=\"font-family: 'Open Sans';\">Professore Associato<\/span><\/td>\n<td style=\"width: 22.97619%; height: 201px;\"><span style=\"font-family: 'Open Sans';\">DIFA<\/span><\/td>\n<td style=\"width: 25%; height: 201px;\">\u00a0<\/td>\n<td style=\"width: 12.5%; height: 201px;\">\n<p style=\"font-weight: 400;\"><span style=\"font-family: 'Open Sans';\">Detector characterization &#8220;Monitoring known or new DQ issues&#8221; <span style=\"font-size: inherit;\">Commissioning\/ENV<\/span><\/span><\/p>\n<\/td>\n<\/tr>\n<tr style=\"height: 201px;\">\n<td style=\"width: 15.833333%; height: 201px;\" width=\"89\">\n<p><span style=\"font-family: 'Open Sans';\">Enrico Paolucci\u00a0<\/span><\/p>\n<\/td>\n<td style=\"width: 11.190477%; height: 201px;\"><span style=\"font-family: 'Open Sans';\">RTDA<\/span><\/td>\n<td style=\"width: 22.97619%; height: 201px;\"><span style=\"font-family: 'Open Sans';\">DIFA<\/span><\/td>\n<td style=\"width: 25%; height: 201px;\">\u00a0<\/td>\n<td style=\"width: 12.5%; height: 201px;\">\n<p style=\"font-weight: 400;\"><span style=\"font-family: 'Open Sans';\">Detector characterization &#8220;Monitoring known or new DQ issues&#8221; <span style=\"font-size: inherit;\">Commissioning\/ENV<\/span><\/span><\/p>\n<\/td>\n<\/tr>\n<tr style=\"height: 135px;\">\n<td style=\"width: 15.833333%; height: 135px;\">\n<p><span style=\"font-family: 'Open Sans';\">Enrico Gianfranco Campari<\/span><\/p>\n<\/td>\n<td style=\"width: 11.190477%; height: 135px;\"><span style=\"font-family: 'Open Sans';\">Professore Associato<\/span><\/td>\n<td style=\"width: 22.97619%; height: 135px;\"><span style=\"font-family: 'Open Sans';\">DIFA<\/span><\/td>\n<td style=\"width: 25%; height: 135px;\">\u00a0<\/td>\n<td style=\"width: 12.5%; height: 135px;\">\n<p style=\"font-weight: 400;\"><span lang=\"EN-US\" style=\"font-family: 'Open Sans';\">Detector: Coating techniques<\/span><\/p>\n<\/td>\n<\/tr>\n<tr style=\"height: 102px;\">\n<td style=\"width: 15.833333%; height: 102px;\">\n<p><span style=\"font-family: 'Open Sans';\">Simone Dall&#8217;Osso<\/span><\/p>\n<\/td>\n<td style=\"width: 11.190477%; height: 102px;\">\u00a0<\/td>\n<td style=\"width: 22.97619%; height: 102px;\"><span style=\"font-family: 'Open Sans';\">INAF<\/span><\/td>\n<td style=\"width: 25%; height: 102px;\">\u00a0<\/td>\n<td style=\"width: 12.5%; height: 102px;\">\n<p style=\"font-weight: 400;\">\u00a0<\/p>\n<\/td>\n<\/tr>\n<tr style=\"height: 102px;\">\n<td style=\"width: 15.833333%; height: 102px;\">\n<p><span style=\"font-family: 'Open Sans';\">Antonio Ghinassi<\/span><\/p>\n<\/td>\n<td style=\"width: 11.190477%; height: 102px;\"><span style=\"font-family: 'Open Sans';\">Laureando<\/span><\/td>\n<td style=\"width: 22.97619%; height: 102px;\"><span style=\"font-family: 'Open Sans';\">DIFA<\/span><\/td>\n<td style=\"width: 25%; height: 102px;\">\u00a0<\/td>\n<td style=\"width: 12.5%; height: 102px;\">\n<p style=\"font-weight: 400;\"><span style=\"font-family: 'Open Sans';\"><span lang=\"EN-US\">Data analysis: <\/span><span lang=\"EN-US\">Machine Learning<\/span><\/span><\/p>\n<\/td>\n<\/tr>\n<tr style=\"height: 135px;\">\n<td style=\"width: 15.833333%; height: 135px;\">\n<p><span style=\"font-family: 'Open Sans';\">Maria Giuliana Stratta<\/span><\/p>\n<\/td>\n<td style=\"width: 11.190477%; height: 135px;\"><span style=\"font-family: 'Open Sans';\">Ricercatrice<\/span><\/td>\n<td style=\"width: 22.97619%; height: 135px;\"><span style=\"font-family: 'Open Sans';\">INAF<\/span><\/td>\n<td style=\"width: 25%; height: 135px;\">\u00a0<\/td>\n<td style=\"width: 12.5%; height: 135px;\">\n<p style=\"font-weight: 400;\">\u00a0<\/p>\n<\/td>\n<\/tr>\n<tr style=\"height: 102px;\">\n<td style=\"width: 15.833333%; height: 102px;\">\n<p><span style=\"font-family: 'Open Sans';\">Giovanni Mastropasqua<\/span><\/p>\n<\/td>\n<td style=\"width: 11.190477%; height: 102px;\"><span style=\"font-family: 'Open Sans';\">Tecnico Elettronico<\/span><\/td>\n<td style=\"width: 22.97619%; height: 102px;\"><span style=\"font-family: 'Open Sans';\">INFN-BO<\/span><\/td>\n<td style=\"width: 25%; height: 102px;\">\u00a0<\/td>\n<td style=\"width: 12.5%; height: 102px;\">\n<p style=\"font-weight: 400;\"><span style=\"font-family: 'Open Sans';\">Electronics: Mirror Position Control<\/span><\/p>\n<\/td>\n<\/tr>\n<\/tbody>\n<\/table>\n<h4><span style=\"font-family: 'Open Sans';\">Immagini e Link<\/span><\/h4>\n<figure id=\"attachment_38859\" aria-describedby=\"caption-attachment-38859\" style=\"width: 300px\" class=\"wp-caption alignnone\"><img loading=\"lazy\" decoding=\"async\" class=\"size-medium wp-image-38859\" src=\"\/gruppo2\/wp-content\/uploads\/sites\/18\/2025\/05\/7fed5baa-1af3-4316-80cb-e3d600b526c1-300x138.jpeg\" alt=\"\" width=\"300\" height=\"138\" srcset=\"\/gruppo2\/wp-content\/uploads\/sites\/18\/2025\/05\/7fed5baa-1af3-4316-80cb-e3d600b526c1-300x138.jpeg 300w, \/gruppo2\/wp-content\/uploads\/sites\/18\/2025\/05\/7fed5baa-1af3-4316-80cb-e3d600b526c1-1024x472.jpeg 1024w, \/gruppo2\/wp-content\/uploads\/sites\/18\/2025\/05\/7fed5baa-1af3-4316-80cb-e3d600b526c1-768x354.jpeg 768w, \/gruppo2\/wp-content\/uploads\/sites\/18\/2025\/05\/7fed5baa-1af3-4316-80cb-e3d600b526c1-1536x707.jpeg 1536w, \/gruppo2\/wp-content\/uploads\/sites\/18\/2025\/05\/7fed5baa-1af3-4316-80cb-e3d600b526c1.jpeg 2048w\" sizes=\"auto, (max-width: 300px) 100vw, 300px\" \/><figcaption id=\"caption-attachment-38859\" class=\"wp-caption-text\">Alcuni membri del gruppo di Bologna in visita a Virgo<\/figcaption><\/figure>\n","protected":false},"excerpt":{"rendered":"<p>VIRGO Virgo \u00e8 un interferometro laser con due bracci perpendicolari lunghi 3 km: il suo scopo \u00e8 rilevare le onde gravitazionali provenienti da sorgenti astrofisiche. \u00c8 ospitato presso l&#8217;Osservatorio Gravitazionale Europeo (EGO), nella campagna vicino a Pisa, in Italia. Il rivelatore \u00e8 un interferometro di Michelson, capace di rilevare le minuscole variazioni di lunghezza nei [&hellip;]<\/p>\n","protected":false},"author":57,"featured_media":0,"parent":0,"menu_order":0,"comment_status":"closed","ping_status":"closed","template":"template-page-builder-no-sidebar.php","meta":{"_lmt_disableupdate":"no","_lmt_disable":"","footnotes":""},"class_list":["post-38821","page","type-page","status-publish","hentry"],"_links":{"self":[{"href":"\/gruppo2\/wp-json\/wp\/v2\/pages\/38821","targetHints":{"allow":["GET"]}}],"collection":[{"href":"\/gruppo2\/wp-json\/wp\/v2\/pages"}],"about":[{"href":"\/gruppo2\/wp-json\/wp\/v2\/types\/page"}],"author":[{"embeddable":true,"href":"\/gruppo2\/wp-json\/wp\/v2\/users\/57"}],"replies":[{"embeddable":true,"href":"\/gruppo2\/wp-json\/wp\/v2\/comments?post=38821"}],"version-history":[{"count":10,"href":"\/gruppo2\/wp-json\/wp\/v2\/pages\/38821\/revisions"}],"predecessor-version":[{"id":38877,"href":"\/gruppo2\/wp-json\/wp\/v2\/pages\/38821\/revisions\/38877"}],"wp:attachment":[{"href":"\/gruppo2\/wp-json\/wp\/v2\/media?parent=38821"}],"curies":[{"name":"wp","href":"https:\/\/api.w.org\/{rel}","templated":true}]}}