{"id":36659,"date":"2020-05-07T14:39:25","date_gmt":"2020-05-07T12:39:25","guid":{"rendered":"\/gruppo3\/?page_id=36659"},"modified":"2023-02-20T12:01:00","modified_gmt":"2023-02-20T11:01:00","slug":"alice-it","status":"publish","type":"page","link":"\/gruppo3\/alice-it\/","title":{"rendered":"ALICE"},"content":{"rendered":"\n<p><span style=\"color: #003366;font-family: arial, helvetica, sans-serif;font-size: 18pt\"><strong>ALICE: Un microsecondo dopo il Big Bang<\/strong><\/span><\/p>\n<p>Responsabile Locale:\n<br>\n<span class=\"collapseomatic noarrow\" id=\"Pietro_Antonioli\"  tabindex=\"0\" alt=\"Informazioni su Pietro Antonioli\" title=\"Informazioni su Pietro Antonioli\"    ><strong>+ Pietro Antonioli<\/strong><\/span><span id='swap-Pietro_Antonioli'  class='colomat-swap' style='display:none;'><strong>- Pietro Antonioli<\/strong><\/span><div id=\"target-Pietro_Antonioli\" class=\"collapseomatic_content \">\n<a class=\"\" href=\"mailto:Pietro.Antonioli_nospam@bo.infn.it\">E-Mail: Pietro.Antonioli@bo.infn.it<\/a><br class=\"\">Tel: +39-051-2091123<br class=\"\">Sede: Irnerio\n<\/div>\n<\/p>\n\n\n\n<div id=\"c6675\" class=\"frame frame-default frame-type-textmedia frame-layout-0\">\n<div class=\"ce-textpic ce-left ce-intext\">\n<div class=\"ce-bodytext\">\n<figure id=\"EsperimentoAlice\" aria-describedby=\"caption-EsperimentoAlice\" style=\"width: 300px\" class=\"wp-caption alignleft\"><a href=\"\/gruppo3\/wp-content\/uploads\/sites\/19\/2020\/05\/LRsaba_CERN_0212_3221.jpg\" data-wpel-link=\"internal\" target=\"_self\" rel=\"nofollow noopener noreferrer\" title=\"Open page \"><img loading=\"lazy\" decoding=\"async\" title=\"Immagine dell'Esperimento Alice al CERN\" src=\"\/gruppo3\/wp-content\/uploads\/sites\/19\/2020\/05\/LRsaba_CERN_0212_3221.jpg\" alt=\"Immagine dell'Esperimento Alice al CERN\" width=\"300\" height=\"259\"><\/a><figcaption id=\"caption-EsperimentoAlice\" class=\"wp-caption-text\">Credits: CERN. Photograph: Antonio Saba<\/figcaption><\/figure>\n<\/div>\n<\/div>\n<\/div>\n<div id=\"c6672\" class=\"frame frame-default frame-type-textmedia frame-layout-0\"><header>\n<p><a href=\"https:\/\/home.cern\/science\/experiments\/alice\" data-wpel-link=\"external\" target=\"_blank\" rel=\"nofollow external noopener noreferrer\" title=\"Open page in new tab ALICE\"><b>ALICE<\/b><\/a><span style=\"font-weight: 400;\"> (A Large Ion Collider Experiment) \u00e8 uno dei quattro grandi esperimenti al collisionatore <\/span><a href=\"https:\/\/home.cern\/science\/accelerators\/large-hadron-collider\" data-wpel-link=\"external\" target=\"_blank\" rel=\"nofollow external noopener noreferrer\" title=\"Open page in new tab LHC\"><b>LHC<\/b><\/a><span style=\"font-weight: 400;\"> (Large Hadron Collider) del CERN. Il principale scopo sperimentale della Collaborazione ALICE \u00e8 legato alla comprensione dei fenomeni non-perturbativi della QCD (quantum chromodynamics, la teoria delle interazioni forti), lo studio della transizione di fase QCD ad alta temperatura e densit\u00e0 di energia e la caratterizzazione delle propriet\u00e0 dinamiche e termodinamiche del <\/span><a href=\"https:\/\/home.cern\/science\/physics\/heavy-ions-and-quark-gluon-plasma\" data-wpel-link=\"external\" target=\"_blank\" rel=\"nofollow external noopener noreferrer\" title=\"Open page in new tab QGP\"><b>QGP<\/b><\/a> <span style=\"font-weight: 400;\">(quark-gluon plasma).&nbsp;<\/span><\/p>\n<p><span style=\"font-weight: 400;\">Secondo la cosmologia del Big Bang, l&#8217;Universo si \u00e8 evoluto da uno stato iniziale di estrema temperatura e densit\u00e0 di energia al suo stato attuale. Le collisioni di ioni pesanti a LHC (nuclei di atomi di piombo) permettono di ricreare in laboratorio queste condizioni estreme che portano alla transizione di fase QCD e quindi alla formazione del QGP, offrendo la possibilit\u00e0 di osservare l&#8217;aspetto dell&#8217;Universo all&#8217;incirca un milionesimo di secondo dopo il Big Bang. Uno degli aspetti pi\u00f9 affascinanti legati allo studio del QGP \u00e8 la possibilit\u00e0 di studiare e comprendere come fenomeni collettivi e propriet\u00e0 macroscopiche di sistemi complessi emergono dall&#8217;evoluzione dinamica degli stessi e dalle leggi microscopiche della fisica, convalidate negli ultimi decenni dal successo del <\/span><a href=\"https:\/\/home.cern\/science\/physics\/standard-model\" data-wpel-link=\"external\" target=\"_blank\" rel=\"nofollow external noopener noreferrer\" title=\"Open page in new tab Modello Standard\"><span style=\"font-weight: 400;\">Modello Standard<\/span><\/a><span style=\"font-weight: 400;\">.<\/span><\/p>\n<figure style=\"width: 300px\" class=\"wp-caption alignright\"><a href=\"\/gruppo3\/wp-content\/uploads\/sites\/19\/2020\/05\/tof-2006-011-scaled-1-scaled.jpg\" data-wpel-link=\"internal\" target=\"_self\" rel=\"nofollow noopener noreferrer\" title=\"Open page \"><img loading=\"lazy\" decoding=\"async\" title=\"Particolare Esperimento Alice TOF\" src=\"\/gruppo3\/wp-content\/uploads\/sites\/19\/2020\/05\/tof-2006-011-scaled-1-scaled.jpg\" alt=\"Particolare Esperimento Alice TOF\" width=\"300\" height=\"237\"><\/a><figcaption class=\"wp-caption-text\">Credits: CERN. Photograph: Antonio Saba<\/figcaption><\/figure>\n<p><span style=\"font-weight: 400;\">Il gruppo ALICE di Bologna ha sviluppato, costruito e mantiene in presa dati il rivelatore di tempo di volo <\/span><a href=\"https:\/\/alice-collaboration.web.cern.ch\/node\/34978\" target=\"_blank\" rel=\"noopener nofollow external noreferrer\" data-wpel-link=\"external\" title=\"Open page in new tab TOF\"><b>TOF<\/b><\/a> <span style=\"font-weight: 400;\">(Time-Of-Flight) di ALICE, un rivelatore di grandi dimensioni (circa 140 metri quadri) e ad alta segmentazione (pi\u00f9 di 150.000 canali di lettura) unico al mondo. L\u2019apparato ricopre la regione centrale dell\u2019esperimento ALICE con strip di rivelatori<\/span><b> MRPC<\/b><span style=\"font-weight: 400;\"> ad altissime prestazioni e fornisce informazioni cruciali circa l\u2019identit\u00e0 delle particelle emesse nelle violentissime collisioni di LHC, contribuendo quindi a una serie molto assortita di misure di fisica.<\/span><\/p>\n<\/header><\/div>\n","protected":false},"excerpt":{"rendered":"<p>ALICE: Un microsecondo dopo il Big Bang Responsabile Locale: ALICE (A Large Ion Collider Experiment) \u00e8 uno dei quattro grandi esperimenti al collisionatore LHC (Large Hadron Collider) del CERN. Il principale scopo sperimentale della Collaborazione ALICE \u00e8 legato alla comprensione dei fenomeni non-perturbativi della QCD (quantum chromodynamics, la teoria delle interazioni forti), lo studio della [&hellip;]<\/p>\n","protected":false},"author":63,"featured_media":36662,"parent":0,"menu_order":0,"comment_status":"closed","ping_status":"closed","template":"template-page-builder-no-sidebar.php","meta":{"_lmt_disableupdate":"no","_lmt_disable":"","footnotes":""},"class_list":["post-36659","page","type-page","status-publish","has-post-thumbnail","hentry"],"_links":{"self":[{"href":"\/gruppo3\/wp-json\/wp\/v2\/pages\/36659","targetHints":{"allow":["GET"]}}],"collection":[{"href":"\/gruppo3\/wp-json\/wp\/v2\/pages"}],"about":[{"href":"\/gruppo3\/wp-json\/wp\/v2\/types\/page"}],"author":[{"embeddable":true,"href":"\/gruppo3\/wp-json\/wp\/v2\/users\/63"}],"replies":[{"embeddable":true,"href":"\/gruppo3\/wp-json\/wp\/v2\/comments?post=36659"}],"version-history":[{"count":29,"href":"\/gruppo3\/wp-json\/wp\/v2\/pages\/36659\/revisions"}],"predecessor-version":[{"id":37546,"href":"\/gruppo3\/wp-json\/wp\/v2\/pages\/36659\/revisions\/37546"}],"wp:featuredmedia":[{"embeddable":true,"href":"\/gruppo3\/wp-json\/wp\/v2\/media\/36662"}],"wp:attachment":[{"href":"\/gruppo3\/wp-json\/wp\/v2\/media?parent=36659"}],"curies":[{"name":"wp","href":"https:\/\/api.w.org\/{rel}","templated":true}]}}