{"id":36707,"date":"2020-05-20T07:58:49","date_gmt":"2020-05-20T05:58:49","guid":{"rendered":"\/gruppo3\/?page_id=36707"},"modified":"2023-02-20T11:47:59","modified_gmt":"2023-02-20T10:47:59","slug":"foot","status":"publish","type":"page","link":"\/gruppo3\/foot\/","title":{"rendered":"FOOT"},"content":{"rendered":"\n<h2 class=\"wp-block-heading\">FOOT<\/h2>\n\n\n\n<div class=\"\"><span class=\"\" style=\"font-family: LucidaGrande\"><span style=\"font-family: Open Sans\">Responsabile locale:<\/span> &nbsp;<span style=\"font-family: Open Sans\">\n<br>\n<span class=\"collapseomatic noarrow\" id=\"Roberto_Spighi\"  tabindex=\"0\" alt=\"Informazioni su Roberto Spighi\" title=\"Informazioni su Roberto Spighi\"    ><strong>+ Roberto Spighi<\/strong><\/span><span id='swap-Roberto_Spighi'  class='colomat-swap' style='display:none;'><strong>- Roberto Spighi<\/strong><\/span><div id=\"target-Roberto_Spighi\" class=\"collapseomatic_content \">\n<\/span> <\/span><span style=\"font-family: Open Sans\"><a class=\"\" href=\"mailto:Roberto.Spighi_nospam@bo.infn.it\"><span style=\"font-family: Open Sans;font-size: 16px\">E-Mail: Roberto.Spighi@bo.infn.it<\/span><\/a><\/span><br class=\"\"><span class=\"\" style=\"font-family: Open Sans\">Tel: +39-051-2091148<\/span><br class=\"\"><span class=\"\"><span style=\"font-family: Open Sans\">Sede: Irnerio\n<\/div>\n<\/span><\/span><\/div>\n\n\n\n<p><br>L\u2019obiettivo principale dell\u2019esperimento FOOT (FragmentatiOn Of Target) \u00e8 quello di migliorare la precisione dell&#8217;adroterapia, un&#8217;innovativa tecnica di radioterapia contro i tumori, studiando a fondo le interazioni tra i nuclei del corpo umano e le particelle utilizzate nel trattamento. Le particelle usate in adroterapia (principalmente protoni e ioni carbonio), grazie alle loro propriet\u00e0, hanno il vantaggio di danneggiare i tessuti in maniera localizzata, permettendo cos\u00ec di concentrare il danno nelle zone dove \u00e8 presente il tumore risparmiando i tessuti sani. Tuttavia i frammenti nucleari prodotti in alcune interazioni possono essere una fonte importante di danno biologico, sia per le cellule tumorali che per quelle sane ed \u00e8 dunque fondamentale conoscere e descrivere tali processi in maniera approfondita per poter effettuare un trattamento medico il pi\u00f9 efficace e sicuro possibile.<\/p>\n\n\n\n<div class=\"wp-block-ideabox-image-comparison\"><div class=\"ib-image-comparison label-pos--middle twentytwenty-container\" data-offset=\"0.5\" data-orientation=\"horizontal\" data-before=\"Before\" data-after=\"After\" data-no-overlay=\"false\" data-on-hover=\"false\" data-on-swipe=\"false\" data-on-click=\"true\" style=\"--ibic-label-color:#ffffff;--ibic-label-bg-color:rgba(255, 255, 255, 0);--ibic-overlay-color:rgba(0, 0, 0, 0);--ibic-overlay-hover-color:rgba(0, 0, 0, 0)\"><img decoding=\"async\" src=\"\/gruppo3\/wp-content\/uploads\/sites\/19\/2021\/11\/brain-comparison-slider-traditional.png\" alt=\"brain comparison traditional\" class=\"ib-image-comparison-img\"\/><img decoding=\"async\" src=\"\/gruppo3\/wp-content\/uploads\/sites\/19\/2021\/11\/brain-comparison-slider-protontherapy.png\" alt=\"brain comparison protontherapy\" class=\"ib-image-comparison-img\"\/><\/div><\/div>\n\n\n\n<p class=\"has-text-align-center\"><em>Confronto tra adroterapia e radioterapia convenzionale per un tumore al cervello.<br><a href=\"https:\/\/provisionhealthcare.com\/about-proton-therapy\/advantages-of-proton\/\" target=\"_blank\" rel=\"noreferrer noopener nofollow external\" data-wpel-link=\"external\" title=\"Open page in new tab https:\/\/provisionhealthcare.com\/about-proton-therapy\/advantages-of-proton\/\">https:\/\/provisionhealthcare.com\/about-proton-therapy\/advantages-of-proton\/<\/a><\/em><\/p>\n\n\n\n<p><\/p>\n\n\n\n<p>FOOT misurer\u00e0 con grande precisione (inferiore al 5%) la sezione d\u2019urto della frammentazione nucleare di ioni leggeri come quelli che pi\u00f9 abbondano nel nostro organismo (carbonio, ossigeno, azoto). Attualmente sono infatti assenti misure sperimentali alle energie utilizzate nei trattamenti di adroterapia (100-300 MeV\/n). La precisione dei modelli teorici non \u00e8 infatti sufficiente da sola a garantire un\u2019accuratezza soddisfacente durante il trattamento dei pazienti.<\/p>\n\n\n<div class=\"wp-block-image is-style-default\">\n<figure class=\"alignright size-large is-resized\"><img loading=\"lazy\" decoding=\"async\" src=\"\/gruppo3\/wp-content\/uploads\/sites\/19\/2020\/05\/Screenshot-from-2020-05-27-17-17-06.png\" alt=\"\" class=\"wp-image-37089\" width=\"433\" height=\"280\" srcset=\"\/gruppo3\/wp-content\/uploads\/sites\/19\/2020\/05\/Screenshot-from-2020-05-27-17-17-06.png 1015w, \/gruppo3\/wp-content\/uploads\/sites\/19\/2020\/05\/Screenshot-from-2020-05-27-17-17-06-300x195.png 300w, \/gruppo3\/wp-content\/uploads\/sites\/19\/2020\/05\/Screenshot-from-2020-05-27-17-17-06-768x499.png 768w\" sizes=\"auto, (max-width: 433px) 100vw, 433px\" \/><figcaption class=\"wp-element-caption\">Setup elettronico dell&#8217;esperimento FOOT<\/figcaption><\/figure>\n<\/div>\n\n\n<p class=\"has-text-align-left\">L&#8217;esperimento FOOT, grazie alla sua versatilit\u00e0, studier\u00e0 anche tali interazioni ad energie pi\u00f9 alte per ottimizzare la schermatura dei veicoli spaziali in vista delle future esplorazioni nel Sistema Solare.<br>Le radiazioni presenti nello spazio (raggi cosmici o particelle generate dal Sole) diventano importanti non appena ci si allontana dalla Terra e in alcune situazioni potrebbero rivelarsi addirittura letali per gli astronauti.<br>FOOT misurer\u00e0 quindi le sezioni d&#8217;urto di frammentazione nucleare nel range 700-1000 MeV\/n proprio per caratterizzare il comportamento di alcuni materiali che ad oggi sono dei potenziali candidati per schermare gli astronauti all&#8217;interno dei veicoli spaziali dalle radiazioni.<\/p>\n\n\n\n<p>Il gruppo della sezione di Bologna si occupa di molti aspetti all&#8217;interno dell&#8217;esperimento: analisi dati, acquisizione dati (DAQ), ricostruzione globale delle tracce e rivelazione di neutroni. Attualmente i membri della sezione ricoprono ruoli di primo piano nell&#8217;ambito dell&#8217;esperimento FOOT: physics coordinator, DAQ coordinator e editorial board coordinator. <\/p>\n","protected":false},"excerpt":{"rendered":"<p>FOOT Responsabile locale: &nbsp; L\u2019obiettivo principale dell\u2019esperimento FOOT (FragmentatiOn Of Target) \u00e8 quello di migliorare la precisione dell&#8217;adroterapia, un&#8217;innovativa tecnica di radioterapia contro i tumori, studiando a fondo le interazioni tra i nuclei del corpo umano e le particelle utilizzate nel trattamento. Le particelle usate in adroterapia (principalmente protoni e ioni carbonio), grazie alle loro [&hellip;]<\/p>\n","protected":false},"author":68,"featured_media":36839,"parent":0,"menu_order":0,"comment_status":"closed","ping_status":"closed","template":"template-page-builder-no-sidebar.php","meta":{"_lmt_disableupdate":"no","_lmt_disable":"","footnotes":""},"class_list":["post-36707","page","type-page","status-publish","has-post-thumbnail","hentry"],"_links":{"self":[{"href":"\/gruppo3\/wp-json\/wp\/v2\/pages\/36707","targetHints":{"allow":["GET"]}}],"collection":[{"href":"\/gruppo3\/wp-json\/wp\/v2\/pages"}],"about":[{"href":"\/gruppo3\/wp-json\/wp\/v2\/types\/page"}],"author":[{"embeddable":true,"href":"\/gruppo3\/wp-json\/wp\/v2\/users\/68"}],"replies":[{"embeddable":true,"href":"\/gruppo3\/wp-json\/wp\/v2\/comments?post=36707"}],"version-history":[{"count":33,"href":"\/gruppo3\/wp-json\/wp\/v2\/pages\/36707\/revisions"}],"predecessor-version":[{"id":37534,"href":"\/gruppo3\/wp-json\/wp\/v2\/pages\/36707\/revisions\/37534"}],"wp:featuredmedia":[{"embeddable":true,"href":"\/gruppo3\/wp-json\/wp\/v2\/media\/36839"}],"wp:attachment":[{"href":"\/gruppo3\/wp-json\/wp\/v2\/media?parent=36707"}],"curies":[{"name":"wp","href":"https:\/\/api.w.org\/{rel}","templated":true}]}}