{"id":37143,"date":"2020-05-28T08:59:48","date_gmt":"2020-05-28T06:59:48","guid":{"rendered":"\/gruppo3\/?page_id=37143"},"modified":"2023-02-20T12:28:19","modified_gmt":"2023-02-20T11:28:19","slug":"eic","status":"publish","type":"page","link":"\/gruppo3\/eic\/","title":{"rendered":"EIC"},"content":{"rendered":"\n<p><span style=\"color: #003366;font-family: arial, helvetica, sans-serif;font-size: 18pt\"><strong>EIC: Il microscopio pi\u00f9 potente al mondo<\/strong><\/span><\/p>\n<p>Responsabile Locale:\n<br>\n<span class=\"collapseomatic noarrow\" id=\"Roberto_Preghenella\"  tabindex=\"0\" alt=\"Informazioni su Roberto Preghenella\" title=\"Informazioni su Roberto Preghenella\"    ><strong>+ Roberto Preghenella<\/strong><\/span><span id='swap-Roberto_Preghenella'  class='colomat-swap' style='display:none;'><strong>- Roberto Preghenella<\/strong><\/span><div id=\"target-Roberto_Preghenella\" class=\"collapseomatic_content \">\n<a class=\"\" href=\"mailto:Roberto.Preghenella_nospam@bo.infn.it\">E-Mail: Roberto.Preghenella@bo.infn.it<\/a><br class=\"\">Tel: +39-051-2091123<br class=\"\">Sede: Irnerio<\/div>\n\n\n\n<div id=\"c6675\" class=\"frame frame-default frame-type-textmedia frame-layout-0\">\n<div class=\"ce-textpic ce-left ce-intext\">\n<div class=\"ce-bodytext\">&nbsp;<\/div>\n<\/div>\n<\/div>\n<div id=\"c6672\" class=\"frame frame-default frame-type-textmedia frame-layout-0\"><header>\n<figure style=\"width: 303px\" class=\"wp-caption alignleft\"><a href=\"\/gruppo3\/wp-content\/uploads\/sites\/19\/2020\/05\/eic.png\" data-wpel-link=\"internal\" target=\"_self\" rel=\"nofollow noopener noreferrer\" title=\"Open page \"><img loading=\"lazy\" decoding=\"async\" class=\"\" src=\"\/gruppo3\/wp-content\/uploads\/sites\/19\/2020\/05\/eic.png\" alt=\"\" width=\"303\" height=\"303\"><\/a><figcaption class=\"wp-caption-text\">Credits: \ufffcBrookhaven National Lab<\/figcaption><\/figure>\n<p><a href=\"https:\/\/www.bnl.gov\/eic\/\" data-wpel-link=\"external\" target=\"_blank\" rel=\"nofollow external noopener noreferrer\" title=\"Open page in new tab EIC\"><b>EIC<\/b><\/a><span style=\"font-weight: 400\"> (Electron Ion Collider) \u00e8 un futuro collisionatore elettrone-protone ed elettrone-ione da realizzarsi negli Stati Uniti in questo decennio e che \u00e8 previsto entrare in funzione nel 2030. L\u2019acceleratore costituisce il maggior progetto statunitense nel campo della fisica nucleare e sar\u00e0 sicuramente uno dei pi\u00f9 importanti strumenti scientifici nel futuro della fisica nucleare e subnucleare.<\/span><\/p>\n<p><span style=\"font-weight: 400\">EIC permetter\u00e0 di esplorare i segreti della QCD (quantum chromodynamics, la teoria delle interazioni forti) e di <\/span><b>comprendere da dove derivano la massa e lo spin<\/b><span style=\"font-weight: 400\"> dei nucleoni studiando come quark e gluoni \u2013 i mattoni fondamentali della QCD \u2013 si combinano in complesse interazioni che producono le propriet\u00e0 dei protoni e dei neutroni e della materia nucleare. Inoltre, le collisioni di elettroni e ioni saranno in grado di fornire formidabili <\/span><b>immagini tridimensionali dell\u2019interno dei nuclei<\/b><span style=\"font-weight: 400\"> ad altissima precisione.&nbsp;<\/span><\/p>\n<p><span style=\"font-weight: 400\">La comunit\u00e0 internazionale EIC coinvolge ricercatori sperimentali e teorici ed \u00e8 organizzata in un gruppo di lavoro \u2013 lo <\/span><a href=\"http:\/\/eicug.org\/\" data-wpel-link=\"external\" target=\"_blank\" rel=\"nofollow external noopener noreferrer\" title=\"Open page in new tab EIC User Group\"><b>EIC User Group<\/b><\/a><span style=\"font-weight: 400\"> \u2013 che comprende pi\u00f9 di 1000 fisici provenienti da pi\u00f9 di 200 laboratori e Universit\u00e0 di tutto il mondo. Nell\u2019anno 2018 i gruppi INFN interessati alla sperimentazione e alla costruzione di apparati di rivelazione presso EIC hanno dato vita al progetto EIC-NET, finanziato dall\u2019INFN, che manifesta l&#8217;ampio coinvolgimento dei fisici italiani. Nel gennaio 2020 il Department of Energy (DOE) degli Stati Uniti ha annunciato che la costruzione di EIC avverr\u00e0 presso il Brookhaven National Laboratory (BNL) situato a Upton, New York, a Long Island.<\/span><\/p>\n<p><span style=\"font-weight: 400\">Le attivit\u00e0 del gruppo di Bologna sono legate allo studio e sviluppo di rivelatori per l&#8217;identificazione di particelle ad alto impulso tramite la tecnica RICH (ring imaging Cherenkov). In particolare l\u2019interesse \u00e8 rivolto verso l\u2019identificazione di sensori ottici innovativi per la rivelazione di singoli fotoni Cherenkov, con particolare riguardo verso i sensori al silicio SiPM (silicon photomultiplier).<\/span><\/p>\n<\/header><\/div>\n","protected":false},"excerpt":{"rendered":"<p>EIC: Il microscopio pi\u00f9 potente al mondo Responsabile Locale: &nbsp; EIC (Electron Ion Collider) \u00e8 un futuro collisionatore elettrone-protone ed elettrone-ione da realizzarsi negli Stati Uniti in questo decennio e che \u00e8 previsto entrare in funzione nel 2030. L\u2019acceleratore costituisce il maggior progetto statunitense nel campo della fisica nucleare e sar\u00e0 sicuramente uno dei pi\u00f9 [&hellip;]<\/p>\n","protected":false},"author":63,"featured_media":0,"parent":0,"menu_order":0,"comment_status":"closed","ping_status":"closed","template":"template-page-builder-no-sidebar.php","meta":{"_lmt_disableupdate":"","_lmt_disable":"","footnotes":""},"class_list":["post-37143","page","type-page","status-publish","hentry"],"_links":{"self":[{"href":"\/gruppo3\/wp-json\/wp\/v2\/pages\/37143","targetHints":{"allow":["GET"]}}],"collection":[{"href":"\/gruppo3\/wp-json\/wp\/v2\/pages"}],"about":[{"href":"\/gruppo3\/wp-json\/wp\/v2\/types\/page"}],"author":[{"embeddable":true,"href":"\/gruppo3\/wp-json\/wp\/v2\/users\/63"}],"replies":[{"embeddable":true,"href":"\/gruppo3\/wp-json\/wp\/v2\/comments?post=37143"}],"version-history":[{"count":6,"href":"\/gruppo3\/wp-json\/wp\/v2\/pages\/37143\/revisions"}],"predecessor-version":[{"id":37573,"href":"\/gruppo3\/wp-json\/wp\/v2\/pages\/37143\/revisions\/37573"}],"wp:attachment":[{"href":"\/gruppo3\/wp-json\/wp\/v2\/media?parent=37143"}],"curies":[{"name":"wp","href":"https:\/\/api.w.org\/{rel}","templated":true}]}}