{"id":36688,"date":"2020-04-26T12:59:41","date_gmt":"2020-04-26T10:59:41","guid":{"rendered":"\/gruppo4\/?page_id=36688"},"modified":"2023-03-03T10:41:30","modified_gmt":"2023-03-03T09:41:30","slug":"qftatcolliders","status":"publish","type":"page","link":"\/gruppo4\/qftatcolliders\/","title":{"rendered":"QFT@Colliders"},"content":{"rendered":"\n<h2 style=\"text-align: center\"><span style=\"font-family: Open Sans;font-size: 28px;color: #007bb3\">QFT@Colliders<\/span><\/h2>\n<p style=\"text-align: center\"><span style=\"font-family: Open Sans;font-size: 16px;color: #007bb3\"><em><b>Teoria Quantistica dei Campi per la Fisica degli acceleratori<\/b><\/em><\/span><\/p>\n\n\n\n<hr>\n<p style=\"text-align: left;\"><span style=\"font-family: Open Sans;\"><strong>Responsabile locale: &nbsp; <\/strong><span style=\"font-family: 'Open Sans'; color: #007bb3; font-weight: 600;\"><span class=\"collapseomatic noarrow\" id=\"Gian_Paolo_Vacca\"  tabindex=\"0\" alt=\"Informazioni su Gian Paolo Vacca\" title=\"Informazioni su Gian Paolo Vacca\"    ><strong>+ Gian Paolo Vacca<\/strong><\/span><span id='swap-Gian_Paolo_Vacca'  class='colomat-swap' style='display:none;'><strong>Gian Paolo Vacca<\/strong><\/span><div id=\"target-Gian_Paolo_Vacca\" class=\"collapseomatic_content highlight\"> <\/span><span style=\"font-family: 'Open Sans'; color: inherit;\">E-Mail: <\/span><a style=\"font-family: 'Open Sans'; font-weight: 600;\" href=\"mailto:vacca_nospam@bo.infn.it\">vacca@bo.infn.it<\/a><br><span style=\"font-family: Open Sans; font-size: 16px;\">Tel: +39-051-2091097&nbsp;<br><\/span><span style=\"font-family: Open Sans; font-size: 16px;\">Sede: Irnerio<\/span><strong><span style=\"font-family: Open Sans; font-size: 16px;\"><br><\/span><\/strong><span style=\"font-family: Open Sans; font-size: 16px;\">Ufficio: 158<\/span><span style=\"font-family: Open Sans; font-size: 16px;\"><\/div><\/span><\/span><\/p>\n<hr>\n<p><span style=\"font-family: Open Sans;\"><a href=\"https:\/\/web.infn.it\/CSN4\/IS\/Linea2\/QFT@COLLIDERS\/index.html\" target=\"_blank\" rel=\"noopener noreferrer nofollow external\" data-wpel-link=\"external\" title=\"Open page in new tab Sito Web Nazionale\">Sito Web Nazionale<\/a><\/span><\/p>\n<p><a href=\"http:\/\/www-th.bo.infn.it\/activities\/qft@colliders\/\" target=\"_blank\" rel=\"noopener noreferrer nofollow external\" data-wpel-link=\"external\" title=\"Open page in new tab Sito Web Locale\"><span style=\"font-family: Open Sans;\">Sito Web Locale<\/span><\/a><\/p>\n\n\n\n<hr>\n<p style=\"text-align: center;\"><b><br><span style=\"font-family: Open Sans;\">Fenomenologia delle interazioni fondamentali<\/span><br><\/b><\/p>\n<p style=\"text-align: left;\"><span style=\"font-weight: 400; font-family: Open Sans;\">L&#8217;attuale conoscenza della fisica delle alte energie \u00e8 descritta all&#8217;interno del Modello Standard delle interazioni fondamentali (SM) che include sia le interazioni forti (QCD) nel regime perturbativo che non-perturbativo (come nella fisica adronica e nucleare) e le interazioni elettrodeboli. Una vasta gamma di esperimenti che&nbsp; impiegano fasci di particelle o ioni accelerati ad alte energie o di grande intensit\u00e0, come quelli in svolgimento presso i grandi laboratori internazionali come il CERN, il Fermilab, Brookhaven o esperimenti nello spazio, hanno confermato le previsioni effettuate con una precisione estremamente elevata ma molti interrogativi e problemi rimangono insoluti. Uno di questi \u00e8 la comprensione dinamica delle interazioni forti ad alta densit\u00e0.&nbsp; Un\u2019 altro&nbsp; riguarda la ricerca di nuova fisica attraverso misure precise in settori del Modello Standard ancora inesplorati come il potenziale di Higgs, il mixing e le masse dei neutrini, con tutte le implicazioni che queste misure possono avere sulla nostra comprensione dell\u2019origine,&nbsp; storia e stato del nostro Universo. <\/span><\/p>\n<p>&nbsp;<\/p>\n\n\n\n\n\n<hr>\n<h3 style=\"text-align: center;\"><span style=\"font-family: Open Sans;\">Attivit\u00e0 di Ricerca<\/span><\/h3>\n<p>&nbsp;<\/p>\n<span class=\"collapseomatic noarrow\" id=\"Fisica_di_precisione_ai_colliders\"  tabindex=\"0\" alt=\"Informazioni su Fisica di precisione ai colliders\" title=\"Informazioni su Fisica di precisione ai colliders\"    ><strong>+ Fisica di precisione ai colliders<\/strong><\/span><span id='swap-Fisica_di_precisione_ai_colliders'  class='colomat-swap' style='display:none;'><strong>- Fisica di precisione ai colliders<\/strong><\/span><div id=\"target-Fisica_di_precisione_ai_colliders\" class=\"collapseomatic_content highlight\">\n<ul>\n<li><span style=\"font-family: Open Sans;\"><strong>Fisica di Precisione ai colliders<\/strong><\/span><\/li>\n<\/ul>\n<p style=\"text-align: left;\"><span style=\"font-family: Open Sans;\"><img loading=\"lazy\" decoding=\"async\" class=\"alignright\" title=\"Rappresentazione grafica eventi ad alta energia e fenomenologia nel Modello Standard\" src=\"https:\/\/lh5.googleusercontent.com\/rFSLaX1FczOPjb2RDZFauh5BQaYIQnGUfU4hDxEWZGUUc1QN73rroY6R9B78RkLPwuhsM_VaBzStuKfkHwXbHXSM9MNjDvdlPO9rytoRrPhDlduUAldLtmh2jNFfqT9FDZQtxnro\" alt=\"\" width=\"245\" height=\"175\"><\/span><\/p>\n<p dir=\"ltr\" style=\"text-align: left;\"><span style=\"font-family: Open Sans;\">Il nostro interesse \u00e8 lo sviluppo di nuovi approcci al fine di ottenere risultati accurati per osservabili nel contesto del Modello Standard che siano accessibili ai colliders presenti e futuri. In particolare ci occupiamo di nuovi metodi perturbativi per calcolare ampiezze multi-loop in QCD e il loro utilizzo in predizioni di osservabili a NNL, di generatori Monte Carlo predittivi (MadGraph5_aMC@NLO) per la simulazione di eventi ad alta energia e fenomenologia nel Modello Standard ed oltre [A. Costantini, <a href=\"https:\/\/www.unibo.it\/sitoweb\/fabio.maltoni\/\" data-wpel-link=\"external\" target=\"_blank\" rel=\"nofollow external noopener noreferrer\" title=\"Open page in new tab F.Maltoni\">F.Maltoni<\/a>].&nbsp;<\/span><\/p>\n<p dir=\"ltr\"><span style=\"font-family: Open Sans;\"><\/div><\/span><\/p>\n<p dir=\"ltr\">&nbsp;<\/p>\n<p dir=\"ltr\"><span style=\"font-family: Open Sans;\"> <span class=\"collapseomatic noarrow\" id=\"Teorie_effettive_del_Modello_Standard_e_sue_estensioni\"  tabindex=\"0\" alt=\"Informazioni su Teorie effettive del Modello Standard e sue estensioni\" title=\"Informazioni su Teorie effettive del Modello Standard e sue estensioni\"    ><strong>+ Teorie effettive del Modello Standard e sue estensioni<\/strong><\/span><span id='swap-Teorie_effettive_del_Modello_Standard_e_sue_estensioni'  class='colomat-swap' style='display:none;'><strong>- Teorie effettive del Modello Standard e sue estensioni<\/strong><\/span><div id=\"target-Teorie_effettive_del_Modello_Standard_e_sue_estensioni\" class=\"collapseomatic_content highlight\"> <\/span><\/p>\n<ul>\n<li><span style=\"font-family: Open Sans;\"><strong>Teorie effettive del Modello Standard e sue estensioni<\/strong><\/span><\/li>\n<\/ul>\n<p style=\"text-align: left;\"><span style=\"font-family: Open Sans;\"><img loading=\"lazy\" decoding=\"async\" class=\"alignright\" title=\"Rappresentazione fits globali\" src=\"https:\/\/lh5.googleusercontent.com\/VbWNaj6Z2TB8KOHEzQ8d6MiDMXaWS2LPg0ZaOacfJVRiE2eH7TQBgPRqbp6kdX5NPiuZnvuQeqFZMqN0DopIGnlX2sz9pzEdM7tq3EdCLOwy2jsyh1VwqLeMOZfq0lP__RCc4vfq\" alt=\"\" width=\"233\" height=\"133\"><span style=\"font-size: inherit;\">L\u2019esistenza di fisica oltre il Modello Standard pu\u00f2 essere investigata sia con un approccio top-down, ispirato dal model-building e focalizzato sulla ricerca di nuove particelle, oppure con un metodo bottom-up, che ricerca nuove interazioni tra le particelle conosciute. In quest\u2019ultimo caso le teorie di campo effettive forniscono un approccio consistente e sistematico&nbsp; all\u2019 interpretazione di misure. &nbsp;In questo contesto, ci occupiamo dell\u2019estrazione dai dati sperimentali di vincoli sulla scala di nuova fisica fornendo predizioni accurate e producendo fits globali ad osservabili misurate ai colliders legate ai bosoni vettori, al bosone di Higgs e al quark top [<\/span><a style=\"font-size: inherit;\" href=\"https:\/\/www.unibo.it\/sitoweb\/fabio.maltoni\/\" data-wpel-link=\"external\" target=\"_blank\" rel=\"nofollow external noopener noreferrer\" title=\"Open page in new tab F.Maltoni\">F.Maltoni<\/a><span style=\"font-size: inherit;\">, <\/span><a style=\"font-size: inherit;\" href=\"https:\/\/www.unibo.it\/sitoweb\/luca.pagani7\" data-wpel-link=\"external\" target=\"_blank\" rel=\"nofollow external noopener noreferrer\" title=\"Open page in new tab L.Pagani\">L.Pagani<\/a><span style=\"font-size: inherit;\">].<\/span><\/span><br><span style=\"font-family: Open Sans;\">Lungo la linea di ricerca di tipo top-down, studiamo le conseguenze a bassa energia di teorie specifiche oltre il Modello Standard [<a href=\"https:\/\/www.unibo.it\/sitoweb\/luca.pagani7\" data-wpel-link=\"external\" target=\"_blank\" rel=\"nofollow external noopener noreferrer\" title=\"Open page in new tab L.Pagani\">L.Pagani<\/a>, A. Costantini] e teorie effettive alle scale di energia del TeV che possono essere caratterizzate da simmetrie specifiche legate a teorie complete nell\u2019ultravioletto o anche dalla presenza di punti fissi \u201cvicini\u201d nello spazio delle teorie [<a href=\"http:\/\/www-th.bo.infn.it\/activities\/bo11\/vacca.html\" data-wpel-link=\"external\" target=\"_blank\" rel=\"nofollow external noopener noreferrer\" title=\"Open page in new tab G.P.Vacca\">G.P.Vacca<\/a>].<\/span><\/p>\n<p dir=\"ltr\"><span style=\"font-family: Open Sans;\"><\/div><\/span><\/p>\n<p dir=\"ltr\">&nbsp;<\/p>\n<p dir=\"ltr\"><span style=\"font-family: Open Sans;\"> <span class=\"collapseomatic noarrow\" id=\"Processi_urto_nel_limite_di_Regge\"  tabindex=\"0\" alt=\"Informazioni su Processi d\u2019urto nel limite di Regge\" title=\"Informazioni su Processi d\u2019urto nel limite di Regge\"    ><strong>+ Processi d\u2019urto nel limite di Regge<\/strong><\/span><span id='swap-Processi_urto_nel_limite_di_Regge'  class='colomat-swap' style='display:none;'><strong>- Processi d\u2019urto nel limite di Regge<\/strong><\/span><div id=\"target-Processi_urto_nel_limite_di_Regge\" class=\"collapseomatic_content highlight\"> <\/span><\/p>\n<ul>\n<li><span style=\"font-family: Open Sans;\"><strong>Processi d&#8217;urto nel limite di Regge<\/strong><\/span><\/li>\n<\/ul>\n<p style=\"text-align: left;\"><span style=\"font-family: Open Sans;\">Il regime cinematico di Regge \u00e8 di speciale interesse nei processi adronici dando l\u2019opportunit\u00e0 di esplorare propriet\u00e0 della QCD in regimi estremi, come quelli di alte densit\u00e0 partoniche. Nei processi hard e semi-hard studi perturbativi hanno permesso di organizzare i contributi tramite risommazioni nel contesto dell\u2019approccio BFKL e sue estensioni. In questo contesto l\u2019interesse \u00e8 rivolto allo studio delle teorie effettive che ne derivano [<a href=\"http:\/\/www-th.bo.infn.it\/activities\/bo11\/vacca.html\" data-wpel-link=\"external\" target=\"_blank\" rel=\"nofollow external noopener noreferrer\" title=\"Open page in new tab G.P.Vacca\">G.P.Vacca<\/a>].<\/span><\/p>\n<p><span style=\"font-family: Open Sans;\"><\/div><\/span><\/p>\n\n\n\n<hr>\n<h3 style=\"text-align: center;\"><span style=\"font-family: Open Sans;\">Membri del gruppo<\/span><\/h3>\n<p>&nbsp;<\/p>\n<h4><span style=\"font-family: Open Sans;\">Staff<\/span><\/h4>\n<ul>\n<li><span style=\"font-family: Open Sans; font-size: 16px;\">Gianluigi Alberghi<\/span><\/li>\n<li><span style=\"font-family: Open Sans; font-size: 16px;\">Fabio Maltoni<\/span><\/li>\n<li><span style=\"font-family: Open Sans; font-size: 16px;\">Davide Pagani<\/span><\/li>\n<li><span style=\"font-family: Open Sans; font-size: 16px;\">Tiziano Peraro<\/span><\/li>\n<li><span style=\"font-family: Open Sans; font-size: 16px;\">Gian Paolo Vacca<\/span><\/li>\n<\/ul>\n<h4><span style=\"font-family: Open Sans;\">Postdoc<\/span><\/h4>\n<ul>\n<li><span style=\"font-family: Open Sans; font-size: 16px;\">Leonardo de la Cruz<\/span><\/li>\n<li><span style=\"font-family: Open Sans; font-size: 16px;\">Luca Zambelli<\/span><\/li>\n<\/ul>\n<h4><span style=\"font-family: Open Sans;\">Studenti di Dottorato<\/span><\/h4>\n<ul>\n<li><span style=\"font-family: Open Sans; font-size: 16px;\">Francesco Comberiati<\/span><\/li>\n<li><span style=\"font-family: Open Sans; font-size: 16px;\">Daniele Massaro<\/span><\/li>\n<li><span style=\"font-family: Open Sans; font-size: 16px;\">Luca Pagani<\/span><\/li>\n<\/ul>\n<p>&nbsp;<\/p>\n\n\n\n<p><\/p>\n","protected":false},"excerpt":{"rendered":"<p>QFT@Colliders Teoria Quantistica dei Campi per la Fisica degli acceleratori Responsabile locale: &nbsp; Sito Web Nazionale Sito Web Locale Fenomenologia delle interazioni fondamentali L&#8217;attuale conoscenza della fisica delle alte energie \u00e8 descritta all&#8217;interno del Modello Standard delle interazioni fondamentali (SM) che include sia le interazioni forti (QCD) nel regime perturbativo che non-perturbativo (come nella fisica [&hellip;]<\/p>\n","protected":false},"author":29,"featured_media":36711,"parent":0,"menu_order":0,"comment_status":"closed","ping_status":"closed","template":"template-page-builder-no-sidebar.php","meta":{"_lmt_disableupdate":"no","_lmt_disable":"","footnotes":""},"class_list":["post-36688","page","type-page","status-publish","has-post-thumbnail","hentry"],"_links":{"self":[{"href":"\/gruppo4\/wp-json\/wp\/v2\/pages\/36688","targetHints":{"allow":["GET"]}}],"collection":[{"href":"\/gruppo4\/wp-json\/wp\/v2\/pages"}],"about":[{"href":"\/gruppo4\/wp-json\/wp\/v2\/types\/page"}],"author":[{"embeddable":true,"href":"\/gruppo4\/wp-json\/wp\/v2\/users\/29"}],"replies":[{"embeddable":true,"href":"\/gruppo4\/wp-json\/wp\/v2\/comments?post=36688"}],"version-history":[{"count":76,"href":"\/gruppo4\/wp-json\/wp\/v2\/pages\/36688\/revisions"}],"predecessor-version":[{"id":39530,"href":"\/gruppo4\/wp-json\/wp\/v2\/pages\/36688\/revisions\/39530"}],"wp:featuredmedia":[{"embeddable":true,"href":"\/gruppo4\/wp-json\/wp\/v2\/media\/36711"}],"wp:attachment":[{"href":"\/gruppo4\/wp-json\/wp\/v2\/media?parent=36688"}],"curies":[{"name":"wp","href":"https:\/\/api.w.org\/{rel}","templated":true}]}}