{"id":36700,"date":"2020-04-26T13:05:30","date_gmt":"2020-04-26T11:05:30","guid":{"rendered":"\/gruppo4\/?page_id=36700"},"modified":"2022-04-21T13:24:56","modified_gmt":"2022-04-21T11:24:56","slug":"lincoln","status":"publish","type":"page","link":"\/gruppo4\/lincoln\/","title":{"rendered":"Lincoln"},"content":{"rendered":"\n<h2 style=\"text-align: center\"><span style=\"font-family: Open Sans;font-size: 28px;color: #007bb3\">Lincoln<\/span><\/h2>\n<p style=\"text-align: center\"><span style=\"font-family: Open Sans;font-size: 16px;color: #007bb3\"><em><b>Learning Complex Networks<\/b><\/em><\/span><b><\/b><\/p>\n\n\n\n<p><span style=\"font-family: Open Sans;\"><strong>Coordinatore locale: \u00a0 <\/strong><\/span><\/p>\n<p style=\"color: #007bb3; font-family: Open Sans;\"><span class=\"collapseomatic noarrow\" id=\"Armando_Bazzani\"  tabindex=\"-1\" alt=\"Informazioni su Armando Bazzani\" title=\"Informazioni su Armando Bazzani\"    ><strong>+ Armando Bazzani<\/strong><\/span><span id='swap-Armando_Bazzani'  class='colomat-swap' style='display:none;'><strong>- Armando Bazzani<\/strong><\/span><div id=\"target-Armando_Bazzani\" class=\"collapseomatic_content highlight\"> E-Mail: <a href=\"mailto:armando.bazzani_NOSPAM@bo.infn.it\">armando.bazzani@bo.infn.it<\/a><br \/>Tel: +39-051-2091198<br \/>Sede: Irnerio<br \/>Ufficio: 159<\/div>\n<hr \/>\n<p><span style=\"color: #007bb3;\"><a style=\"color: #007bb3;\" href=\"https:\/\/web.infn.it\/CSN4\/index.php\/it\/17-esperimenti\/215-lincoln-home\" data-wpel-link=\"external\" target=\"_blank\" rel=\"nofollow external noopener noreferrer\" title=\"Open page in new tab National web site\"><span style=\"font-family: Open Sans;\">National web site<\/span><\/a><\/span><\/p>\n\n\n\n<p style=\"text-align: left;\"><span style=\"font-family: Open Sans; font-size: 16px;\">L&#8217;iniziativa LINCOLN considera un approccio di Meccanica Statistica ai sistemi complessi con applicazioni ai sistemi biologici e sociali. In particolare, lo scopo del progettop \u00e8 di sviluppare tecniche per comprendere e controllare le propriet\u00e0 di reti complesse e i processi dinamici su di esse. Ad esempio, si possono creare reti sociali e tecnologiche pi\u00f9 robuste e resiliente e applicare moderne tecniche statistiche alla progettazione e al controllo di reti neurali naturali e artificiali. La collaborazione coinvolge 6 sezioni INFN con competenze complementari di Fisica Teorica e Sistemi Dinamici.<\/span><\/p>\n<p><span style=\"font-family: Open Sans;\"><img decoding=\"async\" class=\"aligncenter\" src=\"\/gruppo4\/wp-content\/uploads\/sites\/22\/2022\/03\/sanmarco.png\" alt=\"Immagine di Piazza San Marco a Venezia\" \/><\/span><\/p>\n<p style=\"text-align: left;\"><span style=\"font-family: Open Sans; font-size: 16px;\">Il gruppo di Bologna \u00e8 focalizzato sulle propriet\u00e0 statistiche e dinamiche di reti neurali artificiali e reali, la correlazione tra interazioni sociali e diffusione dell&#8217;informazione, e la resilienza e controllabilit\u00e0 delle reti neurali e i sistemi ecologici. Le metodologie applicate si basano sui risultati della teoria dei Sistemi Dinamici, Processi Stocastici e Teoria dei Network Complessi (es. random walk non lineari su grafo e sistemi dinamici accoppiati attraverso una struttura a network). Le principali applicazioni riguardano la mobilit\u00e0 umana, i modelli di trasporto, e i network biochimici e neurali.<\/span><\/p>\n<p><img decoding=\"async\" src=\"\/gruppo4\/wp-content\/uploads\/sites\/22\/2022\/03\/model.png\" alt=\"Immagine sulle principali applicazioni\" \/><\/p>\n\n\n\n<hr>\n<h3 style=\"text-align: center;\"><span style=\"font-family: Open Sans; color: #007bb3;\">Membri del gruppo<br><\/span><\/h3>\n<ul>\n<li><span style=\"font-family: Open Sans; font-size: 16px;\"><span style=\"color: #007bb3;\"><a style=\"color: #007bb3;\" href=\"https:\/\/www.unibo.it\/sitoweb\/armando.bazzani\" data-wpel-link=\"external\" target=\"_blank\" rel=\"nofollow external noopener noreferrer\" title=\"Open page in new tab Sito web di Armando Bazzani\">Sito web di Armando Bazzani<\/a><\/span><br><\/span><\/li>\n<li><a href=\"https:\/\/www.unibo.it\/sitoweb\/daniel.remondini\" data-wpel-link=\"external\" target=\"_blank\" rel=\"nofollow external noopener noreferrer\" title=\"Open page in new tab Sito web di Daniel Remondini\"><span style=\"font-family: Open Sans; font-size: 16px;\"><span style=\"color: #007bb3;\">Sito web di Daniel Remondini<\/span><\/span><\/a><\/li>\n<\/ul>\n<h4><span style=\"font-family: Open Sans; color: #007bb3;\">Postdoc<\/span><\/h4>\n<ul>\n<li><span style=\"font-family: Open Sans;\">&#8230;..<br><\/span><\/li>\n<li>&nbsp;<\/li>\n<li>&nbsp;<\/li>\n<\/ul>\n<h4><span style=\"font-family: Open Sans; color: #007bb3;\">Studenti di dottorato<br><\/span><\/h4>\n<ul>\n<li><span style=\"font-size: 16px;\">Federico Capoani<\/span><\/li>\n<li><span style=\"font-family: Open Sans; font-size: 16px;\">Giulio Colombini<\/span><\/li>\n<li><span style=\"font-size: 16px;\">Federico Bellisardi<\/span><\/li>\n<\/ul>\n<p>&nbsp;<\/p>\n\n\n\n<p><\/p>\n","protected":false},"excerpt":{"rendered":"<p>Lincoln Learning Complex Networks Coordinatore locale: \u00a0 National web site L&#8217;iniziativa LINCOLN considera un approccio di Meccanica Statistica ai sistemi complessi con applicazioni ai sistemi biologici e sociali. In particolare, lo scopo del progettop \u00e8 di sviluppare tecniche per comprendere e controllare le propriet\u00e0 di reti complesse e i processi dinamici su di esse. Ad [&hellip;]<\/p>\n","protected":false},"author":29,"featured_media":0,"parent":0,"menu_order":0,"comment_status":"closed","ping_status":"closed","template":"template-page-builder-no-sidebar.php","meta":{"_lmt_disableupdate":"no","_lmt_disable":"","footnotes":""},"class_list":["post-36700","page","type-page","status-publish","hentry"],"_links":{"self":[{"href":"\/gruppo4\/wp-json\/wp\/v2\/pages\/36700","targetHints":{"allow":["GET"]}}],"collection":[{"href":"\/gruppo4\/wp-json\/wp\/v2\/pages"}],"about":[{"href":"\/gruppo4\/wp-json\/wp\/v2\/types\/page"}],"author":[{"embeddable":true,"href":"\/gruppo4\/wp-json\/wp\/v2\/users\/29"}],"replies":[{"embeddable":true,"href":"\/gruppo4\/wp-json\/wp\/v2\/comments?post=36700"}],"version-history":[{"count":33,"href":"\/gruppo4\/wp-json\/wp\/v2\/pages\/36700\/revisions"}],"predecessor-version":[{"id":39400,"href":"\/gruppo4\/wp-json\/wp\/v2\/pages\/36700\/revisions\/39400"}],"wp:attachment":[{"href":"\/gruppo4\/wp-json\/wp\/v2\/media?parent=36700"}],"curies":[{"name":"wp","href":"https:\/\/api.w.org\/{rel}","templated":true}]}}