{"id":37023,"date":"2020-05-05T12:55:53","date_gmt":"2020-05-05T10:55:53","guid":{"rendered":"\/gruppo5\/?page_id=37023"},"modified":"2022-02-14T16:42:38","modified_gmt":"2022-02-14T15:42:38","slug":"fire","status":"publish","type":"page","link":"\/gruppo5\/fire\/","title":{"rendered":"FIRE"},"content":{"rendered":"<h4 style=\"text-align: center\"><span style=\"font-family: Open Sans;font-size: 28px;color: #4196b4\"> FIRE &#8211; Flexible organic Ionizing Radion dEtectors (Call)<br \/><\/span><\/h4>\n<p>\u00a0<\/p>\n\n\n<p><strong>Responsabile Locale: <a href=\"mailto:Beatrice.Fraboni_nospam@unibo.it\">Beatrice Fraboni<\/a><\/strong><br><strong>Responsabile Nazionale:<\/strong> Beatrice Fraboni<br><strong>Unit\u00e0 di Ricerca: <\/strong>Bo, LNL, Na, RM3, TiFPA<br><strong>Durata: <\/strong>2019-2021 (esteso a 2022)<\/p>\n<p><strong>Gruppo locale: <\/strong>Fraboni Beatrice, Basiric\u00f2 Laura, Ciavatti Andrea, Cramer Thobias, Fabbri Laura, Fratelli Ilaria<\/p>\n<p><strong>Obiettivi Generali: <\/strong>dimostrare la fattibilit\u00e0 di rivelatori di radiazioni innovativi basati su transistor a film sottile organico (OTFT), in configurazioni sia dirette che indirette, ottimizzati per diversi campi di radiazione (raggi X e gamma, particelle cariche e neutroni) grazie alle propriet\u00e0 ottiche ed elettriche dei materiali organici e la loro struttura molecolare. Come risultato finale, implementare e convalidare in ambienti pertinenti matrici di rivelatori di pixel 2D a bassa potenza (fino a 3&#215;3 pixel) dotate di elettronica di lettura.<\/p>\n<p>Pubblicazione pi\u00f9 recente:<br>Nature Communications 11,&nbsp; 2136 (2020): <em>Morphology and mobility as tools to control and enhance X-ray sensitivy in organic thin-films<\/em><\/p>\n","protected":false},"excerpt":{"rendered":"<p>FIRE &#8211; Flexible organic Ionizing Radion dEtectors (Call) \u00a0 Responsabile Locale: Beatrice FraboniResponsabile Nazionale: Beatrice FraboniUnit\u00e0 di Ricerca: Bo, LNL, Na, RM3, TiFPADurata: 2019-2021 (esteso a 2022) Gruppo locale: Fraboni Beatrice, Basiric\u00f2 Laura, Ciavatti Andrea, Cramer Thobias, Fabbri Laura, Fratelli Ilaria Obiettivi Generali: dimostrare la fattibilit\u00e0 di rivelatori di radiazioni innovativi basati su transistor a [&hellip;]<\/p>\n","protected":false},"author":53,"featured_media":0,"parent":0,"menu_order":0,"comment_status":"closed","ping_status":"closed","template":"template-page-builder-no-sidebar.php","meta":{"_lmt_disableupdate":"no","_lmt_disable":"","footnotes":""},"class_list":["post-37023","page","type-page","status-publish","hentry"],"_links":{"self":[{"href":"\/gruppo5\/wp-json\/wp\/v2\/pages\/37023","targetHints":{"allow":["GET"]}}],"collection":[{"href":"\/gruppo5\/wp-json\/wp\/v2\/pages"}],"about":[{"href":"\/gruppo5\/wp-json\/wp\/v2\/types\/page"}],"author":[{"embeddable":true,"href":"\/gruppo5\/wp-json\/wp\/v2\/users\/53"}],"replies":[{"embeddable":true,"href":"\/gruppo5\/wp-json\/wp\/v2\/comments?post=37023"}],"version-history":[{"count":13,"href":"\/gruppo5\/wp-json\/wp\/v2\/pages\/37023\/revisions"}],"predecessor-version":[{"id":38034,"href":"\/gruppo5\/wp-json\/wp\/v2\/pages\/37023\/revisions\/38034"}],"wp:attachment":[{"href":"\/gruppo5\/wp-json\/wp\/v2\/media?parent=37023"}],"curies":[{"name":"wp","href":"https:\/\/api.w.org\/{rel}","templated":true}]}}