{"id":37393,"date":"2020-05-19T13:02:32","date_gmt":"2020-05-19T11:02:32","guid":{"rendered":"\/gruppo5\/?page_id=37393"},"modified":"2023-03-02T16:25:49","modified_gmt":"2023-03-02T15:25:49","slug":"nanotecnologie-2","status":"publish","type":"page","link":"\/gruppo5\/nanotecnologie-2\/","title":{"rendered":"Nanotecnologie"},"content":{"rendered":"<h1>NANOTECNOLOGIE<\/h1>\n\n\n<p><span style=\"font-family: Open Sans;\">Responsabile:&nbsp; <\/span><\/p>\n<p style=\"color: #007bb3; font-family: Open Sans;\"><strong><span class=\"collapseomatic noarrow\" id=\"Fabrizio_Odorici\"  tabindex=\"0\" alt=\"Informazioni su Fabrizio Odorici\" title=\"Informazioni su Fabrizio Odorici\"    >+ Fabrizio Odorici<\/span><span id='swap-Fabrizio_Odorici'  class='colomat-swap' style='display:none;'>- Fabrizio Odorici<\/span><div id=\"target-Fabrizio_Odorici\" class=\"collapseomatic_content \"><\/strong> E-Mail: <a href=\"mailto:fabrizio.odorici_NOSPAM@bo.infn.it\">fabrizio.odorici@bo.infn.it<\/a><br>Lab: +39-051-2091015; Mobile: 340 2806408<br>Sede: Irnerio<\/div>\n<p>&nbsp;<\/p>\n\n\n\n<p style=\"text-align: left;\"><span style=\"font-family: Open Sans; font-size: 16px;\">Nel 2001 la Sezione di Bologna \u00e8 stata iniziatrice, in ambito INFN, dell&#8217;attivit\u00e0 di ricerca e sviluppo nel campo delle nanotecnologie. L&#8217;obiettivo \u00e8 quello di sfruttare le propriet\u00e0 dei materiali nanostrutturati per applicazioni d&#8217;interesse specifico dell&#8217;ente, ma anche di potenziale interesse industriale. Infatti, le nanotecnologie consentono la sintesi di strutture su scala nanometrica o, pi\u00f9 precisamente, laddove una dimensione \u00e8 sub-micrometrica, tipicamente inferiore a 100 nm. Sono scale di grandezza che anticipano la frontiera della microelettronica e che consentono di scoprire e sfruttare nuove propriet\u00e0 della materia. <\/span><\/p>\n<p style=\"text-align: left;\"><span style=\"font-family: Open Sans; font-size: 16px;\"><div id=\"metaslider-id-37535\" style=\"max-width: 350px; margin: 0 auto;\" class=\"ml-slider-3-107-0 metaslider metaslider-nivo metaslider-37535 ml-slider has-dots-nav ms-theme-nivo-bar\" role=\"region\" aria-label=\"Nanotech\" data-height=\"350\" data-width=\"350\">\n    <div id=\"metaslider_container_37535\">\n        <div class='slider-wrapper theme-default'><div class='ribbon'><\/div><div id='metaslider_37535' class='nivoSlider'><img loading=\"lazy\" decoding=\"async\" src=\"\/gruppo5\/wp-content\/uploads\/sites\/21\/2020\/05\/Allumina-topview200-ref2-350x350.jpg\" height=\"350\" width=\"350\" data-caption=\"SEM top view of nanopores in an alumina sample. R. Angelucci et al. \/ Nuclear Physics B (Proc. Suppl.) 150 (2006) 140&ndash;143\" title=\"Allumina-topview200-ref2\" alt=\"\" class=\"slider-37535 slide-37556 msDefaultImage\" \/><img loading=\"lazy\" decoding=\"async\" src=\"\/gruppo5\/wp-content\/uploads\/sites\/21\/2020\/05\/allumina-sideview-ref1-350x350.png\" height=\"350\" width=\"350\" data-caption=\"SEM side view of an alumina sample. R. Angelucci et al. \/Nuclear Physics B (Proc. Suppl.) 125 (2003) 164-168\" title=\"allumina-sideview-ref1\" alt=\"\" class=\"slider-37535 slide-37584 msDefaultImage\" \/><img loading=\"lazy\" decoding=\"async\" src=\"\/gruppo5\/wp-content\/uploads\/sites\/21\/2020\/05\/NWs-Co2-ref2-350x350.png\" height=\"350\" width=\"350\" data-caption=\"SEM side view of Co nanowires grown on the bottom side of alumina pores. R. Angelucci et al. \/ Nuclear Physics B (Proc. Suppl.) 150 (2006) 140&ndash;143\" title=\"NWs-Co2-ref2\" alt=\"\" class=\"slider-37535 slide-37551 msDefaultImage\" \/><img loading=\"lazy\" decoding=\"async\" src=\"\/gruppo5\/wp-content\/uploads\/sites\/21\/2020\/05\/CNT-TEM-ref2-350x350.jpg\" height=\"350\" width=\"350\" data-caption=\"TEM picture of a single Multi Wall\nCarbon Nanotube. R. Angelucci et al. \/ Nuclear Physics B (Proc. Suppl.) 150 (2006) 140&ndash;143\" title=\"CNT-TEM-ref2\" alt=\"\" class=\"slider-37535 slide-37550 msDefaultImage\" \/><img loading=\"lazy\" decoding=\"async\" src=\"\/gruppo5\/wp-content\/uploads\/sites\/21\/2020\/05\/Active-layer-detector-ref2-e1589903074951-350x350.png\" height=\"350\" width=\"350\" data-caption=\"Possible geometry of a nanochannel active\nlayer detector. R. Angelucci et al. \/ Nuclear Physics B (Proc. Suppl.) 150 (2006) 140&ndash;143\" title=\"Active-layer-detector-ref2\" alt=\"\" class=\"slider-37535 slide-37548 msDefaultImage\" \/><img loading=\"lazy\" decoding=\"async\" src=\"\/gruppo5\/wp-content\/uploads\/sites\/21\/2020\/05\/CNT-AA0-2-ref7-350x350.jpg\" height=\"350\" width=\"350\" data-caption=\"SEM side view of a carbon nanotube array grown within an alumina template. R. Angelucci et al. \/ P hys. Status Solidi C, 1&ndash;6 (2009)\" title=\"CNT-AA0-2-ref7\" alt=\"\" class=\"slider-37535 slide-37552 msDefaultImage\" \/><img loading=\"lazy\" decoding=\"async\" src=\"\/gruppo5\/wp-content\/uploads\/sites\/21\/2020\/05\/CNT-AA0-ref7-350x350.jpg\" height=\"350\" width=\"350\" data-caption=\"SEM plan view of CNTs grown within alumina nanopores (after annealing in O2 and partial etching of the template). R. Angelucci et al. \/ Phys. Status Solidi C, 1&ndash;6 (2009)\" title=\"CNT-AA0-ref7\" alt=\"\" class=\"slider-37535 slide-37553 msDefaultImage\" \/><img loading=\"lazy\" decoding=\"async\" src=\"\/gruppo5\/wp-content\/uploads\/sites\/21\/2020\/05\/CNT-egun-ref12-350x350.jpg\" height=\"350\" width=\"350\" data-caption=\"Carbon nanotube based electron guns, mounted over the RF copper waveguide in the CAESAR ion source at LNS. D. Mascali et al. \/ Plasma Sources Sci. Technol. 22 (2013) 065006\" title=\"CNT-egun-ref12\" alt=\"\" class=\"slider-37535 slide-37554 msDefaultImage\" \/><img loading=\"lazy\" decoding=\"async\" src=\"\/gruppo5\/wp-content\/uploads\/sites\/21\/2020\/05\/CNT-simulation1-ref7-350x350.png\" height=\"350\" width=\"350\" data-caption=\"Simulations of the z-component electric field for two rings of carbon nanotubes\naround a central one. R. Angeluccci et al. \/ Phys. Status Solidi C, 1&ndash;6 (2009)\" title=\"CNT-simulation1-ref7\" alt=\"\" class=\"slider-37535 slide-37555 msDefaultImage\" \/><\/div><\/div>\n        \n    <\/div>\n<\/div><\/span><\/p>\n<p style=\"text-align: left;\">&nbsp;<\/p>\n<p style=\"text-align: left;\"><span style=\"font-family: Open Sans; font-size: 16px;\">I principali filoni di attivit\u00e0 sono:<\/span><\/p>\n<ul style=\"text-align: left;\">\n<li><span style=\"font-size: 16px; font-family: Open Sans;\"><strong>Sintesi di allumina nanoporosa<\/strong>.\n<span class=\"collapseomatic noarrow\" id=\"Sintesi_di_allumina_nanoporosa\"  tabindex=\"0\" alt=\"Informazioni su Sintesi di allumina nanoporosa\" title=\"Informazioni su Sintesi di allumina nanoporosa\"    ><strong>+ Approfondisci<\/strong><\/span><span id='swap-Sintesi_di_allumina_nanoporosa'  class='colomat-swap' style='display:none;'><strong>- Riduci<\/strong><\/span><div id=\"target-Sintesi_di_allumina_nanoporosa\" class=\"collapseomatic_content \">\nMediante anodizzazione elettrochimica di alluminio \u00e8 possibile creare uno strato superficiale di ossido, con struttura porosa a &#8220;nido d&#8217;ape&#8221;. Tale strato pu\u00f2 avere uno spessore compreso tra alcune centinaia di nm, sino a decine o centinaia di micron. La struttura a nido d&#8217;ape ha un passo variabile da 50 a 500 nm, che dipende dalle condizioni anodizzazione, mentre il diametro dei pori \u00e8 indicativamente pari alla met\u00e0 del passo. Con opportuni accorgimenti, la matrice di pori pu\u00f2 raggiungere una regolarit\u00e0 molto elevata. In questo modo si ottengono matrici di nanopori con elevato grado d&#8217;ordine, anche su scala millimetrica, che possono avere molteplici applicazioni: ad esempio si possono utilizzare come cristalli fotonici o come stampi per la sintesi di altre nanostrutture, come nanoparticelle, nanofili o nanotubi di carbonio.<\/div><\/span><\/li>\n<li><span style=\"font-family: Open Sans; font-size: 16px;\"><strong>Sintesi di nanofili metallici.<\/strong> <span class=\"collapseomatic noarrow\" id=\"Sintesi_di_nanofili_metallici\"  tabindex=\"0\" alt=\"Informazioni su Sintesi di nanofili metallici\" title=\"Informazioni su Sintesi di nanofili metallici\"    ><strong>+ Approfondisci<\/strong><\/span><span id='swap-Sintesi_di_nanofili_metallici'  class='colomat-swap' style='display:none;'><strong>- Riduci<\/strong><\/span><div id=\"target-Sintesi_di_nanofili_metallici\" class=\"collapseomatic_content \">\nMediante processi di elettrodeposizione su matrici di allumina porosa \u00e8 possibile creare nanofili metallici con particolari propriet\u00e0 opto-elettroniche: per una radiazione elettromagnetica con lunghezza d&#8217;onda molto superiore al diametro del nanofilo e per specifiche frequenze di risonanza (nel range UV-VIS-IR) dipendenti della geometria, si osserva un elevato assorbimento e la capacit\u00e0 di trasportare la perturbazione lungo il nanofilo, come in una guida di luce.\n<\/div> <\/span><\/li>\n<\/ul>\n<p style=\"padding-left: 40px; text-align: left;\"><span style=\"font-family: Open Sans; font-size: 16px;\">L\u2019impiego di nanofili metallici ha trovato svariate applicazioni, ad esempio:<\/span><\/p>\n<ul style=\"text-align: left;\">\n<li style=\"list-style-type: none;\">\n<ul>\n<li><span style=\"font-size: 16px; font-family: Open Sans;\"><span style=\"text-decoration: underline; color: #b30000;\">iperassorbimento in interazioni laser-materia per la formazione di plasmi d&#8217;interesse astrofisico <\/span>\n<span class=\"collapseomatic noarrow\" id=\"iperassorbimento_in_interazioni_laser_materia\"  tabindex=\"0\" alt=\"Informazioni su iperassorbimento in interazioni laser-materia per la formazione di plasmi d&#039;interesse astrofisico\" title=\"Informazioni su iperassorbimento in interazioni laser-materia per la formazione di plasmi d&#039;interesse astrofisico\"    ><strong>+ Approfondisci<\/strong><\/span><span id='swap-iperassorbimento_in_interazioni_laser_materia'  class='colomat-swap' style='display:none;'><strong>- Riduci<\/strong><\/span><div id=\"target-iperassorbimento_in_interazioni_laser_materia\" class=\"collapseomatic_content \">\n<span style=\"color: #b30000;\">L&#8217;<strong>esperimento PLANETA<\/strong> (2017-2019) ha investigato<span class=\"tlid-translation translation\" lang=\"it\"><span class=\"\" title=\"\"> la produzione di plasma mediante ablazione laser di bersagli nanostrutturati.<\/span> <span class=\"\" title=\"\">Usando due laser di tipo Nd-YAG a 1064 e 532 nm di lunghezza d&#8217;onda, vengono sparati impulsi di durata 6 ns su bersagli con nanofili metallici incorporati in una matrice di allumina porosa e il plasma risultante viene analizzato con diversi rivelatori. <\/span><\/span><span class=\"tlid-translation translation\" lang=\"it\"><span class=\"\" title=\"\">I plasmi creati in questo modo sono interessanti in termini di accoppiamento laser-nanostruttura, in quanto sembrano portare alla produzione di un plasma caldo, denso e di lunga durata (centinaia di ns), tale da raggiungere condizioni adeguate per la fusione nucleare e per studi di<\/span> <span title=\"\">interesse astrofisico.<\/span><\/span><\/span><\/div><\/span><\/li>\n<li><span style=\"font-size: 16px; font-family: Open Sans;\"><span style=\"color: #007BB3;\"><span style=\"text-decoration: underline;\">ottimizzazione di rivelatori di radiazione<\/span> (es. i Silicon Drift Detector) in efficienza quantica a specifiche frequenze<\/span>\n<span class=\"collapseomatic noarrow\" id=\"ottimizzazione_di_rivelatori_di_radiazione\"  tabindex=\"0\" alt=\"Informazioni su ottimizzazione di rivelatori di radiazione\" title=\"Informazioni su ottimizzazione di rivelatori di radiazione\"    ><strong>+ Approfondisci<\/strong><\/span><span id='swap-ottimizzazione_di_rivelatori_di_radiazione'  class='colomat-swap' style='display:none;'><strong>- Riduci<\/strong><\/span><div id=\"target-ottimizzazione_di_rivelatori_di_radiazione\" class=\"collapseomatic_content \">\n<span style=\"color: #ff00ff;\"><span style=\"color: #007BB3;\">L\u2019<strong>esperimento REDSOX2<\/strong> (2016-2018), ha investigato l\u2019applicazione di nanotecnologie su dispositivi di tipo SDD, al fine di incrementare l\u2018efficienza quantica dell\u2019attuale rivelatore nel range UV, ad esempio per applicazioni nella lettura di luce di scintillazione. In particolare \u00e8 stata verificata la possibilit\u00e0 di incrementare l&#8217;efficienza quantica nel vicino ultravioletto (\u223c 380 nm), mediante la formazione di una matrice di nanofili di Ag ad elevata trasmittanza, che viene posta sulla finestra d&#8217;ingresso del rivelatore, sopra un sottile strato di ITO (Indium Tin Oxide). Il doppio strato ha anche funzione di layer antiriflesso. Lo studio ha evidenziato che \u00e8 possibile ottenere una risonanza di assorbimento plasmonico vicina a 380 nm.<\/span><\/span><\/div><\/span><\/li>\n<li><span style=\"font-size: 16px; font-family: Open Sans;\"><span style=\"color: #0000ff;\"><span style=\"text-decoration: underline;\">iperassorbimento di radiazione elettromagnetica<\/span> (es. lo spettro solare) <span style=\"text-decoration: underline;\">e trasporto del calore <span style=\"color: #0000ff; text-decoration: underline;\">in<\/span> applicazioni industriali<\/span><\/span>.\n<span class=\"collapseomatic noarrow\" id=\"iperassorbimento_di_radiazione_elettromagnetica\"  tabindex=\"0\" alt=\"Informazioni su iperassorbimento di radiazione elettromagnetica\" title=\"Informazioni su iperassorbimento di radiazione elettromagnetica\"    ><strong>+ Approfondisci<\/strong><\/span><span id='swap-iperassorbimento_di_radiazione_elettromagnetica'  class='colomat-swap' style='display:none;'><strong>- Riduci<\/strong><\/span><div id=\"target-iperassorbimento_di_radiazione_elettromagnetica\" class=\"collapseomatic_content \">\n<span style=\"color: #0000ff;\">Una possibile applicazione \u00e8 stata sperimentata preliminarmente (in collaborazione con una azienda), mediante un trattamento superficiale basato su matrici di nanofili metallici. Tali matrici realizzano una superficie ad elevatissimo assorbimento per lo spettro UV-VIS-IR, anche in condizioni di elevata densit\u00e0 di potenza e per tempi lunghi. Nell&#8217;applicazione di test era quindi richiesto che l&#8217;elevata assorbanza rimanesse costante nel tempo in condizioni altamente degradanti.<\/span> <\/div><br><\/span><\/li>\n<\/ul>\n<\/li>\n<li><span style=\"font-size: 16px; font-family: Open Sans;\"><strong>Sintesi di nanotubi di carbonio.<\/strong>\n<span class=\"collapseomatic noarrow\" id=\"Sintesi_di_nanotubi_di_carbonio\"  tabindex=\"0\" alt=\"Informazioni su Sintesi di nanotubi di carbonio\" title=\"Informazioni su Sintesi di nanotubi di carbonio\"    ><strong>+ Approfondisci<\/strong><\/span><span id='swap-Sintesi_di_nanotubi_di_carbonio'  class='colomat-swap' style='display:none;'><strong>- Riduci<\/strong><\/span><div id=\"target-Sintesi_di_nanotubi_di_carbonio\" class=\"collapseomatic_content \">\nMediante Deposizione Chimica da Vapore (CVD) \u00e8 possibile creare nanotubi di carbonio, con diametro compreso tra 1 e 100 nm e lunghezza di svariati micron. Tali nanotubi mostrano eccellenti propriet\u00e0 elettriche, come l&#8217;elevata conducibilit\u00e0 e la capacit\u00e0 di emettere elettroni per effetto tunnel, sotto l\u2019azione di un campo elettrico. Essi possono essere creati in&nbsp; forma libera (freestanding) oppure confinati in matrici regolari di allumina porosa.\n<\/div><\/span><\/li>\n<\/ul>\n<p style=\"padding-left: 40px; text-align: left;\"><span style=\"font-size: 16px; font-family: Open Sans;\"> L\u2019impiego di nanotubi di carbonio ha trovato svariate applicazioni, ad esempio:<\/span><\/p>\n<ul style=\"text-align: left;\">\n<li style=\"list-style-type: none;\">\n<ul>\n<li><span style=\"font-size: 16px; font-family: Open Sans;\"><span style=\"text-decoration: underline; color: #b30000;\">emettitori di elettroni in sorgenti di ioni<\/span>.\n<span class=\"collapseomatic noarrow\" id=\"emettitori_di_elettroni_in_sorgenti_di_ioni\"  tabindex=\"0\" alt=\"Informazioni su emettitori di elettroni in sorgenti di ioni\" title=\"Informazioni su emettitori di elettroni in sorgenti di ioni\"    ><strong>+ Approfondisci<\/strong><\/span><span id='swap-emettitori_di_elettroni_in_sorgenti_di_ioni'  class='colomat-swap' style='display:none;'><strong>- Riduci<\/strong><\/span><div id=\"target-emettitori_di_elettroni_in_sorgenti_di_ioni\" class=\"collapseomatic_content \">\n<span style=\"color: #b30000;\">Gli <strong>esperimenti CANTES<\/strong> (2009-2010) ed <strong>ESOPO<\/strong> (2011-2013) hanno investigato la tecnica della &#8220;sorgente ausiliaria di elettroni&#8221; in sorgenti di ioni di tipo ECRIS (Electron Cyclotron Ion Source) e di tipo MDIS (Microwave Discharge Ion Source) mediante l&#8217;impiego di cannoni elettronici basati su catodi a nanotubi di carbonio. In questi studi si \u00e8 sfruttata la resistenza dei nanotubi di carbonio al danneggiamento da plasma per verificare che in una sorgente di ioni a confinamento magnetico l&#8217;iniezione di elettroni ausiliari&nbsp; \u00e8 in grado di aumentare la densit\u00e0 elettronica del plasma e&nbsp; la distribuzione dello stato di carica, e di ridurre la concentrazione (indesiderata) di elettroni di alta energia.<\/span>\n<\/div> <br><\/span><\/li>\n<li><span style=\"font-size: 16px; font-family: Open Sans;\"><span style=\"text-decoration: underline; color: #990099;\">emettitori di elettroni in applicazioni industriali.<\/span>\n<span class=\"collapseomatic noarrow\" id=\"emettitori_di_elettroni_in_applicazioni_industriali\"  tabindex=\"0\" alt=\"Informazioni su emettitori di elettroni in applicazioni industriali\" title=\"Informazioni su emettitori di elettroni in applicazioni industriali\"    ><strong>+ Approfondisci<\/strong><\/span><span id='swap-emettitori_di_elettroni_in_applicazioni_industriali'  class='colomat-swap' style='display:none;'><strong>- Riduci<\/strong><\/span><div id=\"target-emettitori_di_elettroni_in_applicazioni_industriali\" class=\"collapseomatic_content \">\n<span style=\"color: #990099;\">Sono stati realizzati campioni di catodi freddi (in collaborazione con una azienda) per l&#8217;applicazione in tubi a raggi X innovativi, sfruttando la bassa divergenza del fascio, l&#8217;elevata miniaturizzazione e la prontezza emissiva dei nanotubi di carbonio.<\/span>\n<\/div><\/span><\/li>\n<li><span style=\"font-size: 16px; font-family: Open Sans;\"><span style=\"text-decoration: underline;\"><span style=\"color: #0000ff; text-decoration: underline;\">rivelatori di radiazione ad elevata risoluzione spaziale.<\/span><\/span>\n<span class=\"collapseomatic noarrow\" id=\"rivelatori_di_radiazione_ad_elevata_risoluzione_spaziale\"  tabindex=\"0\" alt=\"Informazioni su rivelatori di radiazione ad elevata risoluzione spaziale\" title=\"Informazioni su rivelatori di radiazione ad elevata risoluzione spaziale\"    ><strong>+ Approfondisci<\/strong><\/span><span id='swap-rivelatori_di_radiazione_ad_elevata_risoluzione_spaziale'  class='colomat-swap' style='display:none;'><strong>- Riduci<\/strong><\/span><div id=\"target-rivelatori_di_radiazione_ad_elevata_risoluzione_spaziale\" class=\"collapseomatic_content \">\n<span style=\"color: #0000ff;\">L&#8217;<strong>esperimento NANOCHANT<\/strong> (2003-2005) ha sperimentato la realizzazione di un rivelatore di particelle ionizzanti ad elevata risoluzione spaziale, basato sull&#8217;accoppiamento tra uno strato attivo basato su giunzioni di silicio segmentate in pixel e una matrice ordinata di nanotubi di carbonio aventi la funzione di collettori di carica con segmentazione ultra fine.<\/span>\n<\/div> <\/span><\/li>\n<\/ul>\n<\/li>\n<\/ul>\n<p style=\"text-align: left;\"><span style=\"font-family: Open Sans; font-size: 16px;\"><strong>Il gruppo di ricerca<\/strong>: <span style=\"color: #007bb3;\"><a style=\"color: #007bb3;\" href=\"mailto:marco.cuffiani@bo.infn.it\">Marco Cuffiani<\/a>, <a style=\"color: #007bb3;\" href=\"mailto:luciana.malferrari@bo.infn.it\">Luciana Malferrari<\/a>, <a style=\"color: #007bb3;\" href=\"mailto:alessandro.montanari@bo.infn.it\">Alessandro Montanari<\/a>, <a style=\"color: #007bb3;\" href=\"mailto:fabrizio.odorici@bo.infn.it\">Fabrizio Odorici<\/a>.<\/span> <\/span><\/p>\n<p style=\"text-align: left;\"><span style=\"font-size: 16px; font-family: Open Sans;\"><strong>Le collaborazioni<\/strong>: l&#8217;attivit\u00e0 di ricerca avviene in collaborazione con diversi istituti, tra cui il CNR-IMM-Bologna, INFN-LNS-Catania, INFN-Trieste e IAP-Frankfurt. Le applicazioni sin qui sperimentate, oltre alle tecniche elettrochimiche, hanno integrato molte competenze, tra cui: aspetti di ottica, elettronica, interazioni radiazione-materia, fisica dei plasmi, simulazione e costruzione di sistemi elettrostatici per la generazione ed il controllo di fasci di elettroni di bassa energia.<\/span><\/p>\n<p style=\"text-align: left;\"><span style=\"font-size: 16px; font-family: Open Sans;\">Sono disponibili temi per tesi e tesi magistrale (info: <a href=\"mailto:fabrizio.odorici@bo.infn.it\"><span style=\"color: #007bb3;\">Fabrizio Odorici<\/span><\/a>).<\/span><\/p>\n","protected":false},"excerpt":{"rendered":"<p>NANOTECNOLOGIE Responsabile:&nbsp; &nbsp; Nel 2001 la Sezione di Bologna \u00e8 stata iniziatrice, in ambito INFN, dell&#8217;attivit\u00e0 di ricerca e sviluppo nel campo delle nanotecnologie. L&#8217;obiettivo \u00e8 quello di sfruttare le propriet\u00e0 dei materiali nanostrutturati per applicazioni d&#8217;interesse specifico dell&#8217;ente, ma anche di potenziale interesse industriale. Infatti, le nanotecnologie consentono la sintesi di strutture su scala [&hellip;]<\/p>\n","protected":false},"author":61,"featured_media":0,"parent":0,"menu_order":0,"comment_status":"closed","ping_status":"closed","template":"template-page-builder-no-sidebar.php","meta":{"_lmt_disableupdate":"no","_lmt_disable":"","footnotes":""},"class_list":["post-37393","page","type-page","status-publish","hentry"],"_links":{"self":[{"href":"\/gruppo5\/wp-json\/wp\/v2\/pages\/37393","targetHints":{"allow":["GET"]}}],"collection":[{"href":"\/gruppo5\/wp-json\/wp\/v2\/pages"}],"about":[{"href":"\/gruppo5\/wp-json\/wp\/v2\/types\/page"}],"author":[{"embeddable":true,"href":"\/gruppo5\/wp-json\/wp\/v2\/users\/61"}],"replies":[{"embeddable":true,"href":"\/gruppo5\/wp-json\/wp\/v2\/comments?post=37393"}],"version-history":[{"count":153,"href":"\/gruppo5\/wp-json\/wp\/v2\/pages\/37393\/revisions"}],"predecessor-version":[{"id":38268,"href":"\/gruppo5\/wp-json\/wp\/v2\/pages\/37393\/revisions\/38268"}],"wp:attachment":[{"href":"\/gruppo5\/wp-json\/wp\/v2\/media?parent=37393"}],"curies":[{"name":"wp","href":"https:\/\/api.w.org\/{rel}","templated":true}]}}