{"id":37773,"date":"2021-01-07T15:54:07","date_gmt":"2021-01-07T14:54:07","guid":{"rendered":"\/gruppo5\/?page_id=37773&#038;preview_id=37773"},"modified":"2024-04-02T12:53:14","modified_gmt":"2024-04-02T10:53:14","slug":"ibis","status":"publish","type":"page","link":"\/gruppo5\/ibis\/","title":{"rendered":"IBIS &#8211; NEXT"},"content":{"rendered":"<h4 style=\"text-align: center\"><span style=\"font-family: Open Sans;font-size: 28px;color: #4196b4\">IBIS &#8211; NEXT<br \/><\/span><\/h4>\n\n\n<p><strong>Responsabile Locale: <a href=\"mailto:Alessandro.Montanari_nospam@bo.infn.it\"> Alessandro Montanari (2021-2022)<\/a><\/strong><strong>, <a href=\"mailto:Nicol\u00f2.Tosi_nospam@bo.infn.it\">Nicol\u00f2 Tosi (2024-2025)<\/a><\/strong><br \/><strong>Responsabile Nazionale: Alessandro Montanari<\/strong><br \/><strong>Unit\u00e0 di Ricerca: <\/strong>Bo, Mib, TIFPA, To <br \/><strong>Durata: <\/strong>2021-2022 (sigla IBIS), 2024-2025<\/p>\n<p>\n\n<\/p>\n<p><strong>Gruppo locale: <\/strong><br \/>A. Montanari, S. Bertolucci, F. Fabbri, V. Cicero, N. Mauri, L. Patrizii, V. Pia, M. Pozzato, T. Rovelli, C. Sbarra, G. Sirri, N. Tos<\/p>\n<p><strong>Obiettivi Generali:\u00a0<\/strong><\/p>\n<p>Il progetto IBIS si propone come il primo passo verso la realizzazione di un rivelatore <strong>veloce<\/strong> per immagini di <strong>alta risoluzione<\/strong> su un <strong>ampio spettro di lunghezze d&#8217;onda<\/strong>. A questo scopo \u00e8 necessario sviluppare sia un sensore che un&#8217;ottica appropriati. La tecnologia selezionata per il sensore \u00e8 quella dei <em>Backside<\/em> <em>Illuminated Silicon Photomultiplier<\/em>,\u00a0 la cui architettura \u00e8 mostrata in figura.<\/p>\n<p><img loading=\"lazy\" decoding=\"async\" class=\"alignright\" src=\"\/gruppo5\/wp-content\/uploads\/sites\/21\/2022\/02\/Screenshot-2022-02-14-at-14.51.57.png\" alt=\"\" width=\"405\" height=\"189\" \/>Questa architettura consiste nel concentrare le componenti elettroniche e le regioni ad alto campo elettrico sullo stesso lato del dispositivo, lasciando l&#8217;altro privo di strutture. E&#8217; quindi possibile raggiungere alti livelli di Fill Factor, cos\u00ec come\u00a0 implementare speciali lavorazioni sul lato di ingresso della radiazione per estendere la sensibilit\u00e0 del dispositivo a lunghezze d&#8217;onda oltre il range tipico dei SiPM.<\/p>\n<p>La scelta dell&#8217;ottica dipende dall&#8217;applicazione che, nel caso di IBIS, \u00e8 focalizzata sull&#8217;imaging della luce di scintillazione in rivelatori ad argon liquido.<\/p>\n<p>Per sfruttare al meglio le peculiarit\u00e0 del nuovo dispositivo, il design di un ASIC di lettura proceder\u00e0 di pari passo con il design del sensore, bench\u00e9 la sua implementazione pratica non possa essere realisticamente prevista entro la finestra temporale del progetto<\/p>\n<p>\u00a0<\/p>\n<p>\u00a0<\/p>\n<p>\u00a0<\/p>\n\n","protected":false},"excerpt":{"rendered":"<p>IBIS &#8211; NEXT<\/p>\n","protected":false},"author":53,"featured_media":0,"parent":0,"menu_order":0,"comment_status":"closed","ping_status":"closed","template":"template-page-builder-no-sidebar.php","meta":{"_lmt_disableupdate":"no","_lmt_disable":"","footnotes":""},"class_list":["post-37773","page","type-page","status-publish","hentry"],"_links":{"self":[{"href":"\/gruppo5\/wp-json\/wp\/v2\/pages\/37773","targetHints":{"allow":["GET"]}}],"collection":[{"href":"\/gruppo5\/wp-json\/wp\/v2\/pages"}],"about":[{"href":"\/gruppo5\/wp-json\/wp\/v2\/types\/page"}],"author":[{"embeddable":true,"href":"\/gruppo5\/wp-json\/wp\/v2\/users\/53"}],"replies":[{"embeddable":true,"href":"\/gruppo5\/wp-json\/wp\/v2\/comments?post=37773"}],"version-history":[{"count":14,"href":"\/gruppo5\/wp-json\/wp\/v2\/pages\/37773\/revisions"}],"predecessor-version":[{"id":38327,"href":"\/gruppo5\/wp-json\/wp\/v2\/pages\/37773\/revisions\/38327"}],"wp:attachment":[{"href":"\/gruppo5\/wp-json\/wp\/v2\/media?parent=37773"}],"curies":[{"name":"wp","href":"https:\/\/api.w.org\/{rel}","templated":true}]}}