{"id":37908,"date":"2021-10-14T17:17:00","date_gmt":"2021-10-14T15:17:00","guid":{"rendered":"\/gruppo5\/?page_id=37908&#038;preview_id=37908"},"modified":"2024-07-05T16:49:50","modified_gmt":"2024-07-05T14:49:50","slug":"faq","status":"publish","type":"page","link":"\/gruppo5\/faq\/","title":{"rendered":"FAQ"},"content":{"rendered":"<h4 style=\"text-align: center\"><span style=\"font-family: Open Sans;font-size: 28px;color: #4196b4\">Frequently Asked Questions<\/span><\/h4>\n\n\n<p>\u00a0<\/p>\n<p><strong>D: Che tipo di progetti di ricerca sono finanziati dalla CSN5?<\/strong><\/p>\n<p><strong>R: <\/strong>Esistono 3 tipi di progetti:\u00a0<\/p>\n<ul>\n<li><span style=\"color: #0000ff\">Progetti Standard<\/span>, di durata 2-3 anni;<\/li>\n<li><span style=\"color: #0000ff\">CALL<\/span>, caratterizzate da durata triennale, accesso a finanziamenti fino a 1M di euro (a seconda delle richieste e della disponibilit\u00e0 della commissione), e dalla possibilit\u00e0 di assumere personale &#8211; tipicamente AdR<\/li>\n<li><span style=\"color: #0000ff\">Grant Giovani<span style=\"color: #000000\">, inclusivi di contratto biennale per i vincitori\u00a0 (al momento AdR Senior) e finanziamento fino a 75K euro per anno. <\/span><\/span><\/li>\n<\/ul>\n<p><span style=\"color: #0000ff\"><span style=\"color: #000000\">Per le Call e i Grant Giovani la CSN5 emette dei bandi annuali a cui occorre riferirsi per le domande. I link ai bandi sono disponibili nella pagina istituzionale della <a href=\"https:\/\/web.infn.it\/csn5\/index.php\/it\/\" data-wpel-link=\"external\" target=\"_blank\" rel=\"nofollow external noopener noreferrer\" title=\"Open page in new tab CSN5.\">CSN5.<\/a><\/span> <\/span><\/p>\n<p><strong>D: Come si chiede il finanziamento per una nuova sigla, o progetto standard?<\/strong><\/p>\n<p><strong>R:<\/strong> Le proposte per i nuovi progetti devono essere presentate\u00a0 seguendo un <a title=\"Open page in new tab template\" href=\"https:\/\/web.infn.it\/csn5\/images\/PDFDocuments\/Template_PropostadiEsperimento_Standard.pdf\" target=\"_blank\" rel=\"external noopener noreferrer nofollow\" data-wpel-link=\"external\">template<\/a> standard. Prima di presentare un progetto in commissione, lo stesso deve SEMPRE essere presentato almeno nella Sezione del proponente in modo da verificarne la fattibilit\u00e0 in termini di risorse necessarie, sia umane che di spazi e di servizi. Il file con la descrizione del progetto deve pervenire alla commissione almeno <strong>10 giorni<\/strong> prima della riunione di luglio della CSN5.\u00a0 Lo stesso template, e tutti i campi del DB preventivi,\u00a0 devono inoltre essere inseriti nel <strong>database<\/strong> \u201cpreventivi\u201d a luglio, pena l&#8217;annullamento della proposta, entro i termini previsti per la scrittura del DB stesso. Le proposte saranno o meno approvate alla riunione di settembre e le corrispondenti attivit\u00e0 cominceranno l\u2019anno successivo.<\/p>\n<p>Il responsabile NAZIONALE deve chiedere alla segreteria scientifica della sua sede di aprire la sigla gi\u00e0 a luglio, per inserire i preventivi.<\/p>\n<p>Una breve presentazione del progetto, contenuta in 5 slides (titolo e proponenti; introduzione; obiettivi; metodi; numeri, e.g. soldi e FTE), \u00e8 effettuata davanti alla commissione riunita in plenaria a luglio. Le slides sono di norma presentate dal coordinatore locale della sede del proponente.<\/p>\n<p>A valle della presentazione, le sottocommissioni si riuniscono per valutare quantitativamente i progetti presentati per le rispettive aree. la nuova proposta riceve una valutazione numerica da 1 a 10 relativa a 3 diversi ambiti:<\/p>\n<ul>\n<li>impatto scientifico e sugli interessi dell&#8217;Ente<\/li>\n<li>chiarezza degli obiettivi e delle metodologie<\/li>\n<li>congruit\u00e0 delle risorse, sia umane che economico-strutturali<\/li>\n<\/ul>\n<p>un voto minore di 5 su uno dei punti sopra citati determina la bocciatura del progetto. Le sottocommissioni accompagnano le valutazioni numeriche con commenti contenuti in un verbale per ciascuna delle proposte.<\/p>\n<p>I proponenti dei progetti ammessi alla fase successiva sono invitati alla riunione di commissione di settembre per una presentazione pi\u00f9 approfondita, che <strong>deve<\/strong> essere preceduta da una o pi\u00f9 riunioni con i <strong>referees<\/strong> del progetto, assegnati alla riunione di luglio.<\/p>\n<p>A porte chiuse, i referees propongono alla commissione riunita in plenaria una nuova valutazione delle tre voci valutate a luglio, con adeguati commenti. La commissione prende in esame le proposte di valutazione e le richieste finanziarie relative a ciascuna proposta, separatamente per ogni area di ricerca (Rivelatori, Acceleratori, Interdisciplinare).<\/p>\n<p>In base alla classifica finale e alle richieste economiche, la Commissione decide quali progetti approvare per il finanziamento.<\/p>\n<p>\u00a0<\/p>\n<p><strong>D: Quali e quanti sono i Database per la gestione dei progetti scientifici?<\/strong><\/p>\n<p><strong>R: <\/strong>Esistono 3 &#8220;diversi&#8221; database su cui operare: <span style=\"color: #0000ff\">PREVENTIVI<\/span>, <span style=\"color: #0000ff\">ASSEGNAZIONI<\/span> e <span style=\"color: #0000ff\">CONSUNTIVI<\/span>. Il primo deve essere riempito prima della riunione di luglio. Su tale DB vanno caricati i proposal dei nuovi progetti, e vanno riportate le richieste economiche per l&#8217;anno successivo per quanto riguarda i progetti in corso. I vari responsabili locali di ogni sigla hanno i diritti per inserire le richieste e i giustificativi relativi alle attivit\u00e0 della propria sede. Di solito, il DB PREVENTIVI rimane aperto in scrittura per circa un mese tra giugno e luglio. In tale DB i ricercatori propongono anche le milestones da raggiungere a testimonianza dell&#8217;avanzamento del progetto. Il database ASSEGNAZIONI \u00e8 gestito dai referees alla riunione di bilancio di settembre. In tale DB i referees assegnano la parte delle risorse inserite nei preventivi che ritengono opportuna per l&#8217;esecuzione delle attivit\u00e0 proposte e che si trova nella disponibilit\u00e0 della Commissione. Sempre sul database ASSEGNAZIONI i referees validano, modificano o aggiungono milestones a quelle proposte dai ricercatori impegnati nel progetto di loro competenza. Il DB ASSEGNAZIONI \u00e8 usato anche dai ricercatori per inserire richieste di sblocchi Sub-Judice o di eventuali risorse aggiuntive. Di conseguenza, il DB ASSEGNAZIONI viene aperto in scrittura per un breve periodo prima di ogni riunione della Commissione, che poi valuta le richieste ivi presenti. Infine il database CONSUNTIVI \u00e8 aperto in scrittura prima della riunione di aprile. I responsabili dei progetti in corso sono tenuti a riempirlo con un sommario delle attivit\u00e0 svolte nell&#8217;anno precedente. I referees, sentite le proposte dei ricercatori, inseriscono nel DB CONSUNTIVI le % di raggiungimento delle milestones indicate per l&#8217;anno precedente. <\/p>\n<p>\u00a0<\/p>\n<p><strong>D: Esiste un minimo sugli FTE di una Sezione per aprire localmente una sigla cui si partecipa?<br \/><\/strong><\/p>\n<p><strong>R:<\/strong> s\u00ec, il minimo \u00e8 1 FTE. Le partecipazioni sotto questa soglia sono ancora possibili, ma i fondi sono assegnati sotto il capitolo DOTAZIONI ed \u00e8 dunque il Coordinatore Locale che, volta per volta, approva le spese e tiene traccia (ahim\u00e9) dei residui di ciascuno. In nessun caso si pu\u00f2 aprire una sigla localmente in mancanza di assegnazioni di fondi sulla sede<\/p>\n<p>\u00a0<\/p>\n<p><strong>D: E&#8217; possibile spostare i fondi assegnati da un capitolo all&#8217;altro?<\/strong><\/p>\n<p><strong>R:<\/strong> S\u00ec, ma solo per quello che non \u00e8 &#8220;missioni&#8221; (il budget missioni non \u00e8 modificabile se non con richieste aggiuntive). Basta che il responsabile dei fondi faccia una richiesta di storno dal portale INFN seguendo il percorso ORDINI -&gt; ciclo acquisti<\/p>\n<p>\u00a0<\/p>\n<p><strong>D: In quali occasioni devo incontrare i referees del mio progetto?<\/strong><\/p>\n<p><strong>R: <\/strong>I referees devono essere incontrati almeno 2 volte all&#8217;anno: a settembre, <strong>prima della riunione di bilancio<\/strong> per chiarire quali sono le risorse irrinunciabili allo svolgimento dell&#8217;esperimento, e <strong>prima della riunione dei consuntivi<\/strong>, per riassumere le attivit\u00e0 dell&#8217;anno precedente e concordare la percentuale di raggiungimento delle milestones. ll proponente deve contattare il referee, non il contrario. La % di raggiungimento delle milestone deve essere inserita dai referee prima della chiusura del DB consuntivi, quindi \u00e8 importante contattarli per tempo. I dati sono usati per la valutazione della qualit\u00e0 della ricerca dell&#8217;ente e la loro mancanza pu\u00f2 avere ripercussioni negative sulla stessa.<\/p>\n<p>\u00a0<\/p>\n<p><strong>D: Come e quando chiedere sbocchi del sub-judice o effettuare richieste aggiuntive?<\/strong><\/p>\n<p><strong>R: <\/strong>Sblocchi del\u00a0 sub-judice e richieste aggiuntive possono essere richiesti a tutte le riunioni della Commissione. In ogni caso, devono essere preventivamente discussi con i referees del progetto. La nuova richiesta deve poi essere comunicata via mail al coordinatore locale e al Presidente della Commissione, pena annullamento della stessa, e\u00a0 inserita nel DB assegnazioni PRIMA della riunione di Commissione.\u00a0 Le richieste non preventivamente discusse con i referees e notificate, o non inserite nel DB,\u00a0 NON sono considerate.<\/p>\n<p>In ogni caso, alla riunione della Commissione i referees presentano le loro motivazioni a favore o contro la richiesta, e la decisione \u00e8 presa collegialmente dalla Commissione a valle di eventuale discussione. ATTENZIONE: per i Grant Giovani, che sono approvati dopo la chiusura del bilancio, <em>il primo anno<\/em> non esiste formalmente un &#8220;sub-judice&#8221;: le richieste di sblocco vanno trattate come richieste aggiuntive<\/p>\n<p>\u00a0<\/p>\n<p><strong>D: Quante e quando sono le riunioni della CSN5?<\/strong><\/p>\n<p><strong>R: <\/strong>La CSN5 si riunisce almeno 5 volte all&#8217;anno, tipicamente in Febbraio, Aprile (presentazione consuntivi degli esperimenti chiusi l&#8217;anno precedente, presentazioni premio Resmini),\u00a0 Luglio (preventivi per anno successivo e nuove proposte) , Settembre (valutazione dei nuovi progetti e formazione del bilancio dell&#8217;anno successivo) e Novembre\/Dicembre (presentazioni e valutazioni finali\u00a0 Grant Giovani). In ogni caso le date precise per ciascun periodo si trovano nel <a href=\"https:\/\/web.infn.it\/csn5\/index.php\/it\/\" data-wpel-link=\"external\" target=\"_blank\" rel=\"nofollow external noopener noreferrer\" title=\"Open page in new tab sito della CSN5\">sito della CSN5<\/a><\/p>\n<p>\u00a0<\/p>\n<p><strong>D: I fondi dei progetti ordinari possono essere usati per assumere personale?<\/strong><\/p>\n<p><strong>R:<\/strong> No<\/p>\n<p>\u00a0<\/p>\n<p><strong>D: Come si gestisce l&#8217;anagrafica dei progetti di CSN5? <\/strong><\/p>\n<p><strong>R: <\/strong>Poich\u00e9 a luglio si presentano delle PROPOSTE, le percentuali di afferenza, che in caso di approvazione si riferiranno all&#8217;anno successivo, saranno perfezionate solo a valle dell&#8217;approvazione del progetto. Tuttavia, \u00e8 importante gi\u00e0 in fase di preventivi inserire valori realistici perch\u00e9 il numero e la qualifica degli FTE su un progetto concorre alla valutazione dello stesso. Fanno eccezione solo le proposte CALL, per cui le % di afferenza nel database dei preventivi devono essere messe a 0. Le percentuali di afferenza definitive si devono comunicare alla segreteria scientifica della sezione di appartenenza una volta approvati i progetti. Naturalmente eventuali variazioni nel corso del progetto devono a loro volta essere comunicate alla segreteria. ATTENZIONE: nel comunicare con la segreteria scientifica, specificare sempre se si parla delle % per i preventivi dell&#8217;anno successivo, o di variazioni per l&#8217;anno in corso, visto che le relativa informazioni vanno inserite in DB diversi. Non assumere che la segreteria sia a conoscenza del significato delle cosiddette &#8220;sigle sinergiche&#8221;: specificare che tot % \u00e8 da togliere dalla sigla X e da mettere sulla sigla Y. In nessun caso le % di afferenza di una persona possono eccedere il 100%: per le sigle di CSN5 sinergiche ad altre, la % della sigla di CSN5 \u00e8 semplicemente SOMMATA a quella di cui \u00e8 sinergica dal managment di quest&#8217;ultima &#8211; per esempio per esperimenti dove INFN richiede minimo 70% di afferenza, tale % si raggiunge con la somma delle afferenze alla sigla principale e a quelle ad essa sinergiche.<\/p>\n<p>\u00a0<\/p>\n<p><strong>D: Il personale universitario o di altro ente pu\u00f2 far parte dell&#8217;anagrafica?<\/strong><\/p>\n<p><strong>R:<\/strong> Certamente, ma deve essere formalmente associato all&#8217;INFN. L&#8217;associazione si chiede a valle di un progetto approvato, e deve essere effettuata presso la Sezione INFN pi\u00f9 vicina. L&#8217;associazione permette di accedere ai finanziamenti per le trasferte, diversamente non rimborsabili dall&#8217;INFN. Tutti i prodotti della ricerca finanziati dal progetto devono essere firmati con doppia affiliazione da parte del personale associato.<\/p>\n<p>\u00a0<\/p>\n<p><strong>D: Come si chiede l&#8217;estensione di un progetto oltre la sua fine naturale?<\/strong><\/p>\n<p><strong>R: <\/strong>Eventuali richieste di estensione si discutono prima di tutto con i referees. Successivamente, il RN deve mandare un\u00a0 mail al Presidente, ai referees e al suo coordinatore locale per notificare la cosa prima della riunione di Luglio. Per inserire le richieste economiche nei preventivi, la segreteria scientifica della<br \/>sede del RN pu\u00f2 riaprire localmente la sigla (che per sua natura sparisce a fine progetto).<\/p>\n<p>\u00a0<\/p>\n\n\n\n<p><strong>D: Esiste una mailing list della Sezione di Bologna per gli afferenti o comunque interessati a essere aggiornati rispetto alle attivit\u00e0 della CSN5?<\/strong><\/p>\n\n\n\n<p><strong>R:<\/strong> S\u00ec; se sei interessato manda un mail, o chiedi al coordinatore locale di iscriverti alla lista: gruppo5@lists.bo.infn.it. Tutte le informazioni rilevanti sono mandate a questa lista: \u00e8 responsabilit\u00e0 degli afferenti alla CSN5 sottoscriversi o cancellarsi<\/p>\n\n\n\n<p>&nbsp;<\/p>\n<p><strong>D: Come si richiedono i finanziamenti per le pubblicazioni scientifiche?<\/strong><\/p>\n<p><strong>R: <\/strong>Le richieste per le pubblicazioni si presentano di norma come richieste aggiuntive a valle dell&#8217;accettazione da parte della rivista; il finanziamento \u00e8 valutato dalla Commissione durante la riunione in cui \u00e8 presentata la richiesta. Che succede se la Commissione non finanzia? Accertarsene caso per caso. ATTENZIONE: per le riviste Open Access, va verificato che la policy della rivista sia coerente con la policy dell&#8217;INFN in materia di pubblicazioni PRIMA di chiederne il finanziamento. Attenzione alle procedure amministrative: i fondi vanno richiesti (tipicamente con Richiesta Di Acquisto secondo le modalit\u00e0 della Pubblica Amministrazione) ed accantonati per tempo, PRIMA della ricezione della fattura.<\/p>\n<p>&nbsp;<\/p>\n\n\n\n<p><strong>D: Come si richiedono i finanziamenti per\u00a0 le presentazioni a conferenze?<\/strong><\/p>\n<p><strong>R: <\/strong>le richieste di missione per presentazioni orali a conferenze sono di norma presentate a valle dell&#8217;accettazone di un contributo da presentare, e si configurano dunque come richieste aggiuntive. Per le conferenze\/congressi organizzati dall&#8217;INFN, le eventuali fees <em>possono<\/em>\u00a0 (non devono) gravare sul capitolo &#8220;consumi&#8221;.\u00a0 In tutti gli altri casi le spese gravano tipicamente sul capitolo missioni, salvo diverso parere dei Direttori e Amministratori locali. La Commissione 5 NON finanzia la partecipazione a conferenze per presentare solo dei POSTER<\/p>\n<p>\u00a0<\/p>\n<p>\u00a0<\/p>\n","protected":false},"excerpt":{"rendered":"<p>Frequently Asked Questions \u00a0 D: Che tipo di progetti di ricerca sono finanziati dalla CSN5? R: Esistono 3 tipi di progetti:\u00a0 Progetti Standard, di durata 2-3 anni; CALL, caratterizzate da durata triennale, accesso a finanziamenti fino a 1M di euro (a seconda delle richieste e della disponibilit\u00e0 della commissione), e dalla possibilit\u00e0 di assumere personale [&hellip;]<\/p>\n","protected":false},"author":53,"featured_media":0,"parent":0,"menu_order":0,"comment_status":"closed","ping_status":"closed","template":"template-page-builder-no-sidebar.php","meta":{"_lmt_disableupdate":"no","_lmt_disable":"","footnotes":""},"class_list":["post-37908","page","type-page","status-publish","hentry"],"_links":{"self":[{"href":"\/gruppo5\/wp-json\/wp\/v2\/pages\/37908","targetHints":{"allow":["GET"]}}],"collection":[{"href":"\/gruppo5\/wp-json\/wp\/v2\/pages"}],"about":[{"href":"\/gruppo5\/wp-json\/wp\/v2\/types\/page"}],"author":[{"embeddable":true,"href":"\/gruppo5\/wp-json\/wp\/v2\/users\/53"}],"replies":[{"embeddable":true,"href":"\/gruppo5\/wp-json\/wp\/v2\/comments?post=37908"}],"version-history":[{"count":34,"href":"\/gruppo5\/wp-json\/wp\/v2\/pages\/37908\/revisions"}],"predecessor-version":[{"id":38365,"href":"\/gruppo5\/wp-json\/wp\/v2\/pages\/37908\/revisions\/38365"}],"wp:attachment":[{"href":"\/gruppo5\/wp-json\/wp\/v2\/media?parent=37908"}],"curies":[{"name":"wp","href":"https:\/\/api.w.org\/{rel}","templated":true}]}}