{"id":38300,"date":"2024-04-02T12:04:38","date_gmt":"2024-04-02T10:04:38","guid":{"rendered":"\/gruppo5\/?page_id=38300"},"modified":"2024-04-02T12:04:39","modified_gmt":"2024-04-02T10:04:39","slug":"ai-infn","status":"publish","type":"page","link":"\/gruppo5\/ai-infn\/","title":{"rendered":"AI INFN"},"content":{"rendered":"<h4 style=\"text-align: center\"><span style=\"font-family: Open Sans;font-size: 28px;color: #4196b4\">Artificial Intelligence INFN<\/span><\/h4>\n\n\n<p>\u00a0<\/p>\n<p><strong>Responsabile Locale: <a href=\"mailto:Daniele.Bonacorsi@bo.infn.it\">Daniele Bonacorsi<\/a><\/strong><\/p>\n<p><strong>Responsabile Nazionale:<\/strong> Lucio Anderlini (Fi)<\/p>\n<p><strong>Unit\u00e0 di Ricerca:<\/strong> Ba, Bo, CNAF, Fe, Fi, Ge, Mib, Na, Pd, Pg, Pi, RM1, To<br \/><strong>Durata: <\/strong>2024-2026<\/p>\n<p><strong>Gruppo locale: <\/strong>Anzalone Luca, Bonacorsi Daniele, Diotalevi Tommaso, Gasperini Simone, Lorusso Marco, Minarini Francesco, Remondini Daniel, Rinaldi Lorenzo, Rossi Tisbeni Simone<\/p>\n<div id=\"p-panel-0-content\" class=\"p-toggleable-content ng-tns-c55-39 ng-trigger ng-trigger-panelContent\" role=\"region\" aria-hidden=\"false\" aria-labelledby=\"p-panel-0-titlebar\">\n<div class=\"p-panel-content ng-tns-c55-39\">\n<div class=\"ng-star-inserted\">\n<div>\n<div>AI_INFN si propone come la naturale evoluzione di ML_INFN,\u00a0 raccogliendone l&#8217;eredit\u00e0 per quanto riguarda la comunit\u00e0, al fine di costruire un modello di calcolo in grado di soddisfare maggiore domanda e scalare agevolmente in vista della pi\u00f9 ampia disponibilit\u00e0 ed eterogeneit\u00e0 di risorse come quelle legate al Centro Nazionale ICSC ed al progetto TeRABIT7.<\/div>\n<div>\n<div>Il progetto focalizzer\u00e0 la sua attenzione su una visione di sistema per elaborare le pi\u00f9 adeguate modalit\u00e0 di fruizione delle risorse informatiche per consentire uno sviluppo veloce ed efficace di tecniche di Machine Learning ed Artificial Intelligence per le attivit\u00e0 di ricerca di rilevanza per l\u2019INFN.<\/div>\n<\/div>\n<div>\u00a0<\/div>\n<div>\u00a0<\/div>\n<div>\u00a0<\/div>\n<\/div>\n<\/div>\n<\/div>\n<\/div>\n<p>\u00a0<\/p>\n","protected":false},"excerpt":{"rendered":"<p>Artificial Intelligence INFN \u00a0 Responsabile Locale: Daniele Bonacorsi Responsabile Nazionale: Lucio Anderlini (Fi) Unit\u00e0 di Ricerca: Ba, Bo, CNAF, Fe, Fi, Ge, Mib, Na, Pd, Pg, Pi, RM1, ToDurata: 2024-2026 Gruppo locale: Anzalone Luca, Bonacorsi Daniele, Diotalevi Tommaso, Gasperini Simone, Lorusso Marco, Minarini Francesco, Remondini Daniel, Rinaldi Lorenzo, Rossi Tisbeni Simone AI_INFN si propone come [&hellip;]<\/p>\n","protected":false},"author":53,"featured_media":0,"parent":0,"menu_order":0,"comment_status":"closed","ping_status":"closed","template":"template-page-builder-no-sidebar.php","meta":{"_lmt_disableupdate":"","_lmt_disable":"","footnotes":""},"class_list":["post-38300","page","type-page","status-publish","hentry"],"_links":{"self":[{"href":"\/gruppo5\/wp-json\/wp\/v2\/pages\/38300","targetHints":{"allow":["GET"]}}],"collection":[{"href":"\/gruppo5\/wp-json\/wp\/v2\/pages"}],"about":[{"href":"\/gruppo5\/wp-json\/wp\/v2\/types\/page"}],"author":[{"embeddable":true,"href":"\/gruppo5\/wp-json\/wp\/v2\/users\/53"}],"replies":[{"embeddable":true,"href":"\/gruppo5\/wp-json\/wp\/v2\/comments?post=38300"}],"version-history":[{"count":2,"href":"\/gruppo5\/wp-json\/wp\/v2\/pages\/38300\/revisions"}],"predecessor-version":[{"id":38303,"href":"\/gruppo5\/wp-json\/wp\/v2\/pages\/38300\/revisions\/38303"}],"wp:attachment":[{"href":"\/gruppo5\/wp-json\/wp\/v2\/media?parent=38300"}],"curies":[{"name":"wp","href":"https:\/\/api.w.org\/{rel}","templated":true}]}}