{"id":2,"date":"2018-04-10T15:43:38","date_gmt":"2018-04-10T13:43:38","guid":{"rendered":"http:\/\/epifani.eu\/infn\/sezioni_wp\/?page_id=2"},"modified":"2025-11-17T11:18:55","modified_gmt":"2025-11-17T10:18:55","slug":"home-it","status":"publish","type":"page","link":"\/mobilitymanagement\/","title":{"rendered":"HomePageITA"},"content":{"rendered":"\n<p>&nbsp;<\/p>\n<p>&nbsp;<\/p>\n<h4 style=\"text-align: center\"><span style=\"font-size: 18pt;color: #007bb3\">Home Page Mobility Management<br><\/span><\/h4>\n<p>&nbsp;<\/p>\n<hr>\n\n\n\n<p class=\"has-text-align-center\" style=\"text-align: left; padding-left: 40px;\">\u00a0<\/p>\n<p><strong><span style=\"font-family: 'Open Sans'; font-size: 18px;\">Mobilit\u00e0 Sostenibile e Mobility Management: spostarsi in modo sostenibile e consapevole, diventano linguaggio pratico ed esigenza reale non piu\u2019 rimandabile.<\/span><\/strong><\/p>\n<p><span style=\"font-family: 'Open Sans';\">Per \u201cMOBILITY MANAGEMENT\u201d si intende la gestione dei bisogni di mobilit\u00e0 nonch\u00e9 la promozione della mobilit\u00e0 sostenibile nell\u2019ambito degli spostamenti casa-lavoro delle\/dei dipendenti di un\u2019azienda. Anche l\u2019INFN \u00e8 coinvolto in questa problematica ed ha recentemente attivato la formazione di un gruppo di lavoro di coordinamento di mobility managers ai quali \u00e8 affidato il compito di individuare soluzioni di mobilit\u00e0 alternativa all\u2019utilizzo individuale di auto e motoveicoli.<\/span><\/p>\n<p><span style=\"font-family: 'Open Sans';\">In una prima fase si prevede di realizzare un\u2019analisi del contesto locale di ciascuna sede coinvolta, mediante un questionario rivolto al personale, dipendente e associato. L\u2019analisi delle risposte permetter\u00e0 di acquisire informazioni sui flussi di spostamento, oltre che a fornire chiare indicazioni sulle esigenze di mobilit\u00e0 del personale stesso e sullo stato dell\u2019 offerta di trasporto nel territorio interessato. Su questa base verr\u00e0 elaborato il Piano degli Spostamenti casa-lavoro (PSCL) che costituisce lo strumento per la proposizione di misure utili a favorire e orientare gli spostamenti casa-lavoro verso forme di mobilit\u00e0 sostenibile alternative. Il PSCL definisce altres\u00ec i benefici conseguibili con l\u2019attuazione delle misure in esso previste, valutando i vantaggi in termini di tempo di spostamento, costi e comfort di viaggio, sia per l\u2019Ente stesso in termini economici e di produttivit\u00e0, sia per la collettivit\u00e0 in termini ambientali sociali ed economici.<\/span><\/p>\n<p>\u00a0<\/p>\n<p style=\"text-align: center;\"><span style=\"font-family: Open Sans; font-size: 16px;\"><em><span style=\"color: #007bb3;\"><strong>MOBILITY MANAGER<\/strong><br \/><\/span><\/em><\/span><\/p>\n<p style=\"text-align: center;\"><span style=\"color: #000080; font-size: 16px; font-family: Open Sans;\"><em><strong>\u00a0RAFFAELLA PIAZZI<\/strong><\/em><\/span><\/p>\n<p style=\"text-align: center;\"><span style=\"color: #000080; font-family: Open Sans; font-size: 16px;\"><em><strong>Tel: 051-20 95069<\/strong><\/em><\/span><\/p>\n<p style=\"text-align: center;\"><span style=\"font-family: Open Sans; font-size: 16px;\"><em><strong><span style=\"color: #000080;\">E-Mail:<\/span> <a href=\"mailto:mobilitymanager_nospam@bo.infn.it\">mobilitymanager@bo.infn.it<\/a><\/strong><\/em><\/span><\/p>\n<p>\u00a0<\/p>\n\n\n\n\n\n\n\n<p>\u00a0<\/p>\n<p>\u00a0<\/p>\n\n\n\n<p><\/p>\n","protected":false},"excerpt":{"rendered":"<p>&nbsp; &nbsp; Home Page Mobility Management &nbsp; \u00a0 Mobilit\u00e0 Sostenibile e Mobility Management: spostarsi in modo sostenibile e consapevole, diventano linguaggio pratico ed esigenza reale non piu\u2019 rimandabile. Per \u201cMOBILITY MANAGEMENT\u201d si intende la gestione dei bisogni di mobilit\u00e0 nonch\u00e9 la promozione della mobilit\u00e0 sostenibile nell\u2019ambito degli spostamenti casa-lavoro delle\/dei dipendenti di un\u2019azienda. Anche l\u2019INFN [&hellip;]<\/p>\n","protected":false},"author":90,"featured_media":0,"parent":0,"menu_order":0,"comment_status":"closed","ping_status":"closed","template":"template-page-builder-no-sidebar.php","meta":{"_lmt_disableupdate":"no","_lmt_disable":"","footnotes":""},"class_list":["post-2","page","type-page","status-publish","hentry"],"_links":{"self":[{"href":"\/mobilitymanagement\/wp-json\/wp\/v2\/pages\/2","targetHints":{"allow":["GET"]}}],"collection":[{"href":"\/mobilitymanagement\/wp-json\/wp\/v2\/pages"}],"about":[{"href":"\/mobilitymanagement\/wp-json\/wp\/v2\/types\/page"}],"author":[{"embeddable":true,"href":"\/mobilitymanagement\/wp-json\/wp\/v2\/users\/90"}],"replies":[{"embeddable":true,"href":"\/mobilitymanagement\/wp-json\/wp\/v2\/comments?post=2"}],"version-history":[{"count":44,"href":"\/mobilitymanagement\/wp-json\/wp\/v2\/pages\/2\/revisions"}],"predecessor-version":[{"id":39566,"href":"\/mobilitymanagement\/wp-json\/wp\/v2\/pages\/2\/revisions\/39566"}],"wp:attachment":[{"href":"\/mobilitymanagement\/wp-json\/wp\/v2\/media?parent=2"}],"curies":[{"name":"wp","href":"https:\/\/api.w.org\/{rel}","templated":true}]}}