{"id":39205,"date":"2022-01-28T08:46:45","date_gmt":"2022-01-28T07:46:45","guid":{"rendered":"\/mobilitymanagement\/?page_id=39205"},"modified":"2025-11-17T11:18:55","modified_gmt":"2025-11-17T10:18:55","slug":"contesto-di-riferimento","status":"publish","type":"page","link":"\/mobilitymanagement\/contesto-di-riferimento\/","title":{"rendered":"MM &#8211; Contesto di riferimento"},"content":{"rendered":"<p><span style=\"font-family: 'Open Sans'; font-size: 18px; color: #007bb3;\"><strong>Mobilita\u2019 sostenibile: scopriamo insieme questa fantastica opportunita\u2019 di cambiamento.<\/strong><\/span><\/p>\n<ul>\n<li><strong><span style=\"font-family: 'Open Sans';\">Mobility Management<\/span><\/strong><\/li>\n<li><strong><span style=\"font-family: 'Open Sans';\">Mobility Manager<\/span><\/strong><\/li>\n<li><strong><span style=\"font-family: 'Open Sans';\">PSCL<\/span><\/strong><\/li>\n<\/ul>\n<p><span style=\"font-family: 'Open Sans';\"><span style=\"background-color: #ffff00;\">Il Decreto Legge n. 34 del 19 maggio 2020<\/span>, c.d. \u201cDecreto Rilancio\u201d, convertito con Legge n. 77 del 17 luglio 2020, recante \u201cMisure per incentivare la mobilit\u00e0 sostenibile\u201d, al comma 4 dell\u2019articolo 229 dispone che \u201cAl fine di favorire il decongestionamento del traffico nelle aree urbane mediante la riduzione dell\u2019uso del mezzo di trasporto privato individuale, le imprese e le pubbliche amministrazioni di cui all\u2019 articolo 1, comma 2, del decreto legislativo 30 marzo 2001, n. 165, <span style=\"background-color: #ffff00;\">con singole unit\u00e0 locali con pi\u00f9 di 100 dipendenti ubicate in un capoluogo di Regione,<\/span> in una Citt\u00e0 metropolitana, in un capoluogo di Provincia ovvero in un Comune con popolazione superiore a 50.000 abitanti <span style=\"background-color: #ffff00;\">sono tenute ad adottare<\/span>, entro il 31 dicembre di ogni anno,<span style=\"background-color: #ffff00;\"> un Piano degli Spostamenti Casa-Lavoro<\/span> del proprio personale dipendente finalizzato alla riduzione dell\u2019uso del mezzo di trasporto privato individuale nominando, a tal fine, un Mobility Manager con funzioni di supporto professionale continuativo alle attivit\u00e0 di decisione, pianificazione, programmazione, gestione e promozione di soluzioni ottimali di mobilit\u00e0 sostenibile\u201d.<\/span><\/p>\n<p><span style=\"font-family: 'Open Sans';\"><span style=\"background-color: #ffff00;\"><strong>Il Mobility Management (MM)<\/strong><\/span> \u00e8 l\u2019insieme delle iniziative che ciascun Ente, sia pubblico che privato, pone in essere per gestire la mobilit\u00e0 dei propri lavoratori, con particolare attenzione agli spostamenti sistematici casa-lavoro-casa<span style=\"background-color: #ffff00;\">. Figura di riferimento per l\u2019implementazione delle suddette iniziative \u00e8 il Mobility Manager<\/span> la cui attivit\u00e0 \u00e8 volta a promuovere forme di mobilit\u00e0 sostenibili, da un punto di vista ambientale, economico e sociale, e il conseguente cambiamento degli atteggiamenti e delle abitudini degli utenti.<\/span><\/p>\n<p><span style=\"font-family: 'Open Sans';\">L\u2019obiettivo della norma \u00e8 consentire la riduzione strutturale e permanente dell\u2019impatto ambientale derivante dal traffico veicolare nelle aree urbane e metropolitane, promuovendo la realizzazione di interventi di organizzazione e gestione della domanda di mobilit\u00e0 delle persone che consentano la riduzione dell\u2019uso del mezzo di trasporto privato motorizzato individuale negli spostamenti sistematici casa-lavoro e favoriscano il decongestionamento del traffico veicolare.<\/span><\/p>\n<p><span style=\"font-family: 'Open Sans';\">Con il Decreto Interministeriale n. 179 del 12 maggio 2021, sottoscritto dal Ministro della Transizione Ecologica (MITE) di concerto con il Ministro delle Infrastrutture e della Mobilit\u00e0 Sostenibili (MIMS), \u00e8 stata data attuazione alla norma sopra richiamata, definendo le figure, le funzioni e i requisiti dei mobility manager aziendali e dei mobility manager d\u2019area e indicando sommariamente i contenuti, le finalit\u00e0 e le modalit\u00e0 di adozione e aggiornamento del \u201cPiano degli Spostamenti Casa-Lavoro \u2013 PSCL\u201d.<\/span><\/p>\n<p><strong><span style=\"font-family: 'Open Sans';\">Il Mobility Manager<\/span><\/strong><\/p>\n<p><span style=\"font-family: 'Open Sans';\">Le imprese e le Pubbliche Amministrazioni con singole unit\u00e0 locali con pi\u00f9 di 100 dipendenti ubicate in un capoluogo di regione, in una citt\u00e0 metropolitana, in un capoluogo di provincia ovvero in un comune con popolazione superiore a 50.000 abitanti sono tenute ad adottare, entro il 31 dicembre di ogni anno, un piano degli spostamenti casa-lavoro del proprio personale dipendente finalizzato alla riduzione dell\u2019uso del mezzo di trasporto privato individuale nominando, a tal fine, un Mobility Manager con funzioni di supporto professionale continuativo alle attivit\u00e0 di decisione, pianificazione, programmazione, gestione e promozione di soluzioni ottimali di mobilit\u00e0 sostenibile;<\/span><\/p>\n<p><span style=\"font-family: 'Open Sans';\">Il Mobility Manager promuove, anche collaborando all\u2019<span style=\"background-color: #ffff00;\">adozione del piano di mobilit\u00e0 sostenibile (PSCL)<\/span>, la realizzazione di interventi di organizzazione e gestione della domanda di mobilit\u00e0 delle persone, al fine di consentire la riduzione strutturale e permanente dell\u2019impatto ambientale derivante dal traffico veicolare nelle aree urbane e metropolitane, tramite l\u2019attuazione di interventi di mobilit\u00e0 sostenibile. Per le pubbliche amministrazioni tale figura \u00e8 scelta tra il personale in ruolo;<\/span><\/p>\n<p><strong><span style=\"font-family: 'Open Sans';\">Al Mobility Manager aziendale sono attribuite le seguenti funzioni:<\/span><\/strong><\/p>\n<ul style=\"list-style-type: disc;\">\n<li><span style=\"font-family: 'Open Sans';\">promozione, attraverso l\u2019elaborazione del PSCL, della realizzazione di interventi per l\u2019organizzazione e la gestione della domanda di mobilit\u00e0 del personale dipendente, al fine di consentire la riduzione strutturale e permanente dell\u2019impatto ambientale derivante dal traffico veicolare nelle aree urbane e metropolitane;<\/span><br \/>\n<span style=\"font-family: 'Open Sans';\">supporto all\u2019adozione del PSCL;<\/span><\/li>\n<li><span style=\"font-family: 'Open Sans';\">adeguamento del PSCL anche sulla base delle indicazioni ricevute dal comune territorialmente competente, elaborate con il supporto del mobility manager d\u2019area;<\/span><\/li>\n<li><span style=\"font-family: 'Open Sans';\">verifica dell\u2019attuazione del PSCL, anche ai fini di un suo eventuale aggiornamento, attraverso il monitoraggio degli spostamenti dei dipendenti e la valutazione, mediante indagini specifiche, del loro livello di soddisfazione;<\/span><\/li>\n<li><span style=\"font-family: 'Open Sans';\"><strong>\u00abMobility Manager aziendale\u00bb<\/strong>: figura specializzata nel governo della domanda di mobilit\u00e0 e nella promozione della mobilit\u00e0 sostenibile nell\u2019ambito degli spostamenti casa-lavoro del personale dipendente;<\/span><\/li>\n<li><span style=\"font-family: 'Open Sans';\"><strong>\u00abMobility Manager d\u2019area\u00bb<\/strong>: figura specializzata nel supporto al comune territorialmente competente, presso il quale \u00e8 nominato nella definizione e implementazione di politiche di mobilit\u00e0 sostenibile, nonch\u00e9 nello svolgimento di attivit\u00e0 di raccordo tra i mobility manager aziendali;<\/span><\/li>\n<\/ul>\n<p><strong><span style=\"font-family: 'Open Sans';\">Il Piano Spostamento Casa Lavoro \u2013 PSCL<\/span><\/strong><\/p>\n<p><span style=\"font-family: 'Open Sans';\">Le imprese e le Pubbliche Amministrazioni con singole unit\u00e0 locali con pi\u00f9 di 100 dipendenti ubicate in un capoluogo di regione, in una citt\u00e0 metropolitana, in un capoluogo di provincia ovvero in un comune con popolazione superiore a 50.000 abitanti sono tenute ad adottare, entro il 31 dicembre di ogni anno, un piano degli spostamenti casa-lavoro del proprio personale dipendente<\/span><\/p>\n<p><span style=\"font-family: 'Open Sans';\"><strong><span style=\"background-color: #ffff00;\">Il PSCL, finalizzato alla riduzione del traffico veicolare privato<\/span><\/strong>, individua le misure utili a orientare gli spostamenti casa lavoro del personale dipendente verso forme di mobilit\u00e0 sostenibile alternative all\u2019uso individuale del veicolo privato a motore, sulla base dell\u2019analisi degli spostamenti casa-lavoro dei dipendenti, delle loro esigenze di mobilit\u00e0 e dello stato dell\u2019offerta di trasporto presente nel territorio interessato. Il PSCL definisce, altres\u00ec, i benefici conseguibili con l\u2019attuazione delle misure in esso previste, valutando i vantaggi sia per i dipendenti coinvolti, in termini di tempi di spostamento, costi di trasporto e comfort di trasporto, sia per l\u2019impresa o la pubblica amministrazione che lo adotta, in termini economici e di produttivit\u00e0, nonch\u00e9 per la collettivit\u00e0, in termini ambientali, sociali ed economici.<\/span><\/p>\n<ul>\n<li><span style=\"font-family: 'Open Sans';\">\u00abPiano degli Spostamenti Casa-Lavoro \u2013 PSCL: strumento di pianificazione degli spostamenti sistematici casa-lavoro del personale dipendente di una singola unit\u00e0 locale lavorativa<\/span><\/li>\n<\/ul>\n<p><span style=\"font-size: 14px;\"><em><span style=\"font-family: 'Open Sans';\">Definizioni e funzioni estratte da:<\/span><\/em><\/span><\/p>\n<p><span style=\"font-size: 14px;\"><em><span style=\"font-family: 'Open Sans';\">Decreto Interministeriale del MITE e MIMS n. 179 del 12 maggio 2021<\/span><\/em><\/span><br \/>\n<span style=\"font-size: 14px;\"><em><span style=\"font-family: 'Open Sans';\">Linee Guida per la redazione e l\u2019implementazione dei Piani degli Spostamenti Casa Lavoro (PSCL) allegate al Decreto Interministeriale MITE MIMS n. 209 del 04\/08\/2021 (LG_A1-5).<\/span><\/em><\/span><\/p>\n","protected":false},"excerpt":{"rendered":"<p>Mobilita\u2019 sostenibile: scopriamo insieme questa fantastica opportunita\u2019 di cambiamento. Mobility Management Mobility Manager PSCL Il Decreto Legge n. 34 del 19 maggio 2020, c.d. \u201cDecreto Rilancio\u201d, convertito con Legge n. 77 del 17 luglio 2020, recante \u201cMisure per incentivare la mobilit\u00e0 sostenibile\u201d, al comma 4 dell\u2019articolo 229 dispone che \u201cAl fine di favorire il decongestionamento [&hellip;]<\/p>\n","protected":false},"author":90,"featured_media":0,"parent":0,"menu_order":0,"comment_status":"closed","ping_status":"closed","template":"template-page-builder-no-sidebar.php","meta":{"_lmt_disableupdate":"no","_lmt_disable":"","footnotes":""},"class_list":["post-39205","page","type-page","status-publish","hentry"],"_links":{"self":[{"href":"\/mobilitymanagement\/wp-json\/wp\/v2\/pages\/39205","targetHints":{"allow":["GET"]}}],"collection":[{"href":"\/mobilitymanagement\/wp-json\/wp\/v2\/pages"}],"about":[{"href":"\/mobilitymanagement\/wp-json\/wp\/v2\/types\/page"}],"author":[{"embeddable":true,"href":"\/mobilitymanagement\/wp-json\/wp\/v2\/users\/90"}],"replies":[{"embeddable":true,"href":"\/mobilitymanagement\/wp-json\/wp\/v2\/comments?post=39205"}],"version-history":[{"count":4,"href":"\/mobilitymanagement\/wp-json\/wp\/v2\/pages\/39205\/revisions"}],"predecessor-version":[{"id":39344,"href":"\/mobilitymanagement\/wp-json\/wp\/v2\/pages\/39205\/revisions\/39344"}],"wp:attachment":[{"href":"\/mobilitymanagement\/wp-json\/wp\/v2\/media?parent=39205"}],"curies":[{"name":"wp","href":"https:\/\/api.w.org\/{rel}","templated":true}]}}