{"id":39215,"date":"2022-01-28T14:27:57","date_gmt":"2022-01-28T13:27:57","guid":{"rendered":"\/mobilitymanagement\/?page_id=39215"},"modified":"2025-11-17T11:18:56","modified_gmt":"2025-11-17T10:18:56","slug":"mm-mobilita-sostenibile","status":"publish","type":"page","link":"\/mobilitymanagement\/mm-mobilita-sostenibile\/","title":{"rendered":"MM \u2013 Mobilit\u00e0 Sostenibile"},"content":{"rendered":"<p><span style=\"font-size: 18px\"><strong><span style=\"font-family: 'Open Sans'\">Mobilit\u00e0 Sostenibile<\/span><\/strong><\/span><\/p>\n<p><span style=\"font-family: 'Open Sans'\">Con Mobilit\u00e0 Sostenibile si indicano le modalit\u00e0 di spostamento (nello specifico in un sistema di mobilit\u00e0 urbana) in grado di diminuire gli impatti ambientali, sociali ed economici generati dai veicoli privati alimentati a benzina e diesel, in termini di:<\/span><\/p>\n<ul style=\"list-style-type: square\">\n<li><span style=\"font-family: 'Open Sans'\">Inquinamento atmosferico;<\/span><\/li>\n<li><span style=\"font-family: 'Open Sans'\">Inquinamento acustico;<\/span><\/li>\n<li><span style=\"font-family: 'Open Sans'\">Congestione stradale;<\/span><\/li>\n<li><span style=\"font-family: 'Open Sans'\">Incidentalit\u00e0;<\/span><\/li>\n<li><span style=\"font-family: 'Open Sans'\">Degrado delle aree urbane (causato dallo spazio occupato dagli autoveicoli a scapito dei pedoni);<\/span><\/li>\n<li><span style=\"font-family: 'Open Sans'\">Consumo di territorio (causato dalla realizzazione delle strade e infrastrutture);<\/span><\/li>\n<li><span style=\"font-family: 'Open Sans'\">Costi per gli spostamenti (sia a carico della comunit\u00e0 sia del singolo).<\/span><\/li>\n<\/ul>\n","protected":false},"excerpt":{"rendered":"<p>Mobilit\u00e0 Sostenibile Con Mobilit\u00e0 Sostenibile si indicano le modalit\u00e0 di spostamento (nello specifico in un sistema di mobilit\u00e0 urbana) in grado di diminuire gli impatti ambientali, sociali ed economici generati dai veicoli privati alimentati a benzina e diesel, in termini di: Inquinamento atmosferico; Inquinamento acustico; Congestione stradale; Incidentalit\u00e0; Degrado delle aree urbane (causato dallo spazio [&hellip;]<\/p>\n","protected":false},"author":90,"featured_media":0,"parent":0,"menu_order":0,"comment_status":"closed","ping_status":"closed","template":"template-page-builder-no-sidebar.php","meta":{"_lmt_disableupdate":"no","_lmt_disable":"","footnotes":""},"class_list":["post-39215","page","type-page","status-publish","hentry"],"_links":{"self":[{"href":"\/mobilitymanagement\/wp-json\/wp\/v2\/pages\/39215","targetHints":{"allow":["GET"]}}],"collection":[{"href":"\/mobilitymanagement\/wp-json\/wp\/v2\/pages"}],"about":[{"href":"\/mobilitymanagement\/wp-json\/wp\/v2\/types\/page"}],"author":[{"embeddable":true,"href":"\/mobilitymanagement\/wp-json\/wp\/v2\/users\/90"}],"replies":[{"embeddable":true,"href":"\/mobilitymanagement\/wp-json\/wp\/v2\/comments?post=39215"}],"version-history":[{"count":1,"href":"\/mobilitymanagement\/wp-json\/wp\/v2\/pages\/39215\/revisions"}],"predecessor-version":[{"id":39217,"href":"\/mobilitymanagement\/wp-json\/wp\/v2\/pages\/39215\/revisions\/39217"}],"wp:attachment":[{"href":"\/mobilitymanagement\/wp-json\/wp\/v2\/media?parent=39215"}],"curies":[{"name":"wp","href":"https:\/\/api.w.org\/{rel}","templated":true}]}}