{"id":38736,"date":"2020-04-26T16:33:35","date_gmt":"2020-04-26T14:33:35","guid":{"rendered":"\/prevenzione\/?page_id=38736"},"modified":"2026-02-16T12:01:43","modified_gmt":"2026-02-16T11:01:43","slug":"ospiti","status":"publish","type":"page","link":"\/prevenzione\/ospiti\/","title":{"rendered":"Informazioni per gli ospiti"},"content":{"rendered":"\n<section class=\"intro\">\n<p>\u00a0<\/p>\n<\/section>\n<section class=\"intro\">\n<h4 style=\"text-align: center\"><span style=\"font-size: 21px;color: #007bb3\">INFORMATIVA PER OSPITI<\/span><\/h4>\n<p class=\"intro\">Gentile ospite desideriamo fornire alcune informazioni sui comportamenti da adottare durante la permanenza presso la nostra Sezione, sia in condizioni abituali, sia in caso di emergenza. In ogni caso e per tutta la durata della visita non \u00e8 consentito agli ospiti restare soli.<\/p>\n<p>Tutte le diposizioni adottate dal Piano di Emergenza ed Evacuazione, le planimetrie dello stabile e i numeri utili sono visibili sul sito web, alla sezione <a href=\"https:\/\/www.bo.infn.it\/prevenzione\/emergenza\/\" data-wpel-link=\"external\" target=\"_blank\" rel=\"nofollow external noopener noreferrer\" title=\"Open page in new tab EMERGENZA\"><strong>EMERGENZA<\/strong><\/a>. La consultazione non pu\u00f2 comunque essere intesa come formazione.<\/p>\n<p>In caso di emergenza contattare:<\/p>\n<p><br \/><strong>REPERIBILE I.N.F.N. tel. 342 8631034 \u2013 340 1817298 viale Berti Pichat 6\/2<\/strong><br \/><strong>REPERIBILE I.N.F.N. tel. 340 4606497 \u2013 340 9604191 via Irnerio 46<\/strong><\/p>\n<p><em><span style=\"font-size: 14px\">All\u2019attivazione dell\u2019allarme di emergenza s\u2019impone l\u2019abbandono immediato dello stabile.\u00a0<\/span><\/em><\/p>\n<table style=\"height: 280px;width: 100.833%;border-collapse: collapse;border-style: solid\" border=\"1\">\n<tbody>\n<tr>\n<td style=\"width: 100%\">\n<p style=\"text-align: center\"><span style=\"font-size: 28px;color: #b30000\"><strong>Soccorsi esterni:<\/strong><\/span><\/p>\n<p style=\"text-align: center\"><span style=\"font-size: 24px;color: #b30000\"><strong>112 Numero unico per l&#8217;Emergenze\u00a0<\/strong><\/span><\/p>\n<\/td>\n<\/tr>\n<\/tbody>\n<\/table>\n<p>La Sezione ha un Servizio di Prevenzione e Protezione (SPP) che supervisiona la conformit\u00e0 dei nostri locali, delle apparecchiature e delle procedure adottate, in ottemperanza alla normativa riguardante la Sicurezza del Lavoro e la Radioprotezione.<\/p>\n<p><br \/>Il responsabile del Laboratorio o dell\u2019Esperimento di cui si \u00e8 ospite, o l\u2019accompagnatore durante la permanenza in Sezione, \u00e8 il referente. In caso di necessit\u00e0 rivolgersi in ordine di priorit\u00e0:<\/p>\n<p><br \/>\u2022 al referente della visita;<br \/>\u2022 al personale del Servizio di Prevenzione e Protezione (tel. int. 95266; +39 3338193473)<br \/>\u2022 al <a href=\"https:\/\/www.bo.infn.it\/direzione\/\" data-wpel-link=\"external\" target=\"_blank\" rel=\"nofollow external noopener noreferrer\" title=\"Open page in new tab Servizio di Direzione\"><strong>Servizio di Direzione<\/strong><\/a> (tel. int. 95209).<\/p>\n<p><br \/>L\u2019ente \u00e8 sollevato da ogni responsabilit\u00e0 per oggetti introdotti dai visitatori all\u2019interno dei locali; pertanto, non sono ammessi materiali diversi da effetti personali. L\u2018introduzione nei locali della Sezione di sostanze o preparati classificati pericolosi e l\u2018utilizzo di attrezzature prive di marcatura CE sono consentiti solo se preventivamente autorizzati dalla Direzione, su richiesta del referente.<br \/><br \/>Attenersi sempre a divieti e obblighi segnalati nei locali e prestare attenzione a quanto indicato da pittogrammi e avvisi acustici. Accedere ai seguenti locali soltanto se accompagnati da nostro personale autorizzato: Officina e laboratori al piano seminterrato (-1) della sede Berti Pichat 6\/2 (possibile presenza di macchine utensili in funzionamento, di apparecchiature elettroniche in tensione o di sostanze pericolose); Sala Calcoli del TIER1 (di INFN-CNAF) al secondo piano seminterrato della sede Berti Pichat 6\/2 (presenza di sistema antincendio automatico a gas). Si ricorda che non \u00e8 consentito svolgere attivit\u00e0 sulle quali non si \u00e8 stati formati o informati sui rischi relativi. Per richiamare alcune nozioni relative ai Rischi presenti nella Sezione INFN di Bologna \u00e8 possibile consultare su questa pagina web la sezione dedicata alle normative informazione sui pericoli e rischi.<\/p>\n<p>La consultazione non pu\u00f2 comunque essere intesa come una formazione su tali rischi.<\/p>\n<p>In ciascuna sede \u00e8 in vigore un Piano di Emergenza ed \u00e8 in forze una Squadra di Emergenza, formata per Antincendio e Primo Soccorso.<\/p>\n<p><br \/>In caso di emergenza, di principio d\u2019incendio, persona infortunata, o malore, allertare tempestivamente i Reperibili visibili sul portale, alla sezione <a href=\"https:\/\/www.bo.infn.it\/prevenzione\/emergenza\/\" data-wpel-link=\"external\" target=\"_blank\" rel=\"nofollow external noopener noreferrer\" title=\"Open page in new tab Emergenza\"><strong>Emergenza<\/strong><\/a>: nella rara eventualit\u00e0 di mancata risposta rivolgersi alla portineria di Viale Berti Pichat 6\/2 tel. int. 051 2095162; Via Irnerio 46 tel. int. 051 2091004.<\/p>\n<p><br \/>In ogni piano sono ubicati lungo i corridoi bottoni di emergenza attivabili in caso di bisogno grave. Sono presenti su ogni piano presidi estinguenti e sensori di rilevazione fumi.<\/p>\n<p><br \/>In caso di allarme generale s\u2019impone l\u2019abbandono immediato dell\u2019edificio: rivolgersi al proprio referente e allontanarsi dal building in sicurezza lungo le vie di esodo, fino ai luoghi di raccolta indicati nelle Planimetrie affisse ai piani. Non correre e non creare panico.<\/p>\n<p><br \/>Non utilizzare mai ascensori o montacarichi. Raggiunto l\u2018esterno, cercare il proprio referente e\/o i membri della Squadra di Emergenza per confermare la propria evacuazione ed eventualmente comunicare se ci sono colleghi non ancora sfollati all\u2019interno dell\u2019edificio.<\/p>\n<p><br \/>S\u2019intende severamente vietato consumare cibi al di fuori dei locali adibiti a ristoro; preparare pietanze; fumare; utilizzare fiamme libere. In ogni caso \u00e8 vietato sostare in aree non autorizzate e utilizzare strumenti per i quali non si \u00e8 abilitati e\/o autorizzati.<\/p>\n<p><br \/><br \/><\/p>\n<\/section>\n","protected":false},"excerpt":{"rendered":"<p>\u00a0 INFORMATIVA PER OSPITI Gentile ospite desideriamo fornire alcune informazioni sui comportamenti da adottare durante la permanenza presso la nostra Sezione, sia in condizioni abituali, sia in caso di emergenza. In ogni caso e per tutta la durata della visita non \u00e8 consentito agli ospiti restare soli. Tutte le diposizioni adottate dal Piano di Emergenza [&hellip;]<\/p>\n","protected":false},"author":96,"featured_media":0,"parent":0,"menu_order":0,"comment_status":"closed","ping_status":"closed","template":"template-page-builder-no-sidebar.php","meta":{"_lmt_disableupdate":"no","_lmt_disable":"","footnotes":""},"class_list":["post-38736","page","type-page","status-publish","hentry"],"_links":{"self":[{"href":"\/prevenzione\/wp-json\/wp\/v2\/pages\/38736","targetHints":{"allow":["GET"]}}],"collection":[{"href":"\/prevenzione\/wp-json\/wp\/v2\/pages"}],"about":[{"href":"\/prevenzione\/wp-json\/wp\/v2\/types\/page"}],"author":[{"embeddable":true,"href":"\/prevenzione\/wp-json\/wp\/v2\/users\/96"}],"replies":[{"embeddable":true,"href":"\/prevenzione\/wp-json\/wp\/v2\/comments?post=38736"}],"version-history":[{"count":27,"href":"\/prevenzione\/wp-json\/wp\/v2\/pages\/38736\/revisions"}],"predecessor-version":[{"id":41337,"href":"\/prevenzione\/wp-json\/wp\/v2\/pages\/38736\/revisions\/41337"}],"wp:attachment":[{"href":"\/prevenzione\/wp-json\/wp\/v2\/media?parent=38736"}],"curies":[{"name":"wp","href":"https:\/\/api.w.org\/{rel}","templated":true}]}}