{"id":38758,"date":"2020-04-27T10:11:33","date_gmt":"2020-04-27T08:11:33","guid":{"rendered":"\/prevenzione\/?page_id=38758"},"modified":"2024-08-01T16:34:41","modified_gmt":"2024-08-01T14:34:41","slug":"sostenze-pericolose","status":"publish","type":"page","link":"\/prevenzione\/sostenze-pericolose\/","title":{"rendered":"Sostanze pericolose"},"content":{"rendered":"\n<p>\u00a0<\/p>\n<table style=\"width: 100%; border-collapse: collapse;\" border=\"0\">\n<tbody>\n<tr>\n<td style=\"width: 100%;\" align=\"center\">\n<div style=\"height: 288px; width: 352px;\">\n\n<div class=\"able-container\">\n\n\t<div class=\"media-container\">\n\n\t\t<video id=\"2074682892\" data-able-player data-speed-icons=\"animals\" data-meta-type=\"selector\">\n\n\t\t\t<source src=\"\/prevenzione\/wp-content\/uploads\/sites\/16\/2020\/04\/sostanze-pericolose.mp4\" type=\"video\/mp4\">\n\n\t\t\t\t\t\t\t<track src=\"\/prevenzione\/wp-content\/uploads\/sites\/16\/2021\/10\/sostanze-pericolose.vtt\" kind=\"captions\">\n\t\t\t\n\t\t\t\n\t\t<\/video>\n\n\t<\/div>\n\n<\/div><\/div>\n<\/td>\n<\/tr>\n<\/tbody>\n<\/table>\n<p>\u00a0<\/p>\n<p style=\"text-align: left;\">Le sostanze eventualmente utilizzate in laboratorio possono presentare particolari pericoli, potrebbero essere tossiche o nocive, corrosive, infiammabili o esplosive e potrebbero essere pericolose perch\u00e8 inalate, assorbite dal corpo attraverso la pelle o gli occhi, ingerite, specie con il cibo o il fumo. La prima regola della sicurezza \u00e8 la sostituzione delle sostanze pericolose con altre meno pericolose. Ad ogni acquisto \u00e8 obbligatorio prendere sempre in considerazione questa possibilit\u00e0 !<\/p>\n<div>\n<h5 style=\"text-align: left;\"><span style=\"color: #000080;\">ALCUNE IMPORTANTI NORME DA RISPETTARE<\/span><\/h5>\n<\/div>\n<div style=\"text-align: left;\">\n<p>&#8211; Conservare sempre i prodotti nei loro contenitori appositamente etichettati.<br \/>&#8211; NON travasarli mai in contenitori non idonei e senza etichetta, neppure momentaneamente.<br \/>&#8211; Non lasciare mai prodotti pericolosi incustoditi, alla portata di tutti.<br \/>&#8211; Leggere sempre tutte le informazioni disponibili prima di procedere alle operazioni di manipolazione.<br \/>&#8211; Osservare costantemente le norme di igiene personale (lavarsi le mani, etc.) e in generale non mangiare e bere durante l&#8217;uso di sostanze pericolose.<br \/>&#8211; Lavorare con attenzione, indossando gli opportuni D.P.I. e rispettando le indicazioni di sicurezza.<\/p>\n<\/div>\n<div style=\"text-align: left;\"><img loading=\"lazy\" decoding=\"async\" class=\"aligncenter\" src=\"\/prevenzione\/wp-content\/uploads\/sites\/16\/2020\/07\/regole.jpg\" alt=\"Immagine Simboli\" width=\"80\" height=\"48\" \/><\/div>\n<div><hr \/><\/div>\n<h5 style=\"text-align: left;\"><span style=\"color: #000080;\">Prima di acquistare un prodotto \u00e8 indispensabile acquisire tutte le informazioni necessarie per sapere esattamente:<\/span><\/h5>\n<div>\n<p style=\"text-align: left;\">&#8211; Quali rischi potrebbero derivare dall&#8217;uso del prodotto.<br \/>&#8211; Con quali accorgimenti il prodotto deve essere stoccato, usato e smaltito.<br \/>&#8211; Quali dispositivi di protezione bisogna acquistare assieme al materiale.<br \/>&#8211; Se \u00e8 necessario acquistare anche un apposito armadietto, appositi reagenti inibitori, eventuali estintori idonei, &#8230;<\/p>\n<\/div>\n<div><img loading=\"lazy\" decoding=\"async\" class=\"aligncenter\" src=\"\/prevenzione\/wp-content\/uploads\/sites\/16\/2020\/07\/info4.jpg\" alt=\"Immagine decorativa\" width=\"80\" height=\"50\" \/><hr \/><\/div>\n<div>\n<h5 style=\"text-align: left;\"><span style=\"color: #000080;\">Tutte queste informazioni devono essere acquisite richiedendo al fornitore l\u2019apposita scheda di sicurezza prevista dal D.Lgs. 52\/97<\/span><\/h5>\n<\/div>\n<div>\n<p style=\"text-align: left;\">Tali schede devono essere conformi al D.M. 4 aprile 1997 e riportare in ordine i seguenti punti:<br \/>&#8211; Identificazione del preparato e della societ\u00e0 ;<br \/>&#8211; Composizione e informazione sugli ingredienti;<br \/>&#8211; Identificazione dei pericoli;<br \/>&#8211; Misure di primo soccorso;<br \/>&#8211; Misure antincendio;<br \/>&#8211; Misure in caso di fuoriuscita accidentale;<br \/>&#8211; Manipolazione e stoccaggio;<br \/>&#8211; Controllo dell\u2019esposizione individuale;<br \/>&#8211; Propriet\u00e0 fisiche e chimiche;<br \/>&#8211; Stabilit\u00e0 e reattivit\u00e0 ;<br \/>&#8211; Informazioni tossicologiche;<br \/>&#8211; Informazioni ecologiche;<br \/>&#8211; Considerazioni sullo smaltimento;<br \/>&#8211; Informazioni sul trasporto;<br \/>&#8211; Informazioni sulla regolamentazione;<br \/>&#8211; Altre informazioni<\/p>\n<p style=\"text-align: left;\">Sui prodotti pericolosi sono sempre riportate le frasi di rischio, H, e i consigli di prudenza, P.<\/p>\n<ul style=\"list-style-type: circle;\">\n<li><span style=\"color: #007bb3;\"><a style=\"color: #007bb3;\" href=\"\/prevenzione\/FRASI DI RISCHIO\/\" rel=\"noopener noreferrer nofollow\" data-wplink-url-error=\"true\" data-wpel-link=\"internal\" target=\"_self\" title=\"Open page FRASI DI RISCHIO\"><strong>FRASI DI RISCHIO<\/strong><\/a><\/span><\/li>\n<li><a href=\"\/prevenzione\/consigli-di-prudenza\/\" target=\"_self\" rel=\"noopener noreferrer nofollow\" data-wpel-link=\"internal\" title=\"Open page CONSIGLI DI PRUDENZA\"><strong><span style=\"color: #007bb3;\">CONSIGLI DI PRUDENZA<\/span><\/strong><\/a><\/li>\n<\/ul>\n<p style=\"text-align: left;\">Inoltre <span style=\"color: #007bb3;\"><a style=\"color: #007bb3;\" href=\"\/prevenzione\/wp-content\/uploads\/sites\/16\/2020\/07\/Etichetta_Simboli_di_Pericolo10.pdf\" data-wpel-link=\"internal\" target=\"_self\" rel=\"nofollow noopener noreferrer\" title=\"Open page l&#8217;etichettatura\">l&#8217;etichettatura<\/a>\u00a0<\/span>tiene conto di tutti i pericoli potenziali connessi con la normale manipolazione ed utilizzazione delle sostanze e dei preparati pericolosi nella forma in cui vengono commercializzati.<\/p>\n<\/div>\n<p>\u00a0<\/p>\n<p>\u00a0<\/p>\n","protected":false},"excerpt":{"rendered":"<p>\u00a0 \u00a0 Le sostanze eventualmente utilizzate in laboratorio possono presentare particolari pericoli, potrebbero essere tossiche o nocive, corrosive, infiammabili o esplosive e potrebbero essere pericolose perch\u00e8 inalate, assorbite dal corpo attraverso la pelle o gli occhi, ingerite, specie con il cibo o il fumo. La prima regola della sicurezza \u00e8 la sostituzione delle sostanze pericolose [&hellip;]<\/p>\n","protected":false},"author":96,"featured_media":0,"parent":0,"menu_order":0,"comment_status":"closed","ping_status":"closed","template":"template-page-builder-no-sidebar.php","meta":{"_lmt_disableupdate":"no","_lmt_disable":"","footnotes":""},"class_list":["post-38758","page","type-page","status-publish","hentry"],"_links":{"self":[{"href":"\/prevenzione\/wp-json\/wp\/v2\/pages\/38758","targetHints":{"allow":["GET"]}}],"collection":[{"href":"\/prevenzione\/wp-json\/wp\/v2\/pages"}],"about":[{"href":"\/prevenzione\/wp-json\/wp\/v2\/types\/page"}],"author":[{"embeddable":true,"href":"\/prevenzione\/wp-json\/wp\/v2\/users\/96"}],"replies":[{"embeddable":true,"href":"\/prevenzione\/wp-json\/wp\/v2\/comments?post=38758"}],"version-history":[{"count":66,"href":"\/prevenzione\/wp-json\/wp\/v2\/pages\/38758\/revisions"}],"predecessor-version":[{"id":40640,"href":"\/prevenzione\/wp-json\/wp\/v2\/pages\/38758\/revisions\/40640"}],"wp:attachment":[{"href":"\/prevenzione\/wp-json\/wp\/v2\/media?parent=38758"}],"curies":[{"name":"wp","href":"https:\/\/api.w.org\/{rel}","templated":true}]}}