{"id":38792,"date":"2020-04-27T17:31:59","date_gmt":"2020-04-27T15:31:59","guid":{"rendered":"\/prevenzione\/?page_id=38792"},"modified":"2024-12-03T15:29:36","modified_gmt":"2024-12-03T14:29:36","slug":"formazione-sicurezza","status":"publish","type":"page","link":"\/prevenzione\/formazione-sicurezza\/","title":{"rendered":"Formazione Generale sulla Sicurezza del Lavoro"},"content":{"rendered":"\n<section class=\"intro\">\n<div class=\"center\">\n<h4 style=\"text-align: center\"><span style=\"font-size: 18pt;color: #59abce\">\u00a0<\/span><span style=\"font-size: 18pt;color: #007bb3\"><em>FORMAZIONE GENERALE SULLA SICUREZZA DEL LAVORO<\/em><\/span><\/h4>\n<p>\u00a0<\/p>\n<\/div>\n<p>A partire da giugno 2023, l\u2019INFN ha attivato un contratto, per un triennio, per la formazione obbligatoria in materia di salute e sicurezza sul lavoro aggiudicato ad AIFOS che ha per oggetto:<\/p>\n<p>\u00a0\u00a0\u2013\u00a0la\u00a0formazione\u00a0sincrona\u00a0in\u00a0videoconferenza;<\/p>\n<p>\u00a0\u00a0\u2013\u00a0la\u00a0formazione\u00a0in\u00a0aula;<\/p>\n<p>\u00a0\u00a0\u2013\u00a0eventuale\u00a0formazione\u00a0a\u00a0catalogo\u00a0per singoli lavoratori.<\/p>\n<p>Per la formazione dei dipendenti in\u00a0<em>e-learning\u00a0<\/em>in materia di sicurezza \u00e8 proposto da AIFOS un training personalizzato.<\/p>\n<p>Sono attualmente attivi i corsi di:<\/p>\n<ul>\n<li>Formazione Generale \u2013 4 h in lingua italiana ed inglese<\/li>\n<li>Formazione Specifica \u2013 4h in lingua italiana ed inglese (il corso in modalit\u00e0 <em>e-learning\u00a0<\/em>pu\u00f2 essere\u00a0 \u00a0 \u00a0 attivato solo per i lavoratori adibiti ad attivit\u00e0 d\u2019ufficio per i quali si valuta un rischio basso)<\/li>\n<li>Corsi d\u2019aggiornamento quinquennale \u2013 6 h in lingua italiana ed inglese<\/li>\n<li>Corso di formazione per dirigenti \u2013 16 h in lingua italiana<\/li>\n<li>Corso di aggiornamento per dirigenti e preposti \u2013 6 h in lingua italiana<\/li>\n<\/ul>\n<p>La prima formazione \u00e8 impartita agli inizi della collaborazione, stabiliti i rischi cui \u00e8 esposto il lavoratore, e il programma \u00e8 il seguente:<\/p>\n<ol>\n<li>cenni di storia e \u201cimpostazione\u201d delle leggi sulla Sicurezza del Lavoro; individuazione dei vari soggetti e loro responsabilit\u00e0;<\/li>\n<li>organizzazione del SPP: figure, documenti, sorveglianza sanitaria, organi esterni di controllo;<\/li>\n<li>concetti di pericolo e di rischio;<\/li>\n<li>pericoli individuati nelle nostre strutture;<\/li>\n<li>avvertenze generali e segnaletica;<\/li>\n<li>\u00a0uso dei videoterminali: cenni di fisiologia, disturbi e rimedi;<\/li>\n<li>pericoli elettrici: cenni di fisiologia, tipi di pericoli e loro protezioni, situazioni di pericolo elettrico particolari delle nostre strutture;<\/li>\n<li>sostanze pericolose: classificazione, individuazione e cenni sulle procedure generali di utilizzo nelle nostre strutture;<\/li>\n<li>cenni sul pericolo rumore;<\/li>\n<li>cenni su protezioni in gravidanza;<\/li>\n<li>emergenza: organizzazione della Squadra di emergenza e comportamenti da tenere nei casi di emergenza pi\u00f9 probabili;<\/li>\n<li>Il corso comprende un test finale scritto di verifica.<\/li>\n<\/ol>\n<p>Per il personale che per motivi di lavoro \u00e8 classificato in categoria B a fini radio protezionistici, \u00e8 previsto un corso interno in presenza di formazione sulla radioprotezione, tenuto dall\u2019esperto di radio protezione e dal medico autorizzato.<\/p>\n<div class=\"center\">\u00a0<\/div>\n<\/section>\n<p style=\"text-align: left\">\u00a0<\/p>\n","protected":false},"excerpt":{"rendered":"<p>\u00a0FORMAZIONE GENERALE SULLA SICUREZZA DEL LAVORO \u00a0 A partire da giugno 2023, l\u2019INFN ha attivato un contratto, per un triennio, per la formazione obbligatoria in materia di salute e sicurezza sul lavoro aggiudicato ad AIFOS che ha per oggetto: \u00a0\u00a0\u2013\u00a0la\u00a0formazione\u00a0sincrona\u00a0in\u00a0videoconferenza; \u00a0\u00a0\u2013\u00a0la\u00a0formazione\u00a0in\u00a0aula; \u00a0\u00a0\u2013\u00a0eventuale\u00a0formazione\u00a0a\u00a0catalogo\u00a0per singoli lavoratori. Per la formazione dei dipendenti in\u00a0e-learning\u00a0in materia di sicurezza \u00e8 proposto [&hellip;]<\/p>\n","protected":false},"author":96,"featured_media":0,"parent":0,"menu_order":0,"comment_status":"closed","ping_status":"closed","template":"template-page-builder-no-sidebar.php","meta":{"_lmt_disableupdate":"no","_lmt_disable":"","footnotes":""},"class_list":["post-38792","page","type-page","status-publish","hentry"],"_links":{"self":[{"href":"\/prevenzione\/wp-json\/wp\/v2\/pages\/38792","targetHints":{"allow":["GET"]}}],"collection":[{"href":"\/prevenzione\/wp-json\/wp\/v2\/pages"}],"about":[{"href":"\/prevenzione\/wp-json\/wp\/v2\/types\/page"}],"author":[{"embeddable":true,"href":"\/prevenzione\/wp-json\/wp\/v2\/users\/96"}],"replies":[{"embeddable":true,"href":"\/prevenzione\/wp-json\/wp\/v2\/comments?post=38792"}],"version-history":[{"count":14,"href":"\/prevenzione\/wp-json\/wp\/v2\/pages\/38792\/revisions"}],"predecessor-version":[{"id":41231,"href":"\/prevenzione\/wp-json\/wp\/v2\/pages\/38792\/revisions\/41231"}],"wp:attachment":[{"href":"\/prevenzione\/wp-json\/wp\/v2\/media?parent=38792"}],"curies":[{"name":"wp","href":"https:\/\/api.w.org\/{rel}","templated":true}]}}