{"id":38760,"date":"2020-05-13T12:01:58","date_gmt":"2020-05-13T10:01:58","guid":{"rendered":"\/progettazione\/?page_id=38760"},"modified":"2023-04-27T10:57:37","modified_gmt":"2023-04-27T08:57:37","slug":"alice","status":"publish","type":"page","link":"\/progettazione\/alice\/","title":{"rendered":"ALICE"},"content":{"rendered":"\n<p style=\"text-align: center\"><span style=\"font-family: Open Sans;font-size: 28px;color: #007bb3\"><strong>ALICE<\/strong><\/span><\/p>\n<p style=\"text-align: justify\"><span style=\"font-family: Open Sans\"><strong><span style=\"color: #007bb3\">ALICE<\/span><\/strong> (<span style=\"color: #007bb3\"><strong>A<\/strong> <strong>L<\/strong><\/span>arge <strong><span style=\"color: #007bb3\">I<\/span><\/strong>on <span style=\"color: #007bb3\"><strong>C<\/strong><\/span>ollider <span style=\"color: #007bb3\"><strong>E<\/strong><\/span>xperiment) \u00e8 uno dei grandi esperimenti che si trovano presso il collisionatore <span style=\"color: #007bb3\"><strong>LHC<\/strong><\/span> (<span style=\"color: #007bb3\"><strong>L<\/strong><\/span>arge <span style=\"color: #007bb3\"><strong>H<\/strong><\/span>adron <span style=\"color: #007bb3\"><strong>C<\/strong><\/span>ollider) al <span style=\"color: #007bb3\"><strong>CERN<\/strong><\/span> (<span style=\"color: #007bb3\"><strong>C<\/strong><\/span>onseil <span style=\"color: #007bb3\"><strong>E<\/strong><\/span>urop\u00e9en pour la <span style=\"color: #007bb3\"><strong>R<\/strong><\/span>echerche <span style=\"color: #007bb3\"><strong>N<\/strong><\/span>ucl\u00e9aire) di Ginevra.<\/span><\/p>\n<p style=\"text-align: justify\"><span style=\"font-family: Open Sans\">Per il gruppo ALICE di Bologna il servizio di progettazione ha sviluppato e costruito il rivelatore del tempo di volo <span style=\"color: #007bb3\"><strong>TOF<\/strong><\/span> (<span style=\"color: #007bb3\"><strong>T<\/strong><\/span>ime <span style=\"color: #007bb3\"><strong>O<\/strong><\/span>f <span style=\"color: #007bb3\"><strong>F<\/strong><\/span>light). Tale apparato ricopre la regione centrale dell&#8217;esperimento con strip di rivelatori <span style=\"color: #007bb3\"><strong>MRPC<\/strong><\/span>.<\/span><\/p>\n<figure id=\"attachment_39648\" aria-describedby=\"caption-attachment-39648\" style=\"width: 500px\" class=\"wp-caption aligncenter\"><img loading=\"lazy\" decoding=\"async\" class=\"wp-image-39648\" src=\"\/progettazione\/wp-content\/uploads\/sites\/9\/2023\/03\/A-schematic-layout-of-one-of-the-18-TOF-supermodules-inside-the-ALICE-spaceframe-300x209.png\" alt=\"Rappresentazione 3D della disposizione di uno dei 18 super moduli del TOF di Alice nella struttura\" width=\"500\" height=\"348\" srcset=\"\/progettazione\/wp-content\/uploads\/sites\/9\/2023\/03\/A-schematic-layout-of-one-of-the-18-TOF-supermodules-inside-the-ALICE-spaceframe-300x209.png 300w, \/progettazione\/wp-content\/uploads\/sites\/9\/2023\/03\/A-schematic-layout-of-one-of-the-18-TOF-supermodules-inside-the-ALICE-spaceframe-768x535.png 768w, \/progettazione\/wp-content\/uploads\/sites\/9\/2023\/03\/A-schematic-layout-of-one-of-the-18-TOF-supermodules-inside-the-ALICE-spaceframe.png 850w\" sizes=\"auto, (max-width: 500px) 100vw, 500px\" \/><figcaption id=\"caption-attachment-39648\" class=\"wp-caption-text\">Rappresentazione 3D della disposizione di uno dei 18 super moduli del TOF di Alice nella struttura<\/figcaption><\/figure>\n<figure id=\"attachment_39650\" aria-describedby=\"caption-attachment-39650\" style=\"width: 1024px\" class=\"wp-caption aligncenter\"><img loading=\"lazy\" decoding=\"async\" class=\"wp-image-39650 size-large\" src=\"\/progettazione\/wp-content\/uploads\/sites\/9\/2023\/03\/Modulo-del-TOF-di-ALICE-durante-le-fasi-di-assemblaggio-1024x406.jpg\" alt=\"Modulo del TOF di ALICE durante le fasi di assemblaggio\" width=\"1024\" height=\"406\" srcset=\"\/progettazione\/wp-content\/uploads\/sites\/9\/2023\/03\/Modulo-del-TOF-di-ALICE-durante-le-fasi-di-assemblaggio-1024x406.jpg 1024w, \/progettazione\/wp-content\/uploads\/sites\/9\/2023\/03\/Modulo-del-TOF-di-ALICE-durante-le-fasi-di-assemblaggio-300x119.jpg 300w, \/progettazione\/wp-content\/uploads\/sites\/9\/2023\/03\/Modulo-del-TOF-di-ALICE-durante-le-fasi-di-assemblaggio-768x305.jpg 768w, \/progettazione\/wp-content\/uploads\/sites\/9\/2023\/03\/Modulo-del-TOF-di-ALICE-durante-le-fasi-di-assemblaggio-1536x610.jpg 1536w, \/progettazione\/wp-content\/uploads\/sites\/9\/2023\/03\/Modulo-del-TOF-di-ALICE-durante-le-fasi-di-assemblaggio-2048x813.jpg 2048w\" sizes=\"auto, (max-width: 1024px) 100vw, 1024px\" \/><figcaption id=\"caption-attachment-39650\" class=\"wp-caption-text\">Modulo del TOF di ALICE durante le fasi di assemblaggio<\/figcaption><\/figure>\n<p>&nbsp;<\/p>\n<figure id=\"attachment_39817\" aria-describedby=\"caption-attachment-39817\" style=\"width: 1024px\" class=\"wp-caption aligncenter\"><img loading=\"lazy\" decoding=\"async\" class=\"wp-image-39817 size-large\" src=\"\/progettazione\/wp-content\/uploads\/sites\/9\/2023\/03\/1591781588_vGqj0mLiHopxWyzYW68Z-1024x768.jpg\" alt=\"Inserimento del Super Modulo nello space frame di Alice\" width=\"1024\" height=\"768\" srcset=\"\/progettazione\/wp-content\/uploads\/sites\/9\/2023\/03\/1591781588_vGqj0mLiHopxWyzYW68Z-1024x768.jpg 1024w, \/progettazione\/wp-content\/uploads\/sites\/9\/2023\/03\/1591781588_vGqj0mLiHopxWyzYW68Z-300x225.jpg 300w, \/progettazione\/wp-content\/uploads\/sites\/9\/2023\/03\/1591781588_vGqj0mLiHopxWyzYW68Z-768x576.jpg 768w, \/progettazione\/wp-content\/uploads\/sites\/9\/2023\/03\/1591781588_vGqj0mLiHopxWyzYW68Z.jpg 1275w\" sizes=\"auto, (max-width: 1024px) 100vw, 1024px\" \/><figcaption id=\"caption-attachment-39817\" class=\"wp-caption-text\">Inserimento del Super Modulo nello space frame di Alice<\/figcaption><\/figure>\n<p>&nbsp;<\/p>\n<figure id=\"attachment_39818\" aria-describedby=\"caption-attachment-39818\" style=\"width: 1024px\" class=\"wp-caption aligncenter\"><img loading=\"lazy\" decoding=\"async\" class=\"wp-image-39818 size-large\" src=\"\/progettazione\/wp-content\/uploads\/sites\/9\/2023\/03\/globaltof-1024x812.jpg\" alt=\"Personale che ha collaborato durante la fase di inserimento dei moduli\" width=\"1024\" height=\"812\" srcset=\"\/progettazione\/wp-content\/uploads\/sites\/9\/2023\/03\/globaltof-1024x812.jpg 1024w, \/progettazione\/wp-content\/uploads\/sites\/9\/2023\/03\/globaltof-300x238.jpg 300w, \/progettazione\/wp-content\/uploads\/sites\/9\/2023\/03\/globaltof-768x609.jpg 768w, \/progettazione\/wp-content\/uploads\/sites\/9\/2023\/03\/globaltof.jpg 1411w\" sizes=\"auto, (max-width: 1024px) 100vw, 1024px\" \/><figcaption id=\"caption-attachment-39818\" class=\"wp-caption-text\">Personale che ha collaborato durante la fase di inserimento dei moduli<\/figcaption><\/figure>\n<p>&nbsp;<\/p>\n<hr>\n<p style=\"text-align: center\">&nbsp;<\/p>\n\n\n<p><a href=\"https:\/\/www.bo.infn.it\/gruppo3\/alice-it\/\" data-wpel-link=\"external\" target=\"_blank\" rel=\"nofollow external noopener noreferrer\" title=\"Open page in new tab Sito web ALICE del gruppo di Bologna\"><span style=\"font-family: Open Sans\">Sito web ALICE del gruppo di Bologna<\/span><\/a><\/p>\n<p><span style=\"font-family: Open Sans\"><a href=\"https:\/\/alice-collaboration.web.cern.ch\/\" data-wpel-link=\"external\" target=\"_blank\" rel=\"nofollow external noopener noreferrer\" title=\"Open page in new tab Sito web ALICE del CERN\">Sito web ALICE del CERN<\/a><\/span><\/p>\n<p><a href=\"https:\/\/l.infn.it\/u0\" data-wpel-link=\"external\" target=\"_blank\" rel=\"nofollow external noopener noreferrer\" title=\"Open page in new tab Poster ALICE INFN\">Poster ALICE INFN<\/a><\/p>\n<p>\u00a0<\/p>","protected":false},"excerpt":{"rendered":"<p>ALICE ALICE (A Large Ion Collider Experiment) \u00e8 uno dei grandi esperimenti che si trovano presso il collisionatore LHC (Large Hadron Collider) al CERN (Conseil Europ\u00e9en pour la Recherche Nucl\u00e9aire) di Ginevra. Per il gruppo ALICE di Bologna il servizio di progettazione ha sviluppato e costruito il rivelatore del tempo di volo TOF (Time Of [&hellip;]<\/p>\n","protected":false},"author":31,"featured_media":0,"parent":0,"menu_order":0,"comment_status":"closed","ping_status":"closed","template":"template-page-builder-no-sidebar.php","meta":{"_lmt_disableupdate":"no","_lmt_disable":"","footnotes":""},"class_list":["post-38760","page","type-page","status-publish","hentry"],"_links":{"self":[{"href":"\/progettazione\/wp-json\/wp\/v2\/pages\/38760","targetHints":{"allow":["GET"]}}],"collection":[{"href":"\/progettazione\/wp-json\/wp\/v2\/pages"}],"about":[{"href":"\/progettazione\/wp-json\/wp\/v2\/types\/page"}],"author":[{"embeddable":true,"href":"\/progettazione\/wp-json\/wp\/v2\/users\/31"}],"replies":[{"embeddable":true,"href":"\/progettazione\/wp-json\/wp\/v2\/comments?post=38760"}],"version-history":[{"count":19,"href":"\/progettazione\/wp-json\/wp\/v2\/pages\/38760\/revisions"}],"predecessor-version":[{"id":40070,"href":"\/progettazione\/wp-json\/wp\/v2\/pages\/38760\/revisions\/40070"}],"wp:attachment":[{"href":"\/progettazione\/wp-json\/wp\/v2\/media?parent=38760"}],"curies":[{"name":"wp","href":"https:\/\/api.w.org\/{rel}","templated":true}]}}