{"id":38767,"date":"2020-05-13T12:09:48","date_gmt":"2020-05-13T10:09:48","guid":{"rendered":"\/progettazione\/?page_id=38767"},"modified":"2024-12-19T14:46:23","modified_gmt":"2024-12-19T13:46:23","slug":"cms","status":"publish","type":"page","link":"\/progettazione\/cms\/","title":{"rendered":"CMS"},"content":{"rendered":"\n<div class=\"wp-block-group\"><div class=\"wp-block-group__inner-container is-layout-flow wp-block-group-is-layout-flow\"><\/div><\/div>\n\n\n\n<p style=\"text-align: center\"><span style=\"color: #007bb3;font-size: 28px\"><strong><span style=\"font-family: Open Sans\">CMS<\/span><\/strong><\/span><\/p>\n<hr>\n<p style=\"text-align: justify\"><span style=\"font-family: Open Sans\"><span style=\"color: #007bb3\"><strong>CMS<\/strong><\/span> (<span style=\"color: #007bb3\">C<\/span>ompact <span style=\"color: #007bb3\">M<\/span>uon <span style=\"color: #007bb3\">S<\/span>olenoid detector) \u00e8 uno dei grandi rivelatori di particelle collocato presso il collisionatore <strong><span style=\"color: #007bb3\">LHC<\/span><\/strong> (<span style=\"color: #007bb3\"><strong>L<\/strong><\/span>arge <span style=\"color: #007bb3\"><strong>H<\/strong><\/span>adron <span style=\"color: #007bb3\"><strong>C<\/strong><\/span>ollider) del <strong><span style=\"color: #007bb3\">CERN<\/span><\/strong> (<span style=\"color: #007bb3\"><strong>C<\/strong><\/span>onseil <span style=\"color: #007bb3\"><strong>E<\/strong><\/span>urop\u00e9en pour la <span style=\"color: #007bb3\"><strong>R<\/strong><\/span>echerche <span style=\"color: #007bb3\"><strong>N<\/strong><\/span>ucl\u00e9aire) di Ginevra. Il rivelatore \u00e8 stato costruito con l&#8217;obbiettivo di far progredire la conoscenza delle leggi fondamentali che descrivono il nostro universo studiando tutti i possibili fenomeni che possono svilupparsi quando avviene una collisione tra protoni ad alte energie.<\/span><\/p>\n<p style=\"text-align: justify\"><span style=\"font-family: Open Sans\">Il servizio di progettazione meccanica aveva collaborato durante la fase di costruzione del detector alla progettazione e realizzazione delle camere a muoni.<\/span><\/p>\n<p style=\"text-align: justify\"><span style=\"font-family: Open Sans\">Attualmente tale sistema di camere \u00e8 in fase di miglioramento con lo sviluppo di nuove schede elettroniche per la lettura dei dati. Il servizio si occupa di studiare il layout dei nuovi minicrates da inserire nelle camere.<br><\/span><\/p>\n<p><span style=\"font-family: Open Sans\">Al momento il servizio si occupa anche della progettazione del sistema per l&#8217;assemblaggio dei minicrates che verranno costruiti presso la nostra sezione nel prossimo anno.<\/span><\/p>\n<hr>\n<p>&nbsp;<\/p>\n\n\n\n<figure id=\"attachment_40235\" aria-describedby=\"caption-attachment-40235\" style=\"width: 526px\" class=\"wp-caption aligncenter\"><img loading=\"lazy\" decoding=\"async\" class=\"wp-image-40235\" src=\"\/progettazione\/wp-content\/uploads\/sites\/9\/2024\/12\/TS_BO_4-300x89.jpg\" alt=\"Sistema di assemblaggio e test per minicrate\" width=\"526\" height=\"156\" srcset=\"\/progettazione\/wp-content\/uploads\/sites\/9\/2024\/12\/TS_BO_4-300x89.jpg 300w, \/progettazione\/wp-content\/uploads\/sites\/9\/2024\/12\/TS_BO_4-1024x304.jpg 1024w, \/progettazione\/wp-content\/uploads\/sites\/9\/2024\/12\/TS_BO_4-768x228.jpg 768w, \/progettazione\/wp-content\/uploads\/sites\/9\/2024\/12\/TS_BO_4.jpg 1415w\" sizes=\"auto, (max-width: 526px) 100vw, 526px\" \/><figcaption id=\"caption-attachment-40235\" class=\"wp-caption-text\">Sistema di assemblaggio e test per minicrate<\/figcaption><\/figure>\n<figure id=\"attachment_40234\" aria-describedby=\"caption-attachment-40234\" style=\"width: 471px\" class=\"wp-caption aligncenter\"><img loading=\"lazy\" decoding=\"async\" class=\"wp-image-40234 \" src=\"\/progettazione\/wp-content\/uploads\/sites\/9\/2024\/12\/MB1_L-n-300x160.jpg\" alt=\"Esempio della nuova meccanica dei minicrate per la camera MB1_L-n\" width=\"471\" height=\"251\" srcset=\"\/progettazione\/wp-content\/uploads\/sites\/9\/2024\/12\/MB1_L-n-300x160.jpg 300w, \/progettazione\/wp-content\/uploads\/sites\/9\/2024\/12\/MB1_L-n-1024x547.jpg 1024w, \/progettazione\/wp-content\/uploads\/sites\/9\/2024\/12\/MB1_L-n-768x411.jpg 768w, \/progettazione\/wp-content\/uploads\/sites\/9\/2024\/12\/MB1_L-n.jpg 1420w\" sizes=\"auto, (max-width: 471px) 100vw, 471px\" \/><figcaption id=\"caption-attachment-40234\" class=\"wp-caption-text\">Esempio della nuova meccanica dei minicrate per la camera MB1_L-n<\/figcaption><\/figure>\n","protected":false},"excerpt":{"rendered":"<p>CMS CMS (Compact Muon Solenoid detector) \u00e8 uno dei grandi rivelatori di particelle collocato presso il collisionatore LHC (Large Hadron Collider) del CERN (Conseil Europ\u00e9en pour la Recherche Nucl\u00e9aire) di Ginevra. Il rivelatore \u00e8 stato costruito con l&#8217;obbiettivo di far progredire la conoscenza delle leggi fondamentali che descrivono il nostro universo studiando tutti i possibili [&hellip;]<\/p>\n","protected":false},"author":31,"featured_media":0,"parent":0,"menu_order":0,"comment_status":"closed","ping_status":"closed","template":"template-page-builder-no-sidebar.php","meta":{"_lmt_disableupdate":"no","_lmt_disable":"","footnotes":""},"class_list":["post-38767","page","type-page","status-publish","hentry"],"_links":{"self":[{"href":"\/progettazione\/wp-json\/wp\/v2\/pages\/38767","targetHints":{"allow":["GET"]}}],"collection":[{"href":"\/progettazione\/wp-json\/wp\/v2\/pages"}],"about":[{"href":"\/progettazione\/wp-json\/wp\/v2\/types\/page"}],"author":[{"embeddable":true,"href":"\/progettazione\/wp-json\/wp\/v2\/users\/31"}],"replies":[{"embeddable":true,"href":"\/progettazione\/wp-json\/wp\/v2\/comments?post=38767"}],"version-history":[{"count":27,"href":"\/progettazione\/wp-json\/wp\/v2\/pages\/38767\/revisions"}],"predecessor-version":[{"id":40416,"href":"\/progettazione\/wp-json\/wp\/v2\/pages\/38767\/revisions\/40416"}],"wp:attachment":[{"href":"\/progettazione\/wp-json\/wp\/v2\/media?parent=38767"}],"curies":[{"name":"wp","href":"https:\/\/api.w.org\/{rel}","templated":true}]}}