{"id":38769,"date":"2020-05-13T12:11:12","date_gmt":"2020-05-13T10:11:12","guid":{"rendered":"\/progettazione\/?page_id=38769"},"modified":"2024-12-19T12:56:52","modified_gmt":"2024-12-19T11:56:52","slug":"cuore","status":"publish","type":"page","link":"\/progettazione\/cuore\/","title":{"rendered":"CUORE"},"content":{"rendered":"\n\n\n<p class=\"has-text-align-center\"><span style=\"font-family: Open Sans;font-size: 28px;color: #007bb3\"><strong>CUORE<\/strong><\/span><\/p>\n\n\n\n<hr class=\"wp-block-separator has-alpha-channel-opacity\" \/>\n\n\n\n<p><span style=\"font-family: Open Sans;font-size: 18px\"><span style=\"color: #007bb3\"><span style=\"color: #000000\">L&#8217;apparato dell&#8217;esperimento <\/span><strong>CUORE<\/strong><\/span> (<span style=\"color: #007bb3\"><strong>C<\/strong><\/span>ryogenic <strong><span style=\"color: #007bb3\">U<\/span><\/strong>ndregroung <span style=\"color: #007bb3\"><strong>O<\/strong><\/span>bservatory for <strong><span style=\"color: #007bb3\">R<\/span><\/strong>are <strong><span style=\"color: #007bb3\">E<\/span><\/strong>vents) si trova presso i <span style=\"color: #007bb3\"><strong>L<\/strong><\/span>aboratori <span style=\"color: #007bb3\"><strong>N<\/strong><\/span>azionali del <span style=\"color: #007bb3\"><strong>G<\/strong><\/span>ran <span style=\"color: #007bb3\"><strong>S<\/strong><\/span>asso (<span style=\"color: #007bb3\"><strong>LNGS<\/strong><\/span>) ed \u00e8 il pi\u00f9 grande rivelatore criogenico allo stato solido, bolometro, mai costruito e lavora a temperature criogeniche di pochi millesimi sopra lo zero assoluto.<br><\/span><\/p>\n\n\n\n<p><span style=\"font-family: Open Sans\">L&#8217;esperimento si compone di 988 cristalli di biossido di Tellurio (TeO<sub>2<\/sub>), tali cristalli funzionano sia da sorgente del segnale che da rivelatore.<\/span><\/p>\n\n\n\n<p><span style=\"font-family: Open Sans\">Il criostato si compone di un sistema di schermi cilindrici concentrici, ognuno raffreddato a temperature sempre pi\u00f9 basse dall&#8217;esterno verso l&#8217;interno cos\u00ec che il volume centrale occupato dai cristalli, quando il sistema \u00e8 in funzione, rappresenta il metro cubo pi\u00f9 freddo dell&#8217;Universo conosciuto.<\/span><\/p>\n\n\n\n<p><span style=\"font-family: Open Sans\">All&#8217;interno del rivelatore si trovano anche due schermi in piombo che lo proteggono dalla radioattivit\u00e0 ambientale, il pi\u00f9 esterno \u00e8 stato realizzato utilizzando piombo archeologico romano proveniente da una relitto affondato nel I secolo a.c. vicino ad Oristano.<\/span><\/p>\n\n\n\n<p><span style=\"font-family: Open Sans\">Il nostro servizio si \u00e8 inizialmente occupato di progettare il sistema di movimentazione degli schermi. <\/span><span style=\"font-family: Open Sans\">Successivamente ha redatto tutta la documentazione tecnica necessaria per lo svolgimento delle operazioni di apertura e chiusura dell&#8217;esperimento.<\/span><\/p>\n\n\n\n<p><a href=\"https:\/\/cuore.lngs.infn.it\/\" data-wpel-link=\"external\" target=\"_blank\" rel=\"nofollow external noopener noreferrer\" title=\"Open page in new tab Sito ufficiale dell&#8217;esperimento\">Sito ufficiale dell&#8217;esperimento<\/a><\/p>\n\n\n\n<p><a href=\"https:\/\/www.bo.infn.it\/gruppo2\/cuore-it\/\" data-wpel-link=\"external\" target=\"_blank\" rel=\"nofollow external noopener noreferrer\" title=\"Open page in new tab Sito web del gruppo di Bologna\">Sito web del gruppo di Bologna<\/a><\/p>\n\n\n\n<p><a href=\"https:\/\/l.infn.it\/1av\" data-wpel-link=\"external\" target=\"_blank\" rel=\"nofollow external noopener noreferrer\" title=\"Open page in new tab Infografica LNGS\">Infografica LNGS<\/a><\/p>\n\n\n\n<p><\/p>\n","protected":false},"excerpt":{"rendered":"<p>CUORE L&#8217;apparato dell&#8217;esperimento CUORE (Cryogenic Undregroung Observatory for Rare Events) si trova presso i Laboratori Nazionali del Gran Sasso (LNGS) ed \u00e8 il pi\u00f9 grande rivelatore criogenico allo stato solido, bolometro, mai costruito e lavora a temperature criogeniche di pochi millesimi sopra lo zero assoluto. L&#8217;esperimento si compone di 988 cristalli di biossido di Tellurio [&hellip;]<\/p>\n","protected":false},"author":31,"featured_media":0,"parent":0,"menu_order":0,"comment_status":"closed","ping_status":"closed","template":"template-page-builder-no-sidebar.php","meta":{"_lmt_disableupdate":"no","_lmt_disable":"","footnotes":""},"class_list":["post-38769","page","type-page","status-publish","hentry"],"_links":{"self":[{"href":"\/progettazione\/wp-json\/wp\/v2\/pages\/38769","targetHints":{"allow":["GET"]}}],"collection":[{"href":"\/progettazione\/wp-json\/wp\/v2\/pages"}],"about":[{"href":"\/progettazione\/wp-json\/wp\/v2\/types\/page"}],"author":[{"embeddable":true,"href":"\/progettazione\/wp-json\/wp\/v2\/users\/31"}],"replies":[{"embeddable":true,"href":"\/progettazione\/wp-json\/wp\/v2\/comments?post=38769"}],"version-history":[{"count":22,"href":"\/progettazione\/wp-json\/wp\/v2\/pages\/38769\/revisions"}],"predecessor-version":[{"id":40365,"href":"\/progettazione\/wp-json\/wp\/v2\/pages\/38769\/revisions\/40365"}],"wp:attachment":[{"href":"\/progettazione\/wp-json\/wp\/v2\/media?parent=38769"}],"curies":[{"name":"wp","href":"https:\/\/api.w.org\/{rel}","templated":true}]}}