{"id":39462,"date":"2022-12-29T10:57:48","date_gmt":"2022-12-29T09:57:48","guid":{"rendered":"\/progettazione\/?page_id=39462"},"modified":"2024-12-19T14:23:28","modified_gmt":"2024-12-19T13:23:28","slug":"sand","status":"publish","type":"page","link":"\/progettazione\/sand\/","title":{"rendered":"SAND"},"content":{"rendered":"\n<p style=\"text-align: center\"><span style=\"font-size: 28px;color: #007bb3\"><strong><span style=\"font-family: Open Sans\"><span style=\"color: #007bb3\">S<\/span>AND<\/span><\/strong><\/span><\/p>\n<p><span style=\"color: #007bb3\"><strong>S<\/strong><\/span>ystem for on-<strong><span style=\"color: #007bb3\">A<\/span><\/strong>xis <strong><span style=\"color: #007bb3\">N<\/span><\/strong>eutrino <strong><span style=\"color: #007bb3\">D<\/span><\/strong>etection<\/p>\n\n\n<p style=\"text-align: left\">Nell&#8217;ambito del progetto, il servizio, si occupa della modellazione del nuovo rivelatore composto da alcune parti gi\u00e0 esistenti ed altre che devono essere progettate interamente.<\/p>\n<p>Inizialmente si \u00e8 patiti dalla modellazione 3D delle parti componenti l&#8217;esperimento<strong><span style=\"color: #007bb3\"> KLOE<\/span><\/strong> (<span style=\"color: #007bb3\"><strong>K<\/strong><\/span>&#8211;<span style=\"color: #007bb3\"><strong>LO<\/strong><\/span>ng <span style=\"color: #007bb3\"><strong>E<\/strong><\/span>xperiment), in quanto esistevano solo i disegni 2D. Ed ora si sta collaborando con il gruppo di lavoro (SAND ECAL WG) sia risistemando la vecchia documentazione cartacea che aggiornando il modello dell&#8217;esperimento, tuttora in fase di smontaggio, a cui partecipano anche tecnici di altri servizi della nostra sezione quali: Officina Meccanica, Servizio Tecnico Generale ed il Laboratori di Elettronica in grado di contribuire attivamente ognuno con le proprie competenze.<\/p>\n<table style=\"border-collapse: collapse;width: 100%\" border=\"1\">\n<tbody>\n<tr>\n<td style=\"width: 50%;text-align: center\">\n<figure id=\"attachment_39481\" aria-describedby=\"caption-attachment-39481\" style=\"width: 300px\" class=\"wp-caption aligncenter\"><img loading=\"lazy\" decoding=\"async\" class=\"wp-image-39481 size-medium\" src=\"\/progettazione\/wp-content\/uploads\/sites\/9\/2022\/12\/Kloe_2022-copia-300x264.jpg\" alt=\"KLOE immagine 3D del rivelatore\" width=\"300\" height=\"264\" srcset=\"\/progettazione\/wp-content\/uploads\/sites\/9\/2022\/12\/Kloe_2022-copia-300x264.jpg 300w, \/progettazione\/wp-content\/uploads\/sites\/9\/2022\/12\/Kloe_2022-copia-1024x903.jpg 1024w, \/progettazione\/wp-content\/uploads\/sites\/9\/2022\/12\/Kloe_2022-copia-768x677.jpg 768w, \/progettazione\/wp-content\/uploads\/sites\/9\/2022\/12\/Kloe_2022-copia.jpg 1105w\" sizes=\"auto, (max-width: 300px) 100vw, 300px\" \/><figcaption id=\"caption-attachment-39481\" class=\"wp-caption-text\">KLOE immagine 3D del rivelatore modellato con CAD<\/figcaption><\/figure>\n<\/td>\n<td style=\"width: 50%;text-align: center\">\n<figure id=\"attachment_39482\" aria-describedby=\"caption-attachment-39482\" style=\"width: 300px\" class=\"wp-caption aligncenter\"><img loading=\"lazy\" decoding=\"async\" class=\"wp-image-39482\" src=\"\/progettazione\/wp-content\/uploads\/sites\/9\/2022\/12\/DSC_0091-scaled-e1670836489111-199x300.jpg\" alt=\"KLOE nell'attuale sede dei Laboratori Nazionali di Frascati (LNF)\" width=\"300\" height=\"452\" \/><figcaption id=\"caption-attachment-39482\" class=\"wp-caption-text\">KLOE nell&#8217;attuale sede dei Laboratori Nazionali di Frascati (LNF)<\/figcaption><\/figure>\n<\/td>\n<\/tr>\n<\/tbody>\n<\/table>\n<p style=\"text-align: left\">Tutto questo lavoro per dare una seconda vita a questo rivelatore di particelle riutilizzando il calorimetro, il magnete ed il suo &#8220;giogo&#8221; (yoke) una grande struttura di ferro che racchiude l&#8217;intero detector.<\/p>\n<p>Come servizio di progettazione si sta procedendo alla modellazione del nuovo rivelatore e della struttura necessaria a supportarlo il suo nome \u00e8: <strong><span style=\"color: #007bb3\">GRAIN<\/span><\/strong> (<strong><span style=\"color: #007bb3\">GR<\/span><\/strong>anular <span style=\"color: #007bb3\"><strong>A<\/strong><\/span>rgon for <strong><span style=\"color: #007bb3\">I<\/span><\/strong>nteraction of <strong><span style=\"color: #007bb3\">N<\/span><\/strong>eutrinos) si tratta di un criostato composto da due vessel: il vessel interno \u00e8 in acciaio AISI 316 LN mentre quello esterno \u00e8 un involucro in materiale composito. Questo rivelatore sar\u00e0 messo dentro il calorimetro di KLOE.<\/p>\n<table style=\"border-collapse: collapse;width: 100%\" border=\"1\">\n<tbody>\n<tr>\n<td style=\"width: 50%\">\n<figure id=\"attachment_39514\" aria-describedby=\"caption-attachment-39514\" style=\"width: 289px\" class=\"wp-caption aligncenter\"><img loading=\"lazy\" decoding=\"async\" class=\"wp-image-39514 size-medium\" src=\"\/progettazione\/wp-content\/uploads\/sites\/9\/2022\/12\/vessel_interno-289x300.jpg\" alt=\"Modello 3D del Vessel interno\" width=\"289\" height=\"300\" srcset=\"\/progettazione\/wp-content\/uploads\/sites\/9\/2022\/12\/vessel_interno-289x300.jpg 289w, \/progettazione\/wp-content\/uploads\/sites\/9\/2022\/12\/vessel_interno-768x798.jpg 768w, \/progettazione\/wp-content\/uploads\/sites\/9\/2022\/12\/vessel_interno.jpg 773w\" sizes=\"auto, (max-width: 289px) 100vw, 289px\" \/><figcaption id=\"caption-attachment-39514\" class=\"wp-caption-text\">Modello 3D del Vessel interno<\/figcaption><\/figure>\n<\/td>\n<td style=\"width: 50%;text-align: center\">\n<figure id=\"attachment_39515\" aria-describedby=\"caption-attachment-39515\" style=\"width: 300px\" class=\"wp-caption aligncenter\"><img loading=\"lazy\" decoding=\"async\" class=\"wp-image-39515 size-medium\" src=\"\/progettazione\/wp-content\/uploads\/sites\/9\/2022\/12\/criostato_sezione1-300x279.jpg\" alt=\"Modello 3D del criostato di Grain\" width=\"300\" height=\"279\" srcset=\"\/progettazione\/wp-content\/uploads\/sites\/9\/2022\/12\/criostato_sezione1-300x279.jpg 300w, \/progettazione\/wp-content\/uploads\/sites\/9\/2022\/12\/criostato_sezione1.jpg 755w\" sizes=\"auto, (max-width: 300px) 100vw, 300px\" \/><figcaption id=\"caption-attachment-39515\" class=\"wp-caption-text\">Modello 3D del criostato di Grain<\/figcaption><\/figure>\n<\/td>\n<\/tr>\n<\/tbody>\n<\/table>\n<p style=\"text-align: left\">All&#8217;interno del primo vessel in acciaio, mantenuto ad una temperatura di -185,85\u00b0C, immerso in 1 tonnellata di Argon Liquido, si trova un rilvelatore ottico realizzato da lenti disposte, secondo una matrice, definita attraverso delle analisi tale da ricoprire la maggior parte della superfice disponibile. L&#8217;impianto per la purificazione ed il ricircolo dell&#8217;argon liquido \u00e8 stato appositamente disegnato grazie all&#8217;aiuto di un esperto in criogenia. Nel volume interno tra i due vessel si crea un vuoto di circa 10<sup>-4<\/sup>-10<sup>-5 <\/sup>bar.<\/p>\n<p style=\"text-align: left\">Dentro KLOE non ci sar\u00e0 solo GRAIN, ma anche un altro rivelatore chiamato <span style=\"color: #007bb3\"><strong>ST<\/strong><strong>T <\/strong><\/span><span style=\"color: #000000\">(<\/span><span style=\"color: #007bb3\"><span style=\"color: #000000\"><span style=\"color: #007bb3\"><strong>S<\/strong><\/span>traw <strong><span style=\"color: #007bb3\">T<\/span><\/strong>ube <strong><span style=\"color: #007bb3\">T<\/span><\/strong>arget tracker) un tracciatore interno composto da 92 moduli di dimensioni differenti per adattarsi all&#8217;interno del calorimetro. Tale rivelatore necessita di un supporto che \u00e8 attualmente in fase di studio da parte del nostro servizio.<\/span><\/span><\/p>\n<table style=\"border-collapse: collapse;width: 100%\" border=\"1\">\n<tbody>\n<tr>\n<td style=\"width: 100%;text-align: center\">\n<figure id=\"attachment_39496\" aria-describedby=\"caption-attachment-39496\" style=\"width: 625px\" class=\"wp-caption aligncenter\"><img loading=\"lazy\" decoding=\"async\" class=\"wp-image-39496\" src=\"\/progettazione\/wp-content\/uploads\/sites\/9\/2022\/12\/STT-1024x490.jpg\" alt=\"Studio del modello del rivelatore STT all'interno del calorimetro\" width=\"625\" height=\"299\" data-wp-editing=\"1\" srcset=\"\/progettazione\/wp-content\/uploads\/sites\/9\/2022\/12\/STT-1024x490.jpg 1024w, \/progettazione\/wp-content\/uploads\/sites\/9\/2022\/12\/STT-300x144.jpg 300w, \/progettazione\/wp-content\/uploads\/sites\/9\/2022\/12\/STT-768x368.jpg 768w, \/progettazione\/wp-content\/uploads\/sites\/9\/2022\/12\/STT.jpg 1122w\" sizes=\"auto, (max-width: 625px) 100vw, 625px\" \/><figcaption id=\"caption-attachment-39496\" class=\"wp-caption-text\">Studio del modello del rivelatore STT all&#8217;interno del calorimetro<\/figcaption><\/figure>\n<\/td>\n<\/tr>\n<\/tbody>\n<\/table>\n\n\n<p><span style=\"font-family: Open Sans\"><a href=\"https:\/\/l.infn.it\/1bb\" data-wpel-link=\"external\" target=\"_blank\" rel=\"nofollow external noopener noreferrer\" title=\"Open page in new tab Poster KLOE\">Poster KLOE<\/a><\/span><\/p>\n\n\n\n<p><\/p>\n","protected":false},"excerpt":{"rendered":"<p>SAND System for on-Axis Neutrino Detection Nell&#8217;ambito del progetto, il servizio, si occupa della modellazione del nuovo rivelatore composto da alcune parti gi\u00e0 esistenti ed altre che devono essere progettate interamente. Inizialmente si \u00e8 patiti dalla modellazione 3D delle parti componenti l&#8217;esperimento KLOE (K&#8211;LOng Experiment), in quanto esistevano solo i disegni 2D. Ed ora si [&hellip;]<\/p>\n","protected":false},"author":31,"featured_media":0,"parent":0,"menu_order":0,"comment_status":"closed","ping_status":"closed","template":"template-page-builder-no-sidebar.php","meta":{"_lmt_disableupdate":"no","_lmt_disable":"","footnotes":""},"class_list":["post-39462","page","type-page","status-publish","hentry"],"_links":{"self":[{"href":"\/progettazione\/wp-json\/wp\/v2\/pages\/39462","targetHints":{"allow":["GET"]}}],"collection":[{"href":"\/progettazione\/wp-json\/wp\/v2\/pages"}],"about":[{"href":"\/progettazione\/wp-json\/wp\/v2\/types\/page"}],"author":[{"embeddable":true,"href":"\/progettazione\/wp-json\/wp\/v2\/users\/31"}],"replies":[{"embeddable":true,"href":"\/progettazione\/wp-json\/wp\/v2\/comments?post=39462"}],"version-history":[{"count":62,"href":"\/progettazione\/wp-json\/wp\/v2\/pages\/39462\/revisions"}],"predecessor-version":[{"id":40404,"href":"\/progettazione\/wp-json\/wp\/v2\/pages\/39462\/revisions\/40404"}],"wp:attachment":[{"href":"\/progettazione\/wp-json\/wp\/v2\/media?parent=39462"}],"curies":[{"name":"wp","href":"https:\/\/api.w.org\/{rel}","templated":true}]}}