{"id":40293,"date":"2024-12-10T15:59:34","date_gmt":"2024-12-10T14:59:34","guid":{"rendered":"\/progettazione\/?page_id=40293"},"modified":"2024-12-19T13:47:01","modified_gmt":"2024-12-19T12:47:01","slug":"km3net","status":"publish","type":"page","link":"\/progettazione\/km3net\/","title":{"rendered":"KM3NeT"},"content":{"rendered":"\n<p style=\"text-align: center\"><span style=\"color: #007bb3;font-family: Open Sans;font-size: 28px\"><strong>KM3NeT<\/strong><\/span><\/p>\n<hr>\n<p style=\"text-align: center\">&nbsp;<\/p>\n\n\n\n\n<p><span style=\"font-family: Open Sans\">l&#8217;esperimento <strong><span style=\"color: #007bb3\">KM3NeT<\/span><\/strong> \u00e8 un telescopio sottomarino per osservare i neutrini cosmici di altissima energia. <\/span><span style=\"font-family: Open Sans\">Alla collaborazione internazionale il nostro istituto partecipa attraverso diverse sedi.<\/span><\/p>\n<p><span style=\"font-family: Open Sans\">Il nostro servizio si \u00e8 occupato di progettare il Rotatore: si tratta di un sistema di supporto e movimentazione utile durante la fase di assemblaggio dei moduli <strong><span style=\"color: #007bb3\">LOM<\/span><\/strong> <span style=\"color: #007bb3\"><strong>(L<\/strong><\/span>auncher of <span style=\"color: #007bb3\"><strong>O<\/strong><\/span>ptical <span style=\"color: #007bb3\"><strong>M<\/strong><\/span>odules). La funzione del Rotarore, come si pu\u00f2 evincere dal termine, \u00e8 quella di ruotare in modo controllato il modulo sul quale vengono alloggiate le stringhe cos\u00ec da consentire le operazioni di posa sul fondo marino.<br \/><\/span><\/p>\n<p><a href=\"https:\/\/www.bo.infn.it\/gruppo2\/km3net-it\/\" data-wpel-link=\"external\" target=\"_blank\" rel=\"nofollow external noopener noreferrer\" title=\"Open page in new tab Sito del gruppo KM3Net di Bologna\"><span style=\"font-family: Open Sans\">Sito del gruppo KM3Net di Bologna<\/span><\/a><\/p>\n<p><a href=\"http:\/\/www.km3net.org\/\" data-wpel-link=\"external\" target=\"_blank\" rel=\"nofollow external noopener noreferrer\" title=\"Open page in new tab Sito della collaborazione internazionale\"><span style=\"font-family: Open Sans\">Sito della collaborazione internazionale<\/span><\/a><\/p>\n<p>Poster \u00a0 <a href=\"https:\/\/l.infn.it\/1bk\" data-wpel-link=\"external\" target=\"_blank\" rel=\"nofollow external noopener noreferrer\" title=\"Open page in new tab KM3Net\">KM3Net<\/a><\/p>\n<figure id=\"attachment_40297\" aria-describedby=\"caption-attachment-40297\" style=\"width: 300px\" class=\"wp-caption alignleft\"><img loading=\"lazy\" decoding=\"async\" class=\"wp-image-40297 size-medium\" src=\"\/progettazione\/wp-content\/uploads\/sites\/9\/2024\/12\/ROTATORE-300x211.jpg\" alt=\"Modello meccanico 3D del Rotatore\" width=\"300\" height=\"211\" srcset=\"\/progettazione\/wp-content\/uploads\/sites\/9\/2024\/12\/ROTATORE-300x211.jpg 300w, \/progettazione\/wp-content\/uploads\/sites\/9\/2024\/12\/ROTATORE-1024x719.jpg 1024w, \/progettazione\/wp-content\/uploads\/sites\/9\/2024\/12\/ROTATORE-768x539.jpg 768w, \/progettazione\/wp-content\/uploads\/sites\/9\/2024\/12\/ROTATORE.jpg 1410w\" sizes=\"auto, (max-width: 300px) 100vw, 300px\" \/><figcaption id=\"caption-attachment-40297\" class=\"wp-caption-text\">Modello meccanico 3D del Rotatore<\/figcaption><\/figure>\n<p>\u00a0<\/p>\n<figure id=\"attachment_40381\" aria-describedby=\"caption-attachment-40381\" style=\"width: 300px\" class=\"wp-caption alignright\"><img loading=\"lazy\" decoding=\"async\" class=\"wp-image-40381 size-medium\" src=\"\/progettazione\/wp-content\/uploads\/sites\/9\/2024\/12\/1-300x222.jpg\" alt=\"Modello 3D del Rotatore con il modulo LOM\" width=\"300\" height=\"222\" srcset=\"\/progettazione\/wp-content\/uploads\/sites\/9\/2024\/12\/1-300x222.jpg 300w, \/progettazione\/wp-content\/uploads\/sites\/9\/2024\/12\/1-1024x756.jpg 1024w, \/progettazione\/wp-content\/uploads\/sites\/9\/2024\/12\/1-768x567.jpg 768w, \/progettazione\/wp-content\/uploads\/sites\/9\/2024\/12\/1.jpg 1243w\" sizes=\"auto, (max-width: 300px) 100vw, 300px\" \/><figcaption id=\"caption-attachment-40381\" class=\"wp-caption-text\">Modello 3D del Rotatore con il modulo LOM<\/figcaption><\/figure>","protected":false},"excerpt":{"rendered":"<p>KM3NeT &nbsp; l&#8217;esperimento KM3NeT \u00e8 un telescopio sottomarino per osservare i neutrini cosmici di altissima energia. Alla collaborazione internazionale il nostro istituto partecipa attraverso diverse sedi. Il nostro servizio si \u00e8 occupato di progettare il Rotatore: si tratta di un sistema di supporto e movimentazione utile durante la fase di assemblaggio dei moduli LOM (Launcher [&hellip;]<\/p>\n","protected":false},"author":31,"featured_media":0,"parent":0,"menu_order":0,"comment_status":"closed","ping_status":"closed","template":"template-page-builder-no-sidebar.php","meta":{"_lmt_disableupdate":"no","_lmt_disable":"","footnotes":""},"class_list":["post-40293","page","type-page","status-publish","hentry"],"_links":{"self":[{"href":"\/progettazione\/wp-json\/wp\/v2\/pages\/40293","targetHints":{"allow":["GET"]}}],"collection":[{"href":"\/progettazione\/wp-json\/wp\/v2\/pages"}],"about":[{"href":"\/progettazione\/wp-json\/wp\/v2\/types\/page"}],"author":[{"embeddable":true,"href":"\/progettazione\/wp-json\/wp\/v2\/users\/31"}],"replies":[{"embeddable":true,"href":"\/progettazione\/wp-json\/wp\/v2\/comments?post=40293"}],"version-history":[{"count":10,"href":"\/progettazione\/wp-json\/wp\/v2\/pages\/40293\/revisions"}],"predecessor-version":[{"id":40389,"href":"\/progettazione\/wp-json\/wp\/v2\/pages\/40293\/revisions\/40389"}],"wp:attachment":[{"href":"\/progettazione\/wp-json\/wp\/v2\/media?parent=40293"}],"curies":[{"name":"wp","href":"https:\/\/api.w.org\/{rel}","templated":true}]}}